{"id":772,"date":"2024-09-10T07:51:30","date_gmt":"2024-09-10T05:51:30","guid":{"rendered":"https:\/\/www.thecolosseum.org\/pt\/?page_id=772"},"modified":"2025-01-06T11:36:27","modified_gmt":"2025-01-06T10:36:27","slug":"contacto","status":"publish","type":"page","link":"https:\/\/www.thecolosseum.org\/pt\/contacto\/","title":{"rendered":"Contacto"},"content":{"rendered":"\n<h3 class=\"wp-block-heading\"><strong>Consultas sobre Bilhetes<\/strong><\/h3>\n\n\n\n<p>Para qualquer quest\u00e3o sobre bilhetes ou a sua reserva existente, por favor contacte o nosso parceiro de bilhetes:<\/p>\n\n\n\n<ul class=\"wp-block-list\">\n<li>Email: info@ticketbar.eu<\/li>\n\n\n\n<li>Telefone: +44 2035142614<\/li>\n<\/ul>\n\n\n\n<hr class=\"wp-block-separator has-alpha-channel-opacity\" \/>\n\n\n\n<h3 class=\"wp-block-heading\"><strong>Informa\u00e7\u00f5es ao Visitante<\/strong><\/h3>\n\n\n\n<p>Para obter informa\u00e7\u00f5es sobre servi\u00e7os tur\u00edsticos ou assist\u00eancia durante a sua visita a Roma, pode contactar o Centro de Contacto de Turismo de Roma:<\/p>\n\n\n\n<ul class=\"wp-block-list\">\n<li>Website: <a href=\"http:\/\/www.060608.it\/en\" rel=\"nofollow noopener\">www.060608.it<\/a><\/li>\n\n\n\n<li>Linha de Apoio: 060608 (dispon\u00edvel diariamente das 9h00 \u00e0s 19h00)<\/li>\n<\/ul>\n\n\n\n<hr class=\"wp-block-separator has-alpha-channel-opacity\" \/>\n\n\n\n<h3 class=\"wp-block-heading\"><strong>Apoio ao Website<\/strong><\/h3>\n\n\n\n<p>Para quaisquer quest\u00f5es relacionadas com o nosso website, por favor contacte-nos diretamente:<\/p>\n\n\n\n<ul class=\"wp-block-list\">\n<li>Email: info@moonshot.media<\/li>\n<\/ul>\n","protected":false},"excerpt":{"rendered":"","protected":false},"author":3,"featured_media":0,"parent":0,"menu_order":1,"comment_status":"closed","ping_status":"closed","template":"","meta":{"_acf_changed":false,"footnotes":"","button_url":"https:\/\/www.tiqets.com\/pt\/colosseum-l145769\/?partner=thecolosseum","ms_product_id":"","ms_product_name":"","ms_price":"","ms_currency":"","ms_rating_value":"","ms_review_count":"","rank_math_title":"","rank_math_description":""},"post-style":[],"producer":[],"class_list":["post-772","page","type-page","status-publish","has-post-thumbnail"],"acf":[],"product_schema":{"ms_product_id":"","ms_product_name":"","ms_price":"","ms_currency":"","ms_rating_value":"","ms_review_count":""},"_links":{"self":[{"href":"https:\/\/www.thecolosseum.org\/pt\/wp-json\/wp\/v2\/pages\/772","targetHints":{"allow":["GET"]}}],"collection":[{"href":"https:\/\/www.thecolosseum.org\/pt\/wp-json\/wp\/v2\/pages"}],"about":[{"href":"https:\/\/www.thecolosseum.org\/pt\/wp-json\/wp\/v2\/types\/page"}],"author":[{"embeddable":true,"href":"https:\/\/www.thecolosseum.org\/pt\/wp-json\/wp\/v2\/users\/3"}],"replies":[{"embeddable":true,"href":"https:\/\/www.thecolosseum.org\/pt\/wp-json\/wp\/v2\/comments?post=772"}],"version-history":[{"count":3,"href":"https:\/\/www.thecolosseum.org\/pt\/wp-json\/wp\/v2\/pages\/772\/revisions"}],"predecessor-version":[{"id":830,"href":"https:\/\/www.thecolosseum.org\/pt\/wp-json\/wp\/v2\/pages\/772\/revisions\/830"}],"wp:attachment":[{"href":"https:\/\/www.thecolosseum.org\/pt\/wp-json\/wp\/v2\/media?parent=772"}],"wp:term":[{"taxonomy":"post-style","embeddable":true,"href":"https:\/\/www.thecolosseum.org\/pt\/wp-json\/wp\/v2\/post-style?post=772"},{"taxonomy":"producer","embeddable":true,"href":"https:\/\/www.thecolosseum.org\/pt\/wp-json\/wp\/v2\/producer?post=772"}],"curies":[{"name":"wp","href":"https:\/\/api.w.org\/{rel}","templated":true}]}}