{"id":561,"date":"2017-09-07T09:01:22","date_gmt":"2017-09-07T09:01:22","guid":{"rendered":"https:\/\/www.thecolosseum.org\/pt\/?page_id=7"},"modified":"2025-06-30T12:01:23","modified_gmt":"2025-06-30T10:01:23","slug":"o-coliseu-romano","status":"publish","type":"page","link":"https:\/\/www.thecolosseum.org\/pt\/","title":{"rendered":"O Coliseu Romano"},"content":{"rendered":"\n<figure class=\"gb-block-image gb-block-image-12035128\"><img decoding=\"async\" width=\"1100\" height=\"350\" class=\"gb-image gb-image-12035128 ms-mb-block\" src=\"https:\/\/www.thecolosseum.org\/pt\/wp-content\/uploads\/sites\/7\/colosseum-banner.jpg\" alt=\"The Roman Colosseum at sunset\" \/><\/figure>\n\n\n\n<h1 class=\"gb-headline gb-headline-6940f0f1 gb-headline-text\"><strong>O Coliseu Romano<\/strong><\/h1>\n\n\n\n<p class=\"gb-headline gb-headline-13c71035 gb-headline-text\">O Coliseu Romano \u00e9 um dos edif\u00edcios mais famosos j\u00e1 constru\u00eddos. Ele se manteve no centro de Roma por quase 2000 anos, desde os dias em que o Imp\u00e9rio dominava a Europa antiga at\u00e9 os dias de hoje. Se voc\u00ea estiver visitando Roma, n\u00e3o pode deixar de ver esse monumento antigo e espetacular.<\/p>\n\n\n<div class=\"gb-grid-wrapper gb-grid-wrapper-2f92f8fa\">\n<div class=\"gb-grid-column gb-grid-column-99332d92\"><div class=\"gb-container gb-container-99332d92 ms-card-h ms-card\">\n\n<figure class=\"gb-block-image gb-block-image-8b9ae877\"><a href=\"https:\/\/www.thecolosseum.org\/pt\/bilhetes\/\"><img decoding=\"async\" width=\"640\" height=\"427\" class=\"gb-image gb-image-8b9ae877 ms-mb-block ms-card-h__image ms-card__image\" src=\"https:\/\/www.thecolosseum.org\/pt\/wp-content\/uploads\/sites\/7\/thecolosseum-visit-1724136411.jpg\" alt=\"\" title=\"thecolosseum-visit\" \/><\/a><\/figure>\n\n\n<header class=\"gb-container gb-container-0075c094\">\n\n<h2 class=\"gb-headline gb-headline-06a9d77d gb-headline-text ms-link-unstyled ms-card-h__title\"><a href=\"https:\/\/www.thecolosseum.org\/pt\/bilhetes\/\">Bilhetes para o Coliseu<\/a><\/h2>\n\n\n\n<p class=\"gb-headline gb-headline-699c9f95 gb-headline-text ms-card-h__excerpt\">Assim como acontece com todas as atra\u00e7\u00f5es tur\u00edsticas muito populares, h\u00e1 diversos tipos de bilhetes dispon\u00edveis, e voc\u00ea pode escolher se deseja reserv\u00e1-los online ou compr\u00e1-los quando chegar ao Coliseu. Aqui voc\u00ea encontrar\u00e1 informa\u00e7\u00f5es sobre as diferentes op\u00e7\u00f5es de ingressos e seus pre\u00e7os, al\u00e9m de instru\u00e7\u00f5es sobre como compr\u00e1-los antecipadamente para pular as longas filas na entrada.<\/p>\n\n\n\n<p class=\"gb-headline gb-headline-6c14d018 gb-headline-text\"><a href=\"https:\/\/www.thecolosseum.org\/pt\/bilhetes\/\">Reserve seus bilhetes para o Coliseu e evite filas<\/a><\/p>\n\n<\/header>\n<\/div><\/div>\n\n<div class=\"gb-grid-column gb-grid-column-16b59205\"><div class=\"gb-container gb-container-16b59205 ms-card-h ms-card\">\n\n<figure class=\"gb-block-image gb-block-image-39912f6d\"><a href=\"https:\/\/www.thecolosseum.org\/pt\/coliseu-tours\/\"><img decoding=\"async\" width=\"640\" height=\"432\" class=\"gb-image gb-image-39912f6d ms-mb-block ms-card-h__image ms-card__image\" src=\"https:\/\/www.thecolosseum.org\/pt\/wp-content\/uploads\/sites\/7\/thecolosseum-tour-1724138878-640x432.jpg\" alt=\"\" title=\"thecolosseum-tour\" \/><\/a><\/figure>\n\n\n<header class=\"gb-container gb-container-b4568de1\">\n\n<h2 class=\"gb-headline gb-headline-8e904932 gb-headline-text ms-link-unstyled ms-card-h__title\"><a href=\"https:\/\/www.thecolosseum.org\/pt\/coliseu-tours\/\">Tours<\/a><\/h2>\n\n\n\n<p class=\"gb-headline gb-headline-598ebb96 gb-headline-text ms-card-h__excerpt\">Uma das melhores formas de aproveitar ao m\u00e1ximo a sua visita ao Coliseu \u00e9 participar de uma visita guiada com um guia especialista. Voc\u00ea obter\u00e1 muitos insights sobre a hist\u00f3ria do edif\u00edcio, sua arquitetura, curiosidades e fatos desconhecidos. Al\u00e9m disso, poder\u00e1 ver \u00e1reas do Coliseu que normalmente est\u00e3o fora do alcance, como o hipogeu subterr\u00e2neo e os n\u00edveis superiores.<\/p>\n\n\n\n<p class=\"gb-headline gb-headline-8f47270b gb-headline-text\"><a href=\"https:\/\/www.thecolosseum.org\/pt\/coliseu-tours\/\">Junte-se a um tour guiado e visite o hipogeu escondido do Coliseu<\/a><\/p>\n\n<\/header>\n<\/div><\/div>\n\n<div class=\"gb-grid-column gb-grid-column-3058db17\"><div class=\"gb-container gb-container-3058db17 ms-card-h ms-card\">\n\n<figure class=\"gb-block-image gb-block-image-549d06b2\"><a href=\"https:\/\/www.thecolosseum.org\/pt\/visita\/\"><img decoding=\"async\" width=\"640\" height=\"427\" class=\"gb-image gb-image-549d06b2 ms-mb-block ms-card-h__image ms-card__image\" src=\"https:\/\/www.thecolosseum.org\/pt\/wp-content\/uploads\/sites\/7\/thecolosseum-visit2-1724138701.jpg\" alt=\"O Coliseu \u00e9 a atra\u00e7\u00e3o tur\u00edstica mais popular da It\u00e1lia e uma das mais populares do mundo\" \/><\/a><\/figure>\n\n\n<div class=\"gb-container gb-container-f49a769e\">\n\n<h2 class=\"gb-headline gb-headline-99b83ebc gb-headline-text ms-link-unstyled ms-card-h__title\"><a href=\"https:\/\/www.thecolosseum.org\/pt\/visita\/\">Visita<\/a><\/h2>\n\n\n\n<p class=\"gb-headline gb-headline-23bce1cb gb-headline-text ms-card-h__excerpt\">Com mais de sete milh\u00f5es de visitantes por ano, o Coliseu \u00e9 a atra\u00e7\u00e3o tur\u00edstica mais popular da It\u00e1lia, e uma das mais visitadas no mundo. Aqui voc\u00ea encontrar\u00e1 tudo o que precisa saber para planejar sua visita, desde hor\u00e1rios de funcionamento at\u00e9 transporte, acessibilidade e lugares para visitar nas proximidades.<\/p>\n\n\n\n<p class=\"gb-headline gb-headline-aad8409c gb-headline-text\"><a href=\"https:\/\/www.thecolosseum.org\/pt\/visita\/\">Planeje sua visita ao Coliseu<\/a><\/p>\n\n<\/div>\n<\/div><\/div>\n\n<div class=\"gb-grid-column gb-grid-column-91366c30\"><div class=\"gb-container gb-container-91366c30 ms-card ms-card-h\">\n\n<figure class=\"gb-block-image gb-block-image-3e02971c\"><a href=\"https:\/\/www.thecolosseum.org\/pt\/arquitetura\/\"><img decoding=\"async\" width=\"640\" height=\"427\" class=\"gb-image gb-image-3e02971c ms-card-h__image ms-mb-block ms-card__image\" src=\"https:\/\/www.thecolosseum.org\/pt\/wp-content\/uploads\/sites\/7\/thecolosseum-architecture-1724138448.jpg\" alt=\"A arquitetura do edif\u00edcio \u00e9 uma mistura das tr\u00eas ordens romanas mais importantes: Toscana, J\u00f4nica e Cor\u00edntia, e est\u00e1 cheia de pequenos detalhes que demonstram a engenhosidade dos seus projetistas\" \/><\/a><\/figure>\n\n\n<div class=\"gb-container gb-container-604a5265\">\n\n<h2 class=\"gb-headline gb-headline-9d296282 gb-headline-text ms-link-unstyled ms-card-h__title\"><a href=\"https:\/\/www.thecolosseum.org\/pt\/arquitetura\/\">Arquitetura<\/a><\/h2>\n\n\n\n<p class=\"gb-headline gb-headline-1609a80a gb-headline-text ms-card-h__excerpt\">Apesar do desgaste e dos danos que sofreu ao longo dos s\u00e9culos, o Coliseu continua notavelmente bem preservado. A arquitetura do edif\u00edcio \u00e9 uma mistura das tr\u00eas ordens romanas mais importantes: Toscana, J\u00f4nica e Cor\u00edntia, e est\u00e1 cheia de pequenos detalhes que demonstram a engenhosidade daqueles que o projetaram.<\/p>\n\n\n\n<p class=\"gb-headline gb-headline-55a4da73 gb-headline-text\"><a href=\"https:\/\/www.thecolosseum.org\/pt\/arquitetura\/\">Saiba mais sobre um dos grandes monumentos arquitet\u00f4nicos da Roma Antiga<\/a><\/p>\n\n<\/div>\n<\/div><\/div>\n\n<div class=\"gb-grid-column gb-grid-column-25c8a636\"><div class=\"gb-container gb-container-25c8a636 ms-card-h ms-card\">\n\n<figure class=\"gb-block-image gb-block-image-d062171e\"><a href=\"https:\/\/www.thecolosseum.org\/pt\/factos\/\"><img decoding=\"async\" width=\"640\" height=\"409\" class=\"gb-image gb-image-d062171e ms-mb-block ms-card-h__image ms-card__image\" src=\"https:\/\/www.thecolosseum.org\/pt\/wp-content\/uploads\/sites\/7\/thecolosseum-fact-1724118528.jpg\" alt=\"\" title=\"thecolosseum-fact\" \/><\/a><\/figure>\n\n\n<div class=\"gb-container gb-container-189549ca\">\n\n<h2 class=\"gb-headline gb-headline-f0517199 gb-headline-text ms-link-unstyled ms-card-h__title\"><a href=\"https:\/\/www.thecolosseum.org\/pt\/factos\/\">Factos<\/a><\/h2>\n\n\n\n<p class=\"gb-headline gb-headline-4b51b112 gb-headline-text ms-card-h__excerpt\">Voc\u00ea sabia que o Coliseu poderia abrigar entre 50.000 e 80.000 pessoas? Isso \u00e9 mais do que muitos est\u00e1dios modernos de futebol. Sabia que ele foi constru\u00eddo por at\u00e9 100.000 escravos capturados por Roma em suas muitas guerras? Sabia que se acredita que at\u00e9 400.000 pessoas morreram nos espet\u00e1culos sangrentos do Coliseu durante os tr\u00eas s\u00e9culos em que foi utilizado?<\/p>\n\n\n\n<p class=\"gb-headline gb-headline-564cf5e3 gb-headline-text\"><a href=\"https:\/\/www.thecolosseum.org\/pt\/factos\/\">Dois mil anos de hist\u00f3ria revelam factos muito interessantes<\/a><\/p>\n\n<\/div>\n<\/div><\/div>\n\n<div class=\"gb-grid-column gb-grid-column-fddd7ae0\"><div class=\"gb-container gb-container-fddd7ae0 ms-card-h ms-card\">\n\n<figure class=\"gb-block-image gb-block-image-90556070\"><a href=\"https:\/\/www.thecolosseum.org\/pt\/gladiadores\/\"><img decoding=\"async\" width=\"768\" height=\"432\" class=\"gb-image gb-image-90556070 ms-mb-block ms-card-h__image ms-card__image\" src=\"https:\/\/www.thecolosseum.org\/pt\/wp-content\/uploads\/sites\/7\/gladiator-painting-optimized-768x432.jpg\" alt=\"Um gladiador em p\u00e9 sobre seus oponentes derrotados no Coliseu, aguardando o sinal do Imperador, se o polegar para cima ou para baixo\" srcset=\"https:\/\/www.thecolosseum.org\/pt\/wp-content\/uploads\/sites\/7\/gladiator-painting-optimized-768x432.jpg 768w, https:\/\/www.thecolosseum.org\/pt\/wp-content\/uploads\/sites\/7\/gladiator-painting-optimized-1024x576.jpg 1024w, https:\/\/www.thecolosseum.org\/pt\/wp-content\/uploads\/sites\/7\/gladiator-painting-optimized-1280x720.jpg 1280w, https:\/\/www.thecolosseum.org\/pt\/wp-content\/uploads\/sites\/7\/gladiator-painting-optimized-1600x900.jpg 1600w\" sizes=\"(max-width: 768px) 100vw, 768px\" \/><\/a><\/figure>\n\n\n<div class=\"gb-container gb-container-3af4ab3a\">\n\n<h2 class=\"gb-headline gb-headline-77f33ad8 gb-headline-text ms-link-unstyled ms-card-h__title\"><a href=\"https:\/\/www.thecolosseum.org\/pt\/gladiadores\/\">Gladiadores<\/a><\/h2>\n\n\n\n<p class=\"gb-headline gb-headline-0eb071bf gb-headline-text ms-card-h__excerpt\">Todo mundo j\u00e1 ouviu falar de &#8220;Gladiador&#8221;, mas quem eram realmente os gladiadores que lutaram na arena? Ao longo de tr\u00eas s\u00e9culos, suas batalhas no Coliseu foram o centro das aten\u00e7\u00f5es. Alguns deles alcan\u00e7aram grande notoriedade e se tornaram celebridades famosas, mas para cada um que teve sucesso, centenas de outros morreram anonimamente na arena.<\/p>\n\n\n\n<p class=\"gb-headline gb-headline-f432d45b gb-headline-text\"><a href=\"https:\/\/www.thecolosseum.org\/pt\/gladiadores\/\">Quem eram os gladiadores de Roma?<\/a><\/p>\n\n<\/div>\n<\/div><\/div>\n<\/div>\n\n<div class=\"gb-container gb-container-67b49cf1 ms-p ms-mb-block\">\n\n<h2 class=\"gb-headline gb-headline-96e88d50 gb-headline-text ms-link-unstyled\"><a href=\"https:\/\/www.thecolosseum.org\/pt\/historia\/\">Hist\u00f3ria<\/a><\/h2>\n\n\n\n<p class=\"gb-headline gb-headline-4d9dbd9d gb-headline-text\">Saiba mais sobre a fascinante hist\u00f3ria do Coliseu, desde sua constru\u00e7\u00e3o at\u00e9 seu status atual como um dos monumentos arquitet\u00f4nicos mais famosos do mundo. O Coliseu n\u00e3o era apenas uma arena de combate, voc\u00ea sabia que em seus 2000 anos de hist\u00f3ria ele tamb\u00e9m foi usado como cemit\u00e9rio, abrigo para os pobres de Roma e como castelo fortificado de um cl\u00e3 romano poderoso?<\/p>\n\n\n\n<p class=\"gb-headline gb-headline-99fac3b6 gb-headline-text\"><a href=\"https:\/\/www.thecolosseum.org\/pt\/historia\/\">Hist\u00f3ria do Coliseu Romano<\/a><\/p>\n\n<\/div>\n\n<div class=\"gb-container gb-container-9e1738f4\">\n<div class=\"gb-grid-wrapper gb-grid-wrapper-b786cee6\">\n<div class=\"gb-grid-column gb-grid-column-01253981\"><div class=\"gb-container gb-container-01253981\">\n\n<figure class=\"gb-block-image gb-block-image-7324916a\"><img decoding=\"async\" width=\"640\" height=\"427\" class=\"gb-image gb-image-7324916a\" src=\"https:\/\/www.thecolosseum.org\/pt\/wp-content\/uploads\/sites\/7\/colosseum-hotels-1724119091.jpg\" alt=\"Hot\u00e9is pr\u00f3ximos ao Coliseu\" \/><\/figure>\n\n<\/div><\/div>\n\n<div class=\"gb-grid-column gb-grid-column-ff768bde\"><div class=\"gb-container gb-container-ff768bde\">\n\n<h2 class=\"gb-headline gb-headline-209cee29 gb-headline-text ms-link-unstyled\"><a href=\"https:\/\/www.thecolosseum.org\/pt\/hoteis\/\">Hot\u00e9is<\/a><\/h2>\n\n\n<div class=\"gb-container gb-container-919dbe01\">\n<div class=\"gb-container gb-container-ebf0451d\">\n\n<p class=\"gb-headline gb-headline-13e055cf gb-headline-text ms-text-muted\">Procurando um lugar para se hospedar no centro de Roma? Confira a nossa lista de hot\u00e9is pr\u00f3ximos ao Coliseu. Voc\u00ea tamb\u00e9m pode reservar atrav\u00e9s do Booking.com.<\/p>\n\n<\/div>\n<\/div>\n\n\n<p class=\"gb-headline gb-headline-bd6d4b5a gb-headline-text\"><a href=\"https:\/\/www.thecolosseum.org\/pt\/hoteis\/\">Encontre um lugar para se hospedar em Roma<\/a><\/p>\n\n<\/div><\/div>\n<\/div>\n<\/div>","protected":false},"excerpt":{"rendered":"","protected":false},"author":1,"featured_media":0,"parent":0,"menu_order":2,"comment_status":"closed","ping_status":"closed","template":"","meta":{"_acf_changed":false,"footnotes":"","button_url":"https:\/\/www.tiqets.com\/pt\/colosseum-l145769\/?partner=thecolosseum","ms_product_id":"1111515","ms_product_name":"Colosseum & Roman Forum + Audio Guide","ms_price":"36","ms_currency":"EUR","ms_rating_value":"4.1","ms_review_count":"19655","rank_math_title":"O Coliseu Romano em %currentyear%","rank_math_description":"Prepare a sua visita ao Coliseu Romano e descubra a sua fascinante hist\u00f3ria."},"post-style":[],"producer":[],"class_list":["post-561","page","type-page","status-publish","has-post-thumbnail"],"acf":[],"product_schema":{"ms_product_id":"1111515","ms_product_name":"Colosseum & Roman Forum + Audio Guide","ms_price":"36","ms_currency":"EUR","ms_rating_value":"4.1","ms_review_count":"19655"},"_links":{"self":[{"href":"https:\/\/www.thecolosseum.org\/pt\/wp-json\/wp\/v2\/pages\/561","targetHints":{"allow":["GET"]}}],"collection":[{"href":"https:\/\/www.thecolosseum.org\/pt\/wp-json\/wp\/v2\/pages"}],"about":[{"href":"https:\/\/www.thecolosseum.org\/pt\/wp-json\/wp\/v2\/types\/page"}],"author":[{"embeddable":true,"href":"https:\/\/www.thecolosseum.org\/pt\/wp-json\/wp\/v2\/users\/1"}],"replies":[{"embeddable":true,"href":"https:\/\/www.thecolosseum.org\/pt\/wp-json\/wp\/v2\/comments?post=561"}],"version-history":[{"count":3,"href":"https:\/\/www.thecolosseum.org\/pt\/wp-json\/wp\/v2\/pages\/561\/revisions"}],"predecessor-version":[{"id":1014,"href":"https:\/\/www.thecolosseum.org\/pt\/wp-json\/wp\/v2\/pages\/561\/revisions\/1014"}],"wp:attachment":[{"href":"https:\/\/www.thecolosseum.org\/pt\/wp-json\/wp\/v2\/media?parent=561"}],"wp:term":[{"taxonomy":"post-style","embeddable":true,"href":"https:\/\/www.thecolosseum.org\/pt\/wp-json\/wp\/v2\/post-style?post=561"},{"taxonomy":"producer","embeddable":true,"href":"https:\/\/www.thecolosseum.org\/pt\/wp-json\/wp\/v2\/producer?post=561"}],"curies":[{"name":"wp","href":"https:\/\/api.w.org\/{rel}","templated":true}]}}