{"id":46,"date":"2017-09-07T17:18:04","date_gmt":"2017-09-07T15:18:04","guid":{"rendered":"https:\/\/www.thecolosseum.org\/pt\/?page_id=46"},"modified":"2025-01-16T13:59:06","modified_gmt":"2025-01-16T12:59:06","slug":"hoteis","status":"publish","type":"page","link":"https:\/\/www.thecolosseum.org\/pt\/hoteis\/","title":{"rendered":"Hot\u00e9is perto do Coliseu"},"content":{"rendered":"\n<p>Poucas cidades no mundo podem se orgulhar de ter a vasta gama de coisas para fazer e ver que Roma oferece. Ru\u00ednas romanas, locais sagrados, belas obras de arte, comida deliciosa&#8230; Roma tem de tudo.<\/p>\n\n\n\n<script src=\"https:\/\/www.booking.com\/affiliate\/prelanding_sdk\"><\/script>\n  \n  <div id=\"bookingAffiliateWidget_d8e65aae-5718-439b-8f87-c4a7eee37a60\">&nbsp;<\/div>\n  \n  <script>\n      (function () {\n          var BookingAffiliateWidget = new Booking.AffiliateWidget({\n  \"iframeSettings\": {\n    \"selector\": \"bookingAffiliateWidget_d8e65aae-5718-439b-8f87-c4a7eee37a60\",\n    \"responsive\": true\n  },\n  \"widgetSettings\": {\n    \"ss\": \"The Colosseum, Rome, Lazio, Italy\",\n    \"latitude\": 41.89022,\n    \"longitude\": 12.492268,\n    \"zoom\": 15,\n    \"customMarkerTitle\": \" The Colosseum\"\n  }\n});\n      })();\n  <\/script>\n\n\n\n<p>Dizem que Roma \u00e9 a cidade com mais monumentos no mundo \u2014 algo adequado para a capital do antigo Imp\u00e9rio Romano, um lugar que n\u00e3o hesita em se autointitular a Cidade Eterna.<\/p>\n\n\n\n<p>O Centro Hist\u00f3rico de Roma cont\u00e9m alguns dos vest\u00edgios mais importantes e sobreviventes do Imp\u00e9rio Romano, como o Coliseu e o Pante\u00e3o, assim como locais ic\u00f4nicos e sagrados como a Bas\u00edlica de S\u00e3o Pedro no Vaticano, a Capela Sistina e a Fontana di Trevi.<\/p>\n\n\n\n<p>Se voc\u00ea quer estar perto do Coliseu e de muitos dos outros tesouros arqueol\u00f3gicos de Roma, voc\u00ea vai querer ficar no Centro Hist\u00f3rico, e para esse prop\u00f3sito, reunimos uma lista de alguns dos melhores hot\u00e9is da \u00e1rea, bem como algumas bed &amp; breakfasts altamente recomendadas, para aqueles que buscam uma acomoda\u00e7\u00e3o mais informal e \u00edntima.<\/p>\n\n\n\n<h2 class=\"wp-block-heading\"><strong>Os 10 melhores hot\u00e9is perto do Coliseu<\/strong><\/h2>\n\n\n\n<p>A lista cont\u00e9m uma variedade de estabelecimentos em diferentes estilos e faixas de pre\u00e7o, todos a uma curta dist\u00e2ncia a p\u00e9 do Coliseu e de muitos outros monumentos importantes de Roma.<\/p>\n\n\n\n<h3 class=\"wp-block-heading\">Hotel San Anselmo<\/h3>\n\n\n\n<p>O Hotel San Anselmo \u00e9 um hotel boutique que ocupa uma bela villa do s\u00e9culo XIX na \u00e1rea do Aventino. Classificado com 4 estrelas, o Coliseu, o Pante\u00e3o e a Piazza Venezia ficam a menos de 2 km de dist\u00e2ncia. O hotel tem um jardim onde os h\u00f3spedes podem desfrutar do caf\u00e9 da manh\u00e3 durante os meses de bom tempo, acesso total ao Wi-Fi, e seus quartos possuem caracter\u00edsticas encantadoras, como grandes camas com dossel e banheiras de hidromassagem independentes.<\/p>\n\n\n\n<figure class=\"gb-block-image gb-block-image-f9180829\"><img decoding=\"async\" width=\"600\" height=\"400\" class=\"gb-image gb-image-f9180829 ms-mb-block\" src=\"https:\/\/www.thecolosseum.org\/pt\/wp-content\/uploads\/sites\/7\/San-Anselmo-II.jpg\" alt=\"Quarto do Hotel San Anselmo\n\"\/><\/figure>\n\n\n\n<h3 class=\"wp-block-heading\">Hotel Paba<\/h3>\n\n\n\n<p>O Hotel Paba \u00e9 pequeno e acolhedor, com 2 estrelas, localizado bem no meio da \u00e1rea de Monti. O Coliseu e o F\u00f3rum Romano ficam a menos de 500 metros de dist\u00e2ncia, e a \u00e1rea \u00e9 repleta de pequenos caf\u00e9s onde voc\u00ea pode desfrutar do famoso espresso intenso da It\u00e1lia \u2014 mas n\u00e3o v\u00e1 cham\u00e1-lo assim! O termo correto \u00e9 caff\u00e8. O Hotel Paba oferece pre\u00e7os acess\u00edveis em uma \u00e1rea que costuma ser cara, e todos os seus quartos s\u00e3o limpos, claros e t\u00eam ar-condicionado, Wi-Fi e TV a cabo \u2014 o ponto de partida ideal para explorar o centro hist\u00f3rico de Roma.<\/p>\n\n\n\n<figure class=\"gb-block-image gb-block-image-97032bc6\"><img decoding=\"async\" width=\"1024\" height=\"576\" class=\"gb-image gb-image-97032bc6 ms-mb-block\" src=\"https:\/\/www.thecolosseum.org\/pt\/wp-content\/uploads\/sites\/7\/Hotel-Paba-1024x576.jpg\" alt=\"Quarto do Hotel Paba\n\" srcset=\"https:\/\/www.thecolosseum.org\/pt\/wp-content\/uploads\/sites\/7\/Hotel-Paba-1024x576.jpg 1024w, https:\/\/www.thecolosseum.org\/pt\/wp-content\/uploads\/sites\/7\/Hotel-Paba-768x432.jpg 768w\" sizes=\"(max-width: 1024px) 100vw, 1024px\" \/><\/figure>\n\n\n\n<h3 class=\"wp-block-heading\">Hotel Capo d\u2019Africa<\/h3>\n\n\n\n<p>Apenas tr\u00eas quarteir\u00f5es do Coliseu, o Capo d\u2019Africa \u00e9 um hotel 4 estrelas exuberante com um terra\u00e7o na cobertura e restaurante onde os h\u00f3spedes podem desfrutar do caf\u00e9 da manh\u00e3 e das refei\u00e7\u00f5es com vista para a capital italiana. Ele apresenta arte contempor\u00e2nea italiana e interiores modernos, os quartos s\u00e3o todos com ar-condicionado, com Wi-Fi, e os h\u00f3spedes t\u00eam acesso \u00e0 academia do hotel.<\/p>\n\n\n\n<figure class=\"gb-block-image gb-block-image-6f394a22\"><img decoding=\"async\" width=\"1024\" height=\"576\" class=\"gb-image gb-image-6f394a22 ms-mb-block\" src=\"https:\/\/www.thecolosseum.org\/pt\/wp-content\/uploads\/sites\/7\/Capo-dAfrica-1024x576.jpg\" alt=\"Terra\u00e7o do Hotel Capo d'Africa\n\" srcset=\"https:\/\/www.thecolosseum.org\/pt\/wp-content\/uploads\/sites\/7\/Capo-dAfrica-1024x576.jpg 1024w, https:\/\/www.thecolosseum.org\/pt\/wp-content\/uploads\/sites\/7\/Capo-dAfrica-768x432.jpg 768w\" sizes=\"(max-width: 1024px) 100vw, 1024px\" \/><\/figure>\n\n\n\n<h3 class=\"wp-block-heading\">The Britannia<\/h3>\n\n\n\n<p>Situado em um pr\u00e9dio do s\u00e9culo XIX, a dois minutos a p\u00e9 da \u00d3pera de Roma e da esta\u00e7\u00e3o de metr\u00f4 Repubblica, o Britannia \u00e9 um elegante hotel 4 estrelas que oferece um extenso buffet de caf\u00e9 da manh\u00e3 ao estilo americano, Wi-Fi gratuito, e quartos estilosos e muito confort\u00e1veis. O hotel funciona com recep\u00e7\u00e3o 24 horas com equipe fluente em seis idiomas, e est\u00e1 localizado centralmente, a 20 minutos de caminhada da \u00e1rea monumental do Coliseu.<\/p>\n\n\n\n<figure class=\"gb-block-image gb-block-image-3ccdef14\"><img decoding=\"async\" width=\"1024\" height=\"576\" class=\"gb-image gb-image-3ccdef14 ms-mb-block\" src=\"https:\/\/www.thecolosseum.org\/pt\/wp-content\/uploads\/sites\/7\/The-Britannia-1024x576.jpg\" alt=\"Quarto do Hotel The Britannia\n\" srcset=\"https:\/\/www.thecolosseum.org\/pt\/wp-content\/uploads\/sites\/7\/The-Britannia-1024x576.jpg 1024w, https:\/\/www.thecolosseum.org\/pt\/wp-content\/uploads\/sites\/7\/The-Britannia-768x432.jpg 768w\" sizes=\"(max-width: 1024px) 100vw, 1024px\" \/><\/figure>\n\n\n\n<h3 class=\"wp-block-heading\">Hotel Locanda Cairoli<\/h3>\n\n\n\n<p>O Locanda Cairoli \u00e9 um hotel 4 estrelas situado em um edif\u00edcio do s\u00e9culo XVIII com uma decora\u00e7\u00e3o moderna e interessante. Os quartos s\u00e3o mobiliados individualmente com antiguidades, pinturas e esculturas de bom gosto. O Cairoli oferece um excelente servi\u00e7o, um buffet de caf\u00e9 da manh\u00e3 continental altamente avaliado servido diariamente, Wi-Fi em todo o hotel, e o melhor de tudo \u2014 ele est\u00e1 perto de todos os monumentos e pontos tur\u00edsticos mais importantes de Roma. &#8220;Dif\u00edcil pensar em uma melhor localiza\u00e7\u00e3o para um turista em Roma&#8221; resume tudo.<\/p>\n\n\n\n<figure class=\"gb-block-image gb-block-image-d09a1cc6\"><img decoding=\"async\" width=\"1024\" height=\"576\" class=\"gb-image gb-image-d09a1cc6 ms-mb-block\" src=\"https:\/\/www.thecolosseum.org\/pt\/wp-content\/uploads\/sites\/7\/Locanda-Cairoli-1024x576.jpg\" alt=\"Quarto do Hotel Locanda Cairoli\n\" srcset=\"https:\/\/www.thecolosseum.org\/pt\/wp-content\/uploads\/sites\/7\/Locanda-Cairoli-1024x576.jpg 1024w, https:\/\/www.thecolosseum.org\/pt\/wp-content\/uploads\/sites\/7\/Locanda-Cairoli-768x432.jpg 768w\" sizes=\"(max-width: 1024px) 100vw, 1024px\" \/><\/figure>\n\n\n\n<h3 class=\"wp-block-heading\">Bettoja Hotel Mediterraneo<\/h3>\n\n\n\n<p>Localizado no centro da cidade, no topo da mais alta das sete colinas de Roma, o Bettoja Mediterraneo possui um terra\u00e7o na cobertura com uma vista espetacular de toda a cidade \u2014 o lugar perfeito para relaxar \u00e0 noite com uma ta\u00e7a de vinho tinto depois de um dia explorando museus, galerias de arte e ru\u00ednas romanas.<\/p>\n\n\n\n<figure class=\"gb-block-image gb-block-image-adf2aade\"><img decoding=\"async\" width=\"1024\" height=\"576\" class=\"gb-image gb-image-adf2aade ms-mb-block\" src=\"https:\/\/www.thecolosseum.org\/pt\/wp-content\/uploads\/sites\/7\/Bettoja-Mediterraneo-1024x576.jpg\" alt=\"Terra\u00e7o do Hotel Bettoja Mediterraneo\n\" srcset=\"https:\/\/www.thecolosseum.org\/pt\/wp-content\/uploads\/sites\/7\/Bettoja-Mediterraneo-1024x576.jpg 1024w, https:\/\/www.thecolosseum.org\/pt\/wp-content\/uploads\/sites\/7\/Bettoja-Mediterraneo-768x432.jpg 768w\" sizes=\"(max-width: 1024px) 100vw, 1024px\" \/><\/figure>\n\n\n\n<h3 class=\"wp-block-heading\">Kolbe Hotel Rome<\/h3>\n\n\n\n<p>O Kolbe Hotel Rome \u00e9 um luxuoso hotel 4 estrelas com vista para o F\u00f3rum Romano e a uma curta dist\u00e2ncia do Coliseu. Os quartos s\u00e3o decorados com eleg\u00e2ncia, com tetos altos e paredes de tijolos expostos. H\u00e1 acesso Wi-Fi por todo o hotel, e os h\u00f3spedes podem tomar caf\u00e9 da manh\u00e3 e fazer as refei\u00e7\u00f5es no terra\u00e7o, que se abre para o jardim do hotel com palmeiras, laranjeiras e oliveiras.<\/p>\n\n\n\n<figure class=\"gb-block-image gb-block-image-fcc4ccca\"><img decoding=\"async\" width=\"1024\" height=\"576\" class=\"gb-image gb-image-fcc4ccca ms-mb-block\" src=\"https:\/\/www.thecolosseum.org\/pt\/wp-content\/uploads\/sites\/7\/Kolbe-Hotel-1024x576.jpg\" alt=\"Terra\u00e7o do Hotel Kolbe\" srcset=\"https:\/\/www.thecolosseum.org\/pt\/wp-content\/uploads\/sites\/7\/Kolbe-Hotel-1024x576.jpg 1024w, https:\/\/www.thecolosseum.org\/pt\/wp-content\/uploads\/sites\/7\/Kolbe-Hotel-768x432.jpg 768w\" sizes=\"(max-width: 1024px) 100vw, 1024px\" \/><\/figure>\n\n\n\n<h3 class=\"wp-block-heading\">The Corner Townhouse<\/h3>\n\n\n\n<p>O The Corner \u00e9 um exemplo paradigm\u00e1tico de modernidade \u2014 Situado em uma bela villa Art Nouveau no cora\u00e7\u00e3o do Aventino, sua decora\u00e7\u00e3o combina o moderno e o cl\u00e1ssico, o vibrante e o discreto, fazendo isso com perfeito equil\u00edbrio. Se voc\u00ea est\u00e1 hospedado, n\u00e3o pode perder uma visita ao restaurante do hotel, The Corner, um estabelecimento estrelado pelo Michelin que serve a interpreta\u00e7\u00e3o contempor\u00e2nea do chef Marco Martini sobre a culin\u00e1ria romana cl\u00e1ssica.<\/p>\n\n\n\n<figure class=\"gb-block-image gb-block-image-0832f930\"><img decoding=\"async\" width=\"1024\" height=\"576\" class=\"gb-image gb-image-0832f930 ms-mb-block\" src=\"https:\/\/www.thecolosseum.org\/pt\/wp-content\/uploads\/sites\/7\/Corner-Townhouse-1024x576.jpg\" alt=\"Restaurante do Hotel Corner Townhouse\n\" srcset=\"https:\/\/www.thecolosseum.org\/pt\/wp-content\/uploads\/sites\/7\/Corner-Townhouse-1024x576.jpg 1024w, https:\/\/www.thecolosseum.org\/pt\/wp-content\/uploads\/sites\/7\/Corner-Townhouse-768x432.jpg 768w\" sizes=\"(max-width: 1024px) 100vw, 1024px\" \/><\/figure>\n\n\n\n<h3 class=\"wp-block-heading\">Dharma Hotel and Luxury Suites<\/h3>\n\n\n\n<p>O Dharma \u00e9 um hotel boutique, oferecendo quartos elegantes e decorados individualmente com todas as comodidades, em uma localiza\u00e7\u00e3o central. A 5 minutos da esta\u00e7\u00e3o Termini de Roma e a 15 minutos do Coliseu e muitos outros monumentos importantes, o Dharma \u00e9 um excelente lugar para explorar a Cidade Eterna e relaxar depois. Alguns dos seus quartos oferecem uma experi\u00eancia \u00fanica de \u2018bem-estar\u2019: uma banheira de hidromassagem pessoal e banho turco.<\/p>\n\n\n\n<figure class=\"gb-block-image gb-block-image-81f9de87\"><img decoding=\"async\" width=\"1024\" height=\"576\" class=\"gb-image gb-image-81f9de87 ms-mb-block\" src=\"https:\/\/www.thecolosseum.org\/pt\/wp-content\/uploads\/sites\/7\/Dharma-1024x576.jpg\" alt=\"Quarto do Hotel Dharma\n\" srcset=\"https:\/\/www.thecolosseum.org\/pt\/wp-content\/uploads\/sites\/7\/Dharma-1024x576.jpg 1024w, https:\/\/www.thecolosseum.org\/pt\/wp-content\/uploads\/sites\/7\/Dharma-768x432.jpg 768w, https:\/\/www.thecolosseum.org\/pt\/wp-content\/uploads\/sites\/7\/Dharma-1280x720.jpg 1280w\" sizes=\"(max-width: 1024px) 100vw, 1024px\" \/><\/figure>\n\n\n\n<h3 class=\"wp-block-heading\">Stendahl Hotel<\/h3>\n\n\n\n<p>A poucos minutos da ic\u00f4nica Fontana di Trevi e da Escadaria Espanhola, o Stendahl \u00e9 um elegante hotel boutique no centro da cidade antiga de Roma. Apresentando quartos com todas as comodidades, um lounge que serve coquet\u00e9is de qualidade, e um extenso buffet de caf\u00e9 da manh\u00e3, \u00e9 o lugar perfeito para se perder em Trevi, uma \u00e1rea popular entre os turistas por sua atra\u00e7\u00e3o hom\u00f4nima, mas tamb\u00e9m por seus muitos bons restaurantes.<\/p>\n\n\n\n<figure class=\"gb-block-image gb-block-image-f40e80ac\"><img decoding=\"async\" width=\"1024\" height=\"576\" class=\"gb-image gb-image-f40e80ac ms-mb-block\" src=\"https:\/\/www.thecolosseum.org\/pt\/wp-content\/uploads\/sites\/7\/Stendahl-1024x576.jpg\" alt=\"Quarto do Hotel Stendahl\n\" srcset=\"https:\/\/www.thecolosseum.org\/pt\/wp-content\/uploads\/sites\/7\/Stendahl-1024x576.jpg 1024w, https:\/\/www.thecolosseum.org\/pt\/wp-content\/uploads\/sites\/7\/Stendahl-768x432.jpg 768w\" sizes=\"(max-width: 1024px) 100vw, 1024px\" \/><\/figure>\n\n\n\n<h2 class=\"wp-block-heading\"><strong>B\u00f4nus: 3 excelentes bed &amp; breakfasts perto do Coliseu<\/strong><\/h2>\n\n\n\n<p>Se voc\u00ea est\u00e1 procurando um lugar mais econ\u00f4mico para ficar, uma bed &amp; breakfast pode atender melhor \u00e0s suas necessidades do que um hotel. Abaixo est\u00e3o tr\u00eas \u00f3timos locais, todos perto do Coliseu.<\/p>\n\n\n\n<h3 class=\"wp-block-heading\">Li Rioni B&amp;B<\/h3>\n\n\n\n<p>O Li Rioni \u00e9 uma pequena e confort\u00e1vel bed &amp; breakfast a apenas 300 metros do Coliseu. Os quartos s\u00e3o bem mobiliados e limpos, com Wi-Fi gratuito, banheiro privativo, e caf\u00e9 da manh\u00e3 servido todas as manh\u00e3s no terra\u00e7o ensolarado do estabelecimento. A Domus Aurea e o F\u00f3rum Romano tamb\u00e9m s\u00e3o facilmente acess\u00edveis a poucos minutos a p\u00e9.<\/p>\n\n\n\n<figure class=\"gb-block-image gb-block-image-9a29c736\"><img decoding=\"async\" width=\"1024\" height=\"576\" class=\"gb-image gb-image-9a29c736 ms-mb-block\" src=\"https:\/\/www.thecolosseum.org\/pt\/wp-content\/uploads\/sites\/7\/Li-Rioni-1024x576.jpg\" alt=\"Quarto do Li Rioni\n\" srcset=\"https:\/\/www.thecolosseum.org\/pt\/wp-content\/uploads\/sites\/7\/Li-Rioni-1024x576.jpg 1024w, https:\/\/www.thecolosseum.org\/pt\/wp-content\/uploads\/sites\/7\/Li-Rioni-768x432.jpg 768w\" sizes=\"(max-width: 1024px) 100vw, 1024px\" \/><\/figure>\n\n\n\n<h3 class=\"wp-block-heading\">B&amp;B Laurus Colosseo<\/h3>\n\n\n\n<p>O Laurus Colosseo est\u00e1 praticamente ao virar da esquina do Coliseu e a apenas 5 minutos a p\u00e9 da Domus Aurea. H\u00e1 Wi-Fi por toda a propriedade, e se voc\u00ea estiver interessado em explorar Roma de uma maneira um pouco diferente, eles at\u00e9 oferecem aluguel de bicicletas para voc\u00ea explorar a cidade ao seu ritmo, sem precisar caminhar longas dist\u00e2ncias ou depender de transporte p\u00fablico.<\/p>\n\n\n\n<figure class=\"gb-block-image gb-block-image-1ce65606\"><img decoding=\"async\" width=\"1024\" height=\"576\" class=\"gb-image gb-image-1ce65606 ms-mb-block\" src=\"https:\/\/www.thecolosseum.org\/pt\/wp-content\/uploads\/sites\/7\/Laurus-Colosseo-1024x576.jpg\" alt=\"Quarto do Laurus Colosseo\n\" srcset=\"https:\/\/www.thecolosseum.org\/pt\/wp-content\/uploads\/sites\/7\/Laurus-Colosseo-1024x576.jpg 1024w, https:\/\/www.thecolosseum.org\/pt\/wp-content\/uploads\/sites\/7\/Laurus-Colosseo-768x432.jpg 768w\" sizes=\"(max-width: 1024px) 100vw, 1024px\" \/><\/figure>\n\n\n\n<h3 class=\"wp-block-heading\">Luce B&amp;B<\/h3>\n\n\n\n<p>O Luce \u00e9 a op\u00e7\u00e3o mais barata nas nossas listas, mas isso n\u00e3o significa que seja necessariamente pior do que as outras. O Luce \u00e9 uma bed &amp; breakfast limpa e aconchegante a poucos passos do Coliseu e de outros monumentos pr\u00f3ximos, com Wi-Fi gratuito por toda a propriedade e ar-condicionado em todos os quartos. Ele \u00e9 altamente avaliado, oferecendo excelente custo-benef\u00edcio para quem quer passar a maior parte do tempo na Cidade Eterna explorando e se familiarizando com seus muitos pontos tur\u00edsticos e monumentos.<\/p>\n\n\n\n<figure class=\"gb-block-image gb-block-image-475da45d\"><img decoding=\"async\" width=\"1024\" height=\"576\" class=\"gb-image gb-image-475da45d\" src=\"https:\/\/www.thecolosseum.org\/pt\/wp-content\/uploads\/sites\/7\/Luce.jpg\" alt=\"Quarto do Luce\" srcset=\"https:\/\/www.thecolosseum.org\/pt\/wp-content\/uploads\/sites\/7\/Luce.jpg 1024w, https:\/\/www.thecolosseum.org\/pt\/wp-content\/uploads\/sites\/7\/Luce-768x432.jpg 768w\" sizes=\"(max-width: 1024px) 100vw, 1024px\" \/><\/figure>\n","protected":false},"excerpt":{"rendered":"","protected":false},"author":1,"featured_media":0,"parent":0,"menu_order":12,"comment_status":"closed","ping_status":"closed","template":"","meta":{"_acf_changed":false,"footnotes":"","button_url":"https:\/\/www.tiqets.com\/pt\/colosseum-l145769\/?partner=thecolosseum","ms_product_id":"","ms_product_name":"","ms_price":"","ms_currency":"","ms_rating_value":"","ms_review_count":"","rank_math_title":"10 Melhores Hot\u00e9is Pr\u00f3ximos Ao Coliseu %currentyear%  (Com Fotos)","rank_math_description":""},"post-style":[],"producer":[],"class_list":["post-46","page","type-page","status-publish","has-post-thumbnail"],"acf":[],"product_schema":{"ms_product_id":"","ms_product_name":"","ms_price":"","ms_currency":"","ms_rating_value":"","ms_review_count":""},"_links":{"self":[{"href":"https:\/\/www.thecolosseum.org\/pt\/wp-json\/wp\/v2\/pages\/46","targetHints":{"allow":["GET"]}}],"collection":[{"href":"https:\/\/www.thecolosseum.org\/pt\/wp-json\/wp\/v2\/pages"}],"about":[{"href":"https:\/\/www.thecolosseum.org\/pt\/wp-json\/wp\/v2\/types\/page"}],"author":[{"embeddable":true,"href":"https:\/\/www.thecolosseum.org\/pt\/wp-json\/wp\/v2\/users\/1"}],"replies":[{"embeddable":true,"href":"https:\/\/www.thecolosseum.org\/pt\/wp-json\/wp\/v2\/comments?post=46"}],"version-history":[{"count":3,"href":"https:\/\/www.thecolosseum.org\/pt\/wp-json\/wp\/v2\/pages\/46\/revisions"}],"predecessor-version":[{"id":842,"href":"https:\/\/www.thecolosseum.org\/pt\/wp-json\/wp\/v2\/pages\/46\/revisions\/842"}],"wp:attachment":[{"href":"https:\/\/www.thecolosseum.org\/pt\/wp-json\/wp\/v2\/media?parent=46"}],"wp:term":[{"taxonomy":"post-style","embeddable":true,"href":"https:\/\/www.thecolosseum.org\/pt\/wp-json\/wp\/v2\/post-style?post=46"},{"taxonomy":"producer","embeddable":true,"href":"https:\/\/www.thecolosseum.org\/pt\/wp-json\/wp\/v2\/producer?post=46"}],"curies":[{"name":"wp","href":"https:\/\/api.w.org\/{rel}","templated":true}]}}