{"id":34,"date":"2017-09-07T16:38:07","date_gmt":"2017-09-07T14:38:07","guid":{"rendered":"https:\/\/www.thecolosseum.org\/pt\/?page_id=34"},"modified":"2025-01-06T11:36:27","modified_gmt":"2025-01-06T10:36:27","slug":"gladiadores","status":"publish","type":"page","link":"https:\/\/www.thecolosseum.org\/pt\/gladiadores\/","title":{"rendered":"Gladiadores da Roma Antiga"},"content":{"rendered":"\n<p>Talvez nenhuma figura da Roma Antiga seja t\u00e3o famosa quanto o gladiador \u2014 um guerreiro da arena que lutava at\u00e9 a morte contra feras, criminosos e outros gladiadores, para entretenimento da sociedade romana.<\/p>\n\n\n\n<p>Os gladiadores se tornaram figuras fortemente mitologizadas, em parte gra\u00e7as a obras de fic\u00e7\u00e3o famosas, como o filme <em>Gladiador<\/em>, dirigido por Ridley Scott e estrelado por Russell Crowe, ou o cl\u00e1ssico <em>Spartacus<\/em>, mas como eles eram na realidade?<\/p>\n\n\n\n<figure class=\"gb-block-image gb-block-image-3312322e\"><img decoding=\"async\" width=\"1024\" height=\"576\" class=\"gb-image gb-image-3312322e\" src=\"https:\/\/www.thecolosseum.org\/pt\/wp-content\/uploads\/sites\/7\/gladiator-painting-optimized-1024x576.jpg\" alt=\"Um gladiador diante dos seus inimigos derrotados no Coliseu, \u00e0 espera que o imperador sinalize o polegar para cima ou para baixo\" srcset=\"https:\/\/www.thecolosseum.org\/pt\/wp-content\/uploads\/sites\/7\/gladiator-painting-optimized-1024x576.jpg 1024w, https:\/\/www.thecolosseum.org\/pt\/wp-content\/uploads\/sites\/7\/gladiator-painting-optimized-768x432.jpg 768w, https:\/\/www.thecolosseum.org\/pt\/wp-content\/uploads\/sites\/7\/gladiator-painting-optimized-1280x720.jpg 1280w, https:\/\/www.thecolosseum.org\/pt\/wp-content\/uploads\/sites\/7\/gladiator-painting-optimized-1600x900.jpg 1600w\" sizes=\"(max-width: 1024px) 100vw, 1024px\" \/>\n<p class=\"gb-headline gb-headline-27b5b127 gb-headline-text\"><em>Pollice Verso<\/em>, <em>Com o Polegar Virado<\/em>, de Jean-L\u00e9on G\u00e9r\u00f4me.<\/p>\n<\/figure>\n\n\n\n<h2 class=\"wp-block-heading\">Quem eram os gladiadores romanos?<\/h2>\n\n\n\n<p>A maioria dos gladiadores romanos eram escravos de facto e, como tal, n\u00e3o tinham direitos na sociedade romana e mal eram considerados pessoas. Para cada hist\u00f3ria \u00e9pica de um gladiador que se tornou uma lenda da arena e ganhou fama e liberdade, milhares de outros morreram anonimamente na areia.<\/p>\n\n\n\n<p>Eles levavam vidas violentas e perigosas e estavam sujeitos aos caprichos de seus superiores. Alguns conseguiram superar essas circunst\u00e2ncias e se tornaram celebridades, mas eram uma minoria muito pequena.<\/p>\n\n\n\n<h3 class=\"wp-block-heading\">Tipos de gladiadores<\/h3>\n\n\n\n<p>Havia mais de <a href=\"https:\/\/en.wikipedia.org\/wiki\/List_of_Roman_gladiator_types\" target=\"_blank\" rel=\"noreferrer noopener nofollow\">duas d\u00fazias de tipos diferentes de gladiadores<\/a>, diferenciados uns dos outros pelas armas que usavam, as armaduras que vestiam, os estilos de luta que empregavam e os eventos nos quais lutavam. Abaixo voc\u00ea encontrar\u00e1 uma lista dos mais reconhec\u00edveis:<\/p>\n\n\n\n<ul class=\"wp-block-list\">\n<li><em>Murmillo<\/em>, gladiadores pesadamente armados que usavam um grande escudo oblongo e uma espada chamada <em>gladius<\/em>. Sua caracter\u00edstica mais distintiva era o capacete de cobertura total, decorado com uma crista em forma de peixe.<\/li>\n\n\n\n<li><em>Thraxes<\/em>, que usavam uma armadura semelhante \u00e0 dos Murmillos, mas utilizavam um escudo retangular menor e uma espada tr\u00e1cia curva. O capacete deles tamb\u00e9m cobria toda a cabe\u00e7a, mas era decorado com um grifo em vez de um peixe.<\/li>\n\n\n\n<li><em>Retiarius<\/em>, os gladiadores famosos que empunhavam uma grande rede e um tridente. Eles usavam armaduras mais leves e n\u00e3o tinham escudo, lutando ao tentar prender seus oponentes com a rede e atac\u00e1-los com o tridente de tr\u00eas pontas.<\/li>\n\n\n\n<li><em>Essedarius<\/em>, gladiadores montados. H\u00e1 pouca informa\u00e7\u00e3o sobre eles al\u00e9m de que lutavam montados em carruagens.<\/li>\n\n\n\n<li><em>Hoplomachus<\/em>, que se traduz como &#8220;lutador armado&#8221; em grego, eram gladiadores que carregavam uma lan\u00e7a arremessadora, uma espada curta, um pequeno escudo redondo e usavam um capacete com penacho.<\/li>\n<\/ul>\n\n\n\n<figure class=\"gb-block-image gb-block-image-3bb2aa1d\"><img decoding=\"async\" width=\"500\" height=\"502\" class=\"gb-image gb-image-3bb2aa1d\" src=\"https:\/\/www.thecolosseum.org\/pt\/wp-content\/uploads\/sites\/7\/gladiator-mosaic.jpg\" alt=\"Mosaico de dois gladiadores a lutar, um reci\u00e1rio e um secutor, com \u00e1rbitros a assistir\" \/>\n<p class=\"gb-headline gb-headline-c62c1daa gb-headline-text\">Um retiarius lutando contra um secutor, enquanto os \u00e1rbitros monitoram o duelo.<\/p>\n<\/figure>\n\n\n\n<h3 class=\"wp-block-heading\">Havia gladiadoras mulheres?<\/h3>\n\n\n\n<p>Havia gladiadoras mulheres, embora fossem uma minoria muito pequena e, segundo escritos da \u00e9poca, eram vistas como uma curiosidade e um entretenimento peculiar, mais do que como um tipo regular de gladiador.<\/p>\n\n\n\n<h3 class=\"wp-block-heading\">Treinamento dos gladiadores<\/h3>\n\n\n\n<p>Os gladiadores pertenciam \u00e0 classe <em>infame<\/em>, infame, e, como tal, suas vidas estavam perdidas e pertenciam aos seus mestres. As escolas de gladiadores eram incrivelmente r\u00edgidas e o treinamento que forneciam era rigoroso, com algumas evid\u00eancias arqueol\u00f3gicas sugerindo que os gladiadores podiam ser mortos como puni\u00e7\u00e3o por mau comportamento.<\/p>\n\n\n\n<p>Nas escolas, os gladiadores provavelmente treinavam sob a orienta\u00e7\u00e3o de um mestre especialista em seu estilo particular de combate, e todos os diferentes grupos eram mantidos separados uns dos outros, possivelmente para evitar conflitos entre combatentes que se encontrariam na arena.<\/p>\n\n\n\n<p>Ao entrar na escola de gladiadores (aqueles que n\u00e3o haviam sido condenados a ela como puni\u00e7\u00e3o por um crime), os gladiadores assinavam um contrato estipulando o tipo de combatente que se tornariam, quantas vezes por ano lutariam, e assinando sua vida como propriedade de seu mestre.<\/p>\n\n\n\n<h3 class=\"wp-block-heading\">Gladiadores famosos<\/h3>\n\n\n\n<p>A maioria dos gladiadores viveu e morreu anonimamente, mas alguns se tornaram celebridades populares e seus nomes chegaram at\u00e9 os dias de hoje.<\/p>\n\n\n\n<ul class=\"wp-block-list\">\n<li><strong>Crixus<\/strong> foi um escravo gaul\u00eas e gladiador que escapou do cativeiro e se tornou um dos l\u00edderes do ex\u00e9rcito rebelde na Terceira Guerra Servil, entre escravos e a rep\u00fablica romana.<\/li>\n\n\n\n<li><strong>Imperador C\u00f4modo<\/strong>, interpretado por Joaquin Phoenix no filme <em>Gladiador<\/em>, era um conhecido f\u00e3 de combates de gladiadores e aventurou-se muitas vezes na arena. No entanto, ele era conhecido por ser um lutador cruel, que usava o privil\u00e9gio de sua posi\u00e7\u00e3o para organizar lutas contra oponentes incapacitados que n\u00e3o tinham chance de lutar de volta, os quais ele mutilava e matava em espet\u00e1culos frequentemente s\u00e1dicos. Isso lhe rendeu grande antipatia e diz-se que contribuiu para seu eventual assassinato.<\/li>\n\n\n\n<li><strong>Priscus e Verus<\/strong> foram um par de gladiadores que tiveram a honra de lutar entre si na inaugura\u00e7\u00e3o do Anfiteatro Flaviano. Diz-se que, ap\u00f3s horas de batalha, eles concordaram em terminar a luta em um empate, momento em que o Imperador Tito lhes concedeu a <em>rudis<\/em>, tornando-os homens livres.<\/li>\n\n\n\n<li><strong>Spiculus<\/strong> foi uma estrela do mundo gladiatorial. Ele era o favorito do sangrento Imperador Nero, que o presenteou com d\u00e1divas. Quando foi deposto, Nero o chamou porque queria morrer em suas m\u00e3os, mas Spiculus n\u00e3o atendeu ao pedido do antigo imperador, e Nero foi for\u00e7ado a se matar.<\/li>\n<\/ul>\n\n\n\n<h3 class=\"wp-block-heading\">Spartacus era uma pessoa real?<\/h3>\n\n\n\n<p>Sem d\u00favida, Spartacus \u00e9 o gladiador mais famoso do Imp\u00e9rio Romano, e ele foi de fato uma pessoa real. Ele era um soldado ou mercen\u00e1rio tr\u00e1cio que acabou sendo vendido como escravo e depois se tornou gladiador. Foi um dos l\u00edderes de uma revolta na escola de gladiadores de C\u00e1pua, que terminou com a fuga de 70 dos trainees.<\/p>\n\n\n\n<p>Ap\u00f3s sua fuga e algumas escaramu\u00e7as subsequentes com o ex\u00e9rcito romano, que os gladiadores venceram, suas fileiras cresceram at\u00e9 se tornarem um ex\u00e9rcito de v\u00e1rias dezenas de milhares. Spartacus liderou esse ex\u00e9rcito de escravos rebeldes na chamada Terceira Guerra Servil, at\u00e9 que suas for\u00e7as foram derrotadas e ele supostamente foi morto em 71 a.C.<\/p>\n\n\n\n<figure class=\"gb-block-image gb-block-image-673fdf20\"><img decoding=\"async\" width=\"1024\" height=\"576\" class=\"gb-image gb-image-673fdf20\" src=\"https:\/\/www.thecolosseum.org\/pt\/wp-content\/uploads\/sites\/7\/tod-des-spartacus-optimized-1024x576.jpg\" alt=\"Spartacus a cair em batalha no quadro Tod des Spartacus, A Morte de Spartacus, de Hermann Vogel\" srcset=\"https:\/\/www.thecolosseum.org\/pt\/wp-content\/uploads\/sites\/7\/tod-des-spartacus-optimized-1024x576.jpg 1024w, https:\/\/www.thecolosseum.org\/pt\/wp-content\/uploads\/sites\/7\/tod-des-spartacus-optimized-768x432.jpg 768w, https:\/\/www.thecolosseum.org\/pt\/wp-content\/uploads\/sites\/7\/tod-des-spartacus-optimized-1280x720.jpg 1280w, https:\/\/www.thecolosseum.org\/pt\/wp-content\/uploads\/sites\/7\/tod-des-spartacus-optimized-1600x900.jpg 1600w\" sizes=\"(max-width: 1024px) 100vw, 1024px\" \/>\n<p class=\"gb-headline gb-headline-d0e3b341 gb-headline-text\"><em>Tod des Spartacus<\/em>, <em>A Morte de Spartacus<\/em>, de Hermann Vogel.<\/p>\n<\/figure>\n\n\n\n<h2 class=\"wp-block-heading\">Jogos de gladiadores<\/h2>\n\n\n\n<p>Normalmente, os gladiadores lutavam um contra um e eram emparelhados contra diferentes tipos considerados complementares. Murmillos frequentemente lutavam contra Tr\u00e1cios, bem como contra Hoplomachus e Retiarius. Retiarius (aqueles que empunhavam rede e tridente) geralmente enfrentavam gladiadores armados com armas mais convencionais.<\/p>\n\n\n\n<p>As lutas eram altamente organizadas e monitoradas por \u00e1rbitros. Nem todas terminavam em morte. Muitas vezes, uma luta terminava sem que nenhum dos combatentes morresse \u2014 a raz\u00e3o para isso era bastante simples: treinar e manter um grupo de gladiadores era caro, ent\u00e3o seus donos queriam que eles sobrevivessem o m\u00e1ximo poss\u00edvel. Nos primeiros anos do Coliseu, mais lutas terminavam com morte, mas com o tempo as disputas se tornaram menos letais, pois substituir gladiadores mortos era dispendioso.<\/p>\n\n\n\n<p>Havia outros tipos de entretenimento violento que eram populares na Roma Antiga e que muitas vezes foram associados aos gladiadores, mas que na verdade eram separados deles.<\/p>\n\n\n\n<h3 class=\"wp-block-heading\">Que animais os gladiadores romanos enfrentavam?<\/h3>\n\n\n\n<p>\u00c9 um equ\u00edvoco comum que os gladiadores lutavam contra feras. O combate de gladiadores era altamente regulamentado e organizado, e os gladiadores lutavam apenas contra outros combatentes humanos. Animais selvagens apareciam na arena, mas geralmente como parte do <em>damnatio ad bestias<\/em>, que significa literalmente \u201ccondena\u00e7\u00e3o \u00e0s feras\u201d, em que criminosos e prisioneiros de guerra eram executados publicamente pelas garras e presas de animais selvagens, ou como parte de ca\u00e7as encenadas por ca\u00e7adores profissionais. Havia um tipo de combatente que lutava contra animais selvagens, o bestiarius, mas ele n\u00e3o era considerado um gladiador no mesmo sentido que os outros.<\/p>\n\n\n\n<h3 class=\"wp-block-heading\">Batalhas navais encenadas, a Naumachia<\/h3>\n\n\n\n<p>As Naumachia, batalhas navais encenadas com navios e combatentes reais, eram provavelmente o espet\u00e1culo mais espetacular de todos os esportes sangrentos romanos. Diferente das batalhas de gladiadores, que ocorriam regularmente nas arenas de muitas grandes cidades, as <strong>naumachiae<\/strong> eram reservadas para ocasi\u00f5es especiais, como a comemora\u00e7\u00e3o do triunfo de J\u00falio C\u00e9sar em 46 a.C. Os participantes eram frequentemente prisioneiros de guerra ou criminosos condenados \u00e0 morte, e as batalhas eram muito mais sangrentas do que os combates de gladiadores, com taxas de mortalidade muito mais altas.<\/p>\n\n\n\n<p>As naumachia eram geralmente realizadas em arenas especialmente constru\u00eddas, grandes canais ou lagos artificiais cavados especificamente para esse prop\u00f3sito, mas em algumas ocasi\u00f5es elas aconteciam em anfiteatros romanos convencionais. Sabe-se que o Coliseu de Roma <a href=\"https:\/\/www.thecolosseum.org\/pt\/factos\/\">sediou duas batalhas navais perto da data de sua inaugura\u00e7\u00e3o<\/a>.<\/p>\n\n\n\n<figure class=\"gb-block-image gb-block-image-a0588374\"><img decoding=\"async\" width=\"1024\" height=\"576\" class=\"gb-image gb-image-a0588374\" src=\"https:\/\/www.thecolosseum.org\/pt\/wp-content\/uploads\/sites\/7\/la-naumachia-optimized-1024x576.jpg\" alt=\"Escravos e prisioneiros a combater numa Naumachia diante do Imperador, pintura de Ulpiano Checa\" srcset=\"https:\/\/www.thecolosseum.org\/pt\/wp-content\/uploads\/sites\/7\/la-naumachia-optimized-1024x576.jpg 1024w, https:\/\/www.thecolosseum.org\/pt\/wp-content\/uploads\/sites\/7\/la-naumachia-optimized-768x432.jpg 768w, https:\/\/www.thecolosseum.org\/pt\/wp-content\/uploads\/sites\/7\/la-naumachia-optimized-1280x720.jpg 1280w, https:\/\/www.thecolosseum.org\/pt\/wp-content\/uploads\/sites\/7\/la-naumachia-optimized-1600x900.jpg 1600w\" sizes=\"(max-width: 1024px) 100vw, 1024px\" \/>\n<p class=\"gb-headline gb-headline-cdc0ad45 gb-headline-text\"><em>La Naumachia<\/em>, por Ulpiano Checa.<\/p>\n<\/figure>\n","protected":false},"excerpt":{"rendered":"","protected":false},"author":1,"featured_media":0,"parent":0,"menu_order":4,"comment_status":"closed","ping_status":"closed","template":"","meta":{"_acf_changed":false,"footnotes":"","button_url":"https:\/\/www.tiqets.com\/pt\/colosseum-l145769\/?partner=thecolosseum","ms_product_id":"","ms_product_name":"","ms_price":"","ms_currency":"","ms_rating_value":"","ms_review_count":"","rank_math_title":"Gladiadores Da Roma Antiga: Tipos, Treinamento e Lutadores Famosos","rank_math_description":""},"post-style":[],"producer":[],"class_list":["post-34","page","type-page","status-publish","has-post-thumbnail"],"acf":[],"product_schema":{"ms_product_id":"","ms_product_name":"","ms_price":"","ms_currency":"","ms_rating_value":"","ms_review_count":""},"_links":{"self":[{"href":"https:\/\/www.thecolosseum.org\/pt\/wp-json\/wp\/v2\/pages\/34","targetHints":{"allow":["GET"]}}],"collection":[{"href":"https:\/\/www.thecolosseum.org\/pt\/wp-json\/wp\/v2\/pages"}],"about":[{"href":"https:\/\/www.thecolosseum.org\/pt\/wp-json\/wp\/v2\/types\/page"}],"author":[{"embeddable":true,"href":"https:\/\/www.thecolosseum.org\/pt\/wp-json\/wp\/v2\/users\/1"}],"replies":[{"embeddable":true,"href":"https:\/\/www.thecolosseum.org\/pt\/wp-json\/wp\/v2\/comments?post=34"}],"version-history":[{"count":3,"href":"https:\/\/www.thecolosseum.org\/pt\/wp-json\/wp\/v2\/pages\/34\/revisions"}],"predecessor-version":[{"id":832,"href":"https:\/\/www.thecolosseum.org\/pt\/wp-json\/wp\/v2\/pages\/34\/revisions\/832"}],"wp:attachment":[{"href":"https:\/\/www.thecolosseum.org\/pt\/wp-json\/wp\/v2\/media?parent=34"}],"wp:term":[{"taxonomy":"post-style","embeddable":true,"href":"https:\/\/www.thecolosseum.org\/pt\/wp-json\/wp\/v2\/post-style?post=34"},{"taxonomy":"producer","embeddable":true,"href":"https:\/\/www.thecolosseum.org\/pt\/wp-json\/wp\/v2\/producer?post=34"}],"curies":[{"name":"wp","href":"https:\/\/api.w.org\/{rel}","templated":true}]}}