{"id":30,"date":"2017-09-07T16:11:23","date_gmt":"2017-09-07T14:11:23","guid":{"rendered":"https:\/\/www.thecolosseum.org\/pt\/?page_id=30"},"modified":"2025-01-06T11:36:27","modified_gmt":"2025-01-06T10:36:27","slug":"arquitetura","status":"publish","type":"page","link":"https:\/\/www.thecolosseum.org\/pt\/arquitetura\/","title":{"rendered":"Arquitetura do Coliseu"},"content":{"rendered":"\n<p>O Coliseu \u00e9 uma das maiores fa\u00e7anhas da arquitetura romana j\u00e1 constru\u00eddas. \u00c9 o maior anfiteatro romano do mundo e, apesar de ter sofrido v\u00e1rios <a href=\"https:\/\/www.thecolosseum.org\/pt\/historia\/\">inc\u00eandios, terremotos e outros desastres naturais<\/a> \u2013 al\u00e9m de maus-tratos substanciais nas m\u00e3os dos homens \u2013 ainda est\u00e1 de p\u00e9 hoje.<\/p>\n\n\n\n<figure class=\"gb-block-image gb-block-image-9aafc24a\"><img decoding=\"async\" width=\"1024\" height=\"576\" class=\"gb-image gb-image-9aafc24a\" src=\"https:\/\/www.thecolosseum.org\/pt\/wp-content\/uploads\/sites\/7\/colosseum-frombelow-optimized-1024x576.jpg\" alt=\"A parede do Coliseu vista de baixo, com colunas cor\u00edntias a destacarem-se com destaque\" srcset=\"https:\/\/www.thecolosseum.org\/pt\/wp-content\/uploads\/sites\/7\/colosseum-frombelow-optimized-1024x576.jpg 1024w, https:\/\/www.thecolosseum.org\/pt\/wp-content\/uploads\/sites\/7\/colosseum-frombelow-optimized-768x432.jpg 768w, https:\/\/www.thecolosseum.org\/pt\/wp-content\/uploads\/sites\/7\/colosseum-frombelow-optimized-1280x720.jpg 1280w, https:\/\/www.thecolosseum.org\/pt\/wp-content\/uploads\/sites\/7\/colosseum-frombelow-optimized-1600x900.jpg 1600w\" sizes=\"(max-width: 1024px) 100vw, 1024px\" \/>\n<p class=\"gb-headline gb-headline-bc62ad20 gb-headline-text\">O terceiro e quarto n\u00edveis da parede externa. Observe a decora\u00e7\u00e3o no topo das colunas, sabe qual \u00e9 o estilo?<\/p>\n<\/figure>\n\n\n\n<h2 class=\"wp-block-heading\">Constru\u00e7\u00e3o do Coliseu<\/h2>\n\n\n\n<p>O Coliseu foi constru\u00eddo entre 70 d.C. e 80 d.C. sob os imperadores Vespasiano, Tito e Domiciano, os Imperadores Flavianos. Da\u00ed o seu nome original, o Amphitheatrum Flavium &#8211; o Anfiteatro Flaviano.<\/p>\n\n\n\n<p>O Coliseu pode ser visto como um empreendimento populista de Vespasiano que, pelo menos em parte, o encomendou como uma maneira de reconquistar o favor da popula\u00e7\u00e3o, que estava inquieta e insatisfeita com a institui\u00e7\u00e3o imperial ap\u00f3s o reinado de Nero. O planejamento come\u00e7ou em 70 d.C. e a constru\u00e7\u00e3o em 72, no local do lago artificial que Nero havia constru\u00eddo como parte da Domus Aurea.<\/p>\n\n\n\n<p>A maior parte da m\u00e3o de obra para a constru\u00e7\u00e3o do edif\u00edcio foi fornecida por escravos judeus, que haviam sido feitos prisioneiros ap\u00f3s a primeira guerra judaico-romana.<\/p>\n\n\n\n<p>O edif\u00edcio era oval e orientado no eixo noroeste a sudeste, com o eixo principal medindo 189 metros e o menor, 156 metros. Para refer\u00eancia, isso \u00e9 quase o dobro do comprimento e 1,5 vezes a largura de um campo de futebol moderno.<\/p>\n\n\n\n<h2 class=\"wp-block-heading\">Do que o Coliseu foi feito?<\/h2>\n\n\n\n<p>O Coliseu foi constru\u00eddo com aproximadamente 100.000 metros c\u00fabicos de pedra travertino, al\u00e9m de uma quantidade semelhante de cimento romano, tijolos e blocos de tufo. Travertino \u00e9 uma classe de calc\u00e1rio que deriva seu nome de Tibur (perto da atual Tivoli), onde era extra\u00eddo.<\/p>\n\n\n\n<p>Al\u00e9m dos diferentes tipos de pedra e cimento, estima-se que cerca de 300 toneladas de grampos de ferro foram usadas para unir os grandes blocos. Esses grampos foram reaproveitados em s\u00e9culos posteriores, quando o Coliseu entrou em decad\u00eancia, deixando grandes marcas nas paredes do edif\u00edcio que ainda s\u00e3o reconhec\u00edveis hoje.<\/p>\n\n\n\n<h2 class=\"wp-block-heading\">Estilo do Coliseu<\/h2>\n\n\n\n<p>O Coliseu foi concebido como um testemunho do poder de Roma. No momento de sua conclus\u00e3o, era a estrutura feita pelo homem mais complexa do mundo e uma das maiores.<\/p>\n\n\n\n<p>A pedra travertina usada como material principal em sua constru\u00e7\u00e3o era branca, e com quase 50 metros de altura (em uma \u00e9poca em que a maioria dos edif\u00edcios era de um andar) e com uma \u00e1rea de 6 acres, teria brilhado ao sol e inspirado admira\u00e7\u00e3o em quem o contemplasse. Seu efeito em um romano da antiguidade seria o mesmo que estar aos p\u00e9s do Empire State Building hoje.<\/p>\n\n\n\n<p>As tr\u00eas grandes ordens arquitet\u00f4nicas da \u00e9poca estavam representadas:<\/p>\n\n\n\n<ul class=\"wp-block-list\">\n<li>As colunas do andar t\u00e9rreo foram feitas no estilo toscano, uma varia\u00e7\u00e3o romana do austero estilo d\u00f3rico grego.<\/li>\n\n\n\n<li>O segundo andar apresentava colunas j\u00f4nicas, um pouco mais elaboradas.<\/li>\n\n\n\n<li>O terceiro andar empregava o estilo cor\u00edntio, mais intricado e decorado.<\/li>\n<\/ul>\n\n\n\n<p>Portanto, de baixo para cima, o Coliseu passava de menor para maior complexidade estil\u00edstica. Cada meia-coluna era o centro de um arco, dos quais havia um total de 80, formando o per\u00edmetro externo do edif\u00edcio nos tr\u00eas primeiros andares. Estes eram maiores no t\u00e9rreo, com 4,2 metros de largura e 7,05 metros de altura. Nos dois andares superiores, eles tinham a mesma largura, mas eram um pouco mais curtos, com 6,45 metros de altura.<\/p>\n\n\n\n<p>Ao contr\u00e1rio dos tr\u00eas primeiros, a parede do quarto andar n\u00e3o era feita de arcos e colunas, mas de pain\u00e9is planos, que, gra\u00e7as aos recentes esfor\u00e7os de limpeza, sabemos que eram decorados com entalhes e incrusta\u00e7\u00f5es de azurita e bronze.<\/p>\n\n\n\n<p>O Coliseu tinha duas entradas principais: a noroeste, Porta Triumphalis, que, como o nome sugere, era o port\u00e3o usado para prociss\u00f5es triunfais e pelo qual os gladiadores entravam na arena, e a sudeste, Porta Libitinaria, nomeada em homenagem \u00e0 deusa romana dos funerais e enterros, Libitina. Este port\u00e3o era usado para remover os corpos daqueles que pereciam nas areias.<\/p>\n\n\n\n<figure class=\"gb-block-image gb-block-image-0fd87b40\"><img decoding=\"async\" width=\"2000\" height=\"1414\" class=\"gb-image gb-image-0fd87b40\" src=\"https:\/\/www.thecolosseum.org\/pt\/wp-content\/uploads\/sites\/7\/colosseum-columns-optimized.jpg\" alt=\"Ilustra\u00e7\u00e3o da cabeceira dos tr\u00eas tipos de colunas comuns na arquitetura romana: d\u00f3rica, j\u00f3nica e cor\u00edntia\" \/>\n<p class=\"gb-headline gb-headline-3abb286b gb-headline-text\">As tr\u00eas ordens de colunas na arquitetura romana.<\/p>\n<\/figure>\n\n\n\n<h2 class=\"wp-block-heading\">Dentro do Coliseu<\/h2>\n\n\n\n<p>A caracter\u00edstica mais distinta do Coliseu era a arena onde gladiadores, prisioneiros, condenados e animais selvagens lutavam e morriam.<\/p>\n\n\n\n<ul class=\"wp-block-list\">\n<li>Ela media 83 metros de comprimento por 48 metros de largura.<\/li>\n\n\n\n<li>O piso da arena era feito de pain\u00e9is de madeira, cobertos com uma camada de areia retirada da colina Monte Mario, nas proximidades.<\/li>\n\n\n\n<li>Havia muitas portas no piso, que eram usadas para introduzir e remover elementos de cen\u00e1rio e efeitos especiais.<\/li>\n\n\n\n<li>Ela era cercada por uma parede de 10 p\u00e9s que levava ao primeiro n\u00edvel de assentos.<\/li>\n<\/ul>\n\n\n\n<p>A parede da arena era feita de blocos de pedra vermelha e preta, formando um contraste marcante com o resto do edif\u00edcio, que era intensamente branco, espelhando o que acontecia no piso da arena.<\/p>\n\n\n\n<p>Ao redor da arena estavam as arquibancadas, conhecidas coletivamente como a cavea. A cavea era dividida em tr\u00eas n\u00edveis que refletiam as camadas sociais da sociedade romana.<\/p>\n\n\n\n<p>De baixo para cima, o p\u00f3dio, gradatio e o p\u00f3rtico. Os assentos mais pr\u00f3ximos da arena, o p\u00f3dio, eram reservados para os romanos de maior status, como senadores e altos funcion\u00e1rios. \u00c0 medida que se subia na cavea, encontrava-se pessoas de status social cada vez mais baixo, com o n\u00edvel superior ainda ocupado por cidad\u00e3os romanos, mas os mais pobres.<\/p>\n\n\n\n<p>Os assentos eram feitos de pedra travertina, e cada assento tinha aproximadamente 40 cent\u00edmetros de largura. Acredita-se que o Coliseu poderia acomodar at\u00e9 80.000 espectadores.<\/p>\n\n\n\n<p>A cavea tamb\u00e9m era dividida horizontalmente por acessos para o p\u00fablico; as escadas, chamadas scalaria, levavam \u00e0s arquibancadas, e os vomit\u00f3rios, passagens que conduziam ao exterior. Ao contr\u00e1rio da cren\u00e7a popular, os vomit\u00f3rios n\u00e3o eram espa\u00e7os para vomitar. O nome refere-se \u00e0 a\u00e7\u00e3o de despejar as pessoas, os espectadores, de um local \u2013 mas n\u00e3o o conte\u00fado de seus est\u00f4magos.<\/p>\n\n\n\n<h3 class=\"wp-block-heading\">O subsolo do Coliseu<\/h3>\n\n\n\n<p>Embora a caracter\u00edstica mais distinta do Coliseu fosse a arena, a mais importante era o hipogeu, sua \u00e1rea subterr\u00e2nea.<\/p>\n\n\n\n<ul class=\"wp-block-list\">\n<li>O hipogeu era uma rede de t\u00faneis e c\u00e2maras distribu\u00eddas em dois n\u00edveis, onde gladiadores e animais eram mantidos antes de aparecer na arena acima.<\/li>\n\n\n\n<li>N\u00e3o fazia parte do design original concebido por Vespasiano e seu filho Tito. Foi adicionado ap\u00f3s a inaugura\u00e7\u00e3o do edif\u00edcio em 80 d.C., por ordens de seu sucessor, o Imperador Domiciano.<\/li>\n\n\n\n<li>80 po\u00e7os verticais conectavam o hipogeu \u00e0 arena acima. Gladiadores e animais podiam acessar a arena por esses po\u00e7os.<\/li>\n\n\n\n<li>Alguns desses po\u00e7os incorporavam um sistema de grandes plataformas m\u00f3veis, chamadas hegmata. Elas eram usadas para mover grandes animais, como elefantes, para cima e para baixo.<\/li>\n\n\n\n<li>O hipogeu estava conectado ao exterior por uma rede de t\u00faneis subterr\u00e2neos, como para os quart\u00e9is dos gladiadores e para est\u00e1bulos pr\u00f3ximos, onde os animais eram mantidos.<\/li>\n\n\n\n<li>O Coliseu tinha um t\u00fanel de acesso privado para o Imperador, para que ele pudesse entrar e sair do edif\u00edcio com seguran\u00e7a, evitando as grandes multid\u00f5es.<\/li>\n\n\n\n<li>Com a constru\u00e7\u00e3o do hipogeu, tornou-se imposs\u00edvel inundar a arena e, portanto, realizar naumaquias (batalhas navais simuladas) no Coliseu. Duas foram realizadas antes de sua constru\u00e7\u00e3o.<\/li>\n<\/ul>\n\n\n\n<figure class=\"gb-block-image gb-block-image-ecdf349a\"><img decoding=\"async\" width=\"2000\" height=\"1331\" class=\"gb-image gb-image-ecdf349a\" src=\"https:\/\/www.thecolosseum.org\/pt\/wp-content\/uploads\/sites\/7\/hypogeum-optimized.jpg\" alt=\"As passagens labir\u00ednticas do hipogeu vistas do n\u00edvel t\u00e9rreo do Coliseu\" \/>\n<p class=\"gb-headline gb-headline-0ba70de0 gb-headline-text\">O labirinto de c\u00e2maras e passagens do hipogeu est\u00e1 agora descoberto e pode ser visto de cima, al\u00e9m de ser visitado em visitas guiadas ao Coliseu.<\/p>\n<\/figure>\n","protected":false},"excerpt":{"rendered":"","protected":false},"author":1,"featured_media":0,"parent":0,"menu_order":6,"comment_status":"closed","ping_status":"closed","template":"","meta":{"_acf_changed":false,"footnotes":"","button_url":"https:\/\/www.tiqets.com\/pt\/colosseum-l145769\/?partner=thecolosseum","ms_product_id":"","ms_product_name":"","ms_price":"","ms_currency":"","ms_rating_value":"","ms_review_count":"","rank_math_title":"Arquitetura Do Coliseu Romano (Guia De Design e Estrutura)","rank_math_description":""},"post-style":[],"producer":[],"class_list":["post-30","page","type-page","status-publish","has-post-thumbnail"],"acf":[],"product_schema":{"ms_product_id":"","ms_product_name":"","ms_price":"","ms_currency":"","ms_rating_value":"","ms_review_count":""},"_links":{"self":[{"href":"https:\/\/www.thecolosseum.org\/pt\/wp-json\/wp\/v2\/pages\/30","targetHints":{"allow":["GET"]}}],"collection":[{"href":"https:\/\/www.thecolosseum.org\/pt\/wp-json\/wp\/v2\/pages"}],"about":[{"href":"https:\/\/www.thecolosseum.org\/pt\/wp-json\/wp\/v2\/types\/page"}],"author":[{"embeddable":true,"href":"https:\/\/www.thecolosseum.org\/pt\/wp-json\/wp\/v2\/users\/1"}],"replies":[{"embeddable":true,"href":"https:\/\/www.thecolosseum.org\/pt\/wp-json\/wp\/v2\/comments?post=30"}],"version-history":[{"count":3,"href":"https:\/\/www.thecolosseum.org\/pt\/wp-json\/wp\/v2\/pages\/30\/revisions"}],"predecessor-version":[{"id":833,"href":"https:\/\/www.thecolosseum.org\/pt\/wp-json\/wp\/v2\/pages\/30\/revisions\/833"}],"wp:attachment":[{"href":"https:\/\/www.thecolosseum.org\/pt\/wp-json\/wp\/v2\/media?parent=30"}],"wp:term":[{"taxonomy":"post-style","embeddable":true,"href":"https:\/\/www.thecolosseum.org\/pt\/wp-json\/wp\/v2\/post-style?post=30"},{"taxonomy":"producer","embeddable":true,"href":"https:\/\/www.thecolosseum.org\/pt\/wp-json\/wp\/v2\/producer?post=30"}],"curies":[{"name":"wp","href":"https:\/\/api.w.org\/{rel}","templated":true}]}}