{"id":25,"date":"2017-09-07T15:06:59","date_gmt":"2017-09-07T13:06:59","guid":{"rendered":"https:\/\/www.thecolosseum.org\/pt\/?page_id=25"},"modified":"2025-05-28T11:01:05","modified_gmt":"2025-05-28T09:01:05","slug":"coliseu-tours","status":"publish","type":"page","link":"https:\/\/www.thecolosseum.org\/pt\/coliseu-tours\/","title":{"rendered":"Visitas Guiadas ao Coliseu"},"content":{"rendered":"\n<p>Com uma impressionante idade de quase 2000 anos, o Coliseu Romano testemunhou o surgimento e a queda de muitas na\u00e7\u00f5es e imp\u00e9rios. Como qualquer edif\u00edcio que sobreviveu quase desde a \u00e9poca de Jesus Cristo, tem muitas hist\u00f3rias para contar. E que melhor forma de ouvi-las do que com um guia local especialista? Compre os seus bilhetes de visita guiada ao Coliseu aqui e descubra o Coliseu no seu melhor.<\/p>\n\n\n\n<figure class=\"gb-block-image gb-block-image-799b8e62\"><img decoding=\"async\" width=\"1024\" height=\"576\" class=\"gb-image gb-image-799b8e62 ms-mb-block\" src=\"https:\/\/www.thecolosseum.org\/pt\/wp-content\/uploads\/sites\/7\/colosseum-inside-optimized-1-1024x576.jpg\" alt=\"O Coliseu visto de dentro, com vista para a arena e o hipogeu\" srcset=\"https:\/\/www.thecolosseum.org\/pt\/wp-content\/uploads\/sites\/7\/colosseum-inside-optimized-1-1024x576.jpg 1024w, https:\/\/www.thecolosseum.org\/pt\/wp-content\/uploads\/sites\/7\/colosseum-inside-optimized-1-768x432.jpg 768w, https:\/\/www.thecolosseum.org\/pt\/wp-content\/uploads\/sites\/7\/colosseum-inside-optimized-1-1280x720.jpg 1280w, https:\/\/www.thecolosseum.org\/pt\/wp-content\/uploads\/sites\/7\/colosseum-inside-optimized-1-1600x900.jpg 1600w\" sizes=\"(max-width: 1024px) 100vw, 1024px\" \/><\/figure>\n\n\n\n<h2 class=\"wp-block-heading\"><strong>Lista de visitas guiadas ao Coliseu e pre\u00e7os<\/strong><\/h2>\n\n\n\n<div class=\"ms-rounded ms-mb-last-child-0 ms-mb-block ms-tfs--contrast ms-p ms-tfs\">\n<h3 class=\"gb-text\">Visitas guiadas ao Coliseu<\/h3>\n\n\n\n<p>\ud83d\udcc5 Escolhe a data da tua viagem no momento da reserva para ver os tours dispon\u00edveis e os pre\u00e7os atualizados.<\/p>\n\n\n\n<p><em>(Todos os tours abaixo incluem entrada para o Coliseu, F\u00f3rum Romano e Monte Palatino, com guia oficial.)<\/em><\/p>\n\n\n\n<hr class=\"wp-block-separator has-alpha-channel-opacity\"\/>\n\n\n\n<p class=\"ms-link-unstyled\"><a href=\"https:\/\/www.tiqets.com\/pt\/rome-attractions-c71631\/tickets-for-colosseum-roman-forum-guided-tour-p1111484\/?partner=thecolosseum\" rel=\"nofollow noopener\"><strong>\ud83d\udd39 Tour cl\u00e1ssico: Coliseu, F\u00f3rum Romano e Monte Palatino<\/strong><\/a><\/p>\n\n\n\n<p><strong>O tour ideal para quem visita Roma pela primeira vez.<br><\/strong>Explora os tr\u00eas principais locais arqueol\u00f3gicos com um guia ao vivo. Podes escolher entre tour padr\u00e3o, em grupo reduzido, expresso ou familiar.<\/p>\n\n\n\n<p>\u23f1 Dura\u00e7\u00e3o: 1 a 3 horas<br>\ud83d\udc65 Tamanho do grupo: 10\u201325 pessoas<br>\ud83c\udfa7 Idiomas dispon\u00edveis: ingl\u00eas, alem\u00e3o, franc\u00eas, italiano, espanhol, portugu\u00eas, japon\u00eas, coreano, chin\u00eas<\/p>\n\n\n\n<hr class=\"wp-block-separator has-alpha-channel-opacity\"\/>\n\n\n\n<p class=\"ms-link-unstyled\"><a href=\"https:\/\/www.tiqets.com\/pt\/rome-attractions-c71631\/tickets-for-colosseum-arena-roman-forum-guided-tour-p1111476\/?partner=thecolosseum\" rel=\"nofollow noopener\"><strong>\ud83d\udd39 Tour com acesso \u00e0 arena<\/strong><\/a><\/p>\n\n\n\n<p><strong>Gostavas de pisar o mesmo ch\u00e3o onde lutavam os gladiadores?<br><\/strong>Este tour inclui tudo o que est\u00e1 no tour cl\u00e1ssico \u2014 mais acesso exclusivo ao piso da arena pela Porta dos Gladiadores.<\/p>\n\n\n\n<p>\u23f1 Dura\u00e7\u00e3o: 1 a 3 horas<br>\ud83d\udc65 Tamanho do grupo: 6\u201325 pessoas<br>\ud83c\udfa7 Idiomas dispon\u00edveis: ingl\u00eas, alem\u00e3o, franc\u00eas, italiano, espanhol, portugu\u00eas<\/p>\n\n\n\n<hr class=\"wp-block-separator has-alpha-channel-opacity\"\/>\n\n\n\n<p class=\"ms-link-unstyled\"><a href=\"https:\/\/www.tiqets.com\/pt\/rome-attractions-c71631\/tickets-for-colosseum-arena-underground-roman-forum-guided-tour-p1111546\/?partner=thecolosseum\" rel=\"nofollow noopener\"><strong>\ud83d\udd39 Tour com acesso \u00e0 arena e zonas subterr\u00e2neas<\/strong><\/a><\/p>\n\n\n\n<p><strong>A experi\u00eancia mais completa do Coliseu.<br><\/strong>Al\u00e9m do piso da arena, vais tamb\u00e9m visitar os t\u00faneis subterr\u00e2neos onde gladiadores e animais se preparavam para os combates. Acesso dispon\u00edvel apenas com tours especiais.<\/p>\n\n\n\n<p>\u23f1 Dura\u00e7\u00e3o: cerca de 3 horas<br>\ud83d\udc65 Tamanho do grupo: at\u00e9 24 pessoas<br>\ud83c\udfa7 Idiomas dispon\u00edveis: ingl\u00eas, espanhol<\/p>\n\n\n\n<hr class=\"wp-block-separator has-alpha-channel-opacity\"\/>\n\n\n\n<p><strong>\u2728 Queres visitar o Vaticano e o Coliseu no mesmo dia?<\/strong><\/p>\n\n\n\n<p>Este bilhete combinado d\u00e1-te acesso aos Museus do Vaticano e a outra grande atra\u00e7\u00e3o como o Coliseu \u2014 tudo numa \u00fanica reserva.<\/p>\n\n\n\n<p class=\"ms-link-unstyled\"><strong><a href=\"https:\/\/www.tiqets.com\/pt\/rome-attractions-c71631\/tickets-for-vatican-museums-sistine-chapel-combo-tickets-p1111413\/?partner=thecolosseum\" rel=\"nofollow noopener\">\ud83d\udd39 Tour combinado: Vaticano + Coliseu<\/a><\/strong><\/p>\n\n\n\n<p>\u23f1 Dura\u00e7\u00e3o: 4 a 10 horas<br>\ud83c\udfdb Escolhe a segunda atra\u00e7\u00e3o no checkout: Coliseu, Pante\u00e3o, autocarro hop-on hop-off ou Pris\u00e3o Mamertina<br>\u2705 Inclui entrada sem filas para os Museus do Vaticano e a Capela Sistina<\/p>\n\n\n\n<hr class=\"wp-block-separator has-alpha-channel-opacity\"\/>\n\n\n\n<div class=\"ms-cta-button-options ms-mb-block ms-cta\">\n<a class=\"gb-text ms-btn ms-btn--primary ms-shadow\" rel=\"nofollow noopener\" target=\"_blank\" href=\"https:\/\/www.tiqets.com\/pt\/bilhetes-coliseu-l145769\/?partner=thecolosseum&#038;offering_type=guided_tour\">Todas as op\u00e7\u00f5es de tour<\/a>\n\n\n\n<a class=\"gb-text ms-btn ms-btn--outline-primary ms-shadow\" href=\"https:\/\/www.tiqets.com\/pt\/bilhetes-coliseu-l145769\/?partner=thecolosseum\" target=\"_blank\" rel=\"noopener nofollow\">Ver bilhetes para o Coliseu<\/a>\n<\/div>\n<\/div>\n\n\n\n<h3 class=\"wp-block-heading\">Coliseu, F\u00f3rum Romano e Monte Palatino: Visita Guiada<\/h3>\n\n\n\n<p>Explore o Coliseu, o F\u00f3rum Romano e o Monte Palatino com um guia especializado e aprenda sobre as <a href=\"https:\/\/www.thecolosseum.org\/pt\/gladiadores\/\">batalhas de gladiadores<\/a>, intrigas dos pal\u00e1cios romanos e a hist\u00f3ria da capital do maior imp\u00e9rio da Europa. Abaixo, est\u00e1 um resumo das op\u00e7\u00f5es de tours:<\/p>\n\n\n\n<ul class=\"wp-block-list\">\n<li><strong>Visita Guiada Semi-Privada<\/strong>: N\u00e3o gosta de grandes grupos de turistas? Esta op\u00e7\u00e3o semi-privada permite que voc\u00ea explore o Coliseu de forma mais confort\u00e1vel e aproveite uma experi\u00eancia mais pessoal e interativa com seu guia. Dispon\u00edvel com guias ao vivo em ingl\u00eas, franc\u00eas, italiano, portugu\u00eas e espanhol, estas visitas duram entre 1,5 e 3 horas.<\/li>\n\n\n\n<li><strong>Visita Guiada Padr\u00e3o<\/strong>: Escolha entre ingressos para grupos de at\u00e9 30 pessoas. Estas visitas est\u00e3o dispon\u00edveis em 9 l\u00ednguas e t\u00eam uma dura\u00e7\u00e3o de 1,5 a 3 horas. Os ingressos se esgotam rapidamente, ent\u00e3o confira a disponibilidade <a href=\"https:\/\/www.tiqets.com\/pt\/rome-attractions-c71631\/tickets-for-colosseum-roman-forum-and-palatine-hill-guided-tour-p1106568\/?partner=thecolosseum\" target=\"_blank\" rel=\"noreferrer noopener nofollow\">aqui<\/a>.<\/li>\n\n\n\n<li><strong>Visita Guiada em Pequeno Grupo<\/strong>: Quer uma experi\u00eancia mais pessoal? Junte-se a um grupo menor de 6 a 25 pessoas, com tours que duram de 1 a 3 horas. Esta op\u00e7\u00e3o est\u00e1 dispon\u00edvel em ingl\u00eas, alem\u00e3o, franc\u00eas, italiano, portugu\u00eas e espanhol.<\/li>\n<\/ul>\n\n\n\n<figure class=\"gb-block-image gb-block-image-d1105088\"><img decoding=\"async\" width=\"2000\" height=\"1300\" class=\"gb-image gb-image-d1105088\" src=\"https:\/\/www.thecolosseum.org\/pt\/wp-content\/uploads\/sites\/7\/roman-forum-optimized.jpg\" alt=\"O F\u00f3rum Romano visto do topo do Monte Palatino, ambos junto ao Coliseu\"\/>\n<p class=\"gb-headline gb-headline-6363230e gb-headline-text\">Vista do F\u00f3rum Romano a partir do Monte Palatino. Ambas as \u00e1reas podem ser facilmente alcan\u00e7adas a p\u00e9 a partir do Coliseu.<\/p>\n<\/figure>\n\n\n\n<h3 class=\"wp-block-heading\">Coliseu, Arena, F\u00f3rum Romano e Monte Palatino: Visita Guiada<\/h3>\n\n\n\n<p>Procurando uma imers\u00e3o mais profunda na hist\u00f3ria da Roma Antiga? Este tour de 3 horas cobre tudo. Comece no F\u00f3rum Romano, onde mercados agitados, templos e eventos pol\u00edticos moldaram o imp\u00e9rio. De l\u00e1, suba at\u00e9 o Monte Palatino, o lend\u00e1rio local de nascimento de Roma, e admire vistas deslumbrantes do F\u00f3rum e do Circo M\u00e1ximo. O ponto alto \u00e9 pisar no <a href=\"https:\/\/www.thecolosseum.org\/pt\/arquitetura\/\">piso da arena do Coliseu<\/a>, onde os gladiadores lutavam.<\/p>\n\n\n\n<p>Este tour est\u00e1 dispon\u00edvel em ingl\u00eas, franc\u00eas, alem\u00e3o, italiano e espanhol. Compre seu ingresso <a href=\"https:\/\/www.tiqets.com\/pt\/rome-attractions-c71631\/tickets-for-tour-of-the-colosseum-with-arena-floor-forum-and-palatine-hill-p1074938\/?partner=thecolosseum\" target=\"_blank\" rel=\"noreferrer noopener nofollow\">aqui<\/a> para pular as filas com entrada reservada.<\/p>\n\n\n\n<h3 class=\"wp-block-heading\"><strong>Coliseu, Subsolo e Piso da Arena: Visita Guiada<\/strong><\/h3>\n\n\n\n<p>Este tour \u00e9 destinado a grupos menores (at\u00e9 24 pessoas) e leva voc\u00ea a \u00e1reas do Coliseu raramente exploradas pelo p\u00fablico. Voc\u00ea entrar\u00e1 nos <a href=\"https:\/\/www.thecolosseum.org\/pt\/arquitetura\/\">t\u00faneis subterr\u00e2neos<\/a>, onde gladiadores e le\u00f5es aguardavam antes de entrar na arena. \u00c9 uma fascinante vis\u00e3o dos bastidores de como os jogos eram organizados. O tour \u00e9 oferecido em ingl\u00eas e dura cerca de 3 horas.<\/p>\n\n\n\n<p>Os tours subterr\u00e2neos do Coliseu esgotam rapidamente durante a alta temporada. Garanta seu ingresso <a href=\"https:\/\/www.tiqets.com\/pt\/rome-attractions-c71631\/admission-for-colosseum-underground-with-vip-arena-access-p1016054\/?partner=thecolosseum\" target=\"_blank\" rel=\"noreferrer noopener nofollow\">aqui<\/a>.<\/p>\n\n\n\n<figure class=\"gb-block-image gb-block-image-6974114d\"><img decoding=\"async\" width=\"1334\" height=\"2000\" class=\"gb-image gb-image-6974114d\" src=\"https:\/\/www.thecolosseum.org\/pt\/wp-content\/uploads\/sites\/7\/colosseum-undeground-optimized.jpg\" alt=\"Um corredor subterr\u00e2neo no Coliseu\n\n\n\n\"\/>\n<p class=\"gb-headline gb-headline-2cd54d53 gb-headline-text\">H\u00e1 dois mil anos, este t\u00fanel era percorrido por gladiadores a caminho da arena para lutar at\u00e9 a morte.<\/p>\n<\/figure>\n\n\n\n<h2 class=\"wp-block-heading\"><strong>Perguntas frequentes sobre as visitas guiadas ao Coliseu:<\/strong><\/h2>\n\n\n\n<h3 class=\"wp-block-heading\"><strong>Vale a pena fazer um tour guiado pelo Coliseu?<\/strong><\/h3>\n\n\n\n<p>Visitar o Coliseu por conta pr\u00f3pria \u00e9 uma experi\u00eancia agrad\u00e1vel, mas se voc\u00ea quiser aproveitar ao m\u00e1ximo e aprender mais sobre a hist\u00f3ria do Coliseu (assim como do F\u00f3rum Romano e do Monte Palatino!), uma visita guiada \u00e9 o ideal. Um guia especializado pode oferecer insights sobre o edif\u00edcio e seus arredores que voc\u00ea n\u00e3o obteria por conta pr\u00f3pria.<\/p>\n\n\n\n<h3 class=\"wp-block-heading\"><strong>Em que idiomas s\u00e3o oferecidos os tours?<\/strong><\/h3>\n\n\n\n<p>A maioria dos tours \u00e9 realizada em ingl\u00eas, com algumas op\u00e7\u00f5es em outros idiomas, como alem\u00e3o, franc\u00eas, italiano, portugu\u00eas e espanhol.<\/p>\n\n\n\n<h3 class=\"wp-block-heading\"><strong>Os tours do Coliseu s\u00e3o adequados para crian\u00e7as?<\/strong><\/h3>\n\n\n\n<p>Alguns tours s\u00e3o especialmente projetados para crian\u00e7as, enquanto outros s\u00e3o para o p\u00fablico em geral. De qualquer forma, o Coliseu \u00e9 bastante impressionante, ent\u00e3o n\u00e3o \u00e9 dif\u00edcil manter as crian\u00e7as entretidas durante a explora\u00e7\u00e3o. No entanto, a maioria dos tours \u00e9 cont\u00ednua, ent\u00e3o seus filhos podem se cansar nos mais longos.<\/p>\n\n\n\n<h3 class=\"wp-block-heading\"><strong>Posso pular as filas com um tour guiado?<\/strong><\/h3>\n\n\n\n<p>Sim, pode. Como todos os visitantes, os grupos de tours devem passar pela seguran\u00e7a, mas voc\u00ea evitar\u00e1 todas as outras filas. Para mais informa\u00e7\u00f5es sobre a visita ao Coliseu, consulte nossa p\u00e1gina de <a href=\"https:\/\/www.thecolosseum.org\/pt\/visita\/\">Visita<\/a>.<\/p>\n\n\n\n<h3 class=\"wp-block-heading\"><strong>Quanto tempo duram os tours guiados pelo Coliseu?<\/strong><\/h3>\n\n\n\n<p>A maioria dura de uma hora e meia a tr\u00eas horas, dependendo dos locais que voc\u00ea visitar\u00e1 no tour, seja apenas o Coliseu ou tamb\u00e9m o Monte Palatino e o F\u00f3rum Romano.<\/p>\n\n\n\n<h3 class=\"wp-block-heading\"><strong>Preciso reservar meu tour com anteced\u00eancia?<\/strong><\/h3>\n\n\n\n<p>N\u00e3o \u00e9 absolutamente necess\u00e1rio reservar com anteced\u00eancia, mas se voc\u00ea planeja improvisar ao chegar a Roma, pode descobrir que os grupos de tour nas datas e hor\u00e1rios que voc\u00ea deseja j\u00e1 est\u00e3o lotados. Reservar seu tour antecipadamente oferece mais op\u00e7\u00f5es de escolha de data e hor\u00e1rio, ent\u00e3o n\u00e3o h\u00e1 motivo para n\u00e3o faz\u00ea-lo.<\/p>\n\n\n\n<h3 class=\"wp-block-heading\"><strong>O que eu preciso levar para o tour?<\/strong><\/h3>\n\n\n\n<p>A confirma\u00e7\u00e3o da sua reserva (no celular \u00e9 suficiente) e roupas e cal\u00e7ados confort\u00e1veis para caminhar. Se voc\u00ea estiver visitando Roma no ver\u00e3o, tamb\u00e9m \u00e9 aconselh\u00e1vel levar \u00e1gua e protetor solar, pois o sol do Mediterr\u00e2neo pode ser bastante intenso.<\/p>\n","protected":false},"excerpt":{"rendered":"","protected":false},"author":1,"featured_media":0,"parent":0,"menu_order":10,"comment_status":"closed","ping_status":"closed","template":"","meta":{"_acf_changed":false,"footnotes":"","button_url":"https:\/\/www.tiqets.com\/pt\/colosseum-l145769\/?partner=thecolosseum","ms_product_id":"","ms_product_name":"","ms_price":"","ms_currency":"","ms_rating_value":"","ms_review_count":"","rank_math_title":"Visita Guiada ao Coliseu em Portugu\u00eas 2025","rank_math_description":""},"post-style":[],"producer":[],"class_list":["post-25","page","type-page","status-publish","has-post-thumbnail"],"acf":[],"product_schema":{"ms_product_id":"","ms_product_name":"","ms_price":"","ms_currency":"","ms_rating_value":"","ms_review_count":""},"_links":{"self":[{"href":"https:\/\/www.thecolosseum.org\/pt\/wp-json\/wp\/v2\/pages\/25","targetHints":{"allow":["GET"]}}],"collection":[{"href":"https:\/\/www.thecolosseum.org\/pt\/wp-json\/wp\/v2\/pages"}],"about":[{"href":"https:\/\/www.thecolosseum.org\/pt\/wp-json\/wp\/v2\/types\/page"}],"author":[{"embeddable":true,"href":"https:\/\/www.thecolosseum.org\/pt\/wp-json\/wp\/v2\/users\/1"}],"replies":[{"embeddable":true,"href":"https:\/\/www.thecolosseum.org\/pt\/wp-json\/wp\/v2\/comments?post=25"}],"version-history":[{"count":3,"href":"https:\/\/www.thecolosseum.org\/pt\/wp-json\/wp\/v2\/pages\/25\/revisions"}],"predecessor-version":[{"id":998,"href":"https:\/\/www.thecolosseum.org\/pt\/wp-json\/wp\/v2\/pages\/25\/revisions\/998"}],"wp:attachment":[{"href":"https:\/\/www.thecolosseum.org\/pt\/wp-json\/wp\/v2\/media?parent=25"}],"wp:term":[{"taxonomy":"post-style","embeddable":true,"href":"https:\/\/www.thecolosseum.org\/pt\/wp-json\/wp\/v2\/post-style?post=25"},{"taxonomy":"producer","embeddable":true,"href":"https:\/\/www.thecolosseum.org\/pt\/wp-json\/wp\/v2\/producer?post=25"}],"curies":[{"name":"wp","href":"https:\/\/api.w.org\/{rel}","templated":true}]}}