{"id":20,"date":"2017-09-07T14:15:04","date_gmt":"2017-09-07T12:15:04","guid":{"rendered":"https:\/\/www.thecolosseum.org\/pt\/?page_id=20"},"modified":"2025-01-06T11:36:28","modified_gmt":"2025-01-06T10:36:28","slug":"visita","status":"publish","type":"page","link":"https:\/\/www.thecolosseum.org\/pt\/visita\/","title":{"rendered":"Visitar o Coliseu"},"content":{"rendered":"\n<p class=\"has-medium-font-size\">O Coliseu Romano \u00e9 uma das Novas Sete Maravilhas do Mundo e uma atra\u00e7\u00e3o imperd\u00edvel se voc\u00ea estiver visitando a capital da It\u00e1lia, a Cidade Eterna.<\/p>\n\n\n\n<p>Abaixo, voc\u00ea encontrar\u00e1 informa\u00e7\u00f5es \u00fateis para planejar sua visita, como hor\u00e1rios de funcionamento, transporte para o Coliseu, informa\u00e7\u00f5es sobre seguran\u00e7a e acessibilidade, e muito mais.<\/p>\n\n\n\n\n\n<figure class=\"gb-block-image gb-block-image-2c331845\"><img decoding=\"async\" width=\"1024\" height=\"576\" class=\"gb-image gb-image-2c331845\" src=\"https:\/\/www.thecolosseum.org\/pt\/wp-content\/uploads\/sites\/7\/colosseum-inside-optimized-1024x576.jpg\" alt=\"O Coliseu visto do interior, com o subsolo aberto \u00e0 vista\" srcset=\"https:\/\/www.thecolosseum.org\/pt\/wp-content\/uploads\/sites\/7\/colosseum-inside-optimized-1024x576.jpg 1024w, https:\/\/www.thecolosseum.org\/pt\/wp-content\/uploads\/sites\/7\/colosseum-inside-optimized-768x432.jpg 768w, https:\/\/www.thecolosseum.org\/pt\/wp-content\/uploads\/sites\/7\/colosseum-inside-optimized-1280x720.jpg 1280w, https:\/\/www.thecolosseum.org\/pt\/wp-content\/uploads\/sites\/7\/colosseum-inside-optimized-1600x900.jpg 1600w\" sizes=\"(max-width: 1024px) 100vw, 1024px\" \/>\n<p class=\"gb-headline gb-headline-0e5ef599 gb-headline-text\">O Coliseu e a \u00e1rea subterr\u00e2nea, o Hipogeu.<\/p>\n<\/figure>\n\n\n\n<h2 class=\"wp-block-heading\"><strong>Onde est\u00e1 localizado o Coliseu?<\/strong><\/h2>\n\n\n\n<p>O endere\u00e7o do Coliseu \u00e9 <strong>Piazza del Colosseo, 1, em Roma, It\u00e1lia<\/strong>.<\/p>\n\n\n\n<p>Para quem est\u00e1 viajando de carro, as coordenadas GPS do Coliseu s\u00e3o <strong>41.8902\u00b0 N, 12.4922\u00b0 E<\/strong>.<\/p>\n\n\n\n<p>Se est\u00e1s em Roma e precisas de direc\u00e7\u00f5es para o Coliseu, utiliza o seguinte mapa do Google para encontrar o melhor caminho a partir da tua localiza\u00e7\u00e3o atual.<\/p>\n\n\n\n<address class=\"ms-mapblock ms-mb-block\">\n\t\n\t\t<h4>\n\t\t\tO Coliseu\t\t<\/h2>\n\n\t\t<p class=\"ms-mb-0\">\n            <img decoding=\"async\" class=\"ms-mapblock__map ms-rounded\" src=\"https:\/\/www.thecolosseum.org\/pt\/wp-content\/uploads\/sites\/7\/maps\/staticmap_41.8902102_12.4922309_14_768x432.png\" alt=\"O Coliseu\" \/>\n\t\t<\/p>\n\n\t\t<p class=\"ms-text-sm ms-text-muted\">\n\t\t\tPiazza del Colosseo, 1, 00184 Roma RM, Italy \u00b7\n\t\t\t<a rel=\"nofollow noopener\" target=\"_blank\" href=\"https:\/\/maps.google.com\/?q=41.8902102,12.4922309\">Google Maps<\/a>\n\t\t<\/p>\n\n\t<\/address>\n\n\n<p><strong>Importante<\/strong>: Certifique-se de verificar os <a href=\"https:\/\/www.thecolosseum.org\/pt\/horario-funcionamento\/\" data-type=\"page\" data-id=\"110\">hor\u00e1rios de abertura<\/a> antes de sua visita, pois eles variam dependendo da \u00e9poca do ano.<\/p>\n\n\n\n<h3 class=\"wp-block-heading\"><strong>Como chegar ao Coliseu<\/strong><\/h3>\n\n\n\n<p>O Coliseu \u00e9 muito bem servido pela extensa rede de transporte p\u00fablico de Roma. Pode ser alcan\u00e7ado pelo metr\u00f4, diversas linhas de \u00f4nibus e tamb\u00e9m de bonde. Abaixo est\u00e1 uma lista de todas as op\u00e7\u00f5es de transporte p\u00fablico para chegar ao Coliseu a partir de praticamente qualquer lugar em Roma:<\/p>\n\n\n\n<ul class=\"wp-block-list\">\n<li>Linha B do metr\u00f4, des\u00e7a na esta\u00e7\u00e3o Colosseo.<\/li>\n\n\n\n<li>Linhas de \u00f4nibus 51, 75, 81, 85, 87, e 118.<\/li>\n\n\n\n<li>Linha de bonde 3.<\/li>\n<\/ul>\n\n\n\n<p>Se voc\u00ea n\u00e3o quiser utilizar transporte p\u00fablico, tamb\u00e9m pode pegar um t\u00e1xi, apenas certifique-se de que seja um t\u00e1xi oficial e licenciado.<\/p>\n\n\n\n<p>Voc\u00ea reconhecer\u00e1 os t\u00e1xis oficiais porque eles t\u00eam a placa \u201cTAXI\u201d no teto do ve\u00edculo, s\u00e3o todos brancos, e t\u00eam o logotipo da Commune di Roma na lateral.<\/p>\n\n\n\n<p><strong>Al\u00e9m disso, certifique-se de que seu t\u00e1xi tem um tax\u00edmetro e que o motorista o ligue assim que voc\u00ea entrar. Caso contr\u00e1rio, voc\u00ea pode acabar pagando muito mais do que deveria.<\/strong><\/p>\n\n\n\n<h2 class=\"wp-block-heading\"><strong>O que ver perto do Coliseu<\/strong><\/h2>\n\n\n\n<p>O Coliseu \u00e9 cercado por outros belos e famosos monumentos que definitivamente valem <a href=\"https:\/\/www.thecolosseum.org\/pt\/coliseu-tours\/\">a pena serem visitados<\/a>. Os mais importantes s\u00e3o:<\/p>\n\n\n\n<ul class=\"wp-block-list\">\n<li><strong>Arco de Constantino<\/strong>: Localizado ao lado do Coliseu, este arco do triunfo celebra a vit\u00f3ria de Constantino na Batalha da Ponte M\u00edlvia. \u00c9 uma vista imperd\u00edvel, e o melhor de tudo? Voc\u00ea pode acess\u00e1-lo sem precisar de um ingresso.<\/li>\n\n\n\n<li><strong>Pris\u00e3o Mamertina:<\/strong> Um tesouro escondido da Roma Antiga, esta pris\u00e3o subterr\u00e2nea \u00e9 onde se acredita que os Santos Pedro e Paulo foram mantidos presos antes de seu mart\u00edrio. \u00c9 um local hist\u00f3rico poderoso com profundas liga\u00e7\u00f5es ao cristianismo primitivo. Reserve seu ingresso <a href=\"https:\/\/www.tiqets.com\/pt\/rome-attractions-c71631\/admission-to-mamertine-prison-colosseum-roman-forum-palatine-hill-p974875\/?partner=thecolosseum\" target=\"_blank\" rel=\"noreferrer noopener nofollow\">aqui<\/a> para acessar a Pris\u00e3o Mamertina e outros locais ic\u00f4nicos de Roma.<\/li>\n\n\n\n<li><strong>Circo Romano (Circo M\u00e1ximo):<\/strong> Imagine bigas correndo em alta velocidade por esta enorme arena, com a multid\u00e3o torcendo fervorosamente. Hoje \u00e9 um parque tranquilo, mas estando l\u00e1, voc\u00ea quase pode ouvir os ecos dessas antigas corridas. No auge do Imp\u00e9rio, o Circo poderia acomodar at\u00e9 150.000 espectadores. Para a melhor perspectiva, veja-o a partir do Monte Palatino.<\/li>\n\n\n\n<li><strong>Monte Palatino:<\/strong> Conhecido como o local de nascimento de Roma, o Monte Palatino abriga os restos de muitos pal\u00e1cios e templos antigos. Oferece vistas panor\u00e2micas deslumbrantes do F\u00f3rum Romano e do Circo M\u00e1ximo. A entrada est\u00e1 inclu\u00edda nos ingressos do Coliseu.<\/li>\n\n\n\n<li><strong>F\u00f3rum Romano (Foro Romano):<\/strong> Este era o cora\u00e7\u00e3o pulsante da Roma antiga, onde tudo acontecia \u2014 pol\u00edtica, religi\u00e3o, com\u00e9rcio. Passeie pelas ru\u00ednas e imagine como era a vida h\u00e1 2.000 anos. Voc\u00ea pode visit\u00e1-lo com o mesmo bilhete do Coliseu.<\/li>\n<\/ul>\n\n\n\n<h2 class=\"wp-block-heading\"><strong>Dicas e informa\u00e7\u00f5es importantes para a sua visita<\/strong><\/h2>\n\n\n\n<p>Abaixo est\u00e3o algumas dicas e outras informa\u00e7\u00f5es importantes que deve ter em conta ao visitar o Coliseu.<\/p>\n\n\n\n<h3 class=\"wp-block-heading\"><strong>Seguran\u00e7a<\/strong><\/h3>\n\n\n\n<p>Como em todas as grandes atra\u00e7\u00f5es tur\u00edsticas, a seguran\u00e7a no Coliseu \u00e9 bastante rigorosa para manter os visitantes em seguran\u00e7a. N\u00e3o \u00e9 permitido aos visitantes entrar no monumento com malas grandes, malas de viagem ou mochilas.<\/p>\n\n\n\n<p>Se estiver a carregar a sua mochila de viagem ou bagagem, ser-lhe-\u00e1 recusada a entrada. Bolsas pequenas e m\u00e9dias s\u00e3o permitidas, mas ser\u00e3o revistas pela seguran\u00e7a e ter\u00e3o de passar por um detetor de metais.<\/p>\n\n\n\n<figure class=\"gb-block-image gb-block-image-dfaf7d1f\"><img decoding=\"async\" width=\"1024\" height=\"576\" class=\"gb-image gb-image-dfaf7d1f\" src=\"https:\/\/www.thecolosseum.org\/pt\/wp-content\/uploads\/sites\/7\/colosseum-security-optimized-1024x576.jpg\" alt=\"Pol\u00edcia militar italiana, os Carabinieri, a patrulhar a cavalo perto do Coliseu\" srcset=\"https:\/\/www.thecolosseum.org\/pt\/wp-content\/uploads\/sites\/7\/colosseum-security-optimized-1024x576.jpg 1024w, https:\/\/www.thecolosseum.org\/pt\/wp-content\/uploads\/sites\/7\/colosseum-security-optimized-768x432.jpg 768w, https:\/\/www.thecolosseum.org\/pt\/wp-content\/uploads\/sites\/7\/colosseum-security-optimized-1280x720.jpg 1280w, https:\/\/www.thecolosseum.org\/pt\/wp-content\/uploads\/sites\/7\/colosseum-security-optimized-1600x900.jpg 1600w\" sizes=\"(max-width: 1024px) 100vw, 1024px\" \/>\n<p class=\"gb-headline gb-headline-0597cce6 gb-headline-text\">A for\u00e7a policial militar da It\u00e1lia, os Carabinieri<\/p>\n<\/figure>\n\n\n\n<h3 class=\"wp-block-heading\"><strong>Evitar as filas<\/strong><\/h3>\n\n\n\n<p>Ningu\u00e9m gosta de esperar em longas filas, especialmente sob o sol romano. Se reservar os seus bilhetes com anteced\u00eancia, pode <a href=\"https:\/\/www.thecolosseum.org\/pt\/bilhetes\/\">evitar a fila da bilheteira<\/a>, mas ainda assim ter\u00e1 de passar pela seguran\u00e7a. Dependendo da \u00e9poca do ano, isso pode demorar de 10 minutos a uma hora.<\/p>\n\n\n\n<p>Para tirar o m\u00e1ximo proveito da sua visita, tente chegar cedo \u2014 por volta das 8:30h, quando o Coliseu abre \u2014 ou mesmo antes do encerramento. N\u00e3o \u00e9 uma pessoa madrugadora? Considere juntar-se a uma visita guiada que muitas vezes vem com acesso priorit\u00e1rio. Pode encontrar mais informa\u00e7\u00f5es na nossa p\u00e1gina de <a href=\"https:\/\/www.thecolosseum.org\/pt\/coliseu-tours\/\">tours do Coliseu<\/a>.<\/p>\n\n\n\n<h3 class=\"wp-block-heading\"><strong>O Coliseu \u00e9 acess\u00edvel para pessoas com defici\u00eancia?<\/strong><\/h3>\n\n\n\n<p>Sim, o Coliseu \u00e9 acess\u00edvel para pessoas com defici\u00eancia. A entrada principal n\u00e3o tem escadas, o interior \u00e9 maioritariamente plano, exceto em algumas \u00e1reas devido \u00e0s antigas cal\u00e7adas, e h\u00e1 um elevador que leva os visitantes ao piso superior.<\/p>\n\n\n\n<h3 class=\"wp-block-heading\"><strong>Estacionamento perto do Coliseu<\/strong><\/h3>\n\n\n\n<p>A pensar em conduzir at\u00e9 ao Coliseu? Aqui est\u00e1 o melhor conselho: <strong>n\u00e3o o fa\u00e7a<\/strong>. Navegar e encontrar estacionamento no centro de Roma \u00e9 um verdadeiro desafio, especialmente se n\u00e3o estiver familiarizado com a \u00e1rea.<\/p>\n\n\n\n<p>Vai poupar muito tempo, dinheiro e stress ao usar o transporte p\u00fablico. Sim, os carteiristas podem ser um problema, mas desde que se mantenha atento e vigie os seus pertences, dever\u00e1 ficar bem.<\/p>\n\n\n\n<h3 class=\"wp-block-heading\"><strong>O Coliseu tem c\u00f3digo de vestu\u00e1rio?<\/strong><\/h3>\n\n\n\n<p>O Coliseu n\u00e3o tem um c\u00f3digo de vestu\u00e1rio. Mas, tenha em mente que vai andar muito e subir escadas, por isso, conforto \u00e9 essencial. Pense em t\u00e9nis ou sand\u00e1lias confort\u00e1veis e roupas leves, como cal\u00e7\u00f5es, leggings ou camisolas de capuz.<\/p>\n\n\n\n<p>Roma pode ficar bastante ensolarada, especialmente se estiver a explorar a \u00e1rea em redor do Coliseu, por isso n\u00e3o se esque\u00e7a de levar o seu protetor solar.<\/p>\n\n\n\n<h3 class=\"wp-block-heading\"><strong>O Coliseu \u00e9 adequado para crian\u00e7as?<\/strong><\/h3>\n\n\n\n<p>Sim, o Coliseu pode ser uma excelente experi\u00eancia para crian\u00e7as, mas um pouco de planeamento ajuda. Se visitar durante o ver\u00e3o, tente ir logo de manh\u00e3 para evitar o calor. Reserve uma <a href=\"https:\/\/www.thecolosseum.org\/pt\/coliseu-tours\/\">visita guiada<\/a>, se poss\u00edvel \u2014 isso ajuda a evitar as longas filas e mant\u00e9m a visita organizada, o que \u00e9 especialmente \u00fatil com os mais pequenos.<\/p>\n\n\n\n<p>Al\u00e9m disso, depende do seu filho. Se eles estiverem interessados em hist\u00f3rias de ru\u00ednas antigas e gladiadores romanos corajosos, provavelmente v\u00e3o adorar. O Coliseu \u00e9 onde a hist\u00f3ria ganha vida, tornando-se uma experi\u00eancia divertida e educativa para crian\u00e7as curiosas.<\/p>\n\n\n\n<h3 class=\"wp-block-heading\"><strong>Qual \u00e9 a melhor forma de ver o Coliseu?<\/strong><\/h3>\n\n\n\n<p>A melhor altura para visitar o Coliseu \u00e9 de manh\u00e3 cedo, antes de as grandes multid\u00f5es se formarem, e os melhores dias s\u00e3o durante a semana, pois geralmente estar\u00e1 menos cheio do que nos fins de semana. No entanto, se estiver disposto a gastar um pouco mais, uma <a href=\"https:\/\/www.thecolosseum.org\/pt\/coliseu-tours\/\">visita noturna<\/a> \u00e9 provavelmente a forma mais interessante de ver o monumento. Tenha em mente que a visita noturna n\u00e3o inclui um bilhete combinado para o F\u00f3rum Romano e o Monte Palatino como um bilhete normal para o Coliseu incluiria, por isso, se quiser ver esses monumentos tamb\u00e9m, ter\u00e1 de os visitar separadamente.<\/p>\n","protected":false},"excerpt":{"rendered":"","protected":false},"author":1,"featured_media":0,"parent":0,"menu_order":8,"comment_status":"closed","ping_status":"closed","template":"","meta":{"_acf_changed":false,"footnotes":"","button_url":"https:\/\/www.tiqets.com\/pt\/colosseum-l145769\/?partner=thecolosseum","ms_product_id":"","ms_product_name":"","ms_price":"","ms_currency":"","ms_rating_value":"","ms_review_count":"","rank_math_title":"Planeje sua Visita ao Coliseu de Roma \u2013 Dicas e Informa\u00e7\u00f5es","rank_math_description":""},"post-style":[],"producer":[],"class_list":["post-20","page","type-page","status-publish","has-post-thumbnail"],"acf":[],"product_schema":{"ms_product_id":"","ms_product_name":"","ms_price":"","ms_currency":"","ms_rating_value":"","ms_review_count":""},"_links":{"self":[{"href":"https:\/\/www.thecolosseum.org\/pt\/wp-json\/wp\/v2\/pages\/20","targetHints":{"allow":["GET"]}}],"collection":[{"href":"https:\/\/www.thecolosseum.org\/pt\/wp-json\/wp\/v2\/pages"}],"about":[{"href":"https:\/\/www.thecolosseum.org\/pt\/wp-json\/wp\/v2\/types\/page"}],"author":[{"embeddable":true,"href":"https:\/\/www.thecolosseum.org\/pt\/wp-json\/wp\/v2\/users\/1"}],"replies":[{"embeddable":true,"href":"https:\/\/www.thecolosseum.org\/pt\/wp-json\/wp\/v2\/comments?post=20"}],"version-history":[{"count":3,"href":"https:\/\/www.thecolosseum.org\/pt\/wp-json\/wp\/v2\/pages\/20\/revisions"}],"predecessor-version":[{"id":835,"href":"https:\/\/www.thecolosseum.org\/pt\/wp-json\/wp\/v2\/pages\/20\/revisions\/835"}],"wp:attachment":[{"href":"https:\/\/www.thecolosseum.org\/pt\/wp-json\/wp\/v2\/media?parent=20"}],"wp:term":[{"taxonomy":"post-style","embeddable":true,"href":"https:\/\/www.thecolosseum.org\/pt\/wp-json\/wp\/v2\/post-style?post=20"},{"taxonomy":"producer","embeddable":true,"href":"https:\/\/www.thecolosseum.org\/pt\/wp-json\/wp\/v2\/producer?post=20"}],"curies":[{"name":"wp","href":"https:\/\/api.w.org\/{rel}","templated":true}]}}