{"id":70,"date":"2017-09-11T17:35:01","date_gmt":"2017-09-11T15:35:01","guid":{"rendered":"https:\/\/www.thecolosseum.org\/it\/?page_id=70"},"modified":"2025-01-06T11:17:50","modified_gmt":"2025-01-06T10:17:50","slug":"storia","status":"publish","type":"page","link":"https:\/\/www.thecolosseum.org\/it\/storia\/","title":{"rendered":"Storia del Colosseo"},"content":{"rendered":"\n<p>Il Colosseo romano ha una lunga e ricca storia. Dai tempi in cui veniva utilizzato come arena per gladiatori e per cacce inscenate con migliaia di animali selvaggi fino ad oggi, ha visto l&#8217;Impero Romano salire al suo massimo splendore&#8230; e poi svanire e scomparire. Si dice che fino a 400.000 persone abbiano trovato la morte sulle sabbie dell&#8217;arena, cos\u00ec come un milione di animali selvaggi di molte specie diverse.<\/p>\n\n\n<div class=\"gb-container gb-container-c04800c2 ms-timeline-list\">\n<div class=\"gb-container gb-container-63c48ce4 ms-timeline-item\">\n\n<p class=\"gb-headline gb-headline-7e31b22a gb-headline-text ms-timeline-item__time\"><strong>72 d.C.<\/strong><\/p>\n\n\n\n<p class=\"gb-headline gb-headline-4041ccdf gb-headline-text\">La costruzione dell&#8217;Anfiteatro Flavio inizia sotto l&#8217;imperatore Vespasiano. Vespasiano vedeva il Colosseo come un dono per il popolo di Roma \u2014 che era stato scontento dopo il disastroso regno dell&#8217;imperatore Nerone.<\/p>\n\n<\/div>\n\n<div class=\"gb-container gb-container-6fbaeb8d ms-timeline-item\">\n\n<p class=\"gb-headline gb-headline-12aaa73c gb-headline-text ms-timeline-item__time\"><strong>80 d.C.<\/strong><\/p>\n\n\n\n<p class=\"gb-headline gb-headline-a97b44c4 gb-headline-text\">Tito, figlio di Vespasiano, dedica ufficialmente l&#8217;Anfiteatro, noto anche come Colosseo, e decreta 100 giorni di giochi per la sua inaugurazione. La costruzione sar\u00e0 completamente terminata sotto il fratello minore di Tito e successore Domiziano nell&#8217;83 d.C.<\/p>\n\n<\/div>\n\n<div class=\"gb-container gb-container-fc19ed8a ms-timeline-item\">\n\n<p class=\"gb-headline gb-headline-4132029e gb-headline-text ms-timeline-item__time\"><strong>217<\/strong><\/p>\n\n\n\n<p class=\"gb-headline gb-headline-d8e8964d gb-headline-text\">Un incendio danneggia l&#8217;edificio, distruggendo completamente il suo livello superiore in legno.<\/p>\n\n<\/div>\n\n<div class=\"gb-container gb-container-c5916d2f ms-timeline-item\">\n\n<p class=\"gb-headline gb-headline-8b2c4a6f gb-headline-text ms-timeline-item__time\"><strong>Met\u00e0 del V secolo<\/strong><\/p>\n\n\n\n<p class=\"gb-headline gb-headline-0d62b04e gb-headline-text\">Non si conosce la data esatta, ma gli ultimi resoconti di combattimenti gladiatori al Colosseo risalgono a questo periodo, anche se continu\u00f2 ad essere utilizzato per cacce di bestie selvagge per qualche tempo successivo.<\/p>\n\n<\/div>\n\n<div class=\"gb-container gb-container-afa34737 ms-timeline-item\">\n\n<p class=\"gb-headline gb-headline-b0ce6f29 gb-headline-text ms-timeline-item__time\"><strong>Fine del VI secolo<\/strong><\/p>\n\n\n\n<p class=\"gb-headline gb-headline-116e4676 gb-headline-text\">Il Colosseo non \u00e8 pi\u00f9 usato come anfiteatro per intrattenere la cittadinanza romana. Intorno a questo periodo viene aggiunta una cappella all&#8217;edificio, il piano dell&#8217;arena viene utilizzato come cimitero e gli spazi voltati che compongono le mura dell&#8217;edificio sotto i suoi sedili vengono utilizzati come abitazioni e laboratori.<\/p>\n\n<\/div>\n\n<div class=\"gb-container gb-container-63fe8555 ms-timeline-item\">\n\n<p class=\"gb-headline gb-headline-09cc0ef8 gb-headline-text ms-timeline-item__time\"><strong>XII secolo<\/strong><\/p>\n\n\n\n<p class=\"gb-headline gb-headline-a436f201 gb-headline-text\">La famiglia Frangipane, una potente famiglia patrizia romana dell&#8217;epoca, prende possesso dell&#8217;edificio e lo trasforma in un castello fortificato.<\/p>\n\n<\/div>\n\n<div class=\"gb-container gb-container-2d886752 ms-timeline-item\">\n\n<p class=\"gb-headline gb-headline-805a7548 gb-headline-text ms-timeline-item__time\"><strong>1349<\/strong><\/p>\n\n\n\n<p class=\"gb-headline gb-headline-2a554f91 gb-headline-text\">L&#8217;edificio viene gravemente danneggiato da un terremoto e un&#8217;intera sezione delle sue mura esterne crolla. Il danno, sotto forma di parti mancanti della struttura, pu\u00f2 ancora essere visto oggi.<\/p>\n\n<\/div>\n\n<div class=\"gb-container gb-container-f64429f7 ms-timeline-item\">\n\n<p class=\"gb-headline gb-headline-409a301b gb-headline-text ms-timeline-item__time\"><strong>XIV al XVIII secolo<\/strong><\/p>\n\n\n\n<p class=\"gb-headline gb-headline-ac26413a gb-headline-text\">Il Colosseo subisce un degrado progressivo man mano che i suoi materiali da costruzione vengono spogliati per essere utilizzati altrove a Roma. Le staffe di ferro che tenevano insieme le pietre vengono prese per essere fuse e riutilizzate, e la pietra della sua struttura viene saccheggiata e utilizzata per costruire altri edifici in tutta la citt\u00e0. Alcuni dei marmi che decoravano la sua facciata furono utilizzati nella costruzione della Basilica di San Pietro.<\/p>\n\n<\/div>\n\n<div class=\"gb-container gb-container-69f062b5 ms-timeline-item\">\n\n<p class=\"gb-headline gb-headline-790155c1 gb-headline-text ms-timeline-item__time\"><strong>1749<\/strong><\/p>\n\n\n\n<p class=\"gb-headline gb-headline-87934cc3 gb-headline-text\">Finalmente un po&#8217; di fortuna: dopo secoli di decadenza, Papa Benedetto XIV consacra l&#8217;edificio e dichiara che deve essere protetto, sulla base della convinzione che il sangue dei martiri cristiani sia stato versato nell&#8217;arena, rendendola un luogo sacro. Tuttavia, ci sono poche prove storiche a sostegno di questa affermazione.<\/p>\n\n<\/div>\n\n<div class=\"gb-container gb-container-e584eabd ms-timeline-item\">\n\n<p class=\"gb-headline gb-headline-e43daff7 gb-headline-text ms-timeline-item__time\"><strong>XIX e XX secolo<\/strong><\/p>\n\n\n\n<p class=\"gb-headline gb-headline-fecfaa46 gb-headline-text\">Il Colosseo subisce successivi progetti di restauro sotto l&#8217;iniziativa di vari Papi, governi e la citt\u00e0 di Roma.<\/p>\n\n<\/div>\n\n<div class=\"gb-container gb-container-edbb5fac ms-timeline-item\">\n\n<p class=\"gb-headline gb-headline-3868eadb gb-headline-text ms-timeline-item__time\"><strong>2013-2016<\/strong><\/p>\n\n\n\n<p class=\"gb-headline gb-headline-3feb883c gb-headline-text\">Il Colosseo subisce un importante progetto di restauro. L&#8217;intera facciata dell&#8217;edificio viene pulita, rimuovendo sporcizia e fuliggine accumulata da decenni di traffico romano.<\/p>\n\n<\/div>\n\n<div class=\"gb-container gb-container-efecd40f ms-timeline-item\">\n\n<p class=\"gb-headline gb-headline-7436dc9d gb-headline-text ms-timeline-item__time\"><strong>Oggi<\/strong><\/p>\n\n\n\n<p class=\"gb-headline gb-headline-4c8d38a9 gb-headline-text\">Il Colosseo riceve oltre 7 milioni di visitatori all&#8217;anno. \u00c8 l&#8217;attrazione turistica pi\u00f9 visitata in Italia e una delle strutture pi\u00f9 iconiche al mondo. Dalla data del suo completamento nell&#8217;80 d.C., quando era ancora conosciuto come Anfiteatro Flavio, ha 1937 anni, rendendolo una delle strutture costruite dall&#8217;uomo pi\u00f9 antiche e meglio conservate al mondo.<\/p>\n\n<\/div>\n<\/div>","protected":false},"excerpt":{"rendered":"","protected":false},"author":1,"featured_media":0,"parent":0,"menu_order":5,"comment_status":"closed","ping_status":"closed","template":"","meta":{"_acf_changed":false,"footnotes":"","button_url":"https:\/\/www.tiqets.com\/it\/colosseum-l145769\/?partner=thecolosseum","ms_product_id":"","ms_product_name":"","ms_price":"","ms_currency":"","ms_rating_value":"","ms_review_count":"","rank_math_title":"2000 Anni Di Storia Del Colosseo Romano (Cronologia Completa)","rank_math_description":""},"post-style":[],"producer":[],"class_list":["post-70","page","type-page","status-publish","has-post-thumbnail"],"acf":[],"product_schema":{"ms_product_id":"","ms_product_name":"","ms_price":"","ms_currency":"","ms_rating_value":"","ms_review_count":""},"_links":{"self":[{"href":"https:\/\/www.thecolosseum.org\/it\/wp-json\/wp\/v2\/pages\/70","targetHints":{"allow":["GET"]}}],"collection":[{"href":"https:\/\/www.thecolosseum.org\/it\/wp-json\/wp\/v2\/pages"}],"about":[{"href":"https:\/\/www.thecolosseum.org\/it\/wp-json\/wp\/v2\/types\/page"}],"author":[{"embeddable":true,"href":"https:\/\/www.thecolosseum.org\/it\/wp-json\/wp\/v2\/users\/1"}],"replies":[{"embeddable":true,"href":"https:\/\/www.thecolosseum.org\/it\/wp-json\/wp\/v2\/comments?post=70"}],"version-history":[{"count":3,"href":"https:\/\/www.thecolosseum.org\/it\/wp-json\/wp\/v2\/pages\/70\/revisions"}],"predecessor-version":[{"id":849,"href":"https:\/\/www.thecolosseum.org\/it\/wp-json\/wp\/v2\/pages\/70\/revisions\/849"}],"wp:attachment":[{"href":"https:\/\/www.thecolosseum.org\/it\/wp-json\/wp\/v2\/media?parent=70"}],"wp:term":[{"taxonomy":"post-style","embeddable":true,"href":"https:\/\/www.thecolosseum.org\/it\/wp-json\/wp\/v2\/post-style?post=70"},{"taxonomy":"producer","embeddable":true,"href":"https:\/\/www.thecolosseum.org\/it\/wp-json\/wp\/v2\/producer?post=70"}],"curies":[{"name":"wp","href":"https:\/\/api.w.org\/{rel}","templated":true}]}}