{"id":561,"date":"2017-09-07T09:01:22","date_gmt":"2017-09-07T09:01:22","guid":{"rendered":"https:\/\/www.thecolosseum.org\/it\/?page_id=7"},"modified":"2025-06-30T12:00:39","modified_gmt":"2025-06-30T10:00:39","slug":"il-colosseo-romano","status":"publish","type":"page","link":"https:\/\/www.thecolosseum.org\/it\/","title":{"rendered":"Il Colosseo Romano"},"content":{"rendered":"\n<figure class=\"gb-block-image gb-block-image-12035128\"><img decoding=\"async\" width=\"1100\" height=\"350\" class=\"gb-image gb-image-12035128 ms-mb-block\" src=\"https:\/\/www.thecolosseum.org\/it\/wp-content\/uploads\/sites\/4\/colosseum-banner.jpg\" alt=\"The Roman Colosseum at sunset\" \/><\/figure>\n\n\n\n<h1 class=\"gb-headline gb-headline-6940f0f1 gb-headline-text\">Il Colosseo Romano<\/h1>\n\n\n\n<p class=\"gb-headline gb-headline-13c71035 gb-headline-text\">Il Colosseo Romano \u00e8 uno degli edifici pi\u00f9 famosi mai costruiti. Si trova al centro di Roma da quasi 2000 anni, dai tempi in cui l&#8217;Impero dominava l&#8217;Europa antica fino ai giorni nostri. Se stai visitando Roma, non puoi permetterti di perderti questo antico e spettacolare monumento.<\/p>\n\n\n<div class=\"gb-grid-wrapper gb-grid-wrapper-2f92f8fa\">\n<div class=\"gb-grid-column gb-grid-column-99332d92\"><div class=\"gb-container gb-container-99332d92 ms-card-h ms-card\">\n\n<figure class=\"gb-block-image gb-block-image-8b9ae877\"><a href=\"https:\/\/www.thecolosseum.org\/it\/biglietti\/\"><img decoding=\"async\" width=\"640\" height=\"427\" class=\"gb-image gb-image-8b9ae877 ms-mb-block ms-card-h__image ms-card__image\" src=\"https:\/\/www.thecolosseum.org\/it\/wp-content\/uploads\/sites\/4\/thecolosseum-visit-1724136411.jpg\" alt=\"\" title=\"thecolosseum-visit\" \/><\/a><\/figure>\n\n\n<header class=\"gb-container gb-container-0075c094\">\n\n<h2 class=\"gb-headline gb-headline-06a9d77d gb-headline-text ms-link-unstyled ms-card-h__title\"><a href=\"https:\/\/www.thecolosseum.org\/it\/biglietti\/\">Biglietti Colosseo<\/a><\/h2>\n\n\n\n<p class=\"gb-headline gb-headline-699c9f95 gb-headline-text ms-card-h__excerpt\">Come per ogni destinazione turistica molto popolare, ci sono numerosi tipi di biglietti disponibili, e puoi scegliere se prenotarli online o acquistarli quando arrivi al Colosseo. Qui troverai informazioni sui diversi biglietti e i loro prezzi, oltre alle istruzioni su come acquistare i biglietti in anticipo per saltare la fila ai cancelli.<\/p>\n\n\n\n<p class=\"gb-headline gb-headline-6c14d018 gb-headline-text\"><a href=\"https:\/\/www.thecolosseum.org\/it\/biglietti\/\">Prenota i tuoi biglietti Colosseo e salta la fila<\/a><\/p>\n\n<\/header>\n<\/div><\/div>\n\n<div class=\"gb-grid-column gb-grid-column-16b59205\"><div class=\"gb-container gb-container-16b59205 ms-card-h ms-card\">\n\n<figure class=\"gb-block-image gb-block-image-39912f6d\"><a href=\"https:\/\/www.thecolosseum.org\/it\/tour-del-colosseo\/\"><img decoding=\"async\" width=\"640\" height=\"432\" class=\"gb-image gb-image-39912f6d ms-mb-block ms-card-h__image ms-card__image\" src=\"https:\/\/www.thecolosseum.org\/it\/wp-content\/uploads\/sites\/4\/thecolosseum-tour-1724138878-640x432.jpg\" alt=\"\" title=\"thecolosseum-tour\" \/><\/a><\/figure>\n\n\n<header class=\"gb-container gb-container-b4568de1\">\n\n<h2 class=\"gb-headline gb-headline-8e904932 gb-headline-text ms-link-unstyled ms-card-h__title\"><a href=\"https:\/\/www.thecolosseum.org\/it\/tour-del-colosseo\/\">Tour<\/a><\/h2>\n\n\n\n<p class=\"gb-headline gb-headline-598ebb96 gb-headline-text ms-card-h__excerpt\">Uno dei modi migliori per sfruttare al massimo la tua visita al Colosseo \u00e8 partecipare a un tour guidato con una guida esperta. Scoprirai molti dettagli sulla storia del Colosseo, la sua architettura, fatti curiosi e storie interessanti. Avrai anche la possibilit\u00e0 di esplorare aree del Colosseo che di solito sono vietate ai visitatori, come l&#8217;ipogeo sotterraneo e i piani superiori.<\/p>\n\n\n\n<p class=\"gb-headline gb-headline-8f47270b gb-headline-text\"><a href=\"https:\/\/www.thecolosseum.org\/it\/tour-del-colosseo\/\">Partecipa a un tour guidato e visita l&#8217;ipogeo nascosto del Colosseo<\/a><\/p>\n\n<\/header>\n<\/div><\/div>\n\n<div class=\"gb-grid-column gb-grid-column-3058db17\"><div class=\"gb-container gb-container-3058db17 ms-card-h ms-card\">\n\n<figure class=\"gb-block-image gb-block-image-549d06b2\"><a href=\"https:\/\/www.thecolosseum.org\/it\/visita\/\"><img decoding=\"async\" width=\"640\" height=\"427\" class=\"gb-image gb-image-549d06b2 ms-mb-block ms-card-h__image ms-card__image\" src=\"https:\/\/www.thecolosseum.org\/it\/wp-content\/uploads\/sites\/4\/thecolosseum-visit2-1724138701.jpg\" alt=\"Il Colosseo \u00e8 la pi\u00f9 popolare attrazione turistica in Italia, ed una delle pi\u00f9 popolari al mondo\" \/><\/a><\/figure>\n\n\n<div class=\"gb-container gb-container-f49a769e\">\n\n<h2 class=\"gb-headline gb-headline-99b83ebc gb-headline-text ms-link-unstyled ms-card-h__title\"><a href=\"https:\/\/www.thecolosseum.org\/it\/visita\/\">Visita<\/a><\/h2>\n\n\n\n<p class=\"gb-headline gb-headline-23bce1cb gb-headline-text ms-card-h__excerpt\">Con oltre sette milioni di visitatori all&#8217;anno, il Colosseo \u00e8 l&#8217;attrazione turistica pi\u00f9 popolare d&#8217;Italia e una delle pi\u00f9 conosciute al mondo. Qui troverai tutto ci\u00f2 che devi sapere per pianificare la tua visita, dagli orari di apertura ai trasporti, accessibilit\u00e0, sicurezza e i luoghi da visitare nei dintorni.<\/p>\n\n\n\n<p class=\"gb-headline gb-headline-aad8409c gb-headline-text\"><a href=\"https:\/\/www.thecolosseum.org\/it\/visita\/\">Pianifica la tua visita al Colosseo<\/a><\/p>\n\n<\/div>\n<\/div><\/div>\n\n<div class=\"gb-grid-column gb-grid-column-91366c30\"><div class=\"gb-container gb-container-91366c30 ms-card ms-card-h\">\n\n<figure class=\"gb-block-image gb-block-image-3e02971c\"><a href=\"https:\/\/www.thecolosseum.org\/it\/architettura\/\"><img decoding=\"async\" width=\"640\" height=\"427\" class=\"gb-image gb-image-3e02971c ms-card-h__image ms-mb-block ms-card__image\" src=\"https:\/\/www.thecolosseum.org\/it\/wp-content\/uploads\/sites\/4\/thecolosseum-architecture-1724138448.jpg\" alt=\"L'architettura dell'edificio \u00e8 un insieme dei tre pi\u00f9 importanti ordini romani: toscano, ionico e corinzio, ed \u00e8 piena di piccoli dettagli che testimoniano l'ingegnosit\u00e0 di coloro che lo progettarono\" \/><\/a><\/figure>\n\n\n<div class=\"gb-container gb-container-604a5265\">\n\n<h2 class=\"gb-headline gb-headline-9d296282 gb-headline-text ms-link-unstyled ms-card-h__title\"><a href=\"https:\/\/www.thecolosseum.org\/it\/architettura\/\">Architettura<\/a><\/h2>\n\n\n\n<p class=\"gb-headline gb-headline-1609a80a gb-headline-text ms-card-h__excerpt\">Nonostante l&#8217;usura e il deterioramento subiti nel corso dei secoli, il Colosseo \u00e8 ancora incredibilmente ben conservato. L&#8217;architettura dell&#8217;edificio \u00e8 un insieme dei tre pi\u00f9 importanti ordini romani, il toscano, l&#8217;ionico e il corinzio, ed \u00e8 piena di piccoli dettagli che testimoniano l&#8217;ingegnosit\u00e0 di coloro che lo progettarono.<\/p>\n\n\n\n<p class=\"gb-headline gb-headline-55a4da73 gb-headline-text\"><a href=\"https:\/\/www.thecolosseum.org\/it\/architettura\/\">Scopri di pi\u00f9 su uno dei pi\u00f9 grandi monumenti architettonici dell&#8217;antica Roma<\/a><\/p>\n\n<\/div>\n<\/div><\/div>\n\n<div class=\"gb-grid-column gb-grid-column-25c8a636\"><div class=\"gb-container gb-container-25c8a636 ms-card-h ms-card\">\n\n<figure class=\"gb-block-image gb-block-image-d062171e\"><a href=\"https:\/\/www.thecolosseum.org\/it\/curiosita\/\"><img decoding=\"async\" width=\"640\" height=\"409\" class=\"gb-image gb-image-d062171e ms-mb-block ms-card-h__image ms-card__image\" src=\"https:\/\/www.thecolosseum.org\/it\/wp-content\/uploads\/sites\/4\/thecolosseum-fact-1724118528.jpg\" alt=\"\" title=\"thecolosseum-fact\" \/><\/a><\/figure>\n\n\n<div class=\"gb-container gb-container-189549ca\">\n\n<h2 class=\"gb-headline gb-headline-f0517199 gb-headline-text ms-link-unstyled ms-card-h__title\"><a href=\"https:\/\/www.thecolosseum.org\/it\/curiosita\/\">Fatti<\/a><\/h2>\n\n\n\n<p class=\"gb-headline gb-headline-4b51b112 gb-headline-text ms-card-h__excerpt\">Sapevi che il Colosseo poteva ospitare tra 50.000 e 80.000 persone? \u00c8 pi\u00f9 della capienza di molti stadi di calcio moderni. Sapevi che fu costruito con fino a 100.000 schiavi, catturati da Roma nelle sue numerose guerre? Sapevi che si stima che fino a 400.000 persone morirono negli spettacoli sanguinosi del Colosseo nei tre secoli in cui fu utilizzato?<\/p>\n\n\n\n<p class=\"gb-headline gb-headline-564cf5e3 gb-headline-text\"><a href=\"https:\/\/www.thecolosseum.org\/it\/curiosita\/\">Duemila anni di storia offrono fatti molto interessanti<\/a><\/p>\n\n<\/div>\n<\/div><\/div>\n\n<div class=\"gb-grid-column gb-grid-column-fddd7ae0\"><div class=\"gb-container gb-container-fddd7ae0 ms-card-h ms-card\">\n\n<figure class=\"gb-block-image gb-block-image-90556070\"><a href=\"https:\/\/www.thecolosseum.org\/it\/gladiatori\/\"><img decoding=\"async\" width=\"768\" height=\"432\" class=\"gb-image gb-image-90556070 ms-mb-block ms-card-h__image ms-card__image\" src=\"https:\/\/www.thecolosseum.org\/it\/wp-content\/uploads\/sites\/4\/gladiator-painting-optimized-768x432.jpg\" alt=\"Un gladiatore in piedi sopra i suoi nemici sconfitti nel Colosseo, in attesa del segnale dell'Imperatore: pollice in su o pollice in gi\u00f9\" srcset=\"https:\/\/www.thecolosseum.org\/it\/wp-content\/uploads\/sites\/4\/gladiator-painting-optimized-768x432.jpg 768w, https:\/\/www.thecolosseum.org\/it\/wp-content\/uploads\/sites\/4\/gladiator-painting-optimized-1024x576.jpg 1024w, https:\/\/www.thecolosseum.org\/it\/wp-content\/uploads\/sites\/4\/gladiator-painting-optimized-1280x720.jpg 1280w, https:\/\/www.thecolosseum.org\/it\/wp-content\/uploads\/sites\/4\/gladiator-painting-optimized-1600x900.jpg 1600w\" sizes=\"(max-width: 768px) 100vw, 768px\" \/><\/a><\/figure>\n\n\n<div class=\"gb-container gb-container-3af4ab3a\">\n\n<h2 class=\"gb-headline gb-headline-77f33ad8 gb-headline-text ms-link-unstyled ms-card-h__title\"><a href=\"https:\/\/www.thecolosseum.org\/it\/gladiatori\/\">Gladiatori<\/a><\/h2>\n\n\n\n<p class=\"gb-headline gb-headline-0eb071bf gb-headline-text ms-card-h__excerpt\">Tutti hanno visto il film &#8220;Il Gladiatore&#8221;, ma chi erano davvero i gladiatori che combattevano nell&#8217;arena? Nel corso di tre secoli, le battaglie nel Colosseo erano l&#8217;argomento principale della citt\u00e0. Alcuni di loro raggiunsero grandi successi e divennero famosi, ma per ogni gladiatore che riusciva a emergere, centinaia di altri morivano nell&#8217;anonimato nell&#8217;arena.<\/p>\n\n\n\n<p class=\"gb-headline gb-headline-f432d45b gb-headline-text\"><a href=\"https:\/\/www.thecolosseum.org\/it\/gladiatori\/\">Chi erano i gladiatori di Roma?<\/a><\/p>\n\n<\/div>\n<\/div><\/div>\n<\/div>\n\n<div class=\"gb-container gb-container-67b49cf1 ms-p ms-mb-block\">\n\n<h2 class=\"gb-headline gb-headline-96e88d50 gb-headline-text ms-link-unstyled\"><a href=\"https:\/\/www.thecolosseum.org\/it\/storia\/\">Storia<\/a><\/h2>\n\n\n\n<p class=\"gb-headline gb-headline-4d9dbd9d gb-headline-text\">Scopri di pi\u00f9 sulla storia affascinante del Colosseo, dalla sua costruzione fino ai giorni nostri, come uno dei monumenti architettonici pi\u00f9 famosi del mondo. Il Colosseo non fu solo un&#8217;arena di combattimento, sapevi che nei suoi 2000 anni di storia \u00e8 stato utilizzato come cimitero, rifugio per i poveri di Roma e come castello fortificato di un potente clan romano?<\/p>\n\n\n\n<p class=\"gb-headline gb-headline-99fac3b6 gb-headline-text\"><a href=\"https:\/\/www.thecolosseum.org\/it\/storia\/\">Storia del Colosseo Romano<\/a><\/p>\n\n<\/div>\n\n<div class=\"gb-container gb-container-9e1738f4\">\n<div class=\"gb-grid-wrapper gb-grid-wrapper-b786cee6\">\n<div class=\"gb-grid-column gb-grid-column-01253981\"><div class=\"gb-container gb-container-01253981\">\n\n<figure class=\"gb-block-image gb-block-image-7324916a\"><img decoding=\"async\" width=\"640\" height=\"427\" class=\"gb-image gb-image-7324916a\" src=\"https:\/\/www.thecolosseum.org\/it\/wp-content\/uploads\/sites\/4\/colosseum-hotels-1724119091.jpg\" alt=\"Hotel vicino al Colosseo\" \/><\/figure>\n\n<\/div><\/div>\n\n<div class=\"gb-grid-column gb-grid-column-ff768bde\"><div class=\"gb-container gb-container-ff768bde\">\n\n<h2 class=\"gb-headline gb-headline-209cee29 gb-headline-text ms-link-unstyled\"><a href=\"https:\/\/www.thecolosseum.org\/it\/hotel\/\">Hotel<\/a><\/h2>\n\n\n<div class=\"gb-container gb-container-919dbe01\">\n<div class=\"gb-container gb-container-ebf0451d\">\n\n<p class=\"gb-headline gb-headline-13e055cf gb-headline-text ms-text-muted\">Cerchi un posto dove soggiornare nel centro di Roma? Scopri la nostra lista di hotel vicino al Colosseo. Puoi prenotarli qui tramite Booking.com.<\/p>\n\n<\/div>\n<\/div>\n\n\n<p class=\"gb-headline gb-headline-bd6d4b5a gb-headline-text\"><a href=\"https:\/\/www.thecolosseum.org\/it\/hotel\/\">Trova un posto dove soggiornare a Roma<\/a><\/p>\n\n<\/div><\/div>\n<\/div>\n<\/div>\n\n\n<p><\/p>\n","protected":false},"excerpt":{"rendered":"","protected":false},"author":1,"featured_media":0,"parent":0,"menu_order":2,"comment_status":"closed","ping_status":"closed","template":"","meta":{"_acf_changed":false,"footnotes":"","button_url":"https:\/\/www.tiqets.com\/it\/colosseum-l145769\/?partner=thecolosseum","ms_product_id":"1111515","ms_product_name":"Colosseum & Roman Forum + Audio Guide","ms_price":"36","ms_currency":"EUR","ms_rating_value":"4.1","ms_review_count":"19655","rank_math_title":"Il Colosseo Romano Nel %currentyear%","rank_math_description":"Prepara la tua visita al Colosseo Romano e scopri la sua affascinante storia."},"post-style":[],"producer":[],"class_list":["post-561","page","type-page","status-publish","has-post-thumbnail"],"acf":[],"product_schema":{"ms_product_id":"1111515","ms_product_name":"Colosseum & Roman Forum + Audio Guide","ms_price":"36","ms_currency":"EUR","ms_rating_value":"4.1","ms_review_count":"19655"},"_links":{"self":[{"href":"https:\/\/www.thecolosseum.org\/it\/wp-json\/wp\/v2\/pages\/561","targetHints":{"allow":["GET"]}}],"collection":[{"href":"https:\/\/www.thecolosseum.org\/it\/wp-json\/wp\/v2\/pages"}],"about":[{"href":"https:\/\/www.thecolosseum.org\/it\/wp-json\/wp\/v2\/types\/page"}],"author":[{"embeddable":true,"href":"https:\/\/www.thecolosseum.org\/it\/wp-json\/wp\/v2\/users\/1"}],"replies":[{"embeddable":true,"href":"https:\/\/www.thecolosseum.org\/it\/wp-json\/wp\/v2\/comments?post=561"}],"version-history":[{"count":3,"href":"https:\/\/www.thecolosseum.org\/it\/wp-json\/wp\/v2\/pages\/561\/revisions"}],"predecessor-version":[{"id":1029,"href":"https:\/\/www.thecolosseum.org\/it\/wp-json\/wp\/v2\/pages\/561\/revisions\/1029"}],"wp:attachment":[{"href":"https:\/\/www.thecolosseum.org\/it\/wp-json\/wp\/v2\/media?parent=561"}],"wp:term":[{"taxonomy":"post-style","embeddable":true,"href":"https:\/\/www.thecolosseum.org\/it\/wp-json\/wp\/v2\/post-style?post=561"},{"taxonomy":"producer","embeddable":true,"href":"https:\/\/www.thecolosseum.org\/it\/wp-json\/wp\/v2\/producer?post=561"}],"curies":[{"name":"wp","href":"https:\/\/api.w.org\/{rel}","templated":true}]}}