{"id":46,"date":"2017-09-07T17:18:04","date_gmt":"2017-09-07T15:18:04","guid":{"rendered":"https:\/\/www.thecolosseum.org\/it\/?page_id=46"},"modified":"2025-01-16T13:58:15","modified_gmt":"2025-01-16T12:58:15","slug":"hotel","status":"publish","type":"page","link":"https:\/\/www.thecolosseum.org\/it\/hotel\/","title":{"rendered":"Hotel vicino al Colosseo"},"content":{"rendered":"\n<p>Poche citt\u00e0 al mondo possono vantare lo stesso vasto spettro di cose da fare e vedere come Roma. Rovine romane, siti sacri, splendida arte, ottimo cibo&#8230; Roma ha tutto.<\/p>\n\n\n\n<script src=\"https:\/\/www.booking.com\/affiliate\/prelanding_sdk\"><\/script>\n  \n  <div id=\"bookingAffiliateWidget_d8e65aae-5718-439b-8f87-c4a7eee37a60\">&nbsp;<\/div>\n  \n  <script>\n      (function () {\n          var BookingAffiliateWidget = new Booking.AffiliateWidget({\n  \"iframeSettings\": {\n    \"selector\": \"bookingAffiliateWidget_d8e65aae-5718-439b-8f87-c4a7eee37a60\",\n    \"responsive\": true\n  },\n  \"widgetSettings\": {\n    \"ss\": \"The Colosseum, Rome, Lazio, Italy\",\n    \"latitude\": 41.89022,\n    \"longitude\": 12.492268,\n    \"zoom\": 15,\n    \"customMarkerTitle\": \" The Colosseum\"\n  }\n});\n      })();\n  <\/script>\n\n\n\n<p>Si dice che Roma sia la citt\u00e0 con il maggior numero di monumenti al mondo, adatta per la capitale dell&#8217;antico Impero Romano, una citt\u00e0 che si definisce senza vergogna la Citt\u00e0 Eterna.<\/p>\n\n\n\n<p>Il suo Centro Storico contiene alcuni dei pi\u00f9 importanti resti sopravvissuti dell&#8217;Impero Romano come il Colosseo e il Pantheon, oltre a siti iconici e sacri come la Basilica di San Pietro in Vaticano, la Cappella Sistina e la Fontana di Trevi.<\/p>\n\n\n\n<p>Se vuoi stare vicino al Colosseo e a molti altri tesori archeologici di Roma, dovrai alloggiare nel Centro Storico. A tal fine, abbiamo messo insieme una lista dei migliori hotel della zona, oltre a qualche bed &amp; breakfast molto apprezzato, per chi cerca un&#8217;accoglienza pi\u00f9 informale e intima.<\/p>\n\n\n\n<h2 class=\"wp-block-heading\"><strong>I 10 migliori hotel vicino al Colosseo<\/strong><\/h2>\n\n\n\n<p>La lista include una variet\u00e0 di strutture in stili diversi e con differenti fasce di prezzo, tutte a pochi passi dal Colosseo e da molti altri monumenti importanti di Roma.<\/p>\n\n\n\n<h3 class=\"wp-block-heading\">Hotel San Anselmo<\/h3>\n\n\n\n<p>L&#8217;Hotel San Anselmo \u00e8 un boutique hotel situato in una splendida villa del XIX secolo nell&#8217;area dell&#8217;Aventino. Classificato a 4 stelle, il Colosseo, il Pantheon e Piazza Venezia sono a meno di 2 km. L&#8217;hotel dispone di un giardino dove gli ospiti possono fare colazione durante i mesi di bel tempo, accesso completo al wifi e le camere hanno caratteristiche affascinanti come grandi letti a baldacchino e vasche da bagno idromassaggio.<\/p>\n\n\n\n<figure class=\"gb-block-image gb-block-image-f9180829\"><img decoding=\"async\" width=\"600\" height=\"400\" class=\"gb-image gb-image-f9180829 ms-mb-block\" src=\"https:\/\/www.thecolosseum.org\/it\/wp-content\/uploads\/sites\/4\/San-Anselmo-II.jpg\" alt=\"Camera da letto Hotel San Anselmo\"\/><\/figure>\n\n\n\n<h3 class=\"wp-block-heading\">Hotel Paba<\/h3>\n\n\n\n<p>Hotel Paba \u00e8 un piccolo e accogliente hotel a 2 stelle situato nel cuore del quartiere Monti. Il Colosseo e il Foro Romano sono a meno di 500 metri, e la zona \u00e8 piena di piccoli caff\u00e8 dove puoi gustare il celebre espresso italiano, o meglio chiamarlo &#8220;caff\u00e8&#8221;. L&#8217;Hotel Paba offre prezzi accessibili in un&#8217;area spesso costosa. Tutte le camere sono pulite, luminose e dotate di aria condizionata, wifi e televisione satellitare, perfetto per esplorare il centro storico di Roma.<\/p>\n\n\n\n<figure class=\"gb-block-image gb-block-image-97032bc6\"><img decoding=\"async\" width=\"1024\" height=\"576\" class=\"gb-image gb-image-97032bc6 ms-mb-block\" src=\"https:\/\/www.thecolosseum.org\/it\/wp-content\/uploads\/sites\/4\/Hotel-Paba-1024x576.jpg\" alt=\"Camera da letto Hotel Paba\n\" srcset=\"https:\/\/www.thecolosseum.org\/it\/wp-content\/uploads\/sites\/4\/Hotel-Paba-1024x576.jpg 1024w, https:\/\/www.thecolosseum.org\/it\/wp-content\/uploads\/sites\/4\/Hotel-Paba-768x432.jpg 768w\" sizes=\"(max-width: 1024px) 100vw, 1024px\" \/><\/figure>\n\n\n\n<h3 class=\"wp-block-heading\">Hotel Capo d\u2019Africa<\/h3>\n\n\n\n<p>A solo tre isolati dal Colosseo, il Capo d&#8217;Africa \u00e8 un lussuoso hotel a 4 stelle con una terrazza e un ristorante sul tetto dove gli ospiti possono fare colazione e pasti con vista sulla capitale italiana. L&#8217;hotel presenta arte contemporanea italiana e interni moderni, tutte le camere sono climatizzate, con wifi, e gli ospiti hanno accesso alla palestra dell&#8217;hotel.<\/p>\n\n\n\n<figure class=\"gb-block-image gb-block-image-6f394a22\"><img decoding=\"async\" width=\"1024\" height=\"576\" class=\"gb-image gb-image-6f394a22 ms-mb-block\" src=\"https:\/\/www.thecolosseum.org\/it\/wp-content\/uploads\/sites\/4\/Capo-dAfrica-1024x576.jpg\" alt=\"Terrazza Hotel Capo d'Africa\n\" srcset=\"https:\/\/www.thecolosseum.org\/it\/wp-content\/uploads\/sites\/4\/Capo-dAfrica-1024x576.jpg 1024w, https:\/\/www.thecolosseum.org\/it\/wp-content\/uploads\/sites\/4\/Capo-dAfrica-768x432.jpg 768w\" sizes=\"(max-width: 1024px) 100vw, 1024px\" \/><\/figure>\n\n\n\n<h3 class=\"wp-block-heading\">The Britannia<\/h3>\n\n\n\n<p>Situato in un edificio del XIX secolo a due minuti a piedi dall&#8217;Opera di Roma e dalla stazione della metro Repubblica, il Britannia \u00e8 un elegante hotel a 4 stelle che offre una colazione a buffet in stile americano, wifi gratuito e camere eleganti e confortevoli. L&#8217;hotel dispone di una reception aperta 24 ore su 24 con personale che parla 6 lingue, ed \u00e8 situato centralmente, con il Colosseo a 20 minuti a piedi.<\/p>\n\n\n\n<figure class=\"gb-block-image gb-block-image-3ccdef14\"><img decoding=\"async\" width=\"1024\" height=\"576\" class=\"gb-image gb-image-3ccdef14 ms-mb-block\" src=\"https:\/\/www.thecolosseum.org\/it\/wp-content\/uploads\/sites\/4\/The-Britannia-1024x576.jpg\" alt=\"Camera da letto Hotel The Britannia\n\" srcset=\"https:\/\/www.thecolosseum.org\/it\/wp-content\/uploads\/sites\/4\/The-Britannia-1024x576.jpg 1024w, https:\/\/www.thecolosseum.org\/it\/wp-content\/uploads\/sites\/4\/The-Britannia-768x432.jpg 768w\" sizes=\"(max-width: 1024px) 100vw, 1024px\" \/><\/figure>\n\n\n\n<h3 class=\"wp-block-heading\">Hotel Locanda Cairoli<\/h3>\n\n\n\n<p>La Locanda Cairoli \u00e8 un hotel a 4 stelle situato in un edificio del XVIII secolo con un arredamento moderno e interessante. Le camere sono arredate individualmente con antichi e graziosi mobili. L&#8217;hotel offre un servizio eccellente, una colazione continentale a buffet molto apprezzata e wifi in tutto l&#8217;edificio. &#8220;Difficile pensare a una posizione migliore per un turista a Roma&#8221;, riassume tutto.<\/p>\n\n\n\n<figure class=\"gb-block-image gb-block-image-d09a1cc6\"><img decoding=\"async\" width=\"1024\" height=\"576\" class=\"gb-image gb-image-d09a1cc6 ms-mb-block\" src=\"https:\/\/www.thecolosseum.org\/it\/wp-content\/uploads\/sites\/4\/Locanda-Cairoli-1024x576.jpg\" alt=\"Camera da letto Hotel Locanda Cairoli\n\" srcset=\"https:\/\/www.thecolosseum.org\/it\/wp-content\/uploads\/sites\/4\/Locanda-Cairoli-1024x576.jpg 1024w, https:\/\/www.thecolosseum.org\/it\/wp-content\/uploads\/sites\/4\/Locanda-Cairoli-768x432.jpg 768w\" sizes=\"(max-width: 1024px) 100vw, 1024px\" \/><\/figure>\n\n\n\n<h3 class=\"wp-block-heading\">Bettoja Hotel Mediterraneo<\/h3>\n\n\n\n<p>Situato nel centro della citt\u00e0, sulla pi\u00f9 alta delle sette colline di Roma, il Bettoja Mediterraneo vanta una terrazza panoramica con vista spettacolare su tutta Roma. \u00c8 il luogo perfetto per rilassarsi la sera con un bicchiere di vino rosso dopo una giornata passata a esplorare musei, gallerie d&#8217;arte e rovine romane.<\/p>\n\n\n\n<figure class=\"gb-block-image gb-block-image-adf2aade\"><img decoding=\"async\" width=\"1024\" height=\"576\" class=\"gb-image gb-image-adf2aade ms-mb-block\" src=\"https:\/\/www.thecolosseum.org\/it\/wp-content\/uploads\/sites\/4\/Bettoja-Mediterraneo-1024x576.jpg\" alt=\"Terrazza Hotel Bettoja Mediterraneo\n\" srcset=\"https:\/\/www.thecolosseum.org\/it\/wp-content\/uploads\/sites\/4\/Bettoja-Mediterraneo-1024x576.jpg 1024w, https:\/\/www.thecolosseum.org\/it\/wp-content\/uploads\/sites\/4\/Bettoja-Mediterraneo-768x432.jpg 768w\" sizes=\"(max-width: 1024px) 100vw, 1024px\" \/><\/figure>\n\n\n\n<h3 class=\"wp-block-heading\">Kolbe Hotel Rome<\/h3>\n\n\n\n<p>Il Kolbe Hotel Rome \u00e8 un lussuoso hotel a 4 stelle che si affaccia sul Foro Romano e si trova a pochi passi dal Colosseo. Le camere sono decorate con stile, con soffitti alti e mattoni a vista. C&#8217;\u00e8 accesso wifi in tutto l&#8217;hotel e gli ospiti possono fare colazione e pranzare sulla terrazza che si affaccia sul giardino dell&#8217;hotel, con palme, aranci e ulivi.<\/p>\n\n\n\n<figure class=\"gb-block-image gb-block-image-fcc4ccca\"><img decoding=\"async\" width=\"1024\" height=\"576\" class=\"gb-image gb-image-fcc4ccca ms-mb-block\" src=\"https:\/\/www.thecolosseum.org\/it\/wp-content\/uploads\/sites\/4\/Kolbe-Hotel-1024x576.jpg\" alt=\"Terrazza Hotel Kolbe\n\" srcset=\"https:\/\/www.thecolosseum.org\/it\/wp-content\/uploads\/sites\/4\/Kolbe-Hotel-1024x576.jpg 1024w, https:\/\/www.thecolosseum.org\/it\/wp-content\/uploads\/sites\/4\/Kolbe-Hotel-768x432.jpg 768w\" sizes=\"(max-width: 1024px) 100vw, 1024px\" \/><\/figure>\n\n\n\n<h3 class=\"wp-block-heading\">The Corner Townhouse<\/h3>\n\n\n\n<p>The Corner \u00e8 un esempio paradigmatico di modernit\u00e0. Situato in una splendida villa in stile Art Nouveau nel cuore dell&#8217;Aventino, il suo arredamento combina moderno e classico, vibrante e sobrio, con un perfetto equilibrio. Durante il soggiorno, non puoi perderti una visita al ristorante dell&#8217;hotel, The Corner, un ristorante stellato Michelin che serve la cucina romana contemporanea dello chef Marco Martini.<\/p>\n\n\n\n<figure class=\"gb-block-image gb-block-image-0832f930\"><img decoding=\"async\" width=\"1024\" height=\"576\" class=\"gb-image gb-image-0832f930 ms-mb-block\" src=\"https:\/\/www.thecolosseum.org\/it\/wp-content\/uploads\/sites\/4\/Corner-Townhouse-1024x576.jpg\" alt=\"Ristorante Hotel Corner Townhouse\n\" srcset=\"https:\/\/www.thecolosseum.org\/it\/wp-content\/uploads\/sites\/4\/Corner-Townhouse-1024x576.jpg 1024w, https:\/\/www.thecolosseum.org\/it\/wp-content\/uploads\/sites\/4\/Corner-Townhouse-768x432.jpg 768w\" sizes=\"(max-width: 1024px) 100vw, 1024px\" \/><\/figure>\n\n\n\n<h3 class=\"wp-block-heading\">Dharma Hotel and Luxury Suites<\/h3>\n\n\n\n<p>Il Dharma \u00e8 un boutique hotel che offre camere eleganti e decorate individualmente con tutti i comfort in una posizione centrale. A 5 minuti dalla stazione centrale di Roma Termini e a 15 minuti dal Colosseo e da molti altri monumenti importanti, il Dharma \u00e8 un eccellente punto di partenza per esplorare la Citt\u00e0 Eterna e rilassarsi successivamente. Alcune camere offrono un&#8217;esperienza unica con vasca idromassaggio e bagno turco privato.<\/p>\n\n\n\n<figure class=\"gb-block-image gb-block-image-81f9de87\"><img decoding=\"async\" width=\"1024\" height=\"576\" class=\"gb-image gb-image-81f9de87 ms-mb-block\" src=\"https:\/\/www.thecolosseum.org\/it\/wp-content\/uploads\/sites\/4\/Dharma-1024x576.jpg\" alt=\"Camera da letto Hotel Dharma\n\" srcset=\"https:\/\/www.thecolosseum.org\/it\/wp-content\/uploads\/sites\/4\/Dharma-1024x576.jpg 1024w, https:\/\/www.thecolosseum.org\/it\/wp-content\/uploads\/sites\/4\/Dharma-768x432.jpg 768w, https:\/\/www.thecolosseum.org\/it\/wp-content\/uploads\/sites\/4\/Dharma-1280x720.jpg 1280w\" sizes=\"(max-width: 1024px) 100vw, 1024px\" \/><\/figure>\n\n\n\n<h3 class=\"wp-block-heading\">Stendahl Hotel<\/h3>\n\n\n\n<p>A pochi minuti dalla Fontana di Trevi e dai gradini di Piazza di Spagna, lo Stendhal \u00e8 un elegante boutique hotel nel centro storico di Roma. Le camere sono dotate di tutti i comfort, c&#8217;\u00e8 una lounge che serve cocktail di qualit\u00e0 e una ricca colazione a buffet.<\/p>\n\n\n\n<figure class=\"gb-block-image gb-block-image-f40e80ac\"><img decoding=\"async\" width=\"1024\" height=\"576\" class=\"gb-image gb-image-f40e80ac ms-mb-block\" src=\"https:\/\/www.thecolosseum.org\/it\/wp-content\/uploads\/sites\/4\/Stendahl-1024x576.jpg\" alt=\"Camera da letto Hotel Stendahl\n\" srcset=\"https:\/\/www.thecolosseum.org\/it\/wp-content\/uploads\/sites\/4\/Stendahl-1024x576.jpg 1024w, https:\/\/www.thecolosseum.org\/it\/wp-content\/uploads\/sites\/4\/Stendahl-768x432.jpg 768w\" sizes=\"(max-width: 1024px) 100vw, 1024px\" \/><\/figure>\n\n\n\n<h2 class=\"wp-block-heading\">Bonus: 3 great bed and breakfast\u2019s near the Colosseum<\/h2>\n\n\n\n<p>Se cerchi una sistemazione pi\u00f9 economica, un bed and breakfast potrebbe essere la scelta migliore. Ecco tre ottime opzioni, tutte vicine al Colosseo.<\/p>\n\n\n\n<h3 class=\"wp-block-heading\">Li Rioni B&amp;B<\/h3>\n\n\n\n<p>Li Rioni \u00e8 un piccolo e accogliente bed and breakfast a soli 300 metri dal Colosseo. Le camere sono ben arredate e pulite, con wifi gratuito, bagno privato e colazione servita ogni mattina sulla terrazza soleggiata. Anche la Domus Aurea e il Foro Romano sono facilmente accessibili a piedi.<\/p>\n\n\n\n<figure class=\"gb-block-image gb-block-image-9a29c736\"><img decoding=\"async\" width=\"1024\" height=\"576\" class=\"gb-image gb-image-9a29c736 ms-mb-block\" src=\"https:\/\/www.thecolosseum.org\/it\/wp-content\/uploads\/sites\/4\/Li-Rioni-1024x576.jpg\" alt=\"Camera da letto Li Rioni\n\" srcset=\"https:\/\/www.thecolosseum.org\/it\/wp-content\/uploads\/sites\/4\/Li-Rioni-1024x576.jpg 1024w, https:\/\/www.thecolosseum.org\/it\/wp-content\/uploads\/sites\/4\/Li-Rioni-768x432.jpg 768w\" sizes=\"(max-width: 1024px) 100vw, 1024px\" \/><\/figure>\n\n\n\n<h3 class=\"wp-block-heading\">B&amp;B Laurus Colosseo<\/h3>\n\n\n\n<p>Il Laurus Colosseo si trova praticamente dietro l&#8217;angolo del Colosseo, a soli 5 minuti a piedi dalla Domus Aurea. C&#8217;\u00e8 wifi in tutta la struttura e, se ti interessa esplorare Roma in un modo leggermente diverso, offrono anche noleggio biciclette.<\/p>\n\n\n\n<figure class=\"gb-block-image gb-block-image-1ce65606\"><img decoding=\"async\" width=\"1024\" height=\"576\" class=\"gb-image gb-image-1ce65606 ms-mb-block\" src=\"https:\/\/www.thecolosseum.org\/it\/wp-content\/uploads\/sites\/4\/Laurus-Colosseo-1024x576.jpg\" alt=\"Camera da letto Laurus Colosseo\n\" srcset=\"https:\/\/www.thecolosseum.org\/it\/wp-content\/uploads\/sites\/4\/Laurus-Colosseo-1024x576.jpg 1024w, https:\/\/www.thecolosseum.org\/it\/wp-content\/uploads\/sites\/4\/Laurus-Colosseo-768x432.jpg 768w\" sizes=\"(max-width: 1024px) 100vw, 1024px\" \/><\/figure>\n\n\n\n<h3 class=\"wp-block-heading\">Luce B&amp;B<\/h3>\n\n\n\n<p>Luce \u00e8 l&#8217;opzione pi\u00f9 economica nelle nostre liste, ma ci\u00f2 non significa che sia inferiore. Luce \u00e8 un B&amp;B pulito e accogliente a due passi dal Colosseo e da altri monumenti vicini, con wifi gratuito e aria condizionata in tutte le camere. Offre un ottimo rapporto qualit\u00e0-prezzo per chi vuole passare la maggior parte del tempo esplorando la Citt\u00e0 Eterna.<\/p>\n\n\n\n<figure class=\"gb-block-image gb-block-image-475da45d\"><img decoding=\"async\" width=\"1024\" height=\"576\" class=\"gb-image gb-image-475da45d\" src=\"https:\/\/www.thecolosseum.org\/it\/wp-content\/uploads\/sites\/4\/Luce.jpg\" alt=\"Camera da letto Luce\n\" srcset=\"https:\/\/www.thecolosseum.org\/it\/wp-content\/uploads\/sites\/4\/Luce.jpg 1024w, https:\/\/www.thecolosseum.org\/it\/wp-content\/uploads\/sites\/4\/Luce-768x432.jpg 768w\" sizes=\"(max-width: 1024px) 100vw, 1024px\" \/><\/figure>\n","protected":false},"excerpt":{"rendered":"","protected":false},"author":1,"featured_media":0,"parent":0,"menu_order":12,"comment_status":"closed","ping_status":"closed","template":"","meta":{"_acf_changed":false,"footnotes":"","button_url":"https:\/\/www.tiqets.com\/it\/colosseum-l145769\/?partner=thecolosseum","ms_product_id":"","ms_product_name":"","ms_price":"","ms_currency":"","ms_rating_value":"","ms_review_count":"","rank_math_title":"10 Migliori Hotel Vicino Al Colosseo %currentyear%  (Con Foto)","rank_math_description":""},"post-style":[],"producer":[],"class_list":["post-46","page","type-page","status-publish","has-post-thumbnail"],"acf":[],"product_schema":{"ms_product_id":"","ms_product_name":"","ms_price":"","ms_currency":"","ms_rating_value":"","ms_review_count":""},"_links":{"self":[{"href":"https:\/\/www.thecolosseum.org\/it\/wp-json\/wp\/v2\/pages\/46","targetHints":{"allow":["GET"]}}],"collection":[{"href":"https:\/\/www.thecolosseum.org\/it\/wp-json\/wp\/v2\/pages"}],"about":[{"href":"https:\/\/www.thecolosseum.org\/it\/wp-json\/wp\/v2\/types\/page"}],"author":[{"embeddable":true,"href":"https:\/\/www.thecolosseum.org\/it\/wp-json\/wp\/v2\/users\/1"}],"replies":[{"embeddable":true,"href":"https:\/\/www.thecolosseum.org\/it\/wp-json\/wp\/v2\/comments?post=46"}],"version-history":[{"count":3,"href":"https:\/\/www.thecolosseum.org\/it\/wp-json\/wp\/v2\/pages\/46\/revisions"}],"predecessor-version":[{"id":861,"href":"https:\/\/www.thecolosseum.org\/it\/wp-json\/wp\/v2\/pages\/46\/revisions\/861"}],"wp:attachment":[{"href":"https:\/\/www.thecolosseum.org\/it\/wp-json\/wp\/v2\/media?parent=46"}],"wp:term":[{"taxonomy":"post-style","embeddable":true,"href":"https:\/\/www.thecolosseum.org\/it\/wp-json\/wp\/v2\/post-style?post=46"},{"taxonomy":"producer","embeddable":true,"href":"https:\/\/www.thecolosseum.org\/it\/wp-json\/wp\/v2\/producer?post=46"}],"curies":[{"name":"wp","href":"https:\/\/api.w.org\/{rel}","templated":true}]}}