{"id":34,"date":"2017-09-07T16:38:07","date_gmt":"2017-09-07T14:38:07","guid":{"rendered":"https:\/\/www.thecolosseum.org\/it\/?page_id=34"},"modified":"2025-01-06T11:17:44","modified_gmt":"2025-01-06T10:17:44","slug":"gladiatori","status":"publish","type":"page","link":"https:\/\/www.thecolosseum.org\/it\/gladiatori\/","title":{"rendered":"Gladiatori Romani Antichi"},"content":{"rendered":"\n<p>Forse nessuna figura dell&#8217;antica Roma \u00e8 famosa quanto il gladiatore \u2014 un guerriero dell&#8217;arena che combatteva fino alla morte contro bestie, criminali e altri gladiatori, per l&#8217;intrattenimento della societ\u00e0 romana.<\/p>\n\n\n\n<p>I gladiatori sono diventati figure pesantemente mitologizzate, in parte grazie a famose opere di finzione come il film <em>Il Gladiatore<\/em>, diretto da Ridley Scott e interpretato da Russell Crowe, o il classico <em>Spartacus<\/em>, ma com&#8217;erano veramente?<\/p>\n\n\n\n<figure class=\"gb-block-image gb-block-image-3312322e\"><img decoding=\"async\" width=\"1024\" height=\"576\" class=\"gb-image gb-image-3312322e\" src=\"https:\/\/www.thecolosseum.org\/it\/wp-content\/uploads\/sites\/4\/gladiator-painting-optimized-1024x576.jpg\" alt=\"Un gladiatore in piedi sopra i suoi nemici sconfitti nel Colosseo, in attesa che l'Imperatore gli segnali il pollice in su o il pollice in gi\u00f9\" title=\"Pollice Verso by Jean-L\u00e9on G\u00e9r\u00f4me\" srcset=\"https:\/\/www.thecolosseum.org\/it\/wp-content\/uploads\/sites\/4\/gladiator-painting-optimized-1024x576.jpg 1024w, https:\/\/www.thecolosseum.org\/it\/wp-content\/uploads\/sites\/4\/gladiator-painting-optimized-768x432.jpg 768w, https:\/\/www.thecolosseum.org\/it\/wp-content\/uploads\/sites\/4\/gladiator-painting-optimized-1280x720.jpg 1280w, https:\/\/www.thecolosseum.org\/it\/wp-content\/uploads\/sites\/4\/gladiator-painting-optimized-1600x900.jpg 1600w\" sizes=\"(max-width: 1024px) 100vw, 1024px\" \/>\n<p class=\"gb-headline gb-headline-27b5b127 gb-headline-text\"><em>Pollice Verso, Con il Pollice Rivolto Verso, di Jean-L\u00e9on G\u00e9r\u00f4me.<\/em><\/p>\n<\/figure>\n\n\n\n<h2 class=\"wp-block-heading\">Chi erano i gladiatori romani<\/h2>\n\n\n\n<p>La maggior parte dei gladiatori romani erano di fatto schiavi, e come tali non avevano diritti nella societ\u00e0 romana e raramente erano considerati persone. Per ogni storia epica di un gladiatore che diventa leggenda dell&#8217;arena e guadagna fama e libert\u00e0, migliaia di altri morivano anonimamente sulla sabbia.<\/p>\n\n\n\n<p>Conducevano vite violente e pericolose ed erano soggetti ai capricci dei loro superiori. Alcuni riuscivano a superare queste circostanze e diventavano celebrit\u00e0, ma erano una piccola minoranza.<\/p>\n\n\n\n<h3 class=\"wp-block-heading\">Tipi di gladiatori<\/h3>\n\n\n\n<p>C&#8217;erano pi\u00f9 di <a href=\"https:\/\/it.wikipedia.org\/wiki\/Categorie_di_gladiatori_romani\" target=\"_blank\" rel=\"noreferrer noopener nofollow\">due dozzine di diversi tipi di gladiatori<\/a>, distinti l&#8217;uno dall&#8217;altro per le armi che usavano, le armature che indossavano, gli stili di combattimento che impiegavano e gli eventi a cui combattevano. Di seguito troverai un elenco dei pi\u00f9 riconoscibili:<\/p>\n\n\n\n<ul class=\"wp-block-list\">\n<li><em>Murmillo<\/em>, gladiatori pesantemente armati che usavano un grande scudo oblungo e una spada chiamata gladio. La loro caratteristica distintiva era l&#8217;elmo a copertura totale decorato con una cresta a forma di pesce.<\/li>\n\n\n\n<li><em>Thraex<\/em>, che indossavano un&#8217;armatura simile a quella del Murmillo, ma usavano uno scudo rettangolare pi\u00f9 piccolo e una spada tracica curva. Il loro elmo copriva l&#8217;intera testa, ma era decorato con un grifone anzich\u00e9 un pesce.<\/li>\n\n\n\n<li><em>Retiarius<\/em>, i famosi gladiatori che brandivano una grande rete e un tridente. Indossavano armature pi\u00f9 leggere, non avevano scudo e combattevano cercando di intrappolare gli avversari sotto la loro rete e pugnalandoli con la loro lancia a tre punte.<\/li>\n\n\n\n<li><em>Essedarius<\/em>, che erano gladiatori montati. Ci sono poche informazioni su di loro oltre al fatto che combattevano su carri.<\/li>\n\n\n\n<li><em>Hoplomachus<\/em>, che si traduce in &#8216;combattente armato&#8217; in greco, erano gladiatori che portavano una lancia da lancio, una spada corta, un piccolo scudo rotondo, e che sfoggiavano un elmo piumato.<\/li>\n<\/ul>\n\n\n\n<figure class=\"gb-block-image gb-block-image-3bb2aa1d\"><img decoding=\"async\" width=\"500\" height=\"502\" class=\"gb-image gb-image-3bb2aa1d\" src=\"https:\/\/www.thecolosseum.org\/it\/wp-content\/uploads\/sites\/4\/gladiator-mosaic.jpg\" alt=\"Mosaico raffigurante due gladiatori che combattono, un reziario e un secutor, sotto gli occhi degli arbitri\" \/>\n<p class=\"gb-headline gb-headline-c62c1daa gb-headline-text\">Un reziario combatte contro un secutore, gli arbitri controllano il duello.<\/p>\n<\/figure>\n\n\n\n<h3 class=\"wp-block-heading\">C&#8217;erano donne gladiatrici?<\/h3>\n\n\n\n<p>C&#8217;erano gladiatrici, anche se erano una piccola minoranza e, secondo gli scritti dell&#8217;epoca, erano apparentemente viste come una stranezza e un intrattenimento particolare, pi\u00f9 che come un tipo regolare di gladiatore.<\/p>\n\n\n\n<h3 class=\"wp-block-heading\">Allenamento dei gladiatori<\/h3>\n\n\n\n<p>I gladiatori appartenevano alla classe <em>infame<\/em>, e come tali le loro vite erano perdute e appartenevano ai loro padroni. Le scuole gladiatorie erano incredibilmente rigide e l&#8217;addestramento che fornivano era duro, con alcune prove archeologiche che suggeriscono che i gladiatori potessero essere uccisi come punizione per cattiva condotta.<\/p>\n\n\n\n<p>Nelle scuole, i gladiatori si allenavano probabilmente sotto un maestro esperto nel loro particolare stile di combattimento, e tutti i diversi gruppi venivano tenuti separati l&#8217;uno dall&#8217;altro, forse per evitare conflitti tra combattenti che si sarebbero incontrati nell&#8217;arena.<\/p>\n\n\n\n<p>Al loro ingresso nella scuola dei gladiatori (quelli che non erano stati condannati a essa come punizione per un crimine), i gladiatori firmavano un contratto che stipulava il tipo di combattente che sarebbero diventati, quante volte all&#8217;anno avrebbero combattuto, e firmavano per diventare propriet\u00e0 del loro padrone.<\/p>\n\n\n\n<h3 class=\"wp-block-heading\">Famosi gladiatori<\/h3>\n\n\n\n<p>La maggior parte dei gladiatori vivevano e morivano nell&#8217;anonimato, ma alcuni divennero celebrit\u00e0 popolari e i loro nomi sono giunti fino ai giorni nostri.<\/p>\n\n\n\n<ul class=\"wp-block-list\">\n<li><strong>Crixus<\/strong> era uno schiavo gallico e gladiatore che sfugg\u00ec alla cattivit\u00e0 e divenne uno dei leader dell&#8217;esercito ribelle nella Terza Guerra Servile, tra schiavi e la repubblica romana.<\/li>\n\n\n\n<li><strong>Imperatore Commodo<\/strong>, interpretato da Joaquin Phoenix nel film <em>Il Gladiatore<\/em>, era noto per essere un grande fan del combattimento gladiatorio e scese molte volte nell&#8217;arena. Tuttavia, era conosciuto per essere un combattente crudele che sfruttava il suo privilegio di organizzare combattimenti contro avversari handicappati che non avevano alcuna possibilit\u00e0 di reagire. Questo gli guadagn\u00f2 grande antipatia ed \u00e8 considerato una delle cause del suo eventuale assassinio.<\/li>\n\n\n\n<li><strong>Priscus<\/strong> e <strong>Verus<\/strong> erano una coppia di gladiatori che ebbero l&#8217;onore di combattere l&#8217;uno contro l&#8217;altro all&#8217;inaugurazione dell&#8217;Anfiteatro Flavio. Si dice che, dopo ore di combattimento, abbiano deciso di terminare lo scontro in parit\u00e0, a quel punto l&#8217;imperatore Tito concesse loro il <em>rudis<\/em>, rendendoli uomini liberi.<\/li>\n\n\n\n<li><strong>Spiculus<\/strong> era una rock star del mondo gladiatorio. Era il favorito del sanguinario imperatore Nerone, che lo riemp\u00ec di doni. Quando Nerone fu rovesciato, chiese a Spiculus di ucciderlo, ma Spiculus non rispose alla richiesta dell&#8217;ex imperatore, costringendo Nerone a suicidarsi.<\/li>\n<\/ul>\n\n\n\n<h3 class=\"wp-block-heading\">Spartaco era una persona reale?<\/h3>\n\n\n\n<p>Spartaco \u00e8 senza dubbio il gladiatore pi\u00f9 famoso dell&#8217;Impero Romano, e in effetti era una persona reale. Era un soldato trace o mercenario che fin\u00ec per essere venduto come schiavo e successivamente divenne gladiatore. Fu uno dei leader di una rivolta alla scuola di gladiatori di Capua, che port\u00f2 alla fuga di 70 allievi.<\/p>\n\n\n\n<p>Dopo la loro fuga e alcuni successivi scontri con l&#8217;esercito romano, che i gladiatori vinsero, le loro fila crebbero fino a diventare un esercito di decine di migliaia. Spartaco guid\u00f2 questo esercito di schiavi ribelli in quella che divenne nota come la Terza Guerra Servile, finch\u00e9 le sue forze furono sconfitte e lui fu presumibilmente ucciso nel 71 a.C.<\/p>\n\n\n\n<figure class=\"gb-block-image gb-block-image-673fdf20\"><img decoding=\"async\" width=\"1024\" height=\"576\" class=\"gb-image gb-image-673fdf20\" src=\"https:\/\/www.thecolosseum.org\/it\/wp-content\/uploads\/sites\/4\/tod-des-spartacus-optimized-1024x576.jpg\" alt=\"Spartaco cade in battaglia nel dipinto Tod des Spartacus, La morte di Spartaco, di Hermann Vogel\" srcset=\"https:\/\/www.thecolosseum.org\/it\/wp-content\/uploads\/sites\/4\/tod-des-spartacus-optimized-1024x576.jpg 1024w, https:\/\/www.thecolosseum.org\/it\/wp-content\/uploads\/sites\/4\/tod-des-spartacus-optimized-768x432.jpg 768w, https:\/\/www.thecolosseum.org\/it\/wp-content\/uploads\/sites\/4\/tod-des-spartacus-optimized-1280x720.jpg 1280w, https:\/\/www.thecolosseum.org\/it\/wp-content\/uploads\/sites\/4\/tod-des-spartacus-optimized-1600x900.jpg 1600w\" sizes=\"(max-width: 1024px) 100vw, 1024px\" \/>\n<p class=\"gb-headline gb-headline-d0e3b341 gb-headline-text\"><em>Tod des Spartacus<\/em>, <em>La Morte di Spartaco<\/em>, di Hermann Vogel<\/p>\n<\/figure>\n\n\n\n<h2 class=\"wp-block-heading\">Giochi gladiatori<\/h2>\n\n\n\n<p>Nella maggior parte dei casi, i gladiatori si affrontavano in duelli uno contro uno e venivano abbinati contro tipi diversi di gladiatori che venivano considerati complementari. I Murmilli combattevano spesso contro i Traci, cos\u00ec come gli Hoplomachi e i Retiari. I Retiari (portatori di reti e tridenti) affrontavano solitamente gladiatori armati con armi pi\u00f9 convenzionali.<\/p>\n\n\n\n<p>I combattimenti erano altamente organizzati e monitorati da arbitri. Non tutti si concludevano con la morte. Spesso un combattimento terminava senza che nessuno dei due combattenti morisse \u2014 la ragione era abbastanza semplice: l&#8217;addestramento e il mantenimento di un gruppo di gladiatori erano costosi, quindi i loro padroni volevano che sopravvivessero il pi\u00f9 a lungo possibile. Nei primi anni del Colosseo, molti combattimenti finivano con la morte, ma col tempo i combattimenti divennero meno letali poich\u00e9 sostituire i gladiatori morti era costoso.<\/p>\n\n\n\n<p>C&#8217;erano altri tipi di intrattenimento violento che erano popolari nell&#8217;antica Roma, spesso associati ai gladiatori, ma che erano in realt\u00e0 separati da loro.<\/p>\n\n\n\n<h3 class=\"wp-block-heading\">Che tipo di animali combattevano i gladiatori romani?<\/h3>\n\n\n\n<p>Il fatto che i gladiatori combattessero contro bestie \u00e8 una comune idea sbagliata. Il combattimento gladiatorio era altamente regolamentato e organizzato, e i gladiatori combattevano solo contro altri esseri umani. Le bestie selvagge comparivano nell&#8217;arena, ma solitamente come parte del <em>damnatio ad bestias<\/em>, che significa letteralmente &#8220;condanna alle bestie&#8221;, in cui criminali e prigionieri di guerra venivano giustiziati pubblicamente tra le fauci e gli artigli delle bestie selvagge, oppure come parte di finte battute di caccia da parte di cacciatori professionisti. C&#8217;era un tipo di combattente che lottava contro gli animali selvatici, il <em>bestiarius<\/em>, ma non era considerato un gladiatore nel senso comune.<\/p>\n\n\n\n<h3 class=\"wp-block-heading\">Battaglie navali simulate, la Naumachia<\/h3>\n\n\n\n<p>Le <strong>Naumachia<\/strong>, battaglie navali simulate con navi vere e combattenti, erano probabilmente il pi\u00f9 spettacolare di tutti i giochi sanguinari romani. A differenza dei combattimenti gladiatori, che si svolgevano con una certa regolarit\u00e0 nelle arene di molte grandi citt\u00e0, le naumachie erano riservate per occasioni speciali, come la commemorazione del trionfo di Giulio Cesare nel 46 a.C. I partecipanti erano spesso prigionieri di guerra o criminali condannati a morte, e le battaglie erano molto pi\u00f9 sanguinarie dei combattimenti gladiatori, con tassi di mortalit\u00e0 molto pi\u00f9 elevati.<\/p>\n\n\n\n<p>Le naumachie si tenevano solitamente in arene appositamente costruite, grandi canali o laghi artificiali scavati appositamente per questo scopo, ma in alcune occasioni venivano tenute negli anfiteatri romani convenzionali. Si sa che il Colosseo romano ha ospitato <a href=\"https:\/\/www.thecolosseum.org\/it\/curiosita\/\">due battaglie navali<\/a> vicino alla data della sua inaugurazione.<\/p>\n\n\n\n<figure class=\"gb-block-image gb-block-image-a0588374\"><img decoding=\"async\" width=\"1024\" height=\"576\" class=\"gb-image gb-image-a0588374\" src=\"https:\/\/www.thecolosseum.org\/it\/wp-content\/uploads\/sites\/4\/la-naumachia-optimized-1024x576.jpg\" alt=\"Schiavi e prigionieri combattono in una Naumachia davanti all'imperatore, dipinto di Ulpiano Checa\" srcset=\"https:\/\/www.thecolosseum.org\/it\/wp-content\/uploads\/sites\/4\/la-naumachia-optimized-1024x576.jpg 1024w, https:\/\/www.thecolosseum.org\/it\/wp-content\/uploads\/sites\/4\/la-naumachia-optimized-768x432.jpg 768w, https:\/\/www.thecolosseum.org\/it\/wp-content\/uploads\/sites\/4\/la-naumachia-optimized-1280x720.jpg 1280w, https:\/\/www.thecolosseum.org\/it\/wp-content\/uploads\/sites\/4\/la-naumachia-optimized-1600x900.jpg 1600w\" sizes=\"(max-width: 1024px) 100vw, 1024px\" \/>\n<p class=\"gb-headline gb-headline-cdc0ad45 gb-headline-text\"><em>La Naumachia<\/em>, di Ulpiano Checa<\/p>\n<\/figure>\n","protected":false},"excerpt":{"rendered":"","protected":false},"author":1,"featured_media":0,"parent":0,"menu_order":4,"comment_status":"closed","ping_status":"closed","template":"","meta":{"_acf_changed":false,"footnotes":"","button_url":"https:\/\/www.tiqets.com\/it\/colosseum-l145769\/?partner=thecolosseum","ms_product_id":"","ms_product_name":"","ms_price":"","ms_currency":"","ms_rating_value":"","ms_review_count":"","rank_math_title":"Gladiatori Dell'Antica Roma: Tipi, Addestramento e Combattenti Famosi","rank_math_description":""},"post-style":[],"producer":[],"class_list":["post-34","page","type-page","status-publish","has-post-thumbnail"],"acf":[],"product_schema":{"ms_product_id":"","ms_product_name":"","ms_price":"","ms_currency":"","ms_rating_value":"","ms_review_count":""},"_links":{"self":[{"href":"https:\/\/www.thecolosseum.org\/it\/wp-json\/wp\/v2\/pages\/34","targetHints":{"allow":["GET"]}}],"collection":[{"href":"https:\/\/www.thecolosseum.org\/it\/wp-json\/wp\/v2\/pages"}],"about":[{"href":"https:\/\/www.thecolosseum.org\/it\/wp-json\/wp\/v2\/types\/page"}],"author":[{"embeddable":true,"href":"https:\/\/www.thecolosseum.org\/it\/wp-json\/wp\/v2\/users\/1"}],"replies":[{"embeddable":true,"href":"https:\/\/www.thecolosseum.org\/it\/wp-json\/wp\/v2\/comments?post=34"}],"version-history":[{"count":3,"href":"https:\/\/www.thecolosseum.org\/it\/wp-json\/wp\/v2\/pages\/34\/revisions"}],"predecessor-version":[{"id":848,"href":"https:\/\/www.thecolosseum.org\/it\/wp-json\/wp\/v2\/pages\/34\/revisions\/848"}],"wp:attachment":[{"href":"https:\/\/www.thecolosseum.org\/it\/wp-json\/wp\/v2\/media?parent=34"}],"wp:term":[{"taxonomy":"post-style","embeddable":true,"href":"https:\/\/www.thecolosseum.org\/it\/wp-json\/wp\/v2\/post-style?post=34"},{"taxonomy":"producer","embeddable":true,"href":"https:\/\/www.thecolosseum.org\/it\/wp-json\/wp\/v2\/producer?post=34"}],"curies":[{"name":"wp","href":"https:\/\/api.w.org\/{rel}","templated":true}]}}