{"id":30,"date":"2017-09-07T16:11:23","date_gmt":"2017-09-07T14:11:23","guid":{"rendered":"https:\/\/www.thecolosseum.org\/it\/?page_id=30"},"modified":"2025-01-06T11:17:53","modified_gmt":"2025-01-06T10:17:53","slug":"architettura","status":"publish","type":"page","link":"https:\/\/www.thecolosseum.org\/it\/architettura\/","title":{"rendered":"Architettura del Colosseo"},"content":{"rendered":"\n<p>Il Colosseo \u00e8 una delle pi\u00f9 grandi opere dell&#8217;architettura romana mai costruite. \u00c8 il pi\u00f9 grande anfiteatro romano del mondo e, nonostante abbia subito diversi <a href=\"https:\/\/www.thecolosseum.org\/it\/storia\/\">incendi, terremoti e altri disastri naturali<\/a>, oltre a maltrattamenti significativi da parte dell&#8217;uomo, \u00e8 ancora in piedi oggi.<\/p>\n\n\n\n<figure class=\"gb-block-image gb-block-image-9aafc24a\"><img decoding=\"async\" width=\"1024\" height=\"576\" class=\"gb-image gb-image-9aafc24a\" src=\"https:\/\/www.thecolosseum.org\/it\/wp-content\/uploads\/sites\/4\/colosseum-frombelow-optimized-1024x576.jpg\" alt=\"Il muro del Colosseo ripreso dal basso, con le colonne corinzie che si stagliano in modo evidente\" srcset=\"https:\/\/www.thecolosseum.org\/it\/wp-content\/uploads\/sites\/4\/colosseum-frombelow-optimized-1024x576.jpg 1024w, https:\/\/www.thecolosseum.org\/it\/wp-content\/uploads\/sites\/4\/colosseum-frombelow-optimized-768x432.jpg 768w, https:\/\/www.thecolosseum.org\/it\/wp-content\/uploads\/sites\/4\/colosseum-frombelow-optimized-1280x720.jpg 1280w, https:\/\/www.thecolosseum.org\/it\/wp-content\/uploads\/sites\/4\/colosseum-frombelow-optimized-1600x900.jpg 1600w\" sizes=\"(max-width: 1024px) 100vw, 1024px\" \/>\n<p class=\"gb-headline gb-headline-bc62ad20 gb-headline-text\">L&#8217;immagine mostra il terzo e quarto livello della parete esterna. Nota la decorazione in cima alle colonne, sai riconoscere che stile \u00e8?<\/p>\n<\/figure>\n\n\n\n<h2 class=\"wp-block-heading\"><strong>Costruzione del Colosseo<\/strong><\/h2>\n\n\n\n<p>Il Colosseo fu costruito tra il 70 d.C. e l&#8217;80 d.C. sotto gli imperatori Vespasiano, Tito e Domiziano, gli imperatori Flavi. Da qui il suo nome originale, l&#8217;<strong>Anfiteatro Flavio<\/strong>.<\/p>\n\n\n\n<p>Il Colosseo pu\u00f2 essere visto come un&#8217;impresa popolare avviata da Vespasiano che, almeno in parte, lo commission\u00f2 per riconquistare il favore di una cittadinanza che era inquieta e insoddisfatta dell&#8217;istituzione imperiale dopo il regno di Nerone. La pianificazione inizi\u00f2 nel 70 d.C. e la costruzione nel 72 d.C., sul sito del lago artificiale che Nerone aveva costruito come parte della Domus Aurea.<\/p>\n\n\n\n<p>Gran parte della manodopera per la costruzione dell&#8217;edificio fu fornita dagli schiavi ebrei, che erano stati presi come prigionieri dopo la prima guerra giudaico-romana.<\/p>\n\n\n\n<p>L&#8217;edificio era di forma ovale e orientato da nord-ovest a sud-est, con il suo asse principale che misurava 189 metri e il pi\u00f9 corto 156 metri. Per fare un confronto, \u00e8 quasi due volte pi\u00f9 lungo e 1,5 volte pi\u00f9 largo di un campo da calcio moderno.<\/p>\n\n\n\n<h2 class=\"wp-block-heading\"><strong>Di cosa era fatto il Colosseo?<\/strong><\/h2>\n\n\n\n<p>Il Colosseo fu costruito con circa 100.000 metri cubi di travertino, pi\u00f9 una quantit\u00e0 simile di cemento romano, mattoni e blocchi di tufo. Il travertino \u00e8 una variet\u00e0 di calcare che prende il nome da Tibur (l&#8217;attuale Tivoli), dove veniva estratto.<\/p>\n\n\n\n<p>Oltre ai diversi tipi di pietra e cemento, circa 300 tonnellate di staffe di ferro furono utilizzate per tenere insieme i grandi blocchi. Queste staffe furono saccheggiate nei secoli successivi quando il Colosseo cadde in disuso, lasciando grandi cavit\u00e0 nei muri dell&#8217;edificio che sono ancora riconoscibili oggi.<\/p>\n\n\n\n<h2 class=\"wp-block-heading\"><strong>Stile del Colosseo<\/strong><\/h2>\n\n\n\n<p>Il Colosseo fu concepito come un testamento della potenza di Roma. Al momento del suo completamento, era la struttura artificiale pi\u00f9 complessa del mondo e una delle pi\u00f9 grandi.<\/p>\n\n\n\n<p>Il travertino bianco usato come materiale principale nella sua costruzione era candido e, a quasi 50 metri di altezza (in un&#8217;epoca in cui la maggior parte degli edifici erano a un solo piano) e con una superficie di 6 acri, avrebbe brillato al sole e ispirato chiunque lo osservasse per la prima volta. Il suo effetto su un antico romano che lo vedeva per la prima volta sarebbe stato lo stesso di quello di un visitatore moderno davanti all&#8217;Empire State Building oggi.<\/p>\n\n\n\n<p>Tutti e tre gli ordini architettonici principali dell&#8217;epoca erano rappresentati:<\/p>\n\n\n\n<ul class=\"wp-block-list\">\n<li>Le colonne del piano terra erano in stile tuscanico, una variante romana dell&#8217;austero ordine dorico.<\/li>\n\n\n\n<li>Il secondo piano presentava colonne ioniche leggermente pi\u00f9 elaborate.<\/li>\n\n\n\n<li>Il terzo piano impiegava colonne corinzie pi\u00f9 decorate e intricate.<\/li>\n<\/ul>\n\n\n\n<p>Pertanto, dal basso verso l&#8217;alto, il Colosseo passava da uno stile meno complesso a uno pi\u00f9 sofisticato. Ogni semi-colonna era il punto centrale di un arco, di cui c&#8217;erano un totale di 80 che formavano il perimetro esterno dell&#8217;edificio nei primi tre piani. Questi erano i pi\u00f9 grandi al piano terra, larghi 4,2 metri e alti 7,05 metri. Nei due piani superiori avevano la stessa larghezza ma erano leggermente pi\u00f9 bassi, 6,45 metri.<\/p>\n\n\n\n<p>A differenza dei primi tre, il quarto piano non era realizzato con archi e colonne, ma piuttosto con lastre piatte, che fornivano accesso agli sforzi di pulizia di cui sappiamo essere stati decorati con incisioni e inserti di azzurrite e bronzo.<\/p>\n\n\n\n<p>Il Colosseo aveva due ingressi principali: il Porta Triumphalis a nord-ovest, come suggerisce il nome, era utilizzato per le processioni trionfali attraverso le quali entravano i gladiatori nell&#8217;arena, e il Porta Libitinaria a sud-est, dedicato alla dea romana dei funerali e della sepoltura, Libitina. Questo ingresso era usato per rimuovere i corpi di coloro che erano morti sulle sabbie dell&#8217;arena.<\/p>\n\n\n\n<figure class=\"gb-block-image gb-block-image-0fd87b40\"><img decoding=\"async\" width=\"2000\" height=\"1414\" class=\"gb-image gb-image-0fd87b40\" src=\"https:\/\/www.thecolosseum.org\/it\/wp-content\/uploads\/sites\/4\/colosseum-columns-optimized.jpg\" alt=\"Illustrazione della parte superiore dei tre tipi di colonne comuni nell'architettura romana: dorico, ionico e corinzio\" \/>\n<p class=\"gb-headline gb-headline-3abb286b gb-headline-text\">I tre ordini di colonne nell&#8217;architettura romana.<\/p>\n<\/figure>\n\n\n\n<h2 class=\"wp-block-heading\"><strong>Dentro il Colosseo<\/strong><\/h2>\n\n\n\n<p>La caratteristica pi\u00f9 distintiva del Colosseo era l&#8217;arena dove gladiatori, prigionieri, condannati e animali selvatici combattevano e morivano.<\/p>\n\n\n\n<ul class=\"wp-block-list\">\n<li>Misurava 83 metri di lunghezza e 48 metri di larghezza.<\/li>\n\n\n\n<li>Il pavimento dell&#8217;arena era fatto di pannelli di legno, coperti da uno strato di sabbia prelevata dalla vicina collina di Monte Mario.<\/li>\n\n\n\n<li>C&#8217;erano molte botole nel pavimento, utilizzate per introdurre e rimuovere elementi scenografici e per effetti speciali.<\/li>\n\n\n\n<li>Era circondata da un muro alto 3 metri che portava al primo livello di sedili.<\/li>\n<\/ul>\n\n\n\n<p>Il muro dell&#8217;arena era fatto di blocchi di pietra rossa e nera, in netto contrasto con il resto dell&#8217;edificio che era intensamente bianco, riflettendo ci\u00f2 che accadeva sul pavimento dell&#8217;arena.<\/p>\n\n\n\n<p>Attorno all&#8217;arena si trovavano le terrazze o gradinate, collettivamente note come <em>cavea<\/em>. La cavea era divisa in tre livelli che riflettevano le classi sociali della societ\u00e0 romana.<\/p>\n\n\n\n<p>Dal basso verso l&#8217;alto, <em>podium<\/em>, <em>gradatio<\/em> e <em>porticus<\/em>. I posti pi\u00f9 vicini all&#8217;arena, il podium, erano riservati ai romani di pi\u00f9 alto status, come senatori e funzionari di alto rango. Salendo pi\u00f9 in alto nella cavea, si incontravano persone di status sociale sempre pi\u00f9 basso, con il livello superiore occupato ancora da cittadini romani, ma da quelli pi\u00f9 poveri.<\/p>\n\n\n\n<p>I posti erano fatti di pietra di travertino e ogni sedile misurava circa 40 centimetri di larghezza. I partecipanti pi\u00f9 ricchi portavano cuscini da posizionare sui propri posti. Si stima che il Colosseo potesse ospitare fino a 80.000 spettatori.<\/p>\n\n\n\n<p>La cavea era divisa orizzontalmente anche dagli accessi per il pubblico; <em>scalaria<\/em>, scale che conducevano alle tribune, e <em>vomitoria<\/em>, passaggi che conducevano all&#8217;esterno. Contrariamente alla credenza popolare, i vomitoria non erano spazi per vomitare. Il nome si riferisce all&#8217;azione di far uscire rapidamente persone, spettatori, da un luogo, ma non i contenuti dei loro stomaci.<\/p>\n\n\n\n<h3 class=\"wp-block-heading\"><strong>Il Colosseo sotterraneo<\/strong><\/h3>\n\n\n\n<p>Mentre la caratteristica pi\u00f9 distintiva del Colosseo era l&#8217;arena, la sua parte pi\u00f9 importante era l&#8217;<em>ipogeo<\/em>, la sua area sotterranea.<\/p>\n\n\n\n<ul class=\"wp-block-list\">\n<li>L&#8217;ipogeo era una rete di tunnel e camere distribuiti su due livelli, dove i gladiatori e gli animali erano tenuti prima di apparire nell&#8217;arena sopra.<\/li>\n\n\n\n<li>Non faceva parte del progetto originale concepito da Vespasiano e suo figlio Tito. Fu aggiunto dopo che l&#8217;edificio era stato gi\u00e0 inaugurato nell&#8217;80 d.C. su ordine del loro successore, l&#8217;imperatore Domiziano.<\/li>\n\n\n\n<li>80 pozzi verticali collegavano l&#8217;ipogeo all&#8217;arena sopra. Gladiatori e animali potevano accedere all&#8217;arena tramite questi pozzi.<\/li>\n\n\n\n<li>Alcuni di questi pozzi incorporavano un sistema di grandi piattaforme mobili, chiamate <em>hegmata<\/em>. Queste venivano utilizzate per spostare bestie grandi come elefanti su e gi\u00f9.<\/li>\n\n\n\n<li>L&#8217;ipogeo era collegato all&#8217;esterno tramite una rete di tunnel sotterranei, come quelli che portavano ai dormitori dei gladiatori e alle vicine stalle dove gli animali venivano tenuti.<\/li>\n\n\n\n<li>Il Colosseo aveva un tunnel di accesso privato per l&#8217;imperatore, cos\u00ec che potesse entrare e uscire dall&#8217;edificio in sicurezza, evitando la folla.<\/li>\n\n\n\n<li>Con la costruzione dell&#8217;ipogeo, divenne impossibile allagare l&#8217;arena e quindi organizzare <em>naumachie<\/em> (battaglie navali simulate) nel Colosseo. Due erano state tenute prima della sua costruzione.<\/li>\n<\/ul>\n\n\n\n<figure class=\"gb-block-image gb-block-image-ecdf349a\"><img decoding=\"async\" width=\"2000\" height=\"1331\" class=\"gb-image gb-image-ecdf349a\" src=\"https:\/\/www.thecolosseum.org\/it\/wp-content\/uploads\/sites\/4\/hypogeum-optimized.jpg\" alt=\"I passaggi labirintici dell'ipogeo visti dal livello del piano terra del Colosseo.\" \/>\n<p class=\"gb-headline gb-headline-0ba70de0 gb-headline-text\">L&#8217;intrico di camere e passaggi dell&#8217;ipogeo \u00e8 ora scoperto e pu\u00f2 essere osservato dall&#8217;alto, e visitato durante i tour guidati del Colosseo.<\/p>\n<\/figure>\n\n\n\n<p><\/p>\n","protected":false},"excerpt":{"rendered":"","protected":false},"author":1,"featured_media":0,"parent":0,"menu_order":6,"comment_status":"closed","ping_status":"closed","template":"","meta":{"_acf_changed":false,"footnotes":"","button_url":"https:\/\/www.tiqets.com\/it\/colosseum-l145769\/?partner=thecolosseum","ms_product_id":"","ms_product_name":"","ms_price":"","ms_currency":"","ms_rating_value":"","ms_review_count":"","rank_math_title":"Architettura Del Colosseo Romano (Guida Design e Struttura)","rank_math_description":""},"post-style":[],"producer":[],"class_list":["post-30","page","type-page","status-publish","has-post-thumbnail"],"acf":[],"product_schema":{"ms_product_id":"","ms_product_name":"","ms_price":"","ms_currency":"","ms_rating_value":"","ms_review_count":""},"_links":{"self":[{"href":"https:\/\/www.thecolosseum.org\/it\/wp-json\/wp\/v2\/pages\/30","targetHints":{"allow":["GET"]}}],"collection":[{"href":"https:\/\/www.thecolosseum.org\/it\/wp-json\/wp\/v2\/pages"}],"about":[{"href":"https:\/\/www.thecolosseum.org\/it\/wp-json\/wp\/v2\/types\/page"}],"author":[{"embeddable":true,"href":"https:\/\/www.thecolosseum.org\/it\/wp-json\/wp\/v2\/users\/1"}],"replies":[{"embeddable":true,"href":"https:\/\/www.thecolosseum.org\/it\/wp-json\/wp\/v2\/comments?post=30"}],"version-history":[{"count":3,"href":"https:\/\/www.thecolosseum.org\/it\/wp-json\/wp\/v2\/pages\/30\/revisions"}],"predecessor-version":[{"id":850,"href":"https:\/\/www.thecolosseum.org\/it\/wp-json\/wp\/v2\/pages\/30\/revisions\/850"}],"wp:attachment":[{"href":"https:\/\/www.thecolosseum.org\/it\/wp-json\/wp\/v2\/media?parent=30"}],"wp:term":[{"taxonomy":"post-style","embeddable":true,"href":"https:\/\/www.thecolosseum.org\/it\/wp-json\/wp\/v2\/post-style?post=30"},{"taxonomy":"producer","embeddable":true,"href":"https:\/\/www.thecolosseum.org\/it\/wp-json\/wp\/v2\/producer?post=30"}],"curies":[{"name":"wp","href":"https:\/\/api.w.org\/{rel}","templated":true}]}}