{"id":25,"date":"2017-09-07T15:06:59","date_gmt":"2017-09-07T13:06:59","guid":{"rendered":"https:\/\/www.thecolosseum.org\/it\/?page_id=25"},"modified":"2025-05-28T10:49:24","modified_gmt":"2025-05-28T08:49:24","slug":"tour-del-colosseo","status":"publish","type":"page","link":"https:\/\/www.thecolosseum.org\/it\/tour-del-colosseo\/","title":{"rendered":"Tour del Colosseo"},"content":{"rendered":"\n<p>Con i suoi 2000 anni di et\u00e0, il Colosseo romano ha assistito all&#8217;ascesa e alla caduta di molte nazioni ed imperi. Come qualsiasi edificio che \u00e8 sopravvissuto quasi dai tempi di Ges\u00f9 Cristo, ha molte storie da raccontare, e quale modo migliore per ascoltarle se non da una guida locale esperta? Acquista qui i tuoi biglietti per il tour del Colosseo e vivi il Colosseo al meglio.<\/p>\n\n\n\n<figure class=\"gb-block-image gb-block-image-799b8e62\"><img decoding=\"async\" width=\"1024\" height=\"576\" class=\"gb-image gb-image-799b8e62 ms-mb-block\" src=\"https:\/\/www.thecolosseum.org\/it\/wp-content\/uploads\/sites\/4\/colosseum-inside-optimized-1-1024x576.jpg\" alt=\"The Colosseum seen from inside, with view of the arena and the hypogeum\" title=\"The Arena\" srcset=\"https:\/\/www.thecolosseum.org\/it\/wp-content\/uploads\/sites\/4\/colosseum-inside-optimized-1-1024x576.jpg 1024w, https:\/\/www.thecolosseum.org\/it\/wp-content\/uploads\/sites\/4\/colosseum-inside-optimized-1-768x432.jpg 768w, https:\/\/www.thecolosseum.org\/it\/wp-content\/uploads\/sites\/4\/colosseum-inside-optimized-1-1280x720.jpg 1280w, https:\/\/www.thecolosseum.org\/it\/wp-content\/uploads\/sites\/4\/colosseum-inside-optimized-1-1600x900.jpg 1600w\" sizes=\"(max-width: 1024px) 100vw, 1024px\" \/><\/figure>\n\n\n\n<h2 class=\"wp-block-heading\"><strong>Elenco dei tour del Colosseo e prezzi<\/strong><\/h2>\n\n\n\n<div class=\"ms-rounded ms-mb-last-child-0 ms-mb-block ms-tfs--contrast ms-p ms-tfs\">\n<h3 class=\"gb-text\">Tour del Colosseo<\/h3>\n\n\n\n<p>\ud83d\udcc5 Seleziona la data del tuo viaggio al momento del pagamento per vedere i tour disponibili e i prezzi aggiornati.<\/p>\n\n\n\n<p><em>(Tutti i tour includono l&#8217;ingresso al Colosseo, Foro Romano e Colle Palatino, con guida turistica autorizzata.)<\/em><\/p>\n\n\n\n<hr class=\"wp-block-separator has-alpha-channel-opacity\"\/>\n\n\n\n<p class=\"ms-link-unstyled\"><a href=\"https:\/\/www.tiqets.com\/it\/rome-attractions-c71631\/tickets-for-colosseum-roman-forum-guided-tour-p1111484\/?partner=thecolosseum\" rel=\"nofollow noopener\"><strong>\ud83d\udd39 Tour classico: Colosseo, Foro Romano e Colle Palatino<\/strong><\/a><\/p>\n\n\n\n<p><strong>Il tour perfetto per chi visita Roma per la prima volta.<br><\/strong>Scopri i tre siti principali con una guida dal vivo. Puoi scegliere tra tour standard, di gruppo ristretto, espresso o per famiglie.<\/p>\n\n\n\n<p>\u23f1 Durata: da 1 a 3 ore<br>\ud83d\udc65 Gruppo: 10\u201325 persone<br>\ud83c\udfa7 Lingue disponibili: inglese, tedesco, francese, italiano, spagnolo, portoghese, giapponese, coreano, cinese<\/p>\n\n\n\n<hr class=\"wp-block-separator has-alpha-channel-opacity\"\/>\n\n\n\n<p class=\"ms-link-unstyled\"><a href=\"https:\/\/www.tiqets.com\/it\/rome-attractions-c71631\/tickets-for-colosseum-arena-roman-forum-guided-tour-p1111476\/?partner=thecolosseum\" rel=\"nofollow noopener\"><strong>\ud83d\udd39 Tour con accesso all\u2019arena<\/strong><\/a><\/p>\n\n\n\n<p><strong>Vuoi camminare dove combattevano i gladiatori?<br><\/strong>Questo tour include tutto ci\u00f2 che \u00e8 compreso nel tour classico \u2014 pi\u00f9 l\u2019accesso esclusivo al piano dell\u2019arena, passando attraverso la Porta dei Gladiatori.<\/p>\n\n\n\n<p>\u23f1 Durata: da 1 a 3 ore<br>\ud83d\udc65 Gruppo: 6\u201325 persone<br>\ud83c\udfa7 Lingue disponibili: inglese, tedesco, francese, italiano, spagnolo, portoghese<\/p>\n\n\n\n<hr class=\"wp-block-separator has-alpha-channel-opacity\"\/>\n\n\n\n<p class=\"ms-link-unstyled\"><a href=\"https:\/\/www.tiqets.com\/it\/rome-attractions-c71631\/tickets-for-colosseum-arena-underground-roman-forum-guided-tour-p1111546\/?partner=thecolosseum\" rel=\"nofollow noopener\"><strong>\ud83d\udd39 Tour con accesso all\u2019arena e ai sotterranei<\/strong><\/a><\/p>\n\n\n\n<p><strong>L\u2019esperienza pi\u00f9 completa del Colosseo.<br><\/strong>Oltre all\u2019accesso all\u2019arena, scenderai nei sotterranei, dove un tempo si preparavano gladiatori e animali. Queste aree sono accessibili solo con tour guidati speciali.<\/p>\n\n\n\n<p>\u23f1 Durata: circa 3 ore<br>\ud83d\udc65 Gruppo: fino a 24 persone<br>\ud83c\udfa7 Lingue disponibili: inglese, spagnolo<\/p>\n\n\n\n<hr class=\"wp-block-separator has-alpha-channel-opacity\"\/>\n\n\n\n<p><strong>\u2728 Vuoi visitare il Vaticano e il Colosseo nello stesso giorno?<\/strong><\/p>\n\n\n\n<p>Questo biglietto combinato ti d\u00e0 accesso ai Musei Vaticani e a una seconda attrazione principale come il Colosseo \u2014 tutto in un\u2019unica prenotazione.<\/p>\n\n\n\n<p class=\"ms-link-unstyled\"><strong><a href=\"https:\/\/www.tiqets.com\/it\/rome-attractions-c71631\/tickets-for-vatican-museums-sistine-chapel-combo-tickets-p1111413\/?partner=thecolosseum\" rel=\"nofollow noopener\">\ud83d\udd37 Tour combinato: Vaticano + Colosseo<\/a><\/strong><\/p>\n\n\n\n<p>\u23f1 Durata: 4\u201310 ore<br>\ud83c\udfdb Scegli la seconda attrazione al momento della prenotazione: Colosseo, Pantheon, bus turistico hop-on hop-off o Carcere Mamertino<br>\u2705 Include ingresso salta-fila ai Musei Vaticani e alla Cappella Sistina<\/p>\n\n\n\n<hr class=\"wp-block-separator has-alpha-channel-opacity\"\/>\n\n\n\n<div class=\"ms-cta-button-options ms-mb-block ms-cta\">\n<a class=\"gb-text ms-btn ms-btn--primary ms-shadow\" href=\"https:\/\/www.tiqets.com\/it\/biglietti-colosseo-l145769\/?partner=thecolosseum&#038;offering_type=guided_tour\" rel=\"nofollow noopener\" target=\"_blank\">Tutte le opzioni di tour<\/a>\n\n\n\n<a class=\"gb-text ms-btn ms-btn--outline-primary ms-shadow\" target=\"_blank\" rel=\"noopener nofollow\" href=\"https:\/\/www.tiqets.com\/it\/colosseum-l145769\/?partner=thecolosseum\">Biglietti d\u2019ingresso per il Colosseo<\/a>\n<\/div>\n<\/div>\n\n\n\n<h3 class=\"wp-block-heading\"><strong>Colosseo, Foro Romano e Colle Palatino: Visita guidata<\/strong><\/h3>\n\n\n\n<p>Esplora il Colosseo, il Foro Romano e il Colle Palatino con una guida esperta e scopri le <a href=\"https:\/\/www.thecolosseum.org\/it\/gladiatori\/\">battaglie tra gladiatori<\/a>, gli intrighi nei palazzi romani e la storia della capitale del pi\u00f9 grande impero d\u2019Europa. Ecco una panoramica delle opzioni del tour:<\/p>\n\n\n\n<ul class=\"wp-block-list\">\n<li><strong>Tour guidato semi-privato<\/strong>: Non ami i grandi gruppi turistici? Questa opzione semi-privata ti permette di esplorare il Colosseo in modo pi\u00f9 confortevole e di goderti un&#8217;esperienza pi\u00f9 personale e interattiva con la tua guida. Disponibili con guide dal vivo in inglese, francese, italiano, portoghese e spagnolo, questi tour durano da 1,5 a 3 ore.<\/li>\n\n\n\n<li><strong>Tour guidato standard<\/strong>: Scegli tra i biglietti per gruppi fino a 30 persone. Queste visite sono disponibili in 9 lingue e durano da 1,5 a 3 ore. I biglietti si esauriscono velocemente, quindi verifica la disponibilit\u00e0 <a href=\"https:\/\/www.tiqets.com\/it\/rome-attractions-c71631\/tickets-for-colosseum-roman-forum-and-palatine-hill-guided-tour-p1106568\/?partner=thecolosseum\" target=\"_blank\" rel=\"noreferrer noopener nofollow\">qui<\/a>.<\/li>\n\n\n\n<li><strong>Tour guidato per piccoli gruppi<\/strong>: Vuoi un\u2019esperienza pi\u00f9 personale? Partecipa a un gruppo pi\u00f9 piccolo di 6 a 25 persone, con tour che durano da 1 a 3 ore. Questa opzione \u00e8 disponibile in inglese, tedesco, francese, italiano, portoghese e spagnolo.<\/li>\n<\/ul>\n\n\n\n<figure class=\"gb-block-image gb-block-image-d1105088\"><img decoding=\"async\" width=\"2000\" height=\"1300\" class=\"gb-image gb-image-d1105088\" src=\"https:\/\/www.thecolosseum.org\/it\/wp-content\/uploads\/sites\/4\/roman-forum-optimized.jpg\" alt=\"The Roman Forum seen from the top of the Palatine Hill, both are near the Colosseum\" title=\"The Roman Forum seen from the Palatine Hill\"\/>\n<p class=\"gb-headline gb-headline-6363230e gb-headline-text\">Vista del Foro Romano dal Colle Palatino. Entrambe le aree sono facilmente raggiungibili a piedi dal Colosseo.<\/p>\n<\/figure>\n\n\n\n<h3 class=\"wp-block-heading\"><strong>Colosseo, Arena, Foro Romano e Colle Palatino: Visita guidata<\/strong><\/h3>\n\n\n\n<p>Cerchi un\u2019immersione profonda nella storia dell\u2019antica Roma? Questo tour di 3 ore copre tutto. Inizia al Foro Romano, dove mercati, templi e eventi politici un tempo plasmavano l&#8217;impero. Da l\u00ec, passeggia fino al Colle Palatino, il leggendario luogo di nascita di Roma, e goditi le splendide vedute sul Foro e sul Circo Massimo. Il momento clou \u00e8 camminare sul <a href=\"https:\/\/www.thecolosseum.org\/it\/architettura\/\">pavimento dell&#8217;Arena del Colosseo<\/a>, dove una volta si battevano i gladiatori.<\/p>\n\n\n\n<p>Questo tour \u00e8 disponibile in inglese, francese, tedesco, italiano e spagnolo. Acquista il tuo biglietto <a href=\"https:\/\/www.tiqets.com\/it\/rome-attractions-c71631\/tickets-for-tour-of-the-colosseum-with-arena-floor-forum-and-palatine-hill-p1074938\/?partner=thecolosseum\" target=\"_blank\" rel=\"noreferrer noopener nofollow\">qui<\/a> per saltare le file con ingresso riservato.<\/p>\n\n\n\n<h3 class=\"wp-block-heading\"><strong>Colosseo, Sotterranei e Pavimento dell&#8217;Arena: Visita guidata<\/strong><\/h3>\n\n\n\n<p>Questo tour \u00e8 per gruppi pi\u00f9 piccoli (fino a 24 persone) e ti porter\u00e0 in aree del Colosseo raramente esplorate dal pubblico. Entrerai nei <a href=\"https:\/\/www.thecolosseum.org\/it\/architettura\/\">tunnel sotterranei<\/a>, dove una volta aspettavano gladiatori e leoni, prima di uscire sul pavimento dell&#8217;arena. \u00c8 uno sguardo affascinante dietro le quinte su come venivano organizzati i giochi. Il tour \u00e8 offerto in inglese e dura circa 3 ore.<\/p>\n\n\n\n<p>I tour dei sotterranei del Colosseo si esauriscono rapidamente durante l&#8217;alta stagione. Prenota il tuo biglietto <a href=\"https:\/\/www.tiqets.com\/it\/rome-attractions-c71631\/admission-for-colosseum-underground-with-vip-arena-access-p1016054\/?partner=thecolosseum\" target=\"_blank\" rel=\"noreferrer noopener nofollow\">here<\/a>.<\/p>\n\n\n\n<figure class=\"gb-block-image gb-block-image-6974114d\"><img decoding=\"async\" width=\"1334\" height=\"2000\" class=\"gb-image gb-image-6974114d\" src=\"https:\/\/www.thecolosseum.org\/it\/wp-content\/uploads\/sites\/4\/colosseum-undeground-optimized.jpg\" alt=\"Un passaggio sotterraneo nel Colosseo\"\/>\n<p class=\"gb-headline gb-headline-2cd54d53 gb-headline-text\">Duemila anni fa, questo tunnel veniva percorso dai gladiatori diretti all&#8217;arena per combattere fino alla morte.<\/p>\n<\/figure>\n\n\n\n<h2 class=\"wp-block-heading\"><strong>Domande frequenti sui tour guidati del Colosseo:<\/strong><\/h2>\n\n\n\n<h3 class=\"wp-block-heading\"><strong>Vale la pena fare un tour del Colosseo?<\/strong><\/h3>\n\n\n\n<p>Visitare il Colosseo da soli \u00e8 un&#8217;esperienza piacevole, ma se vuoi ottenere il massimo e conoscere meglio la storia del Colosseo (e del Foro Romano e del Colle Palatino!), un tour guidato \u00e8 la scelta migliore. Una guida esperta pu\u00f2 darti approfondimenti sull&#8217;edificio e sui suoi dintorni che non otterresti da solo.<\/p>\n\n\n\n<h3 class=\"wp-block-heading\"><strong>In quali lingue sono disponibili i tour?<\/strong><\/h3>\n\n\n\n<p>La maggior parte dei tour \u00e8 in inglese, ma alcuni sono disponibili in lingue aggiuntive come tedesco, francese, italiano, portoghese e spagnolo.<\/p>\n\n\n\n<h3 class=\"wp-block-heading\"><strong>I tour del Colosseo sono adatti ai bambini?<\/strong><\/h3>\n\n\n\n<p>Alcuni tour sono progettati appositamente per i bambini, mentre altri sono pensati per il pubblico generale. In ogni caso, il Colosseo \u00e8 piuttosto impressionante, quindi non \u00e8 difficile mantenere i bambini interessati mentre lo esplori. Tieni presente che la maggior parte dei tour \u00e8 ininterrotta, quindi i tuoi figli potrebbero stancarsi durante quelli pi\u00f9 lunghi.<\/p>\n\n\n\n<h3 class=\"wp-block-heading\"><strong>Posso saltare le file con un tour guidato?<\/strong><\/h3>\n\n\n\n<p>S\u00ec, puoi. Come tutti i visitatori, i gruppi di tour devono passare attraverso i controlli di sicurezza, ma eviterai tutte le altre file. Per ulteriori informazioni sulla visita al Colosseo, visita la nostra pagina <a href=\"https:\/\/www.thecolosseum.org\/it\/visita\/\">Visita<\/a>.<\/p>\n\n\n\n<h3 class=\"wp-block-heading\"><strong>Quanto durano i tour guidati del Colosseo?<\/strong><\/h3>\n\n\n\n<p>La maggior parte dura da un&#8217;ora e mezza a tre ore, a seconda dei siti che visiterai durante il tour, che si tratti solo del Colosseo o anche del Colle Palatino e del Foro Romano.<\/p>\n\n\n\n<h3 class=\"wp-block-heading\"><strong>Devo prenotare il tour in anticipo?<\/strong><\/h3>\n\n\n\n<p>Non \u00e8 assolutamente necessario prenotare in anticipo, ma se hai intenzione di andare all\u2019avventura, potresti scoprire che i tour nei tuoi giorni e orari preferiti sono gi\u00e0 pieni. Prenotare il tour in anticipo ti offre pi\u00f9 opzioni nella scelta della data e dell&#8217;ora, quindi non c&#8217;\u00e8 motivo per non farlo.<\/p>\n\n\n\n<h3 class=\"wp-block-heading\"><strong>C&#8217;\u00e8 qualcosa che devo portare per il mio tour?<\/strong><\/h3>\n\n\n\n<p>Porta una prova della tua prenotazione (va bene sul tuo telefono) e indossa vestiti e calzature comode per camminare. Se visiti Roma d&#8217;estate, dovresti anche portare acqua e protezione solare, perch\u00e9 il sole mediterraneo pu\u00f2 essere molto intenso.<\/p>\n","protected":false},"excerpt":{"rendered":"","protected":false},"author":1,"featured_media":0,"parent":0,"menu_order":10,"comment_status":"closed","ping_status":"closed","template":"","meta":{"_acf_changed":false,"footnotes":"","button_url":"https:\/\/www.tiqets.com\/it\/colosseum-l145769\/?partner=thecolosseum","ms_product_id":"","ms_product_name":"","ms_price":"","ms_currency":"","ms_rating_value":"","ms_review_count":"","rank_math_title":"Prenota Tour Del Colosseo Online (Ingresso Privilegiato)","rank_math_description":""},"post-style":[],"producer":[],"class_list":["post-25","page","type-page","status-publish","has-post-thumbnail"],"acf":[],"product_schema":{"ms_product_id":"","ms_product_name":"","ms_price":"","ms_currency":"","ms_rating_value":"","ms_review_count":""},"_links":{"self":[{"href":"https:\/\/www.thecolosseum.org\/it\/wp-json\/wp\/v2\/pages\/25","targetHints":{"allow":["GET"]}}],"collection":[{"href":"https:\/\/www.thecolosseum.org\/it\/wp-json\/wp\/v2\/pages"}],"about":[{"href":"https:\/\/www.thecolosseum.org\/it\/wp-json\/wp\/v2\/types\/page"}],"author":[{"embeddable":true,"href":"https:\/\/www.thecolosseum.org\/it\/wp-json\/wp\/v2\/users\/1"}],"replies":[{"embeddable":true,"href":"https:\/\/www.thecolosseum.org\/it\/wp-json\/wp\/v2\/comments?post=25"}],"version-history":[{"count":3,"href":"https:\/\/www.thecolosseum.org\/it\/wp-json\/wp\/v2\/pages\/25\/revisions"}],"predecessor-version":[{"id":1013,"href":"https:\/\/www.thecolosseum.org\/it\/wp-json\/wp\/v2\/pages\/25\/revisions\/1013"}],"wp:attachment":[{"href":"https:\/\/www.thecolosseum.org\/it\/wp-json\/wp\/v2\/media?parent=25"}],"wp:term":[{"taxonomy":"post-style","embeddable":true,"href":"https:\/\/www.thecolosseum.org\/it\/wp-json\/wp\/v2\/post-style?post=25"},{"taxonomy":"producer","embeddable":true,"href":"https:\/\/www.thecolosseum.org\/it\/wp-json\/wp\/v2\/producer?post=25"}],"curies":[{"name":"wp","href":"https:\/\/api.w.org\/{rel}","templated":true}]}}