{"id":20,"date":"2017-09-07T14:15:04","date_gmt":"2017-09-07T12:15:04","guid":{"rendered":"https:\/\/www.thecolosseum.org\/it\/?page_id=20"},"modified":"2025-01-06T11:18:01","modified_gmt":"2025-01-06T10:18:01","slug":"visita","status":"publish","type":"page","link":"https:\/\/www.thecolosseum.org\/it\/visita\/","title":{"rendered":"Visitare il Colosseo"},"content":{"rendered":"\n<p class=\"has-medium-font-size\">Il Colosseo Romano \u00e8 una delle Nuove Sette Meraviglie del Mondo e una tappa imperdibile se stai visitando la capitale d&#8217;Italia, la Citt\u00e0 Eterna.<\/p>\n\n\n\n<p>Qui sotto troverai informazioni utili per pianificare la tua visita, come gli orari di apertura, i trasporti per il Colosseo, informazioni sulla sicurezza e l&#8217;accessibilit\u00e0, e molto altro.<\/p>\n\n\n\n\n\n<figure class=\"gb-block-image gb-block-image-2c331845\"><img decoding=\"async\" width=\"1024\" height=\"576\" class=\"gb-image gb-image-2c331845\" src=\"https:\/\/www.thecolosseum.org\/it\/wp-content\/uploads\/sites\/4\/colosseum-inside-optimized-1024x576.jpg\" alt=\"Il Colosseo visto dall'interno, con i sotterranei aperti in vista\" srcset=\"https:\/\/www.thecolosseum.org\/it\/wp-content\/uploads\/sites\/4\/colosseum-inside-optimized-1024x576.jpg 1024w, https:\/\/www.thecolosseum.org\/it\/wp-content\/uploads\/sites\/4\/colosseum-inside-optimized-768x432.jpg 768w, https:\/\/www.thecolosseum.org\/it\/wp-content\/uploads\/sites\/4\/colosseum-inside-optimized-1280x720.jpg 1280w, https:\/\/www.thecolosseum.org\/it\/wp-content\/uploads\/sites\/4\/colosseum-inside-optimized-1600x900.jpg 1600w\" sizes=\"(max-width: 1024px) 100vw, 1024px\" \/>\n<p class=\"gb-headline gb-headline-0e5ef599 gb-headline-text\">Il Colosseo e l&#8217;area sotterranea, l&#8217;Ipogeo.<\/p>\n<\/figure>\n\n\n\n<h2 class=\"wp-block-heading\">Dove si trova il Colosseo?<\/h2>\n\n\n\n<p>L&#8217;indirizzo del Colosseo \u00e8 <strong>Piazza del Colosseo, 1, Roma, Italia<\/strong>.<\/p>\n\n\n\n<p>Per chi viaggia in auto, le coordinate GPS del Colosseo sono <strong>41.8902\u00b0 N, 12.4922\u00b0 E<\/strong>.<\/p>\n\n\n\n<p>Se ti trovi a Roma e hai bisogno di indicazioni per raggiungere il Colosseo, usa la seguente mappa di Google per trovare il percorso migliore dalla tua posizione attuale.<\/p>\n\n\n\n<address class=\"ms-mapblock ms-mb-block\">\n\t\n\t\t<h4>\n\t\t\tIl Colosseo\t\t<\/h2>\n\n\t\t<p class=\"ms-mb-0\">\n            <img decoding=\"async\" class=\"ms-mapblock__map ms-rounded\" src=\"https:\/\/www.thecolosseum.org\/it\/wp-content\/uploads\/sites\/4\/maps\/staticmap_41.8902102_12.4922309_14_768x432.png\" alt=\"Il Colosseo\" \/>\n\t\t<\/p>\n\n\t\t<p class=\"ms-text-sm ms-text-muted\">\n\t\t\tPiazza del Colosseo, 1, 00184 Roma RM, Italy \u00b7\n\t\t\t<a rel=\"nofollow noopener\" target=\"_blank\" href=\"https:\/\/maps.google.com\/?q=41.8902102,12.4922309\">Google Maps<\/a>\n\t\t<\/p>\n\n\t<\/address>\n\n\n<p><strong>Importante<\/strong>: Ricordati di controllare gli <a href=\"https:\/\/www.thecolosseum.org\/it\/orari-di-apertura\/\">orari di apertura<\/a> prima della tua visita, poich\u00e9 variano in base alla stagione.<\/p>\n\n\n\n<h3 class=\"wp-block-heading\">Come arrivare al Colosseo<\/h3>\n\n\n\n<p>Il Colosseo \u00e8 ben servito dalla vasta rete di trasporto pubblico di Roma. \u00c8 facilmente raggiungibile tramite metropolitana, autobus e tram. Ecco un elenco delle opzioni di trasporto pubblico per raggiungere il Colosseo da quasi ovunque a Roma:<\/p>\n\n\n\n<ul class=\"wp-block-list\">\n<li>Metro linea B, fermata Colosseo.<\/li>\n\n\n\n<li>Linee autobus 51, 75, 81, 85, 87 e 118.<\/li>\n\n\n\n<li>Tram linea 3.<\/li>\n<\/ul>\n\n\n\n<p>Se non vuoi utilizzare i mezzi pubblici, puoi anche prendere un taxi, assicurandoti che sia un taxi ufficiale con licenza.<\/p>\n\n\n\n<p>Li riconoscerai perch\u00e9 hanno il cartello \u201cTAXI\u201d sul tetto del veicolo, sono tutti bianchi e hanno il logo del Comune di Roma sul lato.<\/p>\n\n\n\n<p><strong>Assicurati anche che il taxi abbia un tassametro e che l\u2019autista lo accenda quando sali, altrimenti potresti finire per pagare molto pi\u00f9 del dovuto.<\/strong><\/p>\n\n\n\n<h2 class=\"wp-block-heading\"><strong>Cose da vedere vicino al Colosseo<\/strong><\/h2>\n\n\n\n<p>Il Colosseo \u00e8 circondato da altri monumenti belli e famosi che <a href=\"https:\/\/www.thecolosseum.org\/it\/tour-del-colosseo\/\">vale assolutamente la pena visitare<\/a>. I pi\u00f9 importanti sono:<\/p>\n\n\n\n<ul class=\"wp-block-list\">\n<li><strong>L&#8217;Arco di Costantino<\/strong>: Situato proprio accanto al Colosseo, questo trionfale arco celebra la vittoria di Costantino nella battaglia del Ponte Milvio. \u00c8 una vista imperdibile, e la parte migliore? Puoi accedervi senza biglietto.<\/li>\n\n\n\n<li><strong>Carcere Mamertino<\/strong>: Un gioiello nascosto dell&#8217;antica Roma, questa prigione sotterranea \u00e8 dove si dice che San Pietro e San Paolo furono imprigionati prima del loro martirio. \u00c8 un sito storico potente con legami profondi con il primo cristianesimo. Prenota <a href=\"https:\/\/www.tiqets.com\/it\/rome-attractions-c71631\/admission-to-mamertine-prison-colosseum-roman-forum-palatine-hill-p974875\/?partner=thecolosseum\" target=\"_blank\" rel=\"noreferrer noopener nofollow\">qui<\/a> il tuo biglietto per accedere al Carcere Mamertino e ad altri siti iconici di Roma.<\/li>\n\n\n\n<li><strong>Circo Massimo<\/strong>: Immagina i carri che tuonano intorno a questa massiccia arena, con la folla che acclama con entusiasmo. Ora \u00e8 un tranquillo parco, ma rimanendo qui, puoi quasi sentire gli echi di quelle antiche corse. All&#8217;apice dell&#8217;Impero, poteva ospitare fino a 150.000 spettatori. Per la migliore prospettiva, guardalo dal Palatino.<\/li>\n\n\n\n<li><strong>Il Colle Palatino<\/strong>: Conosciuto come il luogo di nascita di Roma, il Colle Palatino ospita i resti di molti antichi palazzi e templi. Offre una vista panoramica mozzafiato sul Foro Romano e sul Circo Massimo. L&#8217;ingresso \u00e8 incluso con i biglietti per il Colosseo.<\/li>\n\n\n\n<li><strong>Il Foro Romano <em>(Foro Romano)<\/em><\/strong>: Questo era il cuore pulsante dell&#8217;antica Roma, dove tutto accadeva \u2014 politica, religione, commercio. Passeggia tra le rovine e immagina com&#8217;era la vita 2.000 anni fa. Puoi visitarlo con lo stesso biglietto del Colosseo.<\/li>\n<\/ul>\n\n\n\n<h2 class=\"wp-block-heading\"><strong>Consigli e cose da sapere per la tua visita<\/strong><\/h2>\n\n\n\n<p>Qui di seguito alcuni consigli e altre informazioni importanti che dovresti considerare quando visiti il Colosseo:<\/p>\n\n\n\n<h3 class=\"wp-block-heading\"><strong>Sicurezza<\/strong><\/h3>\n\n\n\n<p>Come tutte le principali attrazioni turistiche, la sicurezza al Colosseo \u00e8 piuttosto rigorosa per garantire la sicurezza dei visitatori. Non \u00e8 consentito entrare nel monumento con borse grandi, valigie o zaini.<\/p>\n\n\n\n<p>Se porti il tuo zaino da viaggio o il tuo bagaglio, ti verr\u00e0 negato l&#8217;accesso. Sono consentiti borse piccole e di medie dimensioni, ma saranno controllate dalla sicurezza e dovranno passare attraverso un metal detector.<\/p>\n\n\n\n<figure class=\"gb-block-image gb-block-image-dfaf7d1f\"><img decoding=\"async\" width=\"1024\" height=\"576\" class=\"gb-image gb-image-dfaf7d1f\" src=\"https:\/\/www.thecolosseum.org\/it\/wp-content\/uploads\/sites\/4\/colosseum-security-optimized-1024x576.jpg\" alt=\"La polizia militare italiana, i Carabinieri, pattuglia a cavallo nei pressi del Colosseo\" srcset=\"https:\/\/www.thecolosseum.org\/it\/wp-content\/uploads\/sites\/4\/colosseum-security-optimized-1024x576.jpg 1024w, https:\/\/www.thecolosseum.org\/it\/wp-content\/uploads\/sites\/4\/colosseum-security-optimized-768x432.jpg 768w, https:\/\/www.thecolosseum.org\/it\/wp-content\/uploads\/sites\/4\/colosseum-security-optimized-1280x720.jpg 1280w, https:\/\/www.thecolosseum.org\/it\/wp-content\/uploads\/sites\/4\/colosseum-security-optimized-1600x900.jpg 1600w\" sizes=\"(max-width: 1024px) 100vw, 1024px\" \/>\n<p class=\"gb-headline gb-headline-0597cce6 gb-headline-text\">Forze dell\u2019ordine italiane, i Carabinieri<\/p>\n<\/figure>\n\n\n\n<h3 class=\"wp-block-heading\"><strong>Salta la fila<\/strong><\/h3>\n\n\n\n<p>A nessuno piace aspettare a lungo in fila, specialmente sotto il sole di Roma. Se prenoti i tuoi biglietti in anticipo, puoi <a href=\"https:\/\/www.thecolosseum.org\/it\/biglietti\/\">saltare la fila<\/a>, ma dovrai comunque passare attraverso i controlli di sicurezza. A seconda del periodo dell&#8217;anno, questo potrebbe richiedere da 10 minuti a un&#8217;ora.<\/p>\n\n\n\n<p>Per sfruttare al massimo la tua visita, prova ad arrivare presto\u2014intorno alle 8:30 quando il Colosseo apre\u2014o poco prima dell&#8217;orario di chiusura. Non sei una persona mattiniera? Considera l\u2019idea di partecipare a un tour guidato che spesso include l&#8217;accesso prioritario. Puoi trovare ulteriori informazioni sui nostri <a href=\"https:\/\/www.thecolosseum.org\/it\/tour-del-colosseo\/\">tour del Colosseo<\/a>.<\/p>\n\n\n\n<h3 class=\"wp-block-heading\"><strong>Il Colosseo \u00e8 accessibile per le persone disabili?<\/strong><\/h3>\n\n\n\n<p>S\u00ec, il Colosseo \u00e8 accessibile alle persone disabili. L&#8217;ingresso principale non ha scale, l&#8217;interno \u00e8 per lo pi\u00f9 pianeggiante, tranne alcune aree a causa dei vecchi ciottoli, e c&#8217;\u00e8 un ascensore che porta i visitatori al piano superiore.<\/p>\n\n\n\n<h3 class=\"wp-block-heading\"><strong>Parcheggio vicino al Colosseo<\/strong><\/h3>\n\n\n\n<p>Stai pensando di guidare fino al Colosseo? Ecco il miglior consiglio: <strong>non farlo<\/strong>. Muoversi e trovare parcheggio nel centro di Roma \u00e8 una vera sfida, specialmente se non conosci bene l&#8217;area.<\/p>\n\n\n\n<p>Risparmierai tempo, denaro e stress utilizzando i mezzi pubblici. S\u00ec, ci sono borseggiatori, ma se stai attento e tieni d&#8217;occhio i tuoi effetti personali, dovresti essere al sicuro.<\/p>\n\n\n\n<h3 class=\"wp-block-heading\"><strong>Il Colosseo ha un dress code?<\/strong><\/h3>\n\n\n\n<p>Il Colosseo non ha un codice di abbigliamento. Tuttavia, tieni presente che farai molta strada e sali scale, quindi la comodit\u00e0 \u00e8 fondamentale. Pensa a scarpe da ginnastica o sandali comodi, e abbigliamento traspirante come pantaloncini, leggings o felpe leggere.<\/p>\n\n\n\n<p>Roma pu\u00f2 essere molto soleggiata, specialmente se esplori l&#8217;area intorno al Colosseo, quindi non dimenticare la protezione solare.<\/p>\n\n\n\n<h3 class=\"wp-block-heading\"><strong>Il Colosseo \u00e8 adatto ai bambini?<\/strong><\/h3>\n\n\n\n<p>S\u00ec, il Colosseo pu\u00f2 essere un&#8217;esperienza fantastica per i bambini, ma richiede un po&#8217; di pianificazione. Se visiti durante l&#8217;estate, cerca di andare la mattina presto per evitare il caldo. Prenota un <a href=\"https:\/\/www.thecolosseum.org\/it\/tour-del-colosseo\/\">tour guidato<\/a> se possibile\u2014ti aiuta a saltare le lunghe code e a organizzare meglio la visita, il che \u00e8 particolarmente utile se hai bambini piccoli con te.<\/p>\n\n\n\n<p>Oltre a questo, dipende dal tuo bambino. Se sono interessati a storie di rovine antiche e coraggiosi gladiatori romani, probabilmente ameranno la visita. Il Colosseo prende vita, rendendolo un&#8217;esperienza divertente ed educativa per bambini curiosi.<\/p>\n\n\n\n<h3 class=\"wp-block-heading\"><strong>Qual \u00e8 il miglior modo per visitare il Colosseo?<\/strong><\/h3>\n\n\n\n<p>Il momento migliore per visitare il Colosseo \u00e8 la mattina presto, prima che si formino grandi folle, e i giorni migliori sono durante la settimana, poich\u00e9 solitamente \u00e8 meno affollato rispetto ai weekend. Tuttavia, se sei disposto a spendere un po&#8217; di pi\u00f9, un <a href=\"https:\/\/www.thecolosseum.org\/it\/tour-del-colosseo\/\">tour notturno<\/a> \u00e8 probabilmente il modo pi\u00f9 interessante di visitarlo. Tieni presente che il tour notturno non include un biglietto combinato per il Foro Romano e il Palatino come farebbe un normale biglietto del Colosseo, quindi, se vuoi vedere anche quei monumenti, dovrai visitarli separatamente.<\/p>\n","protected":false},"excerpt":{"rendered":"","protected":false},"author":1,"featured_media":0,"parent":0,"menu_order":8,"comment_status":"closed","ping_status":"closed","template":"","meta":{"_acf_changed":false,"footnotes":"","button_url":"https:\/\/www.tiqets.com\/it\/colosseum-l145769\/?partner=thecolosseum","ms_product_id":"","ms_product_name":"","ms_price":"","ms_currency":"","ms_rating_value":"","ms_review_count":"","rank_math_title":"Visitare il Colosseo: Orari, Come Arrivare e Consigli Utili","rank_math_description":""},"post-style":[],"producer":[],"class_list":["post-20","page","type-page","status-publish","has-post-thumbnail"],"acf":[],"product_schema":{"ms_product_id":"","ms_product_name":"","ms_price":"","ms_currency":"","ms_rating_value":"","ms_review_count":""},"_links":{"self":[{"href":"https:\/\/www.thecolosseum.org\/it\/wp-json\/wp\/v2\/pages\/20","targetHints":{"allow":["GET"]}}],"collection":[{"href":"https:\/\/www.thecolosseum.org\/it\/wp-json\/wp\/v2\/pages"}],"about":[{"href":"https:\/\/www.thecolosseum.org\/it\/wp-json\/wp\/v2\/types\/page"}],"author":[{"embeddable":true,"href":"https:\/\/www.thecolosseum.org\/it\/wp-json\/wp\/v2\/users\/1"}],"replies":[{"embeddable":true,"href":"https:\/\/www.thecolosseum.org\/it\/wp-json\/wp\/v2\/comments?post=20"}],"version-history":[{"count":3,"href":"https:\/\/www.thecolosseum.org\/it\/wp-json\/wp\/v2\/pages\/20\/revisions"}],"predecessor-version":[{"id":853,"href":"https:\/\/www.thecolosseum.org\/it\/wp-json\/wp\/v2\/pages\/20\/revisions\/853"}],"wp:attachment":[{"href":"https:\/\/www.thecolosseum.org\/it\/wp-json\/wp\/v2\/media?parent=20"}],"wp:term":[{"taxonomy":"post-style","embeddable":true,"href":"https:\/\/www.thecolosseum.org\/it\/wp-json\/wp\/v2\/post-style?post=20"},{"taxonomy":"producer","embeddable":true,"href":"https:\/\/www.thecolosseum.org\/it\/wp-json\/wp\/v2\/producer?post=20"}],"curies":[{"name":"wp","href":"https:\/\/api.w.org\/{rel}","templated":true}]}}