{"id":17,"date":"2017-09-07T13:54:37","date_gmt":"2017-09-07T11:54:37","guid":{"rendered":"https:\/\/www.thecolosseum.org\/it\/?page_id=17"},"modified":"2025-01-06T11:18:07","modified_gmt":"2025-01-06T10:18:07","slug":"curiosita","status":"publish","type":"page","link":"https:\/\/www.thecolosseum.org\/it\/curiosita\/","title":{"rendered":"24 Fatti sul Colosseo"},"content":{"rendered":"\n<p>Con quasi duemila anni di storia, c&#8217;\u00e8 molto da sapere sul Colosseo romano. L&#8217;arena ha ospitato sanguinose battaglie tra gladiatori, epiche cacce in cui gli uomini combattevano contro animali selvaggi e terribili esecuzioni di prigionieri di guerra e criminali. Se stai per visitare il Colosseo e vuoi impressionare i tuoi amici e la tua famiglia, qui troverai molti fatti interessanti sul Colosseo romano.<\/p>\n\n\n<figure>\n                    <div class=\"ms-credits\"><img decoding=\"async\" width=\"1024\" height=\"576\" class=\"gb-image gb-image-3c5abe2c ms-mb-block\" src=\"https:\/\/www.thecolosseum.org\/it\/wp-content\/uploads\/sites\/4\/Colosseum-optimized-1-1024x576.jpg\" alt=\"Il Colosseo di giorno, con i turisti che si radunano per visitarlo\" srcset=\"https:\/\/www.thecolosseum.org\/it\/wp-content\/uploads\/sites\/4\/Colosseum-optimized-1-1024x576.jpg 1024w, https:\/\/www.thecolosseum.org\/it\/wp-content\/uploads\/sites\/4\/Colosseum-optimized-1-768x432.jpg 768w, https:\/\/www.thecolosseum.org\/it\/wp-content\/uploads\/sites\/4\/Colosseum-optimized-1-1280x720.jpg 1280w, https:\/\/www.thecolosseum.org\/it\/wp-content\/uploads\/sites\/4\/Colosseum-optimized-1-1600x900.jpg 1600w\" sizes=\"(max-width: 1024px) 100vw, 1024px\"><span class='ms-credits__info' id='media18'><svg xmlns=\"http:\/\/www.w3.org\/2000\/svg\" width=\"20\" height=\"22\" fill=\"#000000\" viewBox=\"0 0 256 256\"><path d=\"M128,24A104,104,0,1,0,232,128,104.11,104.11,0,0,0,128,24Zm0,192a88,88,0,1,1,88-88A88.1,88.1,0,0,1,128,216ZM96,128a32,32,0,0,0,57.6,19.2,8,8,0,0,1,12.8,9.61,48,48,0,1,1,0-57.62,8,8,0,0,1-12.8,9.61A32,32,0,0,0,96,128Z\"><\/path><\/svg>scaliger\/<a href=https:\/\/depositphotos.com\/photo\/colosseum-in-rome-28907987.html rel='nofollow' target='_blank'>Depositphotos<\/a><\/span><span class='ms-credits__btn' id='btn_media18' onclick='ms_credits_trigger(\"#media18\", this)'><svg xmlns=\"http:\/\/www.w3.org\/2000\/svg\" class=\"info_icon\" width=\"28\" height=\"28\" fill=\"#FFF\" viewBox=\"0 0 256 256\"><path d=\"M128,24A104,104,0,1,0,232,128,104.11,104.11,0,0,0,128,24Zm0,192a88,88,0,1,1,88-88A88.1,88.1,0,0,1,128,216Zm16-40a8,8,0,0,1-8,8,16,16,0,0,1-16-16V128a8,8,0,0,1,0-16,16,16,0,0,1,16,16v40A8,8,0,0,1,144,176ZM112,84a12,12,0,1,1,12,12A12,12,0,0,1,112,84Z\"><\/path><\/svg><svg xmlns=\"http:\/\/www.w3.org\/2000\/svg\" class=\"close_icon\" width=\"28\" height=\"28\" fill=\"#FFF\" viewBox=\"0 0 256 256\"><path d=\"M165.66,101.66,139.31,128l26.35,26.34a8,8,0,0,1-11.32,11.32L128,139.31l-26.34,26.35a8,8,0,0,1-11.32-11.32L116.69,128,90.34,101.66a8,8,0,0,1,11.32-11.32L128,116.69l26.34-26.35a8,8,0,0,1,11.32,11.32ZM232,128A104,104,0,1,1,128,24,104.11,104.11,0,0,1,232,128Zm-16,0a88,88,0,1,0-88,88A88.1,88.1,0,0,0,216,128Z\"><\/path><\/svg><\/span><\/div><\/figure>\n\n\n<h3 class=\"wp-block-heading\"><strong>Quando \u00e8 stato costruito il Colosseo?<\/strong><\/h3>\n\n\n\n<p>La costruzione del Colosseo inizi\u00f2 nel 72 d.C. e fu completata nell&#8217;80 d.C.<\/p>\n\n\n\n<h3 class=\"wp-block-heading\"><strong>Chi ha costruito il Colosseo?<\/strong><\/h3>\n\n\n\n<p>Il Colosseo fu iniziato sotto l&#8217;Imperatore Vespasiano, ma egli mor\u00ec prima che fosse completato. La costruzione fu completata sotto i suoi due figli, gli Imperatori Tito e Domiziano. La costruzione vera e propria fu realizzata in gran parte da schiavi ebrei, supervisionati da ingegneri e artigiani romani.<\/p>\n\n\n\n<h3 class=\"wp-block-heading\"><strong>Quante persone hanno partecipato alla sua costruzione?<\/strong><\/h3>\n\n\n\n<p>Dopo aver vinto la prima guerra giudaico-romana, il Tempio ebraico di Gerusalemme fu saccheggiato e molti degli abitanti della provincia furono ridotti in schiavit\u00f9. Furono trasportati a Roma ed \u00e8 stimato che tra 60.000 e 100.000 persone furono impiegate nella costruzione del Colosseo.<\/p>\n\n\n\n<h3 class=\"wp-block-heading\"><strong>Quanti anni ha il Colosseo?<\/strong><\/h3>\n\n\n\n<p>La costruzione del Colosseo fu completata nell&#8217;80 d.C., il che rende l&#8217;edificio vecchio di 1.937 anni.<\/p>\n\n\n\n<h3 class=\"wp-block-heading\"><strong>Perch\u00e9 \u00e8 stato costruito il Colosseo?<\/strong><\/h3>\n\n\n\n<p>Dopo il grande incendio del 64 d.C., in cui una parte sostanziale della citt\u00e0 fu distrutta, l&#8217;Imperatore Nerone ordin\u00f2 la costruzione di un magnifico palazzo per s\u00e9 nell&#8217;area devastata. Il palazzo era la Domus Aurea (che oggi \u00e8 in fase di scavo e pu\u00f2 essere visitata). Inutile dire che i cittadini di Roma non erano contenti di questo, quindi quando Nerone fu deposto e l&#8217;Imperatore Vespasiano sal\u00ec al trono, fece demolire il complesso del palazzo di Nerone e ordin\u00f2 che il Colosseo fosse costruito sopra quello che era stato un lago artificiale. Il Colosseo doveva diventare un grande anfiteatro dove tutti i cittadini romani potessero cercare intrattenimento.<\/p>\n\n\n\n<h3 class=\"wp-block-heading\"><strong>Cosa significa il nome &#8220;Colosseo&#8221;?<\/strong><\/h3>\n\n\n\n<p>Il Colosseo era originariamente conosciuto come Anfiteatro Flavio, perch\u00e9 fu costruito dagli Imperatori Vespasiano, Tito e Domiziano, successori di Nerone della dinastia Flavia. Il nome &#8220;Colosseo&#8221; probabilmente deriva dalla colossale statua di bronzo dell&#8217;Imperatore Nerone che una volta si trovava accanto all&#8217;edificio. Questa statua era modellata sul Colosso di Rodi.<\/p>\n\n\n\n<figure class=\"gb-block-image gb-block-image-c2ba4160\"><img decoding=\"async\" width=\"759\" height=\"960\" class=\"gb-image gb-image-c2ba4160\" src=\"https:\/\/www.thecolosseum.org\/it\/wp-content\/uploads\/sites\/4\/Vespasian-optimized.jpg\" alt=\"Busto in pietra dell'imperatore Vespasiano, costruttore del Colosseo.\" \/>\n<p class=\"gb-headline gb-headline-9a845476 gb-headline-text\">L&#8217;Imperatore Vespasiano fu il primo della dinastia Flavia. Fu lui a commissionare la costruzione del Colosseo.<\/p>\n<\/figure>\n\n\n\n<h3 class=\"wp-block-heading\"><strong>Quanto \u00e8 grande il Colosseo?<\/strong><\/h3>\n\n\n\n<p>Il Colosseo ha una forma ovale. \u00c8 lungo 189 metri, largo 156 metri e alto 48,5 metri. L&#8217;intero edificio ha una superficie di 6 acri.<\/p>\n\n\n\n<h3 class=\"wp-block-heading\"><strong>Quanti archi ha il Colosseo?<\/strong><\/h3>\n\n\n\n<p>Le mura esterne del Colosseo sono coperte da tre livelli di colonne doriche, ioniche e corinzie, e ogni livello ha 80 archi. Di questi, 76 sono numerati con numeri romani, ancora visibili in alcuni punti. Servivano come guide per aiutare i cittadini a trovare i loro posti. Dei 80 archi che formavano la parete esterna al livello del suolo, solo 31 rimangono intatti. Sono quelli che i visitatori vedono oggi.<\/p>\n\n\n\n<h3 class=\"wp-block-heading\"><strong>Di quale materiale \u00e8 costruito il Colosseo?<\/strong><\/h3>\n\n\n\n<p>Il Colosseo \u00e8 stato costruito con circa 100.000 metri cubi di pietra travertino, estratti nelle cave di Tivoli, a 20 miglia di distanza. Le pietre erano tenute insieme da migliaia di morsetti di ferro.<\/p>\n\n\n\n<h3 class=\"wp-block-heading\"><strong>Cosa c&#8217;\u00e8 sotto il Colosseo?<\/strong><\/h3>\n\n\n\n<p>L&#8217;<a href=\"https:\/\/www.thecolosseum.org\/it\/architettura\/\">Ipogeo del Colosseo<\/a> \u2014 che si traduce in &#8220;sotterraneo&#8221;. L&#8217;ipogeo era una rete elaborata di tunnel e camere dove venivano tenuti i gladiatori, gli animali e i prigionieri prima di entrare nell&#8217;arena. C&#8217;erano 80 pozzi verticali per accedere all&#8217;arena dall&#8217;ipogeo, cos\u00ec come un&#8217;ampia rete di botole da cui elementi scenografici potevano essere schierati durante gli spettacoli.<\/p>\n\n\n\n<h3 class=\"wp-block-heading\"><strong>Quanti spettatori poteva contenere il Colosseo?<\/strong><\/h3>\n\n\n\n<p>Il Colosseo poteva ospitare tra i 50.000 e gli 80.000 spettatori.<\/p>\n\n\n\n<h3 class=\"wp-block-heading\"><strong>Quante persone sono morte nel Colosseo?<\/strong><\/h3>\n\n\n\n<p>Non \u00e8 possibile saperlo con certezza, ma si crede che fino a 400.000 persone, tra gladiatori, schiavi, condannati, prigionieri e molti altri intrattenitori, siano perite nel Colosseo nei circa 350 anni in cui fu utilizzato per gli spettacoli di sangue e sport umani.<\/p>\n\n\n\n<h3 class=\"wp-block-heading\"><strong>Quali animali venivano utilizzati nel Colosseo?<\/strong><\/h3>\n\n\n\n<p>Molte specie di animali venivano utilizzate nel Colosseo. Alcuni in cacce organizzate, in cui uomini armati e addestrati li abbattevano, altri come &#8220;esecutori&#8221; di persone condannate a morire nell&#8217;arena. Leoni, tigri, lupi, orsi, leopardi, tori selvatici, elefanti, iene, bufali, ippopotami, coccodrilli e giraffe sono stati tutti visti nel Colosseo in un momento o nell&#8217;altro.<\/p>\n\n\n\n<h3 class=\"wp-block-heading\"><strong>Quanti animali sono stati uccisi nel Colosseo?<\/strong><\/h3>\n\n\n\n<p>\u00c8 impossibile saperlo esattamente, ma sulla base di racconti che descrivono le cacce e gli spettacoli e di stime sul numero di eventi tenuti, si crede che il numero sia nell&#8217;ordine dei milioni. Questo non \u00e8 confermato, ma si dice che il Colosseo sia stato responsabile dell&#8217;eradicazione di alcune specie di animali dalle regioni vicine.<\/p>\n\n\n\n<h3 class=\"wp-block-heading\"><strong>Che tipo di spettacoli si svolgevano nel Colosseo?<\/strong><\/h3>\n\n\n\n<p>Gli spettacoli pi\u00f9 comuni e pi\u00f9 conosciuti erano i combattimenti tra gladiatori. Il Colosseo ospitava anche cacce, esecuzioni (alcune da parte di bestie feroci, la famosa <em>damnatio ad bestias<\/em>) e, proprio all&#8217;inizio, alcune <em>Naumachie<\/em> \u2014 battaglie navali organizzate per le quali il Colosseo veniva allagato.<\/p>\n\n\n\n<h3 class=\"wp-block-heading\"><strong>Le lotte tra gladiatori erano cos\u00ec sanguinose come si crede?<\/strong><\/h3>\n\n\n\n<p>Contrariamente all&#8217;idea popolare di un bagno di sangue generale, i <a href=\"https:\/\/www.thecolosseum.org\/it\/gladiatori\/\">combattimenti tra gladiatori<\/a> erano piuttosto simili agli incontri di boxe contemporanei: i combattenti erano divisi in classi in base alla taglia e allo stile di combattimento, c&#8217;erano arbitri e medici che monitoravano i combattimenti, e spesso le lotte non finivano con la morte. I match venivano decisi in base all&#8217;esperienza, al record e allo stile dei combattenti, e i gladiatori di successo potevano diventare famosi. Alcuni gladiatori avevano carriere lunghe durante le quali perdevano molte battaglie senza morire. Tuttavia, questo non significa che fossero privi di sangue; erano semplicemente meno caotici di quanto si immagini comunemente. Un gran numero di gladiatori, per\u00f2, mor\u00ec nell&#8217;arena.<\/p>\n\n\n\n<h3 class=\"wp-block-heading\"><strong>I cristiani furono martirizzati nel Colosseo?<\/strong><\/h3>\n\n\n\n<p>Migliaia di persone morirono nel Colosseo nel corso degli anni, e alcune di loro erano senza dubbio cristiane. Tuttavia, non esistono prove storiche conclusive che supportino la connessione tra le storie dei martiri cristiani e il Colosseo.<\/p>\n\n\n\n<h3 class=\"wp-block-heading\"><strong>Gli eventi raffigurati nel film <em>Il gladiatore<\/em> si sono realmente verificati?<\/strong><\/h3>\n\n\n\n<p>S\u00ec e no. Commodo era un vero imperatore romano, noto per essere un fan degli spettacoli gladiatori e dei combattimenti sanguinosi in generale, tanto che talvolta entrava lui stesso nell&#8217;arena per combattere. Tuttavia, quando combatteva, lo faceva contro avversari menomati o incapacitati, oppure contro animali predatori che non potevano fargli male. Era considerato un sadico e questi spettacoli gli procurarono molta antipatia da parte dei cittadini romani, contribuendo al suo eventuale rovesciamento. Tuttavia, non mor\u00ec combattendo un gladiatore eroico come nel film.<\/p>\n\n\n\n<h3 class=\"wp-block-heading\"><strong>I gladiatori erano schiavi?<\/strong><\/h3>\n\n\n\n<p>Non ufficialmente, ma nella pratica lo erano di fatto. Appartenevano alla classe degli <em>infames<\/em> e, diventando gladiatori (sia per scelta che come punizione per un crimine), venivano privati di tutti i loro diritti e diventavano propriet\u00e0 dei loro padroni, perdendo la loro vita.<\/p>\n\n\n\n<h3 class=\"wp-block-heading\"><strong>Quando fu l&#8217;ultima volta che il Colosseo ospit\u00f2 combattimenti?<\/strong><\/h3>\n\n\n\n<p>La data esatta non \u00e8 nota, ma gli <a href=\"https:\/\/www.thecolosseum.org\/it\/storia\/\">ultimi record di battaglie tra gladiatori risalgono all&#8217;anno 435<\/a>. Il Colosseo veniva ancora utilizzato per le cacce dopo la cessazione dei combattimenti tra gladiatori, che continuarono per circa un altro secolo.<\/p>\n\n\n\n<h3 class=\"wp-block-heading\"><strong>Perch\u00e9 i combattimenti tra gladiatori finirono?<\/strong><\/h3>\n\n\n\n<p>Contrariamente alla credenza popolare, i combattimenti tra gladiatori non cessarono a causa del passaggio dell&#8217;Impero al cristianesimo. Piuttosto, fu il costo a essere il fattore determinante. Il Colosseo era gi\u00e0 in uno stato di declino entro il V secolo, l&#8217;Impero Romano era in grave declino e le risorse necessarie per mantenere l&#8217;edificio, pagare i gladiatori e fornire animali selvatici erano difficili da reperire.<\/p>\n\n\n\n<h3 class=\"wp-block-heading\"><strong>Quali catastrofi ha subito il Colosseo?<\/strong><\/h3>\n\n\n\n<p>Il Colosseo ha subito grandi incendi almeno tre volte nel corso della sua <a href=\"https:\/\/www.thecolosseum.org\/it\/storia\/\">storia<\/a> e ha subito almeno 4 terremoti. Questi eventi hanno danneggiato gravemente l&#8217;edificio, che \u00e8 stato riparato e ricostruito molte volte nei suoi duemila anni di esistenza.<\/p>\n\n\n\n<h3 class=\"wp-block-heading\"><strong>Per cosa \u00e8 stato utilizzato il Colosseo oltre che come arena?<\/strong><\/h3>\n\n\n\n<p>Dopo aver smesso di essere utilizzato come arena per combattimenti e cacce, il Colosseo \u00e8 stato usato come cimitero, luogo di culto, abitazioni per i poveri, laboratori per artigiani e commercianti, sede di un ordine religioso, castello fortificato, e pi\u00f9 recentemente come attrazione turistica.<\/p>\n\n\n\n<h3 class=\"wp-block-heading\"><strong>Quante persone visitano il Colosseo ogni anno?<\/strong><\/h3>\n\n\n\n<p>Il Colosseo attira oltre 7 milioni di visitatori all&#8217;anno, rendendolo uno dei monumenti pi\u00f9 visitati al mondo. Questo numero \u00e8 aumentato significativamente negli ultimi anni con il ritorno del turismo dopo la pandemia.<\/p>\n","protected":false},"excerpt":{"rendered":"","protected":false},"author":1,"featured_media":0,"parent":0,"menu_order":9,"comment_status":"closed","ping_status":"closed","template":"","meta":{"_acf_changed":false,"footnotes":"","button_url":"https:\/\/www.tiqets.com\/it\/colosseum-l145769\/?partner=thecolosseum","ms_product_id":"","ms_product_name":"","ms_price":"","ms_currency":"","ms_rating_value":"","ms_review_count":"","rank_math_title":"24 Curiosit\u00e0 Sorprendenti sul Colosseo Romano (Foto)","rank_math_description":""},"post-style":[],"producer":[],"class_list":["post-17","page","type-page","status-publish","has-post-thumbnail"],"acf":[],"product_schema":{"ms_product_id":"","ms_product_name":"","ms_price":"","ms_currency":"","ms_rating_value":"","ms_review_count":""},"_links":{"self":[{"href":"https:\/\/www.thecolosseum.org\/it\/wp-json\/wp\/v2\/pages\/17","targetHints":{"allow":["GET"]}}],"collection":[{"href":"https:\/\/www.thecolosseum.org\/it\/wp-json\/wp\/v2\/pages"}],"about":[{"href":"https:\/\/www.thecolosseum.org\/it\/wp-json\/wp\/v2\/types\/page"}],"author":[{"embeddable":true,"href":"https:\/\/www.thecolosseum.org\/it\/wp-json\/wp\/v2\/users\/1"}],"replies":[{"embeddable":true,"href":"https:\/\/www.thecolosseum.org\/it\/wp-json\/wp\/v2\/comments?post=17"}],"version-history":[{"count":3,"href":"https:\/\/www.thecolosseum.org\/it\/wp-json\/wp\/v2\/pages\/17\/revisions"}],"predecessor-version":[{"id":854,"href":"https:\/\/www.thecolosseum.org\/it\/wp-json\/wp\/v2\/pages\/17\/revisions\/854"}],"wp:attachment":[{"href":"https:\/\/www.thecolosseum.org\/it\/wp-json\/wp\/v2\/media?parent=17"}],"wp:term":[{"taxonomy":"post-style","embeddable":true,"href":"https:\/\/www.thecolosseum.org\/it\/wp-json\/wp\/v2\/post-style?post=17"},{"taxonomy":"producer","embeddable":true,"href":"https:\/\/www.thecolosseum.org\/it\/wp-json\/wp\/v2\/producer?post=17"}],"curies":[{"name":"wp","href":"https:\/\/api.w.org\/{rel}","templated":true}]}}