{"id":110,"date":"2018-06-12T11:23:02","date_gmt":"2018-06-12T09:23:02","guid":{"rendered":"https:\/\/www.thecolosseum.org\/it\/?page_id=110"},"modified":"2025-01-06T11:17:40","modified_gmt":"2025-01-06T10:17:40","slug":"orari-di-apertura","status":"publish","type":"page","link":"https:\/\/www.thecolosseum.org\/it\/orari-di-apertura\/","title":{"rendered":"Orari di Apertura"},"content":{"rendered":"\n<p>Il Colosseo \u00e8 aperto tutto l&#8217;anno dalle 8:30 fino a un&#8217;ora prima del tramonto. Questo significa che gli orari di apertura variano leggermente durante l&#8217;anno. La tabella seguente riporta gli orari attuali:<\/p>\n\n\n<div class=\"ms-table\"><table><tr><th>Data<\/th><th>Orari di apertura<\/th><\/tr><tr><td>2 gennaio \u2013 29 marzo<\/td><td>08:30 \u2013 16:30<\/td><\/tr><tr><td>30 marzo \u2013 30 settembre<\/td><td>08:30 \u2013 19:15<\/td><\/tr><tr><td>1 ottobre \u2013 25 ottobre<\/td><td>08:30 \u2013 18:30<\/td><\/tr><tr><td>26 ottobre 2025 \u2013 28 febbraio 2026<\/td><td>08:30 \u2013 16:30<\/td><\/tr><\/table><\/div>\n\n\n\n<p><strong>Note aggiuntive:<\/strong><\/p>\n\n\n\n<ul class=\"wp-block-list\">\n<li>L&#8217;area del Foro Romano-Palatino apre alle 9:00 del mattino.<\/li>\n\n\n\n<li>L&#8217;ultimo ingresso \u00e8 un&#8217;ora prima della chiusura. Se avete intenzione di visitarlo pi\u00f9 tardi, assicuratevi di acquistare i biglietti in anticipo, altrimenti non riuscirete a entrare.<\/li>\n<\/ul>\n\n\n\n<h3 class=\"wp-block-heading\"><strong>Quando \u00e8 chiuso il Colosseo?<\/strong><\/h3>\n\n\n\n<p>Il Colosseo \u00e8 chiuso due giorni all&#8217;anno: Il 25 dicembre e il 1\u00b0 gennaio.<\/p>\n\n\n\n<h3 class=\"wp-block-heading\"><strong>Il Colosseo \u00e8 aperto la domenica e il luned\u00ec?<\/strong><\/h3>\n\n\n\n<p>Potresti aver sentito dire che alcuni monumenti e attrazioni a Roma sono chiusi la domenica e\/o il luned\u00ec, ma non \u00e8 il caso del Colosseo. A parte alcune festivit\u00e0 segnalate, \u00e8 aperto 7 giorni su 7.<\/p>\n\n\n\n<h3 class=\"wp-block-heading\"><strong>Ho sentito dire che \u00e8 possibile visitare il Colosseo di notte, \u00e8 vero?<\/strong><\/h3>\n\n\n\n<p>S\u00ec, puoi <a href=\"https:\/\/www.thecolosseum.org\/it\/tour-del-colosseo\/\">visitare il Colosseo di notte<\/a>. Ci sono visite guidate che ti porteranno all&#8217;interno dell&#8217;edificio, tra gli spalti e nei sotterranei.<\/p>\n\n\n\n<p>Questa opzione \u00e8 fantastica perch\u00e9 il Colosseo \u00e8 spettacolare tutto illuminato di notte, e avrai l&#8217;opportunit\u00e0 di viverlo senza le grandi folle che sono comuni durante il giorno. Dai un&#8217;occhiata alla nostra pagina <a href=\"https:\/\/www.thecolosseum.org\/it\/tour-del-colosseo\/\">tour del Colosseo<\/a> per saperne di pi\u00f9!<\/p>\n","protected":false},"excerpt":{"rendered":"","protected":false},"author":1,"featured_media":0,"parent":0,"menu_order":3,"comment_status":"closed","ping_status":"closed","template":"","meta":{"_acf_changed":false,"footnotes":""},"post-style":[],"producer":[],"class_list":["post-110","page","type-page","status-publish"],"acf":[],"_links":{"self":[{"href":"https:\/\/www.thecolosseum.org\/it\/wp-json\/wp\/v2\/pages\/110","targetHints":{"allow":["GET"]}}],"collection":[{"href":"https:\/\/www.thecolosseum.org\/it\/wp-json\/wp\/v2\/pages"}],"about":[{"href":"https:\/\/www.thecolosseum.org\/it\/wp-json\/wp\/v2\/types\/page"}],"author":[{"embeddable":true,"href":"https:\/\/www.thecolosseum.org\/it\/wp-json\/wp\/v2\/users\/1"}],"replies":[{"embeddable":true,"href":"https:\/\/www.thecolosseum.org\/it\/wp-json\/wp\/v2\/comments?post=110"}],"version-history":[{"count":3,"href":"https:\/\/www.thecolosseum.org\/it\/wp-json\/wp\/v2\/pages\/110\/revisions"}],"predecessor-version":[{"id":847,"href":"https:\/\/www.thecolosseum.org\/it\/wp-json\/wp\/v2\/pages\/110\/revisions\/847"}],"wp:attachment":[{"href":"https:\/\/www.thecolosseum.org\/it\/wp-json\/wp\/v2\/media?parent=110"}],"wp:term":[{"taxonomy":"post-style","embeddable":true,"href":"https:\/\/www.thecolosseum.org\/it\/wp-json\/wp\/v2\/post-style?post=110"},{"taxonomy":"producer","embeddable":true,"href":"https:\/\/www.thecolosseum.org\/it\/wp-json\/wp\/v2\/producer?post=110"}],"curies":[{"name":"wp","href":"https:\/\/api.w.org\/{rel}","templated":true}]}}