{"id":70,"date":"2017-09-11T17:35:01","date_gmt":"2017-09-11T15:35:01","guid":{"rendered":"https:\/\/www.thecolosseum.org\/fr\/?page_id=70"},"modified":"2025-10-09T14:58:10","modified_gmt":"2025-10-09T12:58:10","slug":"histoire","status":"publish","type":"page","link":"https:\/\/www.thecolosseum.org\/fr\/histoire\/","title":{"rendered":"Histoire du Colis\u00e9e"},"content":{"rendered":"\n<p>Le Colis\u00e9e romain a une longue et riche histoire. Des moments o\u00f9 il \u00e9tait utilis\u00e9 comme ar\u00e8ne de gladiateurs et pour des chasses simul\u00e9es avec des milliers de b\u00eates sauvages, jusqu\u2019\u00e0 aujourd&rsquo;hui, il a vu l\u2019Empire romain atteindre son apog\u00e9e\u2026 et ensuite d\u00e9cliner puis dispara\u00eetre. On estime que jusqu\u2019\u00e0 400 000 personnes ont trouv\u00e9 la mort sur le sable de l\u2019ar\u00e8ne, tout comme un million d&rsquo;animaux sauvages de nombreuses esp\u00e8ces diff\u00e9rentes.<\/p>\n\n\n<div class=\"gb-container gb-container-c04800c2 ms-timeline-list\">\n<div class=\"gb-container gb-container-63c48ce4 ms-timeline-item\">\n\n<p class=\"gb-headline gb-headline-7e31b22a gb-headline-text ms-timeline-item__time\"><strong>72 apr\u00e8s J.-C.<\/strong><\/p>\n\n\n\n<p class=\"gb-headline gb-headline-4041ccdf gb-headline-text\">La construction de l\u2019Amphith\u00e9\u00e2tre Flavien commence sous l\u2019empereur Vespasien. Vespasien voyait le Colis\u00e9e comme un cadeau au peuple de Rome \u2014 qui \u00e9tait m\u00e9content apr\u00e8s le r\u00e8gne d\u00e9sastreux de l\u2019empereur N\u00e9ron.<\/p>\n\n<\/div>\n\n<div class=\"gb-container gb-container-6fbaeb8d ms-timeline-item\">\n\n<p class=\"gb-headline gb-headline-12aaa73c gb-headline-text ms-timeline-item__time\"><strong>80 apr\u00e8s J.-C.<\/strong><\/p>\n\n\n\n<p class=\"gb-headline gb-headline-a97b44c4 gb-headline-text\">Titus, le fils de Vespasien, d\u00e9die officiellement l\u2019amphith\u00e9\u00e2tre, \u00e9galement connu sous le nom de Colis\u00e9e, et d\u00e9cr\u00e8te 100 jours de jeux pour son inauguration. La construction sera totalement finalis\u00e9e sous le r\u00e8gne de son fr\u00e8re cadet et successeur, Domitien, en 83 apr\u00e8s J.-C.<\/p>\n\n<\/div>\n\n<div class=\"gb-container gb-container-fc19ed8a ms-timeline-item\">\n\n<p class=\"gb-headline gb-headline-4132029e gb-headline-text ms-timeline-item__time\"><strong>217<\/strong><\/p>\n\n\n\n<p class=\"gb-headline gb-headline-d8e8964d gb-headline-text\">Un incendie endommage le b\u00e2timent, d\u00e9truisant compl\u00e8tement son niveau sup\u00e9rieur en bois.<\/p>\n\n<\/div>\n\n<div class=\"gb-container gb-container-c5916d2f ms-timeline-item\">\n\n<p class=\"gb-headline gb-headline-8b2c4a6f gb-headline-text ms-timeline-item__time\"><strong>Milieu du 5e si\u00e8cle<\/strong><\/p>\n\n\n\n<p class=\"gb-headline gb-headline-0d62b04e gb-headline-text\">Aucune date exacte n&rsquo;est connue, mais les derniers r\u00e9cits de combats de gladiateurs au Colis\u00e9e datent de cette p\u00e9riode, bien que l\u2019ar\u00e8ne ait continu\u00e9 \u00e0 \u00eatre utilis\u00e9e pour des chasses aux animaux sauvages pendant un certain temps.<\/p>\n\n<\/div>\n\n<div class=\"gb-container gb-container-afa34737 ms-timeline-item\">\n\n<p class=\"gb-headline gb-headline-b0ce6f29 gb-headline-text ms-timeline-item__time\"><strong>Fin du 6e si\u00e8cle<\/strong><\/p>\n\n\n\n<p class=\"gb-headline gb-headline-116e4676 gb-headline-text\">Le Colis\u00e9e n\u2019est plus utilis\u00e9 comme amphith\u00e9\u00e2tre pour divertir la population de Rome. Vers cette \u00e9poque, une chapelle est ajout\u00e9e au b\u00e2timent, le sol de l\u2019ar\u00e8ne est utilis\u00e9 comme cimeti\u00e8re et les espaces vo\u00fbt\u00e9s qui composent les murs du b\u00e2timent sous ses gradins sont utilis\u00e9s comme maisons et ateliers.<\/p>\n\n<\/div>\n\n<div class=\"gb-container gb-container-63fe8555 ms-timeline-item\">\n\n<p class=\"gb-headline gb-headline-09cc0ef8 gb-headline-text ms-timeline-item__time\"><strong>12e si\u00e8cle<\/strong><\/p>\n\n\n\n<p class=\"gb-headline gb-headline-a436f201 gb-headline-text\">La famille Frangipani, une puissante famille patricienne romaine de l\u2019\u00e9poque, prend possession du b\u00e2timent et le transforme en ch\u00e2teau fortifi\u00e9.<\/p>\n\n<\/div>\n\n<div class=\"gb-container gb-container-2d886752 ms-timeline-item\">\n\n<p class=\"gb-headline gb-headline-805a7548 gb-headline-text ms-timeline-item__time\"><strong>1349<\/strong><\/p>\n\n\n\n<p class=\"gb-headline gb-headline-2a554f91 gb-headline-text\">Le b\u00e2timent est gravement endommag\u00e9 par un tremblement de terre, et une section enti\u00e8re de ses murs ext\u00e9rieurs s\u2019effondre. Les dommages, sous la forme de parties manquantes de la structure, sont encore visibles aujourd&rsquo;hui.<\/p>\n\n<\/div>\n\n<div class=\"gb-container gb-container-f64429f7 ms-timeline-item\">\n\n<p class=\"gb-headline gb-headline-409a301b gb-headline-text ms-timeline-item__time\"><strong>Du 14e au 18e si\u00e8cle<\/strong><\/p>\n\n\n\n<p class=\"gb-headline gb-headline-ac26413a gb-headline-text\">Le Colis\u00e9e subit une d\u00e9gradation progressive alors que ses mat\u00e9riaux de construction sont extraits pour \u00eatre utilis\u00e9s ailleurs \u00e0 Rome. Les pinces en fer qui maintenaient les pierres ensemble sont prises pour \u00eatre fondues et r\u00e9utilis\u00e9es, et la pierre de sa structure est r\u00e9cup\u00e9r\u00e9e pour construire d\u2019autres b\u00e2timents \u00e0 travers la ville. Une partie du marbre qui d\u00e9corait sa fa\u00e7ade a \u00e9t\u00e9 utilis\u00e9e pour la construction de la basilique Saint-Pierre.<\/p>\n\n<\/div>\n\n<div class=\"gb-container gb-container-69f062b5 ms-timeline-item\">\n\n<p class=\"gb-headline gb-headline-790155c1 gb-headline-text ms-timeline-item__time\"><strong>1749<\/strong><\/p>\n\n\n\n<p class=\"gb-headline gb-headline-87934cc3 gb-headline-text\">Enfin, un peu de bonne fortune : Apr\u00e8s des si\u00e8cles de d\u00e9labrement, le pape Beno\u00eet XIV consacre le b\u00e2timent et d\u00e9clare qu\u2019il doit \u00eatre prot\u00e9g\u00e9, croyant que le sang des martyrs chr\u00e9tiens vers\u00e9 dans l\u2019ar\u00e8ne en faisait un lieu sacr\u00e9. Cependant, il existe peu de preuves historiques pour \u00e9tayer cette affirmation.<\/p>\n\n<\/div>\n\n<div class=\"gb-container gb-container-e584eabd ms-timeline-item\">\n\n<p class=\"gb-headline gb-headline-e43daff7 gb-headline-text ms-timeline-item__time\"><strong>19e et 20e si\u00e8cles<\/strong><\/p>\n\n\n\n<p class=\"gb-headline gb-headline-fecfaa46 gb-headline-text\">Le Colis\u00e9e fait l\u2019objet de projets de restauration successifs sous l\u2019impulsion de divers papes, gouvernements et de la ville de Rome.<\/p>\n\n<\/div>\n\n<div class=\"gb-container gb-container-edbb5fac ms-timeline-item\">\n\n<p class=\"gb-headline gb-headline-3868eadb gb-headline-text ms-timeline-item__time\"><strong>2013 \u00e0 2016<\/strong><\/p>\n\n\n\n<p class=\"gb-headline gb-headline-3feb883c gb-headline-text\">Le Colis\u00e9e subit un important projet de restauration. Toute la fa\u00e7ade du b\u00e2timent est nettoy\u00e9e, retirant la salet\u00e9 et la suie accumul\u00e9es apr\u00e8s des d\u00e9cennies de circulation romaine.<\/p>\n\n<\/div>\n\n<div class=\"gb-container gb-container-efecd40f ms-timeline-item\">\n\n<p class=\"gb-headline gb-headline-7436dc9d gb-headline-text ms-timeline-item__time\"><strong>Aujourd&rsquo;hui<\/strong><\/p>\n\n\n\n<p class=\"gb-headline gb-headline-4c8d38a9 gb-headline-text\">Le Colis\u00e9e re\u00e7oit plus de 7 millions de visiteurs chaque ann\u00e9e. Il s\u2019agit de l\u2019attraction touristique la plus visit\u00e9e d\u2019Italie et l\u2019un des b\u00e2timents les plus populaires et embl\u00e9matiques au monde. Depuis sa finalisation en 80 apr\u00e8s J.-C., lorsqu\u2019il \u00e9tait encore connu sous le nom d\u2019Amphith\u00e9\u00e2tre Flavien, il a 1 937 ans, ce qui en fait l\u2019une des structures construites par l\u2019homme les plus anciennes et les mieux pr\u00e9serv\u00e9es au monde.<\/p>\n\n<\/div>\n<\/div>","protected":false},"excerpt":{"rendered":"","protected":false},"author":1,"featured_media":0,"parent":0,"menu_order":5,"comment_status":"closed","ping_status":"closed","template":"","meta":{"_acf_changed":false,"footnotes":"","button_url":"https:\/\/www.tiqets.com\/fr\/colosseum-l145769\/?partner=thecolosseum","ms_product_id":"","ms_product_name":"","ms_price":"","ms_currency":"","ms_rating_value":"","ms_review_count":"","rank_math_title":"2000 Ans D'Histoire Du Colis\u00e9e Romain (Chronologie Compl\u00e8te)","rank_math_description":""},"post-style":[],"producer":[],"class_list":["post-70","page","type-page","status-publish","has-post-thumbnail"],"acf":[],"product_schema":{"ms_product_id":"","ms_product_name":"","ms_price":"","ms_currency":"","ms_rating_value":"","ms_review_count":""},"_links":{"self":[{"href":"https:\/\/www.thecolosseum.org\/fr\/wp-json\/wp\/v2\/pages\/70","targetHints":{"allow":["GET"]}}],"collection":[{"href":"https:\/\/www.thecolosseum.org\/fr\/wp-json\/wp\/v2\/pages"}],"about":[{"href":"https:\/\/www.thecolosseum.org\/fr\/wp-json\/wp\/v2\/types\/page"}],"author":[{"embeddable":true,"href":"https:\/\/www.thecolosseum.org\/fr\/wp-json\/wp\/v2\/users\/1"}],"replies":[{"embeddable":true,"href":"https:\/\/www.thecolosseum.org\/fr\/wp-json\/wp\/v2\/comments?post=70"}],"version-history":[{"count":3,"href":"https:\/\/www.thecolosseum.org\/fr\/wp-json\/wp\/v2\/pages\/70\/revisions"}],"predecessor-version":[{"id":1070,"href":"https:\/\/www.thecolosseum.org\/fr\/wp-json\/wp\/v2\/pages\/70\/revisions\/1070"}],"wp:attachment":[{"href":"https:\/\/www.thecolosseum.org\/fr\/wp-json\/wp\/v2\/media?parent=70"}],"wp:term":[{"taxonomy":"post-style","embeddable":true,"href":"https:\/\/www.thecolosseum.org\/fr\/wp-json\/wp\/v2\/post-style?post=70"},{"taxonomy":"producer","embeddable":true,"href":"https:\/\/www.thecolosseum.org\/fr\/wp-json\/wp\/v2\/producer?post=70"}],"curies":[{"name":"wp","href":"https:\/\/api.w.org\/{rel}","templated":true}]}}