{"id":561,"date":"2017-09-07T09:01:22","date_gmt":"2017-09-07T09:01:22","guid":{"rendered":"https:\/\/www.thecolosseum.org\/fr\/?page_id=7"},"modified":"2025-06-30T12:00:22","modified_gmt":"2025-06-30T10:00:22","slug":"le-colisee-romain","status":"publish","type":"page","link":"https:\/\/www.thecolosseum.org\/fr\/","title":{"rendered":"Le Colis\u00e9e de Rome"},"content":{"rendered":"\n<figure class=\"gb-block-image gb-block-image-12035128\"><img decoding=\"async\" width=\"1100\" height=\"350\" class=\"gb-image gb-image-12035128 ms-mb-block\" src=\"https:\/\/www.thecolosseum.org\/fr\/wp-content\/uploads\/sites\/2\/colosseum-banner.jpg\" alt=\"The Roman Colosseum at sunset\" \/><\/figure>\n\n\n\n<h1 class=\"gb-headline gb-headline-6940f0f1 gb-headline-text\">Le Colis\u00e9e de Rome<\/h1>\n\n\n\n<p class=\"gb-headline gb-headline-13c71035 gb-headline-text\">Le Colis\u00e9e de Rome est l&rsquo;un des b\u00e2timents les plus c\u00e9l\u00e8bres jamais construits. Il se tient au centre de Rome depuis pr\u00e8s de 2000 ans, depuis l&rsquo;\u00e9poque o\u00f9 l&rsquo;Empire dominait l&rsquo;Europe antique jusqu&rsquo;\u00e0 aujourd&rsquo;hui. Si vous visitez Rome, vous ne pouvez pas manquer cet ancien et spectaculaire monument.<\/p>\n\n\n<div class=\"gb-grid-wrapper gb-grid-wrapper-2f92f8fa\">\n<div class=\"gb-grid-column gb-grid-column-99332d92\"><div class=\"gb-container gb-container-99332d92 ms-card-h ms-card\">\n\n<figure class=\"gb-block-image gb-block-image-8b9ae877\"><a href=\"https:\/\/www.thecolosseum.org\/fr\/billets\/\"><img decoding=\"async\" width=\"640\" height=\"427\" class=\"gb-image gb-image-8b9ae877 ms-mb-block ms-card-h__image ms-card__image\" src=\"https:\/\/www.thecolosseum.org\/fr\/wp-content\/uploads\/sites\/2\/thecolosseum-visit-1724136411.jpg\" alt=\"\" title=\"thecolosseum-visit\" \/><\/a><\/figure>\n\n\n<header class=\"gb-container gb-container-0075c094\">\n\n<h2 class=\"gb-headline gb-headline-06a9d77d gb-headline-text ms-link-unstyled ms-card-h__title\"><a href=\"https:\/\/www.thecolosseum.org\/fr\/billets\/\" data-type=\"page\" data-id=\"14\">Billets pour le Colis\u00e9e<\/a><\/h2>\n\n\n\n<p class=\"gb-headline gb-headline-699c9f95 gb-headline-text ms-card-h__excerpt\">Comme pour toutes les attractions touristiques tr\u00e8s populaires, il existe de nombreux types de billets disponibles, et vous pouvez choisir de les r\u00e9server en ligne ou de les acheter une fois arriv\u00e9 au Colis\u00e9e. Vous trouverez ici des informations sur les diff\u00e9rents billets et leurs prix, ainsi que des instructions sur la mani\u00e8re d&rsquo;acheter vos billets \u00e0 l&rsquo;avance afin d&rsquo;\u00e9viter les longues files d&rsquo;attente \u00e0 l&rsquo;entr\u00e9e.<\/p>\n\n\n\n<p class=\"gb-headline gb-headline-6c14d018 gb-headline-text\"><a href=\"https:\/\/www.thecolosseum.org\/fr\/billets\/\">R\u00e9servez vos billets pour le Colis\u00e9e et \u00e9vitez la file d&rsquo;attente<br><\/a><br><\/p>\n\n<\/header>\n<\/div><\/div>\n\n<div class=\"gb-grid-column gb-grid-column-16b59205\"><div class=\"gb-container gb-container-16b59205 ms-card-h ms-card\">\n\n<figure class=\"gb-block-image gb-block-image-39912f6d\"><a href=\"https:\/\/www.thecolosseum.org\/fr\/visites-du-colisee\/\"><img decoding=\"async\" width=\"640\" height=\"432\" class=\"gb-image gb-image-39912f6d ms-mb-block ms-card-h__image ms-card__image\" src=\"https:\/\/www.thecolosseum.org\/fr\/wp-content\/uploads\/sites\/2\/thecolosseum-tour-1724138878-640x432.jpg\" alt=\"\" title=\"thecolosseum-tour\" \/><\/a><\/figure>\n\n\n<header class=\"gb-container gb-container-b4568de1\">\n\n<h2 class=\"gb-headline gb-headline-8e904932 gb-headline-text ms-link-unstyled ms-card-h__title\"><a href=\"https:\/\/www.thecolosseum.org\/fr\/visites-du-colisee\/\" data-type=\"page\" data-id=\"25\">Visites<\/a><\/h2>\n\n\n\n<p class=\"gb-headline gb-headline-598ebb96 gb-headline-text ms-card-h__excerpt\">L&rsquo;une des meilleures fa\u00e7ons de profiter pleinement de votre visite au Colis\u00e9e est de participer \u00e0 une visite guid\u00e9e avec un guide expert. Vous d\u00e9couvrirez de nombreux d\u00e9tails sur l&rsquo;histoire du b\u00e2timent, son architecture, des faits int\u00e9ressants et des anecdotes captivantes. Vous aurez \u00e9galement acc\u00e8s \u00e0 des zones du Colis\u00e9e normalement ferm\u00e9es au public, comme l&rsquo;hypog\u00e9e souterrain et les niveaux sup\u00e9rieurs.<\/p>\n\n\n\n<p class=\"gb-headline gb-headline-8f47270b gb-headline-text\"><a href=\"https:\/\/www.thecolosseum.org\/fr\/visites-du-colisee\/\" data-type=\"page\" data-id=\"25\">Participez \u00e0 une visite guid\u00e9e et d\u00e9couvrez le Colis\u00e9e souterrain cach\u00e9<br><\/a><br><\/p>\n\n<\/header>\n<\/div><\/div>\n\n<div class=\"gb-grid-column gb-grid-column-3058db17\"><div class=\"gb-container gb-container-3058db17 ms-card-h ms-card\">\n\n<figure class=\"gb-block-image gb-block-image-549d06b2\"><a href=\"https:\/\/www.thecolosseum.org\/fr\/visite\/\"><img decoding=\"async\" width=\"640\" height=\"427\" class=\"gb-image gb-image-549d06b2 ms-mb-block ms-card-h__image ms-card__image\" src=\"https:\/\/www.thecolosseum.org\/fr\/wp-content\/uploads\/sites\/2\/thecolosseum-visit2-1724138701.jpg\" alt=\"Colosseum is the most popular tourist attraction in Italy, and one of the most popular in the world\" \/><\/a><\/figure>\n\n\n<div class=\"gb-container gb-container-f49a769e\">\n\n<h2 class=\"gb-headline gb-headline-99b83ebc gb-headline-text ms-link-unstyled ms-card-h__title\"><a href=\"https:\/\/www.thecolosseum.org\/fr\/visite\/\">Visite<\/a><\/h2>\n\n\n\n<p class=\"gb-headline gb-headline-23bce1cb gb-headline-text ms-card-h__excerpt\">Avec plus de sept millions de visiteurs par an, le Colis\u00e9e est l&rsquo;attraction touristique la plus populaire en Italie, et l&rsquo;une des plus populaires au monde. Vous trouverez ici tout ce dont vous avez besoin pour planifier votre visite, des horaires d&rsquo;ouverture aux moyens de transport, en passant par l&rsquo;accessibilit\u00e9, la s\u00e9curit\u00e9 et les lieux \u00e0 visiter \u00e0 proximit\u00e9.<\/p>\n\n\n\n<p class=\"gb-headline gb-headline-aad8409c gb-headline-text\"><a href=\"https:\/\/www.thecolosseum.org\/fr\/visite\/\">Planifiez votre visite au Colis\u00e9e<br><\/a><br><\/p>\n\n<\/div>\n<\/div><\/div>\n\n<div class=\"gb-grid-column gb-grid-column-91366c30\"><div class=\"gb-container gb-container-91366c30 ms-card ms-card-h\">\n\n<figure class=\"gb-block-image gb-block-image-3e02971c\"><a href=\"https:\/\/www.thecolosseum.org\/fr\/architecture\/\"><img decoding=\"async\" width=\"640\" height=\"427\" class=\"gb-image gb-image-3e02971c ms-card-h__image ms-mb-block ms-card__image\" src=\"https:\/\/www.thecolosseum.org\/fr\/wp-content\/uploads\/sites\/2\/thecolosseum-architecture-1724138448.jpg\" alt=\"The building\u2019s architecture is a medley of the three most important Roman orders, Tuscan, Ionic and Corinthian, and it is full of little details that attest the ingenuity of those who designed it.\" \/><\/a><\/figure>\n\n\n<div class=\"gb-container gb-container-604a5265\">\n\n<h2 class=\"gb-headline gb-headline-9d296282 gb-headline-text ms-link-unstyled ms-card-h__title\"><a href=\"https:\/\/www.thecolosseum.org\/fr\/architecture\/\">Architecture<\/a><\/h2>\n\n\n\n<p class=\"gb-headline gb-headline-1609a80a gb-headline-text ms-card-h__excerpt\">Malgr\u00e9 les usures du temps, le Colis\u00e9e est encore remarquablement bien conserv\u00e9. L&rsquo;architecture du b\u00e2timent est un m\u00e9lange des trois ordres romains les plus importants : toscan, ionique et corinthien, et regorge de petits d\u00e9tails t\u00e9moignant de l&rsquo;ing\u00e9niosit\u00e9 de ses concepteurs.<\/p>\n\n\n\n<p class=\"gb-headline gb-headline-55a4da73 gb-headline-text\"><a href=\"https:\/\/www.thecolosseum.org\/fr\/architecture\/\">En savoir plus sur l&rsquo;un des plus grands monuments architecturaux de la Rome antique<br><\/a><br><\/p>\n\n<\/div>\n<\/div><\/div>\n\n<div class=\"gb-grid-column gb-grid-column-25c8a636\"><div class=\"gb-container gb-container-25c8a636 ms-card-h ms-card\">\n\n<figure class=\"gb-block-image gb-block-image-d062171e\"><a href=\"https:\/\/www.thecolosseum.org\/fr\/faits\/\"><img decoding=\"async\" width=\"640\" height=\"409\" class=\"gb-image gb-image-d062171e ms-mb-block ms-card-h__image ms-card__image\" src=\"https:\/\/www.thecolosseum.org\/fr\/wp-content\/uploads\/sites\/2\/thecolosseum-fact-1724118528.jpg\" alt=\"\" title=\"thecolosseum-fact\" \/><\/a><\/figure>\n\n\n<div class=\"gb-container gb-container-189549ca\">\n\n<h2 class=\"gb-headline gb-headline-f0517199 gb-headline-text ms-link-unstyled ms-card-h__title\"><a href=\"https:\/\/www.thecolosseum.org\/fr\/faits\/\">Faits<\/a><\/h2>\n\n\n\n<p class=\"gb-headline gb-headline-4b51b112 gb-headline-text ms-card-h__excerpt\">Saviez-vous que le Colis\u00e9e pouvait accueillir entre 50 000 et 80 000 personnes ? C&rsquo;est plus que de nombreux stades de football modernes. Saviez-vous qu&rsquo;il a \u00e9t\u00e9 construit par jusqu&rsquo;\u00e0 100 000 esclaves captur\u00e9s lors des nombreuses guerres de Rome ? Saviez-vous qu&rsquo;on estime que jusqu&rsquo;\u00e0 400 000 personnes sont mortes lors des spectacles sanglants organis\u00e9s au Colis\u00e9e pendant les trois si\u00e8cles o\u00f9 il a \u00e9t\u00e9 utilis\u00e9 ?<\/p>\n\n\n\n<p class=\"gb-headline gb-headline-564cf5e3 gb-headline-text\"><a href=\"https:\/\/www.thecolosseum.org\/fr\/faits\/\">Deux mille ans d&rsquo;histoire offrent des faits tr\u00e8s int\u00e9ressants<\/a><\/p>\n\n<\/div>\n<\/div><\/div>\n\n<div class=\"gb-grid-column gb-grid-column-fddd7ae0\"><div class=\"gb-container gb-container-fddd7ae0 ms-card-h ms-card\">\n\n<figure class=\"gb-block-image gb-block-image-90556070\"><a href=\"https:\/\/www.thecolosseum.org\/fr\/gladiateurs\/\"><img decoding=\"async\" width=\"768\" height=\"432\" class=\"gb-image gb-image-90556070 ms-mb-block ms-card-h__image ms-card__image\" src=\"https:\/\/www.thecolosseum.org\/fr\/wp-content\/uploads\/sites\/2\/gladiator-painting-optimized-768x432.jpg\" alt=\"A gladiator standing over his defeated foes in the Colosseum, waiting for the Emperor to signal thumbs up or thumbs down\" title=\"Pollice Verso by Jean-L\u00e9on G\u00e9r\u00f4me\" srcset=\"https:\/\/www.thecolosseum.org\/fr\/wp-content\/uploads\/sites\/2\/gladiator-painting-optimized-768x432.jpg 768w, https:\/\/www.thecolosseum.org\/fr\/wp-content\/uploads\/sites\/2\/gladiator-painting-optimized-1024x576.jpg 1024w, https:\/\/www.thecolosseum.org\/fr\/wp-content\/uploads\/sites\/2\/gladiator-painting-optimized-1280x720.jpg 1280w, https:\/\/www.thecolosseum.org\/fr\/wp-content\/uploads\/sites\/2\/gladiator-painting-optimized-1600x900.jpg 1600w\" sizes=\"(max-width: 768px) 100vw, 768px\" \/><\/a><\/figure>\n\n\n<div class=\"gb-container gb-container-3af4ab3a\">\n\n<h2 class=\"gb-headline gb-headline-77f33ad8 gb-headline-text ms-link-unstyled ms-card-h__title\"><a href=\"https:\/\/www.thecolosseum.org\/fr\/gladiateurs\/\">Gladiateurs<\/a><\/h2>\n\n\n\n<p class=\"gb-headline gb-headline-0eb071bf gb-headline-text ms-card-h__excerpt\">Tout le monde a vu le film \u00ab Gladiator \u00bb, mais qui \u00e9taient r\u00e9ellement les gladiateurs qui combattaient dans l&rsquo;ar\u00e8ne ? Au cours des trois si\u00e8cles d&rsquo;utilisation du Colis\u00e9e, leurs combats \u00e9taient au centre des discussions. Certains d&rsquo;entre eux ont atteint des sommets et sont devenus de c\u00e9l\u00e8bres personnalit\u00e9s, mais pour chaque gladiateur qui a r\u00e9ussi, des centaines d&rsquo;autres sont morts anonymement dans l&rsquo;ar\u00e8ne.<\/p>\n\n\n\n<p class=\"gb-headline gb-headline-f432d45b gb-headline-text\"><a href=\"https:\/\/www.thecolosseum.org\/fr\/gladiateurs\/\">Qui \u00e9taient les gladiateurs de Rome ?<\/a><\/p>\n\n<\/div>\n<\/div><\/div>\n<\/div>\n\n<div class=\"gb-container gb-container-67b49cf1 ms-p ms-mb-block\">\n\n<h2 class=\"gb-headline gb-headline-96e88d50 gb-headline-text ms-link-unstyled\"><a href=\"https:\/\/www.thecolosseum.org\/fr\/histoire\/\">Histoire<\/a><\/h2>\n\n\n\n<p class=\"gb-headline gb-headline-4d9dbd9d gb-headline-text\">D\u00e9couvrez l&rsquo;histoire fascinante du Colis\u00e9e, de sa construction \u00e0 son statut actuel de l&rsquo;un des monuments architecturaux les plus c\u00e9l\u00e8bres au monde. Le Colis\u00e9e n&rsquo;\u00e9tait pas seulement une ar\u00e8ne de combat, saviez-vous que, au cours de ses 2000 ans d&rsquo;histoire, il a \u00e9galement servi de cimeti\u00e8re, de logement pour les pauvres de Rome, et de ch\u00e2teau fortifi\u00e9 d&rsquo;un puissant clan romain ?<\/p>\n\n\n\n<p class=\"gb-headline gb-headline-99fac3b6 gb-headline-text\"><a href=\"https:\/\/www.thecolosseum.org\/fr\/histoire\/\">Histoire du Colis\u00e9e de Rome<\/a><\/p>\n\n<\/div>\n\n<div class=\"gb-container gb-container-9e1738f4\">\n<div class=\"gb-grid-wrapper gb-grid-wrapper-b786cee6\">\n<div class=\"gb-grid-column gb-grid-column-01253981\"><div class=\"gb-container gb-container-01253981\">\n\n<figure class=\"gb-block-image gb-block-image-7324916a\"><a href=\"\/fr\/hotels\/\"><img decoding=\"async\" width=\"640\" height=\"427\" class=\"gb-image gb-image-7324916a\" src=\"https:\/\/www.thecolosseum.org\/fr\/wp-content\/uploads\/sites\/2\/colosseum-hotels-1724119091.jpg\" alt=\"Colosseum hotels\" \/><\/a><\/figure>\n\n<\/div><\/div>\n\n<div class=\"gb-grid-column gb-grid-column-ff768bde\"><div class=\"gb-container gb-container-ff768bde\">\n\n<h2 class=\"gb-headline gb-headline-209cee29 gb-headline-text ms-link-unstyled\"><a href=\"https:\/\/www.thecolosseum.org\/fr\/hotels\/\">H\u00f4tels<\/a><\/h2>\n\n\n<div class=\"gb-container gb-container-919dbe01\">\n<div class=\"gb-container gb-container-ebf0451d\">\n\n<p class=\"gb-headline gb-headline-13e055cf gb-headline-text ms-text-muted\">Vous cherchez un endroit o\u00f9 s\u00e9journer au centre de Rome ? Consultez notre liste d&rsquo;h\u00f4tels pr\u00e8s du Colis\u00e9e. Vous pouvez \u00e9galement les r\u00e9server ici via Booking.com.<\/p>\n\n<\/div>\n<\/div>\n\n\n<p class=\"gb-headline gb-headline-bd6d4b5a gb-headline-text\"><a href=\"https:\/\/www.thecolosseum.org\/fr\/hotels\/\">Trouvez un endroit o\u00f9 s\u00e9journer \u00e0 Rome<\/a><\/p>\n\n<\/div><\/div>\n<\/div>\n<\/div>","protected":false},"excerpt":{"rendered":"","protected":false},"author":1,"featured_media":0,"parent":0,"menu_order":2,"comment_status":"closed","ping_status":"closed","template":"","meta":{"_acf_changed":false,"footnotes":"","button_url":"https:\/\/www.tiqets.com\/fr\/colosseum-l145769\/?partner=thecolosseum","ms_product_id":"1111515","ms_product_name":"Colosseum & Roman Forum + Audio Guide","ms_price":"36","ms_currency":"EUR","ms_rating_value":"4.1","ms_review_count":"19655","rank_math_title":"Le Colis\u00e9e Romain \u00c0 %currentyear%","rank_math_description":"Pr\u00e9parez votre visite au Colis\u00e9e romain et d\u00e9couvrez son histoire fascinante."},"post-style":[],"producer":[],"class_list":["post-561","page","type-page","status-publish","has-post-thumbnail"],"acf":[],"product_schema":{"ms_product_id":"1111515","ms_product_name":"Colosseum & Roman Forum + Audio Guide","ms_price":"36","ms_currency":"EUR","ms_rating_value":"4.1","ms_review_count":"19655"},"_links":{"self":[{"href":"https:\/\/www.thecolosseum.org\/fr\/wp-json\/wp\/v2\/pages\/561","targetHints":{"allow":["GET"]}}],"collection":[{"href":"https:\/\/www.thecolosseum.org\/fr\/wp-json\/wp\/v2\/pages"}],"about":[{"href":"https:\/\/www.thecolosseum.org\/fr\/wp-json\/wp\/v2\/types\/page"}],"author":[{"embeddable":true,"href":"https:\/\/www.thecolosseum.org\/fr\/wp-json\/wp\/v2\/users\/1"}],"replies":[{"embeddable":true,"href":"https:\/\/www.thecolosseum.org\/fr\/wp-json\/wp\/v2\/comments?post=561"}],"version-history":[{"count":3,"href":"https:\/\/www.thecolosseum.org\/fr\/wp-json\/wp\/v2\/pages\/561\/revisions"}],"predecessor-version":[{"id":1043,"href":"https:\/\/www.thecolosseum.org\/fr\/wp-json\/wp\/v2\/pages\/561\/revisions\/1043"}],"wp:attachment":[{"href":"https:\/\/www.thecolosseum.org\/fr\/wp-json\/wp\/v2\/media?parent=561"}],"wp:term":[{"taxonomy":"post-style","embeddable":true,"href":"https:\/\/www.thecolosseum.org\/fr\/wp-json\/wp\/v2\/post-style?post=561"},{"taxonomy":"producer","embeddable":true,"href":"https:\/\/www.thecolosseum.org\/fr\/wp-json\/wp\/v2\/producer?post=561"}],"curies":[{"name":"wp","href":"https:\/\/api.w.org\/{rel}","templated":true}]}}