{"id":46,"date":"2017-09-07T17:18:04","date_gmt":"2017-09-07T15:18:04","guid":{"rendered":"https:\/\/www.thecolosseum.org\/fr\/?page_id=46"},"modified":"2025-01-16T13:57:49","modified_gmt":"2025-01-16T12:57:49","slug":"hotels","status":"publish","type":"page","link":"https:\/\/www.thecolosseum.org\/fr\/hotels\/","title":{"rendered":"H\u00f4tels pr\u00e8s du Colis\u00e9e"},"content":{"rendered":"\n<p>Peu de villes au monde peuvent se vanter d&rsquo;offrir la vari\u00e9t\u00e9 d&rsquo;activit\u00e9s et de sites \u00e0 voir que Rome propose. Ruines romaines, lieux sacr\u00e9s, art magnifique, excellente cuisine&#8230; Rome a tout pour plaire.<\/p>\n\n\n\n<script src=\"https:\/\/www.booking.com\/affiliate\/prelanding_sdk\"><\/script>\n  \n  <div id=\"bookingAffiliateWidget_d8e65aae-5718-439b-8f87-c4a7eee37a60\">&nbsp;<\/div>\n  \n  <script>\n      (function () {\n          var BookingAffiliateWidget = new Booking.AffiliateWidget({\n  \"iframeSettings\": {\n    \"selector\": \"bookingAffiliateWidget_d8e65aae-5718-439b-8f87-c4a7eee37a60\",\n    \"responsive\": true\n  },\n  \"widgetSettings\": {\n    \"ss\": \"The Colosseum, Rome, Lazio, Italy\",\n    \"latitude\": 41.89022,\n    \"longitude\": 12.492268,\n    \"zoom\": 15,\n    \"customMarkerTitle\": \" The Colosseum\"\n  }\n});\n      })();\n  <\/script>\n\n\n\n<p>On dit que Rome est la ville avec le plus de monuments au monde \u2014 un titre bien m\u00e9rit\u00e9 pour la capitale de l&rsquo;Empire romain, un lieu qui n\u2019h\u00e9site pas \u00e0 se qualifier de Ville \u00c9ternelle.<\/p>\n\n\n\n<p>Son <em>Centro Storico<\/em> (centre historique) abrite certains des vestiges les plus importants de l&rsquo;Empire romain, comme le Colis\u00e9e et le Panth\u00e9on, ainsi que des sites embl\u00e9matiques et sacr\u00e9s comme la basilique Saint-Pierre au Vatican, la chapelle Sixtine et la Fontaine de Trevi.<\/p>\n\n\n\n<p>Si vous souhaitez \u00eatre pr\u00e8s du Colis\u00e9e et de nombreux autres tr\u00e9sors arch\u00e9ologiques de Rome, il est conseill\u00e9 de s\u00e9journer dans le <em>Centro Storico<\/em>. Nous avons donc pr\u00e9par\u00e9 une liste des meilleurs h\u00f4tels de la r\u00e9gion, ainsi que quelques bed &amp; breakfast tr\u00e8s bien not\u00e9s, pour ceux qui recherchent un h\u00e9bergement plus informel et intime.<\/p>\n\n\n\n<h2 class=\"wp-block-heading\"><strong>Les 10 meilleurs h\u00f4tels pr\u00e8s du Colis\u00e9e<\/strong><\/h2>\n\n\n\n<p>Cette liste propose une vari\u00e9t\u00e9 d&rsquo;\u00e9tablissements de styles et de prix diff\u00e9rents, tous \u00e0 distance de marche du Colis\u00e9e et de nombreux autres monuments importants de Rome.<\/p>\n\n\n\n<h3 class=\"wp-block-heading\"><strong>Hotel San Anselmo<\/strong><\/h3>\n\n\n\n<p>L&rsquo;Hotel San Anselmo est un h\u00f4tel boutique qui occupe une belle villa du XIXe si\u00e8cle dans la r\u00e9gion de l&rsquo;Aventin. Class\u00e9 4 \u00e9toiles, le Colis\u00e9e, le Panth\u00e9on et la Piazza Venezia se trouvent tous \u00e0 moins de 2 km. L&rsquo;h\u00f4tel dispose d&rsquo;un jardin o\u00f9 les clients peuvent prendre le petit d\u00e9jeuner pendant les mois de beau temps, d\u2019un acc\u00e8s wifi complet et ses chambres poss\u00e8dent des caract\u00e9ristiques charmantes telles que des lits \u00e0 baldaquin et des baignoires jacuzzi ind\u00e9pendantes.<\/p>\n\n\n\n<figure class=\"gb-block-image gb-block-image-f9180829\"><img decoding=\"async\" width=\"600\" height=\"400\" class=\"gb-image gb-image-f9180829 ms-mb-block\" src=\"https:\/\/www.thecolosseum.org\/fr\/wp-content\/uploads\/sites\/2\/San-Anselmo-II.jpg\" alt=\"Chambre H\u00f4tel San Anselmo\"\/><\/figure>\n\n\n\n<h3 class=\"wp-block-heading\"><strong>Hotel Paba<\/strong><\/h3>\n\n\n\n<p>L&rsquo;Hotel Paba est un petit et confortable h\u00f4tel 2 \u00e9toiles situ\u00e9 en plein c\u0153ur du quartier Monti. Le Colis\u00e9e et le Forum romain se trouvent \u00e0 moins de 500 m\u00e8tres, et la zone regorge de petits caf\u00e9s o\u00f9 vous pourrez d\u00e9guster le c\u00e9l\u00e8bre <em>caff\u00e8<\/em> italien. L&rsquo;Hotel Paba propose des prix abordables dans une zone souvent on\u00e9reuse, et toutes ses chambres sont propres, lumineuses, climatis\u00e9es, et disposent du wifi ainsi que de la t\u00e9l\u00e9vision par satellite \u2014 une base id\u00e9ale pour explorer le centre historique de Rome.<\/p>\n\n\n\n<figure class=\"gb-block-image gb-block-image-97032bc6\"><img decoding=\"async\" width=\"1024\" height=\"576\" class=\"gb-image gb-image-97032bc6 ms-mb-block\" src=\"https:\/\/www.thecolosseum.org\/fr\/wp-content\/uploads\/sites\/2\/Hotel-Paba-1024x576.jpg\" alt=\"Chambre d'h\u00f4tel Paba\" srcset=\"https:\/\/www.thecolosseum.org\/fr\/wp-content\/uploads\/sites\/2\/Hotel-Paba-1024x576.jpg 1024w, https:\/\/www.thecolosseum.org\/fr\/wp-content\/uploads\/sites\/2\/Hotel-Paba-768x432.jpg 768w\" sizes=\"(max-width: 1024px) 100vw, 1024px\" \/><\/figure>\n\n\n\n<h3 class=\"wp-block-heading\">Hotel Capo d\u2019Africa<\/h3>\n\n\n\n<p>\u00c0 peine trois p\u00e2t\u00e9s de maisons du Colis\u00e9e, le Capo d\u2019Africa est un h\u00f4tel 4 \u00e9toiles luxueux avec une terrasse et un restaurant sur le toit o\u00f9 les clients peuvent prendre leur petit d\u00e9jeuner et leurs repas tout en profitant d&rsquo;une vue sur la capitale italienne. Il propose des \u0153uvres d&rsquo;art italien contemporain et des int\u00e9rieurs modernes. Les chambres sont climatis\u00e9es et dot\u00e9es du wifi, et les clients ont acc\u00e8s \u00e0 la salle de sport de l&rsquo;h\u00f4tel.<\/p>\n\n\n\n<figure class=\"gb-block-image gb-block-image-6f394a22\"><img decoding=\"async\" width=\"1024\" height=\"576\" class=\"gb-image gb-image-6f394a22 ms-mb-block\" src=\"https:\/\/www.thecolosseum.org\/fr\/wp-content\/uploads\/sites\/2\/Capo-dAfrica-1024x576.jpg\" alt=\"Terrasse de l'H\u00f4tel Capo d'Africa\" srcset=\"https:\/\/www.thecolosseum.org\/fr\/wp-content\/uploads\/sites\/2\/Capo-dAfrica-1024x576.jpg 1024w, https:\/\/www.thecolosseum.org\/fr\/wp-content\/uploads\/sites\/2\/Capo-dAfrica-768x432.jpg 768w\" sizes=\"(max-width: 1024px) 100vw, 1024px\" \/><\/figure>\n\n\n\n<h3 class=\"wp-block-heading\">The Britannia<\/h3>\n\n\n\n<p>Occupant un b\u00e2timent du XIXe si\u00e8cle \u00e0 deux minutes de marche de l&rsquo;op\u00e9ra de Rome et de la station de m\u00e9tro Repubblica, le Britannia est un \u00e9l\u00e9gant h\u00f4tel 4 \u00e9toiles offrant un vaste petit d\u00e9jeuner buffet \u00e0 l\u2019am\u00e9ricaine, le wifi gratuit et des chambres styl\u00e9es et tr\u00e8s confortables. L&rsquo;h\u00f4tel dispose d&rsquo;une r\u00e9ception ouverte 24 heures sur 24 avec un personnel parlant 6 langues, et il est situ\u00e9 \u00e0 20 minutes \u00e0 pied du Colis\u00e9e.<\/p>\n\n\n\n<figure class=\"gb-block-image gb-block-image-3ccdef14\"><img decoding=\"async\" width=\"1024\" height=\"576\" class=\"gb-image gb-image-3ccdef14 ms-mb-block\" src=\"https:\/\/www.thecolosseum.org\/fr\/wp-content\/uploads\/sites\/2\/The-Britannia-1024x576.jpg\" alt=\"Chambre H\u00f4tel Le Britannia\" srcset=\"https:\/\/www.thecolosseum.org\/fr\/wp-content\/uploads\/sites\/2\/The-Britannia-1024x576.jpg 1024w, https:\/\/www.thecolosseum.org\/fr\/wp-content\/uploads\/sites\/2\/The-Britannia-768x432.jpg 768w\" sizes=\"(max-width: 1024px) 100vw, 1024px\" \/><\/figure>\n\n\n\n<h3 class=\"wp-block-heading\">Hotel Locanda Cairoli<\/h3>\n\n\n\n<p>L&rsquo;Hotel Locanda Cairoli est un h\u00f4tel 4 \u00e9toiles install\u00e9 dans un b\u00e2timent du XVIIIe si\u00e8cle avec un d\u00e9cor moderne et original. Les chambres sont meubl\u00e9es individuellement avec des antiquit\u00e9s, peintures et sculptures de bon go\u00fbt. Le Cairoli offre un service excellent, un petit d\u00e9jeuner buffet continental tr\u00e8s appr\u00e9ci\u00e9, le wifi dans tout l&rsquo;h\u00f4tel et surtout, il est proche des principaux monuments et sites de Rome.<\/p>\n\n\n\n<figure class=\"gb-block-image gb-block-image-d09a1cc6\"><img decoding=\"async\" width=\"1024\" height=\"576\" class=\"gb-image gb-image-d09a1cc6 ms-mb-block\" src=\"https:\/\/www.thecolosseum.org\/fr\/wp-content\/uploads\/sites\/2\/Locanda-Cairoli-1024x576.jpg\" alt=\"Chambre H\u00f4tel Locanda Cairoli\" srcset=\"https:\/\/www.thecolosseum.org\/fr\/wp-content\/uploads\/sites\/2\/Locanda-Cairoli-1024x576.jpg 1024w, https:\/\/www.thecolosseum.org\/fr\/wp-content\/uploads\/sites\/2\/Locanda-Cairoli-768x432.jpg 768w\" sizes=\"(max-width: 1024px) 100vw, 1024px\" \/><\/figure>\n\n\n\n<h3 class=\"wp-block-heading\">Bettoja Hotel Mediterraneo<\/h3>\n\n\n\n<p>Situ\u00e9 au centre de la ville, au sommet de la plus haute des sept collines de Rome, le Bettoja Mediterraneo dispose d&rsquo;une terrasse sur le toit offrant une vue spectaculaire sur toute la ville \u2014 l&rsquo;endroit parfait pour se d\u00e9tendre le soir autour d&rsquo;un verre de vin rouge apr\u00e8s une journ\u00e9e de visites de mus\u00e9es, galeries d&rsquo;art et ruines romaines.<\/p>\n\n\n\n<figure class=\"gb-block-image gb-block-image-adf2aade\"><img decoding=\"async\" width=\"1024\" height=\"576\" class=\"gb-image gb-image-adf2aade ms-mb-block\" src=\"https:\/\/www.thecolosseum.org\/fr\/wp-content\/uploads\/sites\/2\/Bettoja-Mediterraneo-1024x576.jpg\" alt=\"Terrasse de l'h\u00f4tel Bettoja Mediterraneo\" srcset=\"https:\/\/www.thecolosseum.org\/fr\/wp-content\/uploads\/sites\/2\/Bettoja-Mediterraneo-1024x576.jpg 1024w, https:\/\/www.thecolosseum.org\/fr\/wp-content\/uploads\/sites\/2\/Bettoja-Mediterraneo-768x432.jpg 768w\" sizes=\"(max-width: 1024px) 100vw, 1024px\" \/><\/figure>\n\n\n\n<h3 class=\"wp-block-heading\">Kolbe Hotel Rome<\/h3>\n\n\n\n<p>Le Kolbe Hotel Rome est un h\u00f4tel 4 \u00e9toiles luxueux avec vue sur le Forum romain et \u00e0 quelques pas du Colis\u00e9e. Les chambres sont d\u00e9cor\u00e9es avec style, avec de hauts plafonds et des briques apparentes. Il dispose du wifi dans tout l&rsquo;h\u00f4tel, et les clients peuvent prendre leur petit d\u00e9jeuner et leurs repas sur la terrasse, donnant sur le jardin de l&rsquo;h\u00f4tel avec palmiers, orangers et oliviers.<\/p>\n\n\n\n<figure class=\"gb-block-image gb-block-image-fcc4ccca\"><img decoding=\"async\" width=\"1024\" height=\"576\" class=\"gb-image gb-image-fcc4ccca ms-mb-block\" src=\"https:\/\/www.thecolosseum.org\/fr\/wp-content\/uploads\/sites\/2\/Kolbe-Hotel-1024x576.jpg\" alt=\"Terrasse de l'H\u00f4tel Kolbe\" srcset=\"https:\/\/www.thecolosseum.org\/fr\/wp-content\/uploads\/sites\/2\/Kolbe-Hotel-1024x576.jpg 1024w, https:\/\/www.thecolosseum.org\/fr\/wp-content\/uploads\/sites\/2\/Kolbe-Hotel-768x432.jpg 768w\" sizes=\"(max-width: 1024px) 100vw, 1024px\" \/><\/figure>\n\n\n\n<h3 class=\"wp-block-heading\">The Corner Townhouse<\/h3>\n\n\n\n<p>Le Corner est un exemple parfait de modernit\u00e9 \u2014 situ\u00e9 dans une belle villa Art Nouveau au c\u0153ur de l\u2019Aventin, son d\u00e9cor combine avec go\u00fbt et \u00e9quilibre le moderne et le classique. Si vous y s\u00e9journez, ne manquez pas de visiter le restaurant de l&rsquo;h\u00f4tel, The Corner, un \u00e9tablissement \u00e9toil\u00e9 au guide Michelin servant une version contemporaine de la cuisine romaine classique par le chef Marco Martini.<\/p>\n\n\n\n<figure class=\"gb-block-image gb-block-image-0832f930\"><img decoding=\"async\" width=\"1024\" height=\"576\" class=\"gb-image gb-image-0832f930 ms-mb-block\" src=\"https:\/\/www.thecolosseum.org\/fr\/wp-content\/uploads\/sites\/2\/Corner-Townhouse-1024x576.jpg\" alt=\"Restaurant de l'H\u00f4tel Corner Townhouse\" srcset=\"https:\/\/www.thecolosseum.org\/fr\/wp-content\/uploads\/sites\/2\/Corner-Townhouse-1024x576.jpg 1024w, https:\/\/www.thecolosseum.org\/fr\/wp-content\/uploads\/sites\/2\/Corner-Townhouse-768x432.jpg 768w\" sizes=\"(max-width: 1024px) 100vw, 1024px\" \/><\/figure>\n\n\n\n<h3 class=\"wp-block-heading\">Dharma Hotel and Luxury Suites<\/h3>\n\n\n\n<p>Le Dharma est un h\u00f4tel boutique offrant des chambres d\u00e9cor\u00e9es individuellement avec tout le confort moderne dans un emplacement central. \u00c0 5 minutes de la gare centrale de Termini, et \u00e0 15 minutes du Colis\u00e9e et de nombreux autres monuments importants, le Dharma est un excellent point de d\u00e9part pour explorer la Ville \u00c9ternelle et se d\u00e9tendre ensuite. Certaines de leurs chambres offrent une exp\u00e9rience unique de \u00ab\u00a0bien-\u00eatre\u00a0\u00bb avec jacuzzi priv\u00e9 et hammam.<\/p>\n\n\n\n<figure class=\"gb-block-image gb-block-image-81f9de87\"><img decoding=\"async\" width=\"1024\" height=\"576\" class=\"gb-image gb-image-81f9de87 ms-mb-block\" src=\"https:\/\/www.thecolosseum.org\/fr\/wp-content\/uploads\/sites\/2\/Dharma-1024x576.jpg\" alt=\"Chambre \u00e0 coucher de l'h\u00f4tel Dharma\" srcset=\"https:\/\/www.thecolosseum.org\/fr\/wp-content\/uploads\/sites\/2\/Dharma-1024x576.jpg 1024w, https:\/\/www.thecolosseum.org\/fr\/wp-content\/uploads\/sites\/2\/Dharma-768x432.jpg 768w, https:\/\/www.thecolosseum.org\/fr\/wp-content\/uploads\/sites\/2\/Dharma-1280x720.jpg 1280w\" sizes=\"(max-width: 1024px) 100vw, 1024px\" \/><\/figure>\n\n\n\n<h3 class=\"wp-block-heading\">Stendahl Hotel<\/h3>\n\n\n\n<p>\u00c0 quelques minutes seulement de la Fontaine de Trevi et de la Place d&rsquo;Espagne, le Stendahl est un h\u00f4tel boutique \u00e9l\u00e9gant au c\u0153ur de la vieille ville de Rome. Ses chambres sont dot\u00e9es de toutes les commodit\u00e9s, et l&rsquo;h\u00f4tel dispose d&rsquo;un salon o\u00f9 des cocktails de qualit\u00e9 sont servis, ainsi qu&rsquo;un copieux petit d\u00e9jeuner buffet.<\/p>\n\n\n\n<figure class=\"gb-block-image gb-block-image-f40e80ac\"><img decoding=\"async\" width=\"1024\" height=\"576\" class=\"gb-image gb-image-f40e80ac ms-mb-block\" src=\"https:\/\/www.thecolosseum.org\/fr\/wp-content\/uploads\/sites\/2\/Stendahl-1024x576.jpg\" alt=\"Chambre \u00e0 coucher de l'h\u00f4tel Stendahl\" srcset=\"https:\/\/www.thecolosseum.org\/fr\/wp-content\/uploads\/sites\/2\/Stendahl-1024x576.jpg 1024w, https:\/\/www.thecolosseum.org\/fr\/wp-content\/uploads\/sites\/2\/Stendahl-768x432.jpg 768w\" sizes=\"(max-width: 1024px) 100vw, 1024px\" \/><\/figure>\n\n\n\n<h2 class=\"wp-block-heading\"><strong>Bonus : 3 excellents bed &amp; breakfast pr\u00e8s du Colis\u00e9e<\/strong><\/h2>\n\n\n\n<p>Si vous recherchez un h\u00e9bergement plus \u00e9conomique, un bed &amp; breakfast pourrait mieux r\u00e9pondre \u00e0 vos besoins qu\u2019un h\u00f4tel. Voici trois excellents \u00e9tablissements, tous pr\u00e8s du Colis\u00e9e.<\/p>\n\n\n\n<h3 class=\"wp-block-heading\">Li Rioni B&amp;B<\/h3>\n\n\n\n<p>Li Rioni est un petit bed &amp; breakfast confortable \u00e0 seulement 300 m\u00e8tres du Colis\u00e9e. Les chambres sont bien am\u00e9nag\u00e9es et propres, avec le wifi gratuit, une salle de bain priv\u00e9e, et un petit d\u00e9jeuner servi tous les matins sur la terrasse ensoleill\u00e9e de l&rsquo;\u00e9tablissement.<\/p>\n\n\n\n<figure class=\"gb-block-image gb-block-image-9a29c736\"><img decoding=\"async\" width=\"1024\" height=\"576\" class=\"gb-image gb-image-9a29c736 ms-mb-block\" src=\"https:\/\/www.thecolosseum.org\/fr\/wp-content\/uploads\/sites\/2\/Li-Rioni-1024x576.jpg\" alt=\"Chambre Li Rioni\" srcset=\"https:\/\/www.thecolosseum.org\/fr\/wp-content\/uploads\/sites\/2\/Li-Rioni-1024x576.jpg 1024w, https:\/\/www.thecolosseum.org\/fr\/wp-content\/uploads\/sites\/2\/Li-Rioni-768x432.jpg 768w\" sizes=\"(max-width: 1024px) 100vw, 1024px\" \/><\/figure>\n\n\n\n<h3 class=\"wp-block-heading\">B&amp;B Laurus Colosseo<\/h3>\n\n\n\n<p>Le Laurus Colosseo est presque \u00e0 deux pas du Colis\u00e9e, et \u00e0 seulement 5 minutes \u00e0 pied de la Domus Aurea. Il dispose du wifi dans tout l&rsquo;\u00e9tablissement, et si vous souhaitez explorer Rome d&rsquo;une mani\u00e8re diff\u00e9rente, ils proposent m\u00eame la location de v\u00e9los.<\/p>\n\n\n\n<figure class=\"gb-block-image gb-block-image-1ce65606\"><img decoding=\"async\" width=\"1024\" height=\"576\" class=\"gb-image gb-image-1ce65606 ms-mb-block\" src=\"https:\/\/www.thecolosseum.org\/fr\/wp-content\/uploads\/sites\/2\/Laurus-Colosseo-1024x576.jpg\" alt=\"Chambre \u00e0 coucher Laurus Colosseo\" srcset=\"https:\/\/www.thecolosseum.org\/fr\/wp-content\/uploads\/sites\/2\/Laurus-Colosseo-1024x576.jpg 1024w, https:\/\/www.thecolosseum.org\/fr\/wp-content\/uploads\/sites\/2\/Laurus-Colosseo-768x432.jpg 768w\" sizes=\"(max-width: 1024px) 100vw, 1024px\" \/><\/figure>\n\n\n\n<h3 class=\"wp-block-heading\">Luce B&amp;B<\/h3>\n\n\n\n<p>Luce est l&rsquo;option la moins ch\u00e8re de nos listes, mais cela ne signifie pas qu&rsquo;il soit moins bon que les autres. C&rsquo;est un bed &amp; breakfast propre et accueillant, \u00e0 deux pas du Colis\u00e9e et d&rsquo;autres monuments. Le wifi est gratuit dans tout l&rsquo;\u00e9tablissement et toutes les chambres sont climatis\u00e9es.<\/p>\n\n\n\n<figure class=\"gb-block-image gb-block-image-475da45d\"><img decoding=\"async\" width=\"1024\" height=\"576\" class=\"gb-image gb-image-475da45d\" src=\"https:\/\/www.thecolosseum.org\/fr\/wp-content\/uploads\/sites\/2\/Luce.jpg\" alt=\"Chambre \u00e0 coucher Luce\" srcset=\"https:\/\/www.thecolosseum.org\/fr\/wp-content\/uploads\/sites\/2\/Luce.jpg 1024w, https:\/\/www.thecolosseum.org\/fr\/wp-content\/uploads\/sites\/2\/Luce-768x432.jpg 768w\" sizes=\"(max-width: 1024px) 100vw, 1024px\" \/><\/figure>\n","protected":false},"excerpt":{"rendered":"","protected":false},"author":1,"featured_media":0,"parent":0,"menu_order":12,"comment_status":"closed","ping_status":"closed","template":"","meta":{"_acf_changed":false,"footnotes":"","button_url":"https:\/\/www.tiqets.com\/fr\/colosseum-l145769\/?partner=thecolosseum","ms_product_id":"","ms_product_name":"","ms_price":"","ms_currency":"","ms_rating_value":"","ms_review_count":"","rank_math_title":"Les 10 Meilleurs H\u00f4tels Pr\u00e8s du Colis\u00e9e en %currentyear%  (avec Photos)","rank_math_description":""},"post-style":[],"producer":[],"class_list":["post-46","page","type-page","status-publish","has-post-thumbnail"],"acf":[],"product_schema":{"ms_product_id":"","ms_product_name":"","ms_price":"","ms_currency":"","ms_rating_value":"","ms_review_count":""},"_links":{"self":[{"href":"https:\/\/www.thecolosseum.org\/fr\/wp-json\/wp\/v2\/pages\/46","targetHints":{"allow":["GET"]}}],"collection":[{"href":"https:\/\/www.thecolosseum.org\/fr\/wp-json\/wp\/v2\/pages"}],"about":[{"href":"https:\/\/www.thecolosseum.org\/fr\/wp-json\/wp\/v2\/types\/page"}],"author":[{"embeddable":true,"href":"https:\/\/www.thecolosseum.org\/fr\/wp-json\/wp\/v2\/users\/1"}],"replies":[{"embeddable":true,"href":"https:\/\/www.thecolosseum.org\/fr\/wp-json\/wp\/v2\/comments?post=46"}],"version-history":[{"count":3,"href":"https:\/\/www.thecolosseum.org\/fr\/wp-json\/wp\/v2\/pages\/46\/revisions"}],"predecessor-version":[{"id":872,"href":"https:\/\/www.thecolosseum.org\/fr\/wp-json\/wp\/v2\/pages\/46\/revisions\/872"}],"wp:attachment":[{"href":"https:\/\/www.thecolosseum.org\/fr\/wp-json\/wp\/v2\/media?parent=46"}],"wp:term":[{"taxonomy":"post-style","embeddable":true,"href":"https:\/\/www.thecolosseum.org\/fr\/wp-json\/wp\/v2\/post-style?post=46"},{"taxonomy":"producer","embeddable":true,"href":"https:\/\/www.thecolosseum.org\/fr\/wp-json\/wp\/v2\/producer?post=46"}],"curies":[{"name":"wp","href":"https:\/\/api.w.org\/{rel}","templated":true}]}}