{"id":34,"date":"2017-09-07T16:38:07","date_gmt":"2017-09-07T14:38:07","guid":{"rendered":"https:\/\/www.thecolosseum.org\/fr\/?page_id=34"},"modified":"2025-01-06T11:11:32","modified_gmt":"2025-01-06T10:11:32","slug":"gladiateurs","status":"publish","type":"page","link":"https:\/\/www.thecolosseum.org\/fr\/gladiateurs\/","title":{"rendered":"Gladiateurs de la Rome antique"},"content":{"rendered":"\n<p>Peut-\u00eatre qu&rsquo;aucune figure de la Rome antique n&rsquo;est aussi c\u00e9l\u00e8bre que celle du gladiateur \u2014 un guerrier de l&rsquo;ar\u00e8ne qui combattait \u00e0 mort contre des b\u00eates, des criminels, et d&rsquo;autres gladiateurs, pour divertir la soci\u00e9t\u00e9 romaine.<\/p>\n\n\n\n<p>Les gladiateurs sont devenus des figures lourdement mythifi\u00e9es, en partie gr\u00e2ce \u00e0 des \u0153uvres de fiction c\u00e9l\u00e8bres comme le film <em>Gladiator<\/em>, r\u00e9alis\u00e9 par Ridley Scott avec Russell Crowe, ou le classique <em>Spartacus<\/em>. Mais qu&rsquo;\u00e9taient-ils vraiment ?<\/p>\n\n\n\n<figure class=\"gb-block-image gb-block-image-3312322e\"><img decoding=\"async\" width=\"1024\" height=\"576\" class=\"gb-image gb-image-3312322e\" src=\"https:\/\/www.thecolosseum.org\/fr\/wp-content\/uploads\/sites\/2\/gladiator-painting-optimized-1024x576.jpg\" alt=\"Un gladiateur se tenant au-dessus de ses ennemis vaincus dans le Colis\u00e9e, attendant que l'Empereur fasse signe avec le pouce lev\u00e9 ou baiss\u00e9\" srcset=\"https:\/\/www.thecolosseum.org\/fr\/wp-content\/uploads\/sites\/2\/gladiator-painting-optimized-1024x576.jpg 1024w, https:\/\/www.thecolosseum.org\/fr\/wp-content\/uploads\/sites\/2\/gladiator-painting-optimized-768x432.jpg 768w, https:\/\/www.thecolosseum.org\/fr\/wp-content\/uploads\/sites\/2\/gladiator-painting-optimized-1280x720.jpg 1280w, https:\/\/www.thecolosseum.org\/fr\/wp-content\/uploads\/sites\/2\/gladiator-painting-optimized-1600x900.jpg 1600w\" sizes=\"(max-width: 1024px) 100vw, 1024px\" \/>\n<p class=\"gb-headline gb-headline-27b5b127 gb-headline-text\"><em>Pollice Verso<\/em>, <em>Le Pouce Tourn\u00e9<\/em>, par Jean-L\u00e9on G\u00e9r\u00f4me.<\/p>\n<\/figure>\n\n\n\n<h2 class=\"wp-block-heading\">Qui \u00e9taient les gladiateurs romains ?<\/h2>\n\n\n\n<p>La plupart des gladiateurs romains \u00e9taient des esclaves de facto, et \u00e0 ce titre, ils n&rsquo;avaient aucun droit dans la soci\u00e9t\u00e9 romaine et \u00e9taient \u00e0 peine consid\u00e9r\u00e9s comme des \u00eatres humains. Pour chaque histoire \u00e9pique d&rsquo;un gladiateur devenant une l\u00e9gende de l&rsquo;ar\u00e8ne et gagnant en c\u00e9l\u00e9brit\u00e9 et en libert\u00e9, des milliers d&rsquo;autres mouraient anonymement sur le sable.<\/p>\n\n\n\n<p>Ils menaient des vies violentes et dangereuses, soumises aux caprices de leurs sup\u00e9rieurs. Certains r\u00e9ussissaient \u00e0 surmonter ces circonstances et devenaient des c\u00e9l\u00e9brit\u00e9s, mais ils \u00e9taient une infime minorit\u00e9.<\/p>\n\n\n\n<h3 class=\"wp-block-heading\">Types de gladiateurs<\/h3>\n\n\n\n<p>Il existait plus de <a href=\"https:\/\/fr.wikipedia.org\/wiki\/Types_de_gladiateurs\" target=\"_blank\" rel=\"noreferrer noopener\">deux douzaines de types de gladiateurs<\/a>, distingu\u00e9s par les armes qu&rsquo;ils utilisaient, les armures qu&rsquo;ils portaient, les styles de combat qu&rsquo;ils employaient, et les \u00e9v\u00e9nements auxquels ils participaient. Voici une liste des plus reconnaissables :<\/p>\n\n\n\n<ul class=\"wp-block-list\">\n<li><em>Murmillo<\/em> : Gladiateurs lourdement arm\u00e9s utilisant un grand bouclier oblong et une \u00e9p\u00e9e appel\u00e9e gladius. Leur trait distinctif \u00e9tait le casque couvrant enti\u00e8rement le visage, d\u00e9cor\u00e9 d&rsquo;une cr\u00eate en forme de poisson.<\/li>\n\n\n\n<li><em>Thraex<\/em> : Portant une armure similaire aux Murmillo, mais utilisant un plus petit bouclier rectangulaire et une \u00e9p\u00e9e thrace incurv\u00e9e. Leur casque couvrait \u00e9galement la t\u00eate enti\u00e8re, mais \u00e9tait d\u00e9cor\u00e9 d&rsquo;un griffon au lieu d&rsquo;un poisson.<\/li>\n\n\n\n<li><em>R\u00e9tiaire<\/em> : Gladiateurs c\u00e9l\u00e8bres maniant un grand filet et un trident. Ils portaient une armure plus l\u00e9g\u00e8re et n&rsquo;avaient pas de bouclier. Ils tentaient de pi\u00e9ger leurs adversaires sous leur filet et de les poignarder avec leur lance \u00e0 trois pointes.<\/li>\n\n\n\n<li><em>Ess\u00e9daires<\/em> : Gladiateurs mont\u00e9s. Il y a peu d&rsquo;informations sur eux, hormis le fait qu&rsquo;ils combattaient en char.<\/li>\n\n\n\n<li><em>Hoplomaque<\/em> : Traduit par combattant arm\u00e9 en grec, ces gladiateurs portaient une lance \u00e0 lancer, une petite \u00e9p\u00e9e, un petit bouclier rond, et un casque \u00e0 plumes.<\/li>\n<\/ul>\n\n\n\n<figure class=\"gb-block-image gb-block-image-3bb2aa1d\"><img decoding=\"async\" width=\"500\" height=\"502\" class=\"gb-image gb-image-3bb2aa1d\" src=\"https:\/\/www.thecolosseum.org\/fr\/wp-content\/uploads\/sites\/2\/gladiator-mosaic.jpg\" alt=\"Mosa\u00efque de deux gladiateurs combattant, un r\u00e9tiaire et un secutor, avec des arbitres qui surveillent le duel\" \/>\n<p class=\"gb-headline gb-headline-c62c1daa gb-headline-text\">Un r\u00e9tiaire combattant contre un secutor, les arbitres surveillent le duel.<\/p>\n<\/figure>\n\n\n\n<h3 class=\"wp-block-heading\">Y avait-il des femmes gladiateurs ?<\/h3>\n\n\n\n<p>Il existait des gladiatrices, bien qu&rsquo;elles soient une minorit\u00e9 tr\u00e8s r\u00e9duite et qu&rsquo;elles aient apparemment \u00e9t\u00e9 consid\u00e9r\u00e9es comme une curiosit\u00e9 ou un divertissement particulier, plus que comme un type r\u00e9gulier de gladiateurs.<\/p>\n\n\n\n<h3 class=\"wp-block-heading\">Entra\u00eenement des gladiateurs<\/h3>\n\n\n\n<p>Les gladiateurs appartenaient \u00e0 la classe des <em>inf\u00e2mes<\/em>, les \u00ab\u00a0inf\u00e2mes\u00a0\u00bb, et \u00e0 ce titre, leurs vies \u00e9taient perdues et appartenaient \u00e0 leurs ma\u00eetres. Les \u00e9coles de gladiateurs \u00e9taient extr\u00eamement strictes, et l&rsquo;entra\u00eenement qu&rsquo;elles offraient \u00e9tait s\u00e9v\u00e8re, avec des preuves arch\u00e9ologiques sugg\u00e9rant que les gladiateurs pouvaient \u00eatre tu\u00e9s en guise de punition pour mauvaise conduite.<\/p>\n\n\n\n<p>\u00c0 l&rsquo;\u00e9cole, les gladiateurs s&rsquo;entra\u00eenaient probablement sous la direction d&rsquo;un ma\u00eetre expert dans leur style de combat particulier, et tous les groupes \u00e9taient tenus s\u00e9par\u00e9s, peut-\u00eatre pour \u00e9viter des conflits entre les combattants qui se retrouveraient dans l&rsquo;ar\u00e8ne.<\/p>\n\n\n\n<p>En entrant dans l&rsquo;\u00e9cole des gladiateurs (ceux qui n&rsquo;y avaient pas \u00e9t\u00e9 condamn\u00e9s en guise de punition pour un crime), les gladiateurs signaient un contrat stipulant le type de combattant qu&rsquo;ils deviendraient, combien de fois par an ils combattraient et s&rsquo;engageaient dans la propri\u00e9t\u00e9. de leur ma\u00eetre.<\/p>\n\n\n\n<h3 class=\"wp-block-heading\">Gladiateurs c\u00e9l\u00e8bres<\/h3>\n\n\n\n<p>La plupart des gladiateurs ont v\u00e9cu et sont morts anonymement, mais certains sont devenus des c\u00e9l\u00e9brit\u00e9s dont les noms nous sont parvenus jusqu&rsquo;\u00e0 aujourd&rsquo;hui.<\/p>\n\n\n\n<ul class=\"wp-block-list\">\n<li><strong>Crixus<\/strong> \u00e9tait un esclave gaulois et gladiateur qui a \u00e9chapp\u00e9 \u00e0 la captivit\u00e9 et est devenu l&rsquo;un des leaders de l&rsquo;arm\u00e9e rebelle lors de la Troisi\u00e8me Guerre servile, entre les esclaves et la R\u00e9publique romaine.<\/li>\n\n\n\n<li><strong>L&#8217;empereur Commode<\/strong>, interpr\u00e9t\u00e9 par Joaquin Phoenix dans le film Gladiator, \u00e9tait un grand amateur des combats de gladiateurs et est entr\u00e9 lui-m\u00eame dans l&rsquo;ar\u00e8ne \u00e0 de nombreuses reprises. Cependant, il \u00e9tait connu pour \u00eatre un combattant cruel qui utilisait son privil\u00e8ge pour organiser des combats contre des adversaires handicap\u00e9s, incapables de se d\u00e9fendre, qu&rsquo;il mutilait et tuait lors de spectacles souvent sadiques. Cela lui a valu une grande antipathie, et il est dit que cela a contribu\u00e9 \u00e0 son assassinat.<\/li>\n\n\n\n<li><strong>Priscus et Verus<\/strong> \u00e9taient un duo de gladiateurs qui ont eu l&rsquo;honneur de s&rsquo;affronter lors de l&rsquo;inauguration de l&rsquo;Amphith\u00e9\u00e2tre Flavien. On raconte qu&rsquo;apr\u00e8s avoir combattu pendant des heures, ils ont accept\u00e9 de mettre fin au combat sur un match nul, apr\u00e8s quoi l&#8217;empereur Titus leur a accord\u00e9 le rudis, les rendant ainsi hommes libres.<\/li>\n\n\n\n<li><strong>Spiculus<\/strong> \u00e9tait une v\u00e9ritable star du monde des gladiateurs. Il \u00e9tait le favori du sanglant empereur N\u00e9ron, qui le couvrait de cadeaux. Lorsqu&rsquo;il a \u00e9t\u00e9 renvers\u00e9, N\u00e9ron a fait appel \u00e0 lui, voulant mourir de ses mains, mais Spiculus n&rsquo;a pas r\u00e9pondu \u00e0 l&rsquo;appel de l&#8217;empereur d\u00e9chu, et N\u00e9ron a \u00e9t\u00e9 contraint de se suicider.<\/li>\n<\/ul>\n\n\n\n<h3 class=\"wp-block-heading\"><strong>Spartacus \u00e9tait-il une personne r\u00e9elle ?<\/strong><\/h3>\n\n\n\n<p>Spartacus est sans aucun doute le gladiateur le plus c\u00e9l\u00e8bre de l&rsquo;Empire romain, et il \u00e9tait en effet une personne r\u00e9elle. C&rsquo;\u00e9tait un soldat ou mercenaire thrace qui a fini par \u00eatre vendu comme esclave avant de devenir gladiateur. Il fut l&rsquo;un des chefs d&rsquo;une r\u00e9volte \u00e0 l&rsquo;\u00e9cole de gladiateurs de Capoue, qui s&rsquo;est sold\u00e9e par l&rsquo;\u00e9vasion de 70 des apprentis.<\/p>\n\n\n\n<p>Apr\u00e8s leur fuite et quelques escarmouches avec l&rsquo;arm\u00e9e romaine, que les gladiateurs ont remport\u00e9es, leurs rangs ont grossi jusqu&rsquo;\u00e0 devenir une arm\u00e9e de plusieurs dizaines de milliers d&rsquo;hommes. Spartacus a dirig\u00e9 cette arm\u00e9e d&rsquo;esclaves rebelles dans ce qu&rsquo;on appelle la Troisi\u00e8me Guerre servile, jusqu&rsquo;\u00e0 ce que ses forces soient d\u00e9faites et qu&rsquo;il soit suppos\u00e9ment tu\u00e9 en 71 avant J.-C.<\/p>\n\n\n\n<figure class=\"gb-block-image gb-block-image-673fdf20\"><img decoding=\"async\" width=\"1024\" height=\"576\" class=\"gb-image gb-image-673fdf20\" src=\"https:\/\/www.thecolosseum.org\/fr\/wp-content\/uploads\/sites\/2\/tod-des-spartacus-optimized-1024x576.jpg\" alt=\"Spartacus tombant au combat dans le tableau Tod des Spartacus, La Mort de Spartacus, de Hermann Vogel\" srcset=\"https:\/\/www.thecolosseum.org\/fr\/wp-content\/uploads\/sites\/2\/tod-des-spartacus-optimized-1024x576.jpg 1024w, https:\/\/www.thecolosseum.org\/fr\/wp-content\/uploads\/sites\/2\/tod-des-spartacus-optimized-768x432.jpg 768w, https:\/\/www.thecolosseum.org\/fr\/wp-content\/uploads\/sites\/2\/tod-des-spartacus-optimized-1280x720.jpg 1280w, https:\/\/www.thecolosseum.org\/fr\/wp-content\/uploads\/sites\/2\/tod-des-spartacus-optimized-1600x900.jpg 1600w\" sizes=\"(max-width: 1024px) 100vw, 1024px\" \/>\n<p class=\"gb-headline gb-headline-d0e3b341 gb-headline-text\"><em>Tod des Spartacus<\/em>,<em> La Mort de Spartacus<\/em>, par Hermann Vogel.<\/p>\n<\/figure>\n\n\n\n<h2 class=\"wp-block-heading\"><strong>Jeux de gladiateurs<\/strong><\/h2>\n\n\n\n<p>Le plus souvent, les gladiateurs s&rsquo;engageaient dans des combats en t\u00eate-\u00e0-t\u00eate et \u00e9taient associ\u00e9s \u00e0 diff\u00e9rents types de combattants consid\u00e9r\u00e9s comme compl\u00e9mentaires. Les murmillos combattaient souvent contre les Thraces, ainsi que contre les hoplomaques et les r\u00e9tiaires. Les r\u00e9tiaires (qui manient le filet et le trident) affrontaient g\u00e9n\u00e9ralement des gladiateurs arm\u00e9s d&rsquo;armes plus conventionnelles.<\/p>\n\n\n\n<p>Les combats \u00e9taient tr\u00e8s organis\u00e9s et surveill\u00e9s par des arbitres. Tous ne se terminaient pas par la mort. Souvent, un combat se terminait sans que l&rsquo;un des deux combattants ne meure \u2014 la raison en \u00e9tait assez simple : former et entretenir une \u00e9quipe de gladiateurs co\u00fbtait cher, donc leurs propri\u00e9taires voulaient qu&rsquo;ils survivent aussi longtemps que possible. Au d\u00e9but du Colis\u00e9e, davantage de combats se terminaient par la mort, mais avec le temps, les combats sont devenus moins l\u00e9taux car remplacer des gladiateurs morts co\u00fbtait trop cher.<\/p>\n\n\n\n<p>Il existait d&rsquo;autres formes de divertissements violents populaires dans la Rome antique, souvent associ\u00e9s aux gladiateurs, mais qui \u00e9taient en fait distincts.<\/p>\n\n\n\n<h3 class=\"wp-block-heading\"><strong>Contre quels animaux les gladiateurs romains combattaient-ils ?<\/strong><\/h3>\n\n\n\n<p>L&rsquo;id\u00e9e que les gladiateurs combattaient des b\u00eates sauvages est une id\u00e9e fausse courante. Le combat de gladiateurs \u00e9tait tr\u00e8s r\u00e9glement\u00e9 et organis\u00e9, et les gladiateurs ne combattaient que contre d&rsquo;autres humains. Les b\u00eates sauvages apparaissaient dans l&rsquo;ar\u00e8ne, mais g\u00e9n\u00e9ralement dans le cadre de la <em>damnatio ad bestias<\/em> (condamnation aux b\u00eates), o\u00f9 des criminels et des prisonniers de guerre \u00e9taient ex\u00e9cut\u00e9s publiquement par les griffes et les crocs des animaux sauvages, ou dans le cadre de chasses simul\u00e9es par des chasseurs professionnels. Il y avait un type de combattant qui se battait contre des animaux sauvages, le <em>bestiarus<\/em>, mais il n&rsquo;\u00e9tait pas consid\u00e9r\u00e9 comme un gladiateur dans le m\u00eame sens que les autres.<\/p>\n\n\n\n<h3 class=\"wp-block-heading\"><strong>Batailles navales simul\u00e9es, la Naumachie<\/strong><\/h3>\n\n\n\n<p>Les <em>naumachia<\/em>, des batailles navales simul\u00e9es avec de vrais navires et combattants, \u00e9taient probablement le spectacle de sang le plus spectaculaire de la Rome antique. Contrairement aux combats de gladiateurs, qui avaient lieu de mani\u00e8re r\u00e9guli\u00e8re dans les ar\u00e8nes de nombreuses grandes villes, les naumachia \u00e9taient r\u00e9serv\u00e9es \u00e0 des occasions sp\u00e9ciales, telles que la comm\u00e9moration du triomphe de Jules C\u00e9sar en 46 avant J.-C. Les participants \u00e9taient souvent des prisonniers de guerre ou des criminels condamn\u00e9s \u00e0 mort, et les batailles \u00e9taient beaucoup plus sanglantes que les combats de gladiateurs, avec un taux de mortalit\u00e9 bien plus \u00e9lev\u00e9.<\/p>\n\n\n\n<p>Les naumachia se d\u00e9roulaient g\u00e9n\u00e9ralement dans des ar\u00e8nes sp\u00e9cialement construites, de grands canaux ou des lacs artificiels creus\u00e9s sp\u00e9cifiquement \u00e0 cet effet, mais dans certains cas, elles se tenaient dans des amphith\u00e9\u00e2tres romains classiques. On sait que le Colis\u00e9e romain <a href=\"https:\/\/www.thecolosseum.org\/fr\/faits\/\">a accueilli deux naumachia pr\u00e8s de sa date d&rsquo;inauguration<\/a>.<\/p>\n\n\n\n<figure class=\"gb-block-image gb-block-image-a0588374\"><img decoding=\"async\" width=\"1024\" height=\"576\" class=\"gb-image gb-image-a0588374\" src=\"https:\/\/www.thecolosseum.org\/fr\/wp-content\/uploads\/sites\/2\/la-naumachia-optimized-1024x576.jpg\" alt=\"Esclaves et prisonniers se battant dans une Naumachie devant l'Empereur, peinture d'Ulpiano Checa\" srcset=\"https:\/\/www.thecolosseum.org\/fr\/wp-content\/uploads\/sites\/2\/la-naumachia-optimized-1024x576.jpg 1024w, https:\/\/www.thecolosseum.org\/fr\/wp-content\/uploads\/sites\/2\/la-naumachia-optimized-768x432.jpg 768w, https:\/\/www.thecolosseum.org\/fr\/wp-content\/uploads\/sites\/2\/la-naumachia-optimized-1280x720.jpg 1280w, https:\/\/www.thecolosseum.org\/fr\/wp-content\/uploads\/sites\/2\/la-naumachia-optimized-1600x900.jpg 1600w\" sizes=\"(max-width: 1024px) 100vw, 1024px\" \/>\n<p class=\"gb-headline gb-headline-cdc0ad45 gb-headline-text\">La Naumachia, par Ulpiano Checa.<\/p>\n<\/figure>\n","protected":false},"excerpt":{"rendered":"","protected":false},"author":1,"featured_media":0,"parent":0,"menu_order":4,"comment_status":"closed","ping_status":"closed","template":"","meta":{"_acf_changed":false,"footnotes":"","rank_math_title":"Gladiateurs De Rome: Types, Entra\u00eenement et Combattants","rank_math_description":"","button_url":"https:\/\/www.tiqets.com\/fr\/colosseum-l145769\/?partner=thecolosseum","ms_product_id":"","ms_product_name":"","ms_price":"","ms_currency":"","ms_rating_value":"","ms_review_count":""},"post-style":[],"producer":[],"class_list":["post-34","page","type-page","status-publish","has-post-thumbnail"],"acf":[],"button_url":"https:\/\/www.tiqets.com\/fr\/colosseum-l145769\/?partner=thecolosseum","product_schema":{"ms_product_id":"","ms_product_name":"","ms_price":"","ms_currency":"","ms_rating_value":"","ms_review_count":""},"_links":{"self":[{"href":"https:\/\/www.thecolosseum.org\/fr\/wp-json\/wp\/v2\/pages\/34","targetHints":{"allow":["GET"]}}],"collection":[{"href":"https:\/\/www.thecolosseum.org\/fr\/wp-json\/wp\/v2\/pages"}],"about":[{"href":"https:\/\/www.thecolosseum.org\/fr\/wp-json\/wp\/v2\/types\/page"}],"author":[{"embeddable":true,"href":"https:\/\/www.thecolosseum.org\/fr\/wp-json\/wp\/v2\/users\/1"}],"replies":[{"embeddable":true,"href":"https:\/\/www.thecolosseum.org\/fr\/wp-json\/wp\/v2\/comments?post=34"}],"version-history":[{"count":3,"href":"https:\/\/www.thecolosseum.org\/fr\/wp-json\/wp\/v2\/pages\/34\/revisions"}],"predecessor-version":[{"id":860,"href":"https:\/\/www.thecolosseum.org\/fr\/wp-json\/wp\/v2\/pages\/34\/revisions\/860"}],"wp:attachment":[{"href":"https:\/\/www.thecolosseum.org\/fr\/wp-json\/wp\/v2\/media?parent=34"}],"wp:term":[{"taxonomy":"post-style","embeddable":true,"href":"https:\/\/www.thecolosseum.org\/fr\/wp-json\/wp\/v2\/post-style?post=34"},{"taxonomy":"producer","embeddable":true,"href":"https:\/\/www.thecolosseum.org\/fr\/wp-json\/wp\/v2\/producer?post=34"}],"curies":[{"name":"wp","href":"https:\/\/api.w.org\/{rel}","templated":true}]}}