{"id":30,"date":"2017-09-07T16:11:23","date_gmt":"2017-09-07T14:11:23","guid":{"rendered":"https:\/\/www.thecolosseum.org\/fr\/?page_id=30"},"modified":"2025-01-06T11:11:41","modified_gmt":"2025-01-06T10:11:41","slug":"architecture","status":"publish","type":"page","link":"https:\/\/www.thecolosseum.org\/fr\/architecture\/","title":{"rendered":"Architecture du Colis\u00e9e"},"content":{"rendered":"\n<p>Le Colis\u00e9e est l&rsquo;un des plus grands exploits de l&rsquo;architecture romaine jamais construits. C&rsquo;est le plus grand amphith\u00e9\u00e2tre romain du monde et malgr\u00e9 plusieurs <a href=\"https:\/\/www.thecolosseum.org\/fr\/histoire\/\">incendies, tremblements de terre et autres catastrophes naturelles<\/a> \u2014 ainsi que des d\u00e9gradations humaines importantes \u2014 il est toujours debout aujourd&rsquo;hui.<\/p>\n\n\n\n<figure class=\"gb-block-image gb-block-image-9aafc24a\"><img decoding=\"async\" width=\"1024\" height=\"576\" class=\"gb-image gb-image-9aafc24a\" src=\"https:\/\/www.thecolosseum.org\/fr\/wp-content\/uploads\/sites\/2\/colosseum-frombelow-optimized-1024x576.jpg\" alt=\"Le mur du Colis\u00e9e vu d'en bas, avec des colonnes corinthiennes qui ressortent de mani\u00e8re pro\u00e9minente.\" srcset=\"https:\/\/www.thecolosseum.org\/fr\/wp-content\/uploads\/sites\/2\/colosseum-frombelow-optimized-1024x576.jpg 1024w, https:\/\/www.thecolosseum.org\/fr\/wp-content\/uploads\/sites\/2\/colosseum-frombelow-optimized-768x432.jpg 768w, https:\/\/www.thecolosseum.org\/fr\/wp-content\/uploads\/sites\/2\/colosseum-frombelow-optimized-1280x720.jpg 1280w, https:\/\/www.thecolosseum.org\/fr\/wp-content\/uploads\/sites\/2\/colosseum-frombelow-optimized-1600x900.jpg 1600w\" sizes=\"(max-width: 1024px) 100vw, 1024px\" \/>\n<p class=\"gb-headline gb-headline-bc62ad20 gb-headline-text\">Les troisi\u00e8me et quatri\u00e8me niveaux du mur ext\u00e9rieur. Remarquez la d\u00e9coration au sommet des colonnes, savez-vous de quel style il s&rsquo;agit ?<\/p>\n<\/figure>\n\n\n\n<h2 class=\"wp-block-heading\"><strong>Construction du Colis\u00e9e<\/strong><\/h2>\n\n\n\n<p>Le Colis\u00e9e a \u00e9t\u00e9 construit entre 70 et 80 apr\u00e8s J.-C. sous les empereurs Vespasien, Titus et Domitien, les empereurs Flaviens. D&rsquo;o\u00f9 son nom original, l&rsquo;Amphith\u00e9\u00e2tre Flavien.<\/p>\n\n\n\n<p>Le Colis\u00e9e peut \u00eatre vu comme une entreprise populiste de Vespasien qui, en partie, l&rsquo;a command\u00e9 pour regagner la faveur d&rsquo;une population m\u00e9contente apr\u00e8s le r\u00e8gne de N\u00e9ron. La planification a commenc\u00e9 en 70 apr\u00e8s J.-C. et la construction en 72, sur le site du lac artificiel que N\u00e9ron avait fait construire dans le cadre de la Domus Aurea.<\/p>\n\n\n\n<p>La plupart de la main-d&rsquo;\u0153uvre pour la construction a \u00e9t\u00e9 fournie par des esclaves juifs, captur\u00e9s apr\u00e8s la premi\u00e8re guerre jud\u00e9o-romaine.<\/p>\n\n\n\n<p>Le b\u00e2timent \u00e9tait de forme ovale, orient\u00e9 sur un axe nord-ouest\/sud-est, avec son axe principal mesurant 189 m\u00e8tres et le plus court 156 m\u00e8tres. En comparaison, c&rsquo;est presque deux fois plus long et 1,5 fois plus large qu&rsquo;un terrain de football moderne.<\/p>\n\n\n\n<h2 class=\"wp-block-heading\"><strong>De quoi le Colis\u00e9e \u00e9tait-il fait ?<\/strong><\/h2>\n\n\n\n<p>Le Colis\u00e9e a \u00e9t\u00e9 construit avec environ 100 000 m\u00e8tres cubes de pierre de travertin, en plus d&rsquo;une quantit\u00e9 similaire de ciment romain, de briques et de blocs de tuf. Le travertin est une classe de calcaire extraite pr\u00e8s de Tivoli (anciennement Tibur).<\/p>\n\n\n\n<p>En plus des diff\u00e9rents types de pierre et de ciment, environ 300 tonnes de pinces en fer ont \u00e9t\u00e9 utilis\u00e9es pour lier les blocs ensemble. Ces pinces ont \u00e9t\u00e9 r\u00e9cup\u00e9r\u00e9es au cours des si\u00e8cles suivants, laissant des marques visibles sur les murs du b\u00e2timent, encore reconnaissables aujourd&rsquo;hui.<\/p>\n\n\n\n<h2 class=\"wp-block-heading\"><strong>Style du Colis\u00e9e<\/strong><\/h2>\n\n\n\n<p>Le Colis\u00e9e a \u00e9t\u00e9 con\u00e7u comme un t\u00e9moignage de la puissance de Rome. \u00c0 l&rsquo;\u00e9poque de son ach\u00e8vement, c&rsquo;\u00e9tait la structure la plus complexe jamais construite par l&rsquo;homme et l&rsquo;une des plus grandes.<\/p>\n\n\n\n<p>La pierre de travertin utilis\u00e9e comme principal mat\u00e9riau de construction \u00e9tait blanche, et avec pr\u00e8s de 50 m\u00e8tres de hauteur (\u00e0 une \u00e9poque o\u00f9 la plupart des b\u00e2timents \u00e9taient de plain-pied) et une surface au sol de 6 acres, elle brillait sous le soleil et inspirait la crainte et l&rsquo;admiration \u00e0 quiconque posait les yeux dessus. Son effet sur un Romain de l&rsquo;\u00e9poque aurait \u00e9t\u00e9 comparable \u00e0 celui que l&rsquo;on ressent aujourd&rsquo;hui en se tenant au pied de l&rsquo;Empire State Building.<\/p>\n\n\n\n<p>Les trois grands ordres architecturaux de l&rsquo;\u00e9poque y sont repr\u00e9sent\u00e9s :<\/p>\n\n\n\n<ul class=\"wp-block-list\">\n<li>Les colonnes du rez-de-chauss\u00e9e \u00e9taient de style toscan, une variation romaine du style dorique grec aust\u00e8re.<\/li>\n\n\n\n<li>Le deuxi\u00e8me \u00e9tage comportait des colonnes ioniques, l\u00e9g\u00e8rement plus \u00e9labor\u00e9es.<\/li>\n\n\n\n<li>Le troisi\u00e8me \u00e9tage arborait des colonnes corinthiennes, plus complexes et d\u00e9cor\u00e9es.<\/li>\n<\/ul>\n\n\n\n<p>Ainsi, de bas en haut, le Colis\u00e9e passait d&rsquo;une complexit\u00e9 stylistique moindre \u00e0 une plus grande. Chaque demi-colonne servait de centre \u00e0 une arche, dont il y avait un total de 80 formant le p\u00e9rim\u00e8tre externe du b\u00e2timent sur les trois premiers \u00e9tages. Celles-ci \u00e9taient plus grandes au rez-de-chauss\u00e9e, mesurant 4,2 m\u00e8tres de large et 7,05 m\u00e8tres de haut. Aux deux \u00e9tages sup\u00e9rieurs, elles avaient la m\u00eame largeur mais \u00e9taient l\u00e9g\u00e8rement plus courtes, \u00e0 6,45 m\u00e8tres de haut.<\/p>\n\n\n\n<p>Contrairement aux trois premiers \u00e9tages, le mur du quatri\u00e8me \u00e9tage n&rsquo;\u00e9tait pas fait d&rsquo;arches et de colonnes, mais plut\u00f4t de panneaux plats, qui, gr\u00e2ce \u00e0 des efforts r\u00e9cents de nettoyage, se r\u00e9v\u00e8lent d\u00e9cor\u00e9s de sculptures et d&rsquo;incrustations d&rsquo;azurite et de bronze.<\/p>\n\n\n\n<p>Le Colis\u00e9e poss\u00e9dait deux entr\u00e9es principales : la <em>Porta Triumphalis<\/em> au nord-ouest, qui, comme son nom l&rsquo;indique, \u00e9tait utilis\u00e9e pour les processions triomphales et par laquelle les gladiateurs entraient dans l&rsquo;ar\u00e8ne, et la <em>Porta Libitinaria<\/em> au sud-est, nomm\u00e9e d&rsquo;apr\u00e8s la d\u00e9esse romaine des fun\u00e9railles et de l&rsquo;inhumation, <em>Libitina<\/em>. Cette porte servait \u00e0 \u00e9vacuer les corps de ceux qui p\u00e9rissaient sur le sable.<\/p>\n\n\n\n<figure class=\"gb-block-image gb-block-image-0fd87b40\"><img decoding=\"async\" width=\"2000\" height=\"1414\" class=\"gb-image gb-image-0fd87b40\" src=\"https:\/\/www.thecolosseum.org\/fr\/wp-content\/uploads\/sites\/2\/colosseum-columns-optimized.jpg\" alt=\"Illustration de la partie sup\u00e9rieure des trois types de colonnes courantes dans l'architecture romaine : dorique, ionique et corinthienne\" \/>\n<p class=\"gb-headline gb-headline-3abb286b gb-headline-text\">Les trois ordres de colonnes dans l&rsquo;architecture romaine.<\/p>\n<\/figure>\n\n\n\n<h2 class=\"wp-block-heading\"><strong>\u00c0 l&rsquo;int\u00e9rieur du Colis\u00e9e<\/strong><\/h2>\n\n\n\n<p>La caract\u00e9ristique la plus distinctive du Colis\u00e9e \u00e9tait l&rsquo;ar\u00e8ne o\u00f9 gladiateurs, prisonniers, condamn\u00e9s et animaux sauvages combattaient et mouraient.<\/p>\n\n\n\n<ul class=\"wp-block-list\">\n<li>Elle mesurait 83 m\u00e8tres de longueur et 48 m\u00e8tres de largeur.<\/li>\n\n\n\n<li>Le sol de l&rsquo;ar\u00e8ne \u00e9tait compos\u00e9 de panneaux de bois, recouverts d&rsquo;une couche de sable qui provenait de la colline voisine de Monte Mario.<\/li>\n\n\n\n<li>Il y avait de nombreuses trappes dans le sol, utilis\u00e9es pour introduire et retirer des \u00e9l\u00e9ments de d\u00e9cor et pour des effets sp\u00e9ciaux.<\/li>\n\n\n\n<li>Il \u00e9tait entour\u00e9 d\u2019un mur de 10 pieds qui menait au premier niveau de si\u00e8ges.<\/li>\n<\/ul>\n\n\n\n<p>Le mur de l&rsquo;ar\u00e8ne \u00e9tait fait de blocs de pierre rouge et noire, marquant un contraste fort avec le reste du b\u00e2timent qui \u00e9tait d&rsquo;un blanc intense, et refl\u00e9tant ce qui se passait sur le sol de l&rsquo;ar\u00e8ne.<\/p>\n\n\n\n<p>Autour de l&rsquo;ar\u00e8ne se trouvaient les gradins, appel\u00e9s collectivement la <em>cavea<\/em>. La cavea \u00e9tait divis\u00e9e en trois niveaux qui refl\u00e9taient les strates sociales de la soci\u00e9t\u00e9 romaine.<\/p>\n\n\n\n<p>De bas en haut : le <em>podium<\/em>, le <em>gradatio<\/em> et le <em>porticus<\/em>. Les si\u00e8ges les plus proches de l&rsquo;ar\u00e8ne, le podium, \u00e9taient r\u00e9serv\u00e9s aux Romains de haut rang, tels que les s\u00e9nateurs et les hauts fonctionnaires. En montant plus haut dans la cavea, on rencontrait des personnes de statut social de plus en plus bas, le niveau sup\u00e9rieur \u00e9tant toujours occup\u00e9 par des citoyens romains, mais pauvres.<\/p>\n\n\n\n<p>Les si\u00e8ges \u00e9taient faits de pierre de travertin, et chaque si\u00e8ge mesurait environ 40 centim\u00e8tres de large. Les spectateurs plus fortun\u00e9s apportaient des coussins \u00e0 placer sur leurs si\u00e8ges. On estime que le Colis\u00e9e pouvait accueillir jusqu&rsquo;\u00e0 80 000 spectateurs.<\/p>\n\n\n\n<p>La cavea \u00e9tait \u00e9galement divis\u00e9e horizontalement par des acc\u00e8s publics : les <em>scalaria<\/em>, escaliers menant aux gradins, et les <em>vomitoria<\/em>, passages menant \u00e0 l&rsquo;ext\u00e9rieur. Contrairement \u00e0 une croyance populaire, les vomitoria n&rsquo;\u00e9taient pas des espaces pour vomir. Le terme se r\u00e9f\u00e8re \u00e0 l&rsquo;action de \u00ab\u00a0d\u00e9verser\u00a0\u00bb les spectateurs depuis un endroit, et non au contenu de leur estomac.<\/p>\n\n\n\n<h3 class=\"wp-block-heading\"><strong>Le souterrain du Colis\u00e9e<\/strong><\/h3>\n\n\n\n<p>Bien que l&rsquo;ar\u00e8ne soit la caract\u00e9ristique la plus distinctive du Colis\u00e9e, la plus importante \u00e9tait <em>l&rsquo;hypog\u00e9e<\/em>, son espace souterrain.<\/p>\n\n\n\n<ul class=\"wp-block-list\">\n<li>L&rsquo;hypog\u00e9e \u00e9tait un r\u00e9seau de tunnels et de chambres r\u00e9partis sur deux niveaux, o\u00f9 les gladiateurs et les animaux \u00e9taient gard\u00e9s avant d&rsquo;entrer dans l&rsquo;ar\u00e8ne au-dessus.<\/li>\n\n\n\n<li>Il ne faisait pas partie de la conception originale telle que con\u00e7ue par Vespasien et son fils Titus. Il a \u00e9t\u00e9 ajout\u00e9 apr\u00e8s que le b\u00e2timent ait d\u00e9j\u00e0 \u00e9t\u00e9 inaugur\u00e9 en 80 apr\u00e8s J.-C., sur ordre de leur successeur, l&#8217;empereur Domitien.<\/li>\n\n\n\n<li>80 puits verticaux reliaient l&rsquo;hypog\u00e9e \u00e0 l&rsquo;ar\u00e8ne au-dessus. Les gladiateurs et les animaux pouvaient acc\u00e9der \u00e0 l&rsquo;ar\u00e8ne par ces puits.<\/li>\n\n\n\n<li>Certains de ces puits int\u00e9graient un syst\u00e8me de grandes plateformes mobiles, appel\u00e9es hegmata. Celles-ci servaient \u00e0 d\u00e9placer des animaux de grande taille, tels que les \u00e9l\u00e9phants, vers le haut et vers le bas.<\/li>\n\n\n\n<li>L&rsquo;hypog\u00e9e \u00e9tait reli\u00e9 \u00e0 l&rsquo;ext\u00e9rieur par un r\u00e9seau de tunnels souterrains, comme ceux menant aux baraquements des gladiateurs et aux \u00e9curies voisines o\u00f9 les animaux \u00e9taient gard\u00e9s.<\/li>\n\n\n\n<li>Le Colis\u00e9e disposait d&rsquo;un tunnel d&rsquo;acc\u00e8s priv\u00e9 pour l&#8217;empereur, afin qu&rsquo;il puisse entrer et sortir du b\u00e2timent en toute s\u00e9curit\u00e9, en \u00e9vitant les grandes foules.<\/li>\n\n\n\n<li>Avec la construction de l&rsquo;hypog\u00e9e, il est devenu impossible d&rsquo;inonder l&rsquo;ar\u00e8ne et donc de tenir des naumachies (batailles navales simul\u00e9es) dans le Colis\u00e9e. Deux naumachies ont \u00e9t\u00e9 organis\u00e9es avant sa construction.<\/li>\n<\/ul>\n\n\n\n<figure class=\"gb-block-image gb-block-image-ecdf349a\"><img decoding=\"async\" width=\"2000\" height=\"1331\" class=\"gb-image gb-image-ecdf349a\" src=\"https:\/\/www.thecolosseum.org\/fr\/wp-content\/uploads\/sites\/2\/hypogeum-optimized.jpg\" alt=\"Le labyrinthe de passages de l'hypog\u00e9e vu depuis le niveau du sol du Colis\u00e9e\" \/>\n<p class=\"gb-headline gb-headline-0ba70de0 gb-headline-text\">Le d\u00e9dale de chambres et de passages de l&rsquo;hypog\u00e9e est maintenant d\u00e9couvert et peut \u00eatre vu depuis le niveau du sol, et visit\u00e9 lors de visites guid\u00e9es du Colis\u00e9e.<\/p>\n<\/figure>\n\n\n\n<p><\/p>\n","protected":false},"excerpt":{"rendered":"","protected":false},"author":1,"featured_media":0,"parent":0,"menu_order":6,"comment_status":"closed","ping_status":"closed","template":"","meta":{"_acf_changed":false,"footnotes":"","button_url":"https:\/\/www.tiqets.com\/fr\/colosseum-l145769\/?partner=thecolosseum","ms_product_id":"","ms_product_name":"","ms_price":"","ms_currency":"","ms_rating_value":"","ms_review_count":"","rank_math_title":"Architecture Du Colis\u00e9e Romain (Guide Design et Structure)","rank_math_description":""},"post-style":[],"producer":[],"class_list":["post-30","page","type-page","status-publish","has-post-thumbnail"],"acf":[],"product_schema":{"ms_product_id":"","ms_product_name":"","ms_price":"","ms_currency":"","ms_rating_value":"","ms_review_count":""},"_links":{"self":[{"href":"https:\/\/www.thecolosseum.org\/fr\/wp-json\/wp\/v2\/pages\/30","targetHints":{"allow":["GET"]}}],"collection":[{"href":"https:\/\/www.thecolosseum.org\/fr\/wp-json\/wp\/v2\/pages"}],"about":[{"href":"https:\/\/www.thecolosseum.org\/fr\/wp-json\/wp\/v2\/types\/page"}],"author":[{"embeddable":true,"href":"https:\/\/www.thecolosseum.org\/fr\/wp-json\/wp\/v2\/users\/1"}],"replies":[{"embeddable":true,"href":"https:\/\/www.thecolosseum.org\/fr\/wp-json\/wp\/v2\/comments?post=30"}],"version-history":[{"count":3,"href":"https:\/\/www.thecolosseum.org\/fr\/wp-json\/wp\/v2\/pages\/30\/revisions"}],"predecessor-version":[{"id":862,"href":"https:\/\/www.thecolosseum.org\/fr\/wp-json\/wp\/v2\/pages\/30\/revisions\/862"}],"wp:attachment":[{"href":"https:\/\/www.thecolosseum.org\/fr\/wp-json\/wp\/v2\/media?parent=30"}],"wp:term":[{"taxonomy":"post-style","embeddable":true,"href":"https:\/\/www.thecolosseum.org\/fr\/wp-json\/wp\/v2\/post-style?post=30"},{"taxonomy":"producer","embeddable":true,"href":"https:\/\/www.thecolosseum.org\/fr\/wp-json\/wp\/v2\/producer?post=30"}],"curies":[{"name":"wp","href":"https:\/\/api.w.org\/{rel}","templated":true}]}}