{"id":25,"date":"2017-09-07T15:06:59","date_gmt":"2017-09-07T13:06:59","guid":{"rendered":"https:\/\/www.thecolosseum.org\/fr\/?page_id=25"},"modified":"2025-05-28T10:07:13","modified_gmt":"2025-05-28T08:07:13","slug":"visites-du-colisee","status":"publish","type":"page","link":"https:\/\/www.thecolosseum.org\/fr\/visites-du-colisee\/","title":{"rendered":"Visites guid\u00e9es du Colis\u00e9e"},"content":{"rendered":"\n<p>Avec 2000 ans d&rsquo;existence, le Colis\u00e9e de Rome a \u00e9t\u00e9 t\u00e9moin de l&rsquo;ascension et de la chute de nombreuses nations et empires. Comme tout b\u00e2timent ayant surv\u00e9cu presque depuis l&rsquo;\u00e9poque du Christ, il a beaucoup d&rsquo;histoires \u00e0 raconter, et quelle meilleure fa\u00e7on de les d\u00e9couvrir qu&rsquo;avec un guide local expert ? Achetez vos billets de visite guid\u00e9e du Colis\u00e9e ici et d\u00e9couvrez le Colis\u00e9e sous son meilleur jour.<\/p>\n\n\n\n<figure class=\"gb-block-image gb-block-image-799b8e62\"><img decoding=\"async\" width=\"1024\" height=\"576\" class=\"gb-image gb-image-799b8e62 ms-mb-block\" src=\"https:\/\/www.thecolosseum.org\/fr\/wp-content\/uploads\/sites\/2\/colosseum-inside-optimized-1-1024x576.jpg\" alt=\"Le Colis\u00e9e vu de l'int\u00e9rieur, avec vue sur l'ar\u00e8ne et l'hypog\u00e9e\" srcset=\"https:\/\/www.thecolosseum.org\/fr\/wp-content\/uploads\/sites\/2\/colosseum-inside-optimized-1-1024x576.jpg 1024w, https:\/\/www.thecolosseum.org\/fr\/wp-content\/uploads\/sites\/2\/colosseum-inside-optimized-1-768x432.jpg 768w, https:\/\/www.thecolosseum.org\/fr\/wp-content\/uploads\/sites\/2\/colosseum-inside-optimized-1-1280x720.jpg 1280w, https:\/\/www.thecolosseum.org\/fr\/wp-content\/uploads\/sites\/2\/colosseum-inside-optimized-1-1600x900.jpg 1600w\" sizes=\"(max-width: 1024px) 100vw, 1024px\" \/><\/figure>\n\n\n\n<h2 class=\"wp-block-heading\">Liste des visites guid\u00e9es et prix<\/h2>\n\n\n\n<div class=\"ms-rounded ms-mb-last-child-0 ms-mb-block ms-tfs--contrast ms-p ms-tfs\">\n<h3 class=\"gb-text\">Visites guid\u00e9es du Colis\u00e9e<\/h3>\n\n\n\n<p>\ud83d\udcc5 S\u00e9lectionnez votre date de visite lors du paiement pour voir les visites disponibles et les prix \u00e0 jour.<\/p>\n\n\n\n<p><em>(Toutes les visites ci-dessous incluent l\u2019entr\u00e9e au Colis\u00e9e, au Forum Romain et au Mont Palatin, avec un guide officiel.)<\/em><\/p>\n\n\n\n<hr class=\"wp-block-separator has-alpha-channel-opacity\"\/>\n\n\n\n<p class=\"ms-link-unstyled\"><a href=\"https:\/\/www.tiqets.com\/fr\/rome-attractions-c71631\/tickets-for-colosseum-roman-forum-guided-tour-p1111484\/?partner=thecolosseum\" rel=\"nofollow noopener\"><strong>\ud83d\udd39 Visite classique : Colis\u00e9e, Forum Romain &amp; Mont Palatin<\/strong><\/a><\/p>\n\n\n\n<p><strong>La visite incontournable \u2014 id\u00e9ale pour une premi\u00e8re fois \u00e0 Rome.<br><\/strong>Explorez les trois sites majeurs avec un guide en direct. Plusieurs formats disponibles : standard, petit groupe, express ou sp\u00e9cial familles.<\/p>\n\n\n\n<p>\u23f1 Dur\u00e9e : 1 \u00e0 3 heures<br>\ud83d\udc65 Taille du groupe : 10 \u00e0 25 personnes<br>\ud83c\udfa7 Langues : anglais, allemand, fran\u00e7ais, italien, espagnol, portugais, japonais, cor\u00e9en, chinois<\/p>\n\n\n\n<hr class=\"wp-block-separator has-alpha-channel-opacity\"\/>\n\n\n\n<p class=\"ms-link-unstyled\"><a href=\"https:\/\/www.tiqets.com\/fr\/rome-attractions-c71631\/tickets-for-colosseum-arena-roman-forum-guided-tour-p1111476\/?partner=thecolosseum\" rel=\"nofollow noopener\"><strong>\ud83d\udd39 Visite avec acc\u00e8s \u00e0 l\u2019ar\u00e8ne<\/strong><\/a><\/p>\n\n\n\n<p><strong>Envie de marcher l\u00e0 o\u00f9 combattaient les gladiateurs ?<br><\/strong>Cette visite comprend tout ce que propose la visite classique \u2014 plus un acc\u00e8s exclusif au sol de l\u2019ar\u00e8ne en passant par la Porte des Gladiateurs.<\/p>\n\n\n\n<p>\u23f1 Dur\u00e9e : 1 \u00e0 3 heures<br>\ud83d\udc65 Taille du groupe : 6 \u00e0 25 personnes<br>\ud83c\udfa7 Langues : anglais, allemand, fran\u00e7ais, italien, espagnol, portugais<\/p>\n\n\n\n<hr class=\"wp-block-separator has-alpha-channel-opacity\"\/>\n\n\n\n<p class=\"ms-link-unstyled\"><a href=\"https:\/\/www.tiqets.com\/fr\/rome-attractions-c71631\/tickets-for-colosseum-arena-underground-roman-forum-guided-tour-p1111546\/?partner=thecolosseum\" rel=\"nofollow noopener\"><strong>\ud83d\udd39 Visite avec acc\u00e8s \u00e0 l\u2019ar\u00e8ne &amp; aux souterrains<\/strong><\/a><\/p>\n\n\n\n<p><strong>L\u2019exp\u00e9rience la plus compl\u00e8te du Colis\u00e9e.<br><\/strong>En plus du sol de l\u2019ar\u00e8ne, vous descendrez dans les souterrains \u2014 l\u2019endroit o\u00f9 attendaient gladiateurs et animaux avant le combat. Ces zones sont uniquement accessibles avec des visites sp\u00e9ciales.<\/p>\n\n\n\n<p>\u23f1 Dur\u00e9e : environ 3 heures<br>\ud83d\udc65 Taille du groupe : jusqu\u2019\u00e0 24 personnes<br>\ud83c\udfa7 Langues : anglais, espagnol<\/p>\n\n\n\n<hr class=\"wp-block-separator has-alpha-channel-opacity\"\/>\n\n\n\n<p><strong>\u2728 Vous voulez visiter le Vatican et le Colis\u00e9e le m\u00eame jour ?<\/strong><\/p>\n\n\n\n<p>Ce billet combin\u00e9 vous donne acc\u00e8s aux Mus\u00e9es du Vatican et \u00e0 une autre grande attraction comme le Colis\u00e9e \u2014 le tout en une seule r\u00e9servation.<\/p>\n\n\n\n<p class=\"ms-link-unstyled\"><strong><a href=\"https:\/\/www.tiqets.com\/fr\/rome-attractions-c71631\/tickets-for-vatican-museums-sistine-chapel-combo-tickets-p1111413\/?partner=thecolosseum\" rel=\"nofollow noopener\">\ud83d\udd37 Visite combin\u00e9e : Vatican + Colis\u00e9e<\/a><\/strong><\/p>\n\n\n\n<p>\u23f1 Dur\u00e9e : 4 \u00e0 10 heures<br>\ud83c\udfdb Choisissez votre deuxi\u00e8me site lors du paiement : Colis\u00e9e, Panth\u00e9on, bus touristique, ou Prison Mamertine<br>\u2705 Comprend un acc\u00e8s coupe-file aux Mus\u00e9es du Vatican et \u00e0 la Chapelle Sixtine<\/p>\n\n\n\n<hr class=\"wp-block-separator has-alpha-channel-opacity\"\/>\n\n\n\n<div class=\"ms-cta-button-options ms-mb-block ms-cta\">\n<a class=\"gb-text ms-btn ms-btn--primary ms-shadow\" rel=\"nofollow noopener\" target=\"_blank\" href=\"https:\/\/www.tiqets.com\/fr\/billets-le-colisee-l145769\/?partner=thecolosseum&#038;offering_type=guided_tour\">Toutes les visites disponibles<\/a>\n\n\n\n<a class=\"gb-text ms-btn ms-btn--outline-primary ms-shadow\" target=\"_blank\" rel=\"noopener nofollow\" href=\"https:\/\/www.tiqets.com\/fr\/colosseum-l145769\/?partner=thecolosseum\">Billets d\u2019entr\u00e9e pour le Colis\u00e9e<\/a>\n<\/div>\n<\/div>\n\n\n\n<h3 class=\"wp-block-heading\">Visite guid\u00e9e : Colis\u00e9e, Forum Romain et colline Palatine<\/h3>\n\n\n\n<p>Explorez le Colis\u00e9e, le Forum Romain et la colline Palatine avec un guide expert et d\u00e9couvrez les <a href=\"https:\/\/www.thecolosseum.org\/fr\/gladiateurs\/\">batailles de gladiateurs<\/a>, les intrigues des palais romains et l&rsquo;histoire de la capitale du plus grand empire d&rsquo;Europe. Voici un aper\u00e7u des options de visite :<\/p>\n\n\n\n<ul class=\"wp-block-list\">\n<li><strong>Visite guid\u00e9e semi-priv\u00e9e<\/strong> : Vous n&rsquo;aimez pas les grands groupes de visites ? Cette option semi-priv\u00e9e vous permet d&rsquo;explorer le Colis\u00e9e plus confortablement et de profiter d&rsquo;une exp\u00e9rience plus personnelle et interactive avec votre guide. Disponible avec des guides en anglais, fran\u00e7ais, italien, portugais et espagnol, ces visites durent entre 1,5 et 3 heures.<\/li>\n\n\n\n<li><strong>Visite guid\u00e9e standard<\/strong> : Choisissez des billets pour des groupes de jusqu&rsquo;\u00e0 30 personnes. Ces visites sont disponibles en 9 langues et durent entre 1,5 et 3 heures. Les billets se vendent rapidement, v\u00e9rifiez la disponibilit\u00e9 <a href=\"https:\/\/www.tiqets.com\/fr\/rome-attractions-c71631\/tickets-for-colosseum-roman-forum-and-palatine-hill-guided-tour-p1106568\/?partner=thecolosseum\" target=\"_blank\" rel=\"noreferrer noopener nofollow\">ici<\/a>.<\/li>\n\n\n\n<li><strong>Visite guid\u00e9e en petit groupe<\/strong> : Vous souhaitez une exp\u00e9rience plus personnelle ? Rejoignez un groupe plus restreint de 6 \u00e0 25 personnes, avec des visites d&rsquo;une dur\u00e9e de 1 \u00e0 3 heures. Cette option est disponible en anglais, allemand, fran\u00e7ais, italien, portugais et espagnol.<\/li>\n<\/ul>\n\n\n\n<figure class=\"gb-block-image gb-block-image-d1105088\"><img decoding=\"async\" width=\"2000\" height=\"1300\" class=\"gb-image gb-image-d1105088\" src=\"https:\/\/www.thecolosseum.org\/fr\/wp-content\/uploads\/sites\/2\/roman-forum-optimized.jpg\" alt=\"Le Forum romain vu du haut du mont Palatin, tous deux sont proches du Colis\u00e9e\"\/>\n<p class=\"gb-headline gb-headline-6363230e gb-headline-text\">Vue du Forum Romain depuis la colline Palatine. Les deux sites sont accessibles \u00e0 pied depuis le Colis\u00e9e.<\/p>\n<\/figure>\n\n\n\n<h3 class=\"wp-block-heading\">Visite guid\u00e9e : Colis\u00e9e, Ar\u00e8ne, Forum Romain &amp; colline Palatine<\/h3>\n\n\n\n<p>Vous cherchez \u00e0 plonger plus profond\u00e9ment dans l&rsquo;histoire de la Rome antique ? Cette visite de 3 heures couvre tout. Commencez par le Forum Romain, o\u00f9 march\u00e9s anim\u00e9s, temples et \u00e9v\u00e9nements politiques ont autrefois fa\u00e7onn\u00e9 l&#8217;empire. De l\u00e0, promenez-vous jusqu&rsquo;\u00e0 la colline Palatine, lieu l\u00e9gendaire de la fondation de Rome, et profitez de vues imprenables sur le Forum et le Cirque Maxime. Le point culminant est de fouler le sol de <a href=\"https:\/\/www.thecolosseum.org\/fr\/architecture\/\">l&rsquo;ar\u00e8ne du Colis\u00e9e<\/a>, l\u00e0 o\u00f9 les gladiateurs combattaient autrefois.<\/p>\n\n\n\n<p>Cette visite est disponible en anglais, fran\u00e7ais, allemand, italien et espagnol. Achetez votre billet <a href=\"https:\/\/www.tiqets.com\/fr\/rome-attractions-c71631\/tickets-for-tour-of-the-colosseum-with-arena-floor-forum-and-palatine-hill-p1074938\/?partner=thecolosseum\" target=\"_blank\" rel=\"noreferrer noopener nofollow\">ici<\/a> pour \u00e9viter les files d&rsquo;attente avec une entr\u00e9e r\u00e9serv\u00e9e.<\/p>\n\n\n\n<h3 class=\"wp-block-heading\">Visite guid\u00e9e : Colis\u00e9e souterrain &amp; \u00e9tage de l&rsquo;ar\u00e8ne<\/h3>\n\n\n\n<p>Cette visite est destin\u00e9e \u00e0 des petits groupes (jusqu&rsquo;\u00e0 24 personnes) et vous emm\u00e8ne dans des zones du Colis\u00e9e rarement explor\u00e9es par le public. Vous acc\u00e9derez aux <a href=\"https:\/\/www.thecolosseum.org\/fr\/architecture\/\">tunnels souterrains<\/a>, o\u00f9 gladiateurs et lions attendaient avant de se rendre sur l&rsquo;ar\u00e8ne. C&rsquo;est un fascinant aper\u00e7u des coulisses sur la fa\u00e7on dont les jeux \u00e9taient organis\u00e9s. La visite est propos\u00e9e en anglais et dure environ 3 heures.<\/p>\n\n\n\n<p>Les visites souterraines du Colis\u00e9e se vendent rapidement en haute saison. R\u00e9servez votre billet <a href=\"https:\/\/www.tiqets.com\/fr\/rome-attractions-c71631\/admission-for-colosseum-underground-with-vip-arena-access-p1016054\/?partner=thecolosseum\" target=\"_blank\" rel=\"noreferrer noopener nofollow\">ici<\/a>.<\/p>\n\n\n\n<figure class=\"gb-block-image gb-block-image-6974114d\"><img decoding=\"async\" width=\"1334\" height=\"2000\" class=\"gb-image gb-image-6974114d\" src=\"https:\/\/www.thecolosseum.org\/fr\/wp-content\/uploads\/sites\/2\/colosseum-undeground-optimized.jpg\" alt=\"Un passage souterrain dans le Colis\u00e9e\"\/>\n<p class=\"gb-headline gb-headline-2cd54d53 gb-headline-text\">Il y a deux mille ans, ce tunnel \u00e9tait emprunt\u00e9 par les gladiateurs se rendant \u00e0 l&rsquo;ar\u00e8ne pour se battre jusqu&rsquo;\u00e0 la mort.<\/p>\n<\/figure>\n\n\n\n<h2 class=\"wp-block-heading\">Foire aux questions concernant les visites guid\u00e9es du Colis\u00e9e :<\/h2>\n\n\n\n<h3 class=\"wp-block-heading\">Une visite guid\u00e9e du Colis\u00e9e en vaut-elle la peine ?<\/h3>\n\n\n\n<p>Visiter le Colis\u00e9e par vous-m\u00eame est une exp\u00e9rience agr\u00e9able, mais si vous voulez en tirer le meilleur parti et en apprendre davantage sur l&rsquo;histoire du Colis\u00e9e (ainsi que du Forum Romain et de la colline Palatine), une visite guid\u00e9e est la meilleure option. Un guide expert peut vous donner des informations que vous ne pourriez pas obtenir par vous-m\u00eame.<\/p>\n\n\n\n<h3 class=\"wp-block-heading\">Dans quelles langues sont propos\u00e9es les visites ?<\/h3>\n\n\n\n<p>La plupart des visites sont en anglais, mais certaines sont \u00e9galement disponibles en allemand, fran\u00e7ais, italien, portugais et espagnol.<\/p>\n\n\n\n<h3 class=\"wp-block-heading\">Les visites guid\u00e9es du Colis\u00e9e sont-elles adapt\u00e9es aux enfants ?<\/h3>\n\n\n\n<p>Certaines visites sont sp\u00e9cialement con\u00e7ues pour les enfants, tandis que d&rsquo;autres sont destin\u00e9es \u00e0 un public plus large. Quoi qu&rsquo;il en soit, le Colis\u00e9e est assez impressionnant, donc il n&rsquo;est pas difficile de captiver l&rsquo;attention des enfants pendant que vous l&rsquo;explorez. Gardez \u00e0 l&rsquo;esprit que la plupart des visites sont sans pause, donc vos enfants pourraient se fatiguer lors des plus longues.<\/p>\n\n\n\n<h3 class=\"wp-block-heading\">Puis-je \u00e9viter les files d&rsquo;attente avec une visite guid\u00e9e ?<\/h3>\n\n\n\n<p>Oui, vous pouvez. Comme tous les visiteurs, les groupes de visites doivent passer par la s\u00e9curit\u00e9, mais vous \u00e9viterez toutes les autres files d&rsquo;attente. Pour plus d&rsquo;informations sur la visite du Colis\u00e9e, consultez notre page <a href=\"https:\/\/www.thecolosseum.org\/fr\/visite\/\">Visite<\/a>.<\/p>\n\n\n\n<h3 class=\"wp-block-heading\">Combien de temps durent les visites guid\u00e9es du Colis\u00e9e ?<\/h3>\n\n\n\n<p>La plupart des visites durent entre 1h30 et 3 heures, selon les sites que vous visiterez, que ce soit uniquement le Colis\u00e9e ou avec la colline Palatine et le Forum Romain.<\/p>\n\n\n\n<h3 class=\"wp-block-heading\">Dois-je r\u00e9server ma visite \u00e0 l&rsquo;avance ?<\/h3>\n\n\n\n<p>Ce n&rsquo;est pas absolument n\u00e9cessaire de r\u00e9server \u00e0 l&rsquo;avance, mais si vous comptez improviser une fois arriv\u00e9 \u00e0 Rome, vous pourriez constater que les groupes de visites pour vos dates et horaires pr\u00e9f\u00e9r\u00e9s sont d\u00e9j\u00e0 complets. R\u00e9server votre visite \u00e0 l&rsquo;avance vous donne plus de choix en termes de dates et d&rsquo;horaires, donc il n&rsquo;y a aucune raison de ne pas le faire.<\/p>\n\n\n\n<h3 class=\"wp-block-heading\">Dois-je apporter quelque chose pour ma visite ?<\/h3>\n\n\n\n<p>Preuve de votre r\u00e9servation (sur votre t\u00e9l\u00e9phone, cela suffit) et des v\u00eatements et chaussures confortables pour marcher. Si vous visitez Rome en \u00e9t\u00e9, pensez \u00e9galement \u00e0 apporter de l&rsquo;eau et de la cr\u00e8me solaire, car le soleil m\u00e9diterran\u00e9en peut \u00eatre assez intense.<\/p>\n","protected":false},"excerpt":{"rendered":"","protected":false},"author":1,"featured_media":0,"parent":0,"menu_order":10,"comment_status":"closed","ping_status":"closed","template":"","meta":{"_acf_changed":false,"footnotes":"","button_url":"https:\/\/www.tiqets.com\/fr\/colosseum-l145769\/?partner=thecolosseum","ms_product_id":"","ms_product_name":"","ms_price":"","ms_currency":"","ms_rating_value":"","ms_review_count":"","rank_math_title":"R\u00e9server Visites Guid\u00e9es Du Colis\u00e9e (Acc\u00e8s Privil\u00e9gi\u00e9)","rank_math_description":""},"post-style":[],"producer":[],"class_list":["post-25","page","type-page","status-publish","has-post-thumbnail"],"acf":[],"product_schema":{"ms_product_id":"","ms_product_name":"","ms_price":"","ms_currency":"","ms_rating_value":"","ms_review_count":""},"_links":{"self":[{"href":"https:\/\/www.thecolosseum.org\/fr\/wp-json\/wp\/v2\/pages\/25","targetHints":{"allow":["GET"]}}],"collection":[{"href":"https:\/\/www.thecolosseum.org\/fr\/wp-json\/wp\/v2\/pages"}],"about":[{"href":"https:\/\/www.thecolosseum.org\/fr\/wp-json\/wp\/v2\/types\/page"}],"author":[{"embeddable":true,"href":"https:\/\/www.thecolosseum.org\/fr\/wp-json\/wp\/v2\/users\/1"}],"replies":[{"embeddable":true,"href":"https:\/\/www.thecolosseum.org\/fr\/wp-json\/wp\/v2\/comments?post=25"}],"version-history":[{"count":3,"href":"https:\/\/www.thecolosseum.org\/fr\/wp-json\/wp\/v2\/pages\/25\/revisions"}],"predecessor-version":[{"id":1025,"href":"https:\/\/www.thecolosseum.org\/fr\/wp-json\/wp\/v2\/pages\/25\/revisions\/1025"}],"wp:attachment":[{"href":"https:\/\/www.thecolosseum.org\/fr\/wp-json\/wp\/v2\/media?parent=25"}],"wp:term":[{"taxonomy":"post-style","embeddable":true,"href":"https:\/\/www.thecolosseum.org\/fr\/wp-json\/wp\/v2\/post-style?post=25"},{"taxonomy":"producer","embeddable":true,"href":"https:\/\/www.thecolosseum.org\/fr\/wp-json\/wp\/v2\/producer?post=25"}],"curies":[{"name":"wp","href":"https:\/\/api.w.org\/{rel}","templated":true}]}}