{"id":20,"date":"2017-09-07T14:15:04","date_gmt":"2017-09-07T12:15:04","guid":{"rendered":"https:\/\/www.thecolosseum.org\/fr\/?page_id=20"},"modified":"2025-01-06T11:11:50","modified_gmt":"2025-01-06T10:11:50","slug":"visite","status":"publish","type":"page","link":"https:\/\/www.thecolosseum.org\/fr\/visite\/","title":{"rendered":"Visiter le Colis\u00e9e"},"content":{"rendered":"\n<p class=\"has-medium-font-size\">Le Colis\u00e9e de Rome est l&rsquo;une des sept nouvelles merveilles du monde et un site incontournable si vous visitez la capitale de l&rsquo;Italie, la Ville \u00c9ternelle.<\/p>\n\n\n\n<p>Vous trouverez ci-dessous des informations utiles pour planifier votre visite, telles que les horaires d&rsquo;ouverture, les moyens de transport pour se rendre au Colis\u00e9e, des informations sur la s\u00e9curit\u00e9 et l&rsquo;accessibilit\u00e9, et bien plus encore.<\/p>\n\n\n\n\n\n<figure class=\"gb-block-image gb-block-image-2c331845\"><img decoding=\"async\" width=\"1024\" height=\"576\" class=\"gb-image gb-image-2c331845\" src=\"https:\/\/www.thecolosseum.org\/fr\/wp-content\/uploads\/sites\/2\/colosseum-inside-optimized-1024x576.jpg\" alt=\"The Colosseum seen from the inside, with a view of the open hypogeum.\" srcset=\"https:\/\/www.thecolosseum.org\/fr\/wp-content\/uploads\/sites\/2\/colosseum-inside-optimized-1024x576.jpg 1024w, https:\/\/www.thecolosseum.org\/fr\/wp-content\/uploads\/sites\/2\/colosseum-inside-optimized-768x432.jpg 768w, https:\/\/www.thecolosseum.org\/fr\/wp-content\/uploads\/sites\/2\/colosseum-inside-optimized-1280x720.jpg 1280w, https:\/\/www.thecolosseum.org\/fr\/wp-content\/uploads\/sites\/2\/colosseum-inside-optimized-1600x900.jpg 1600w\" sizes=\"(max-width: 1024px) 100vw, 1024px\" \/>\n<p class=\"gb-headline gb-headline-0e5ef599 gb-headline-text\">Le Colis\u00e9e et la zone souterraine, l&rsquo;Hypog\u00e9e.<\/p>\n<\/figure>\n\n\n\n<h2 class=\"wp-block-heading\">O\u00f9 se trouve le Colis\u00e9e ?<\/h2>\n\n\n\n<p>L&rsquo;adresse du Colis\u00e9e est <strong>Piazza del Colosseo, 1<\/strong>, \u00e0 Rome, en Italie.<\/p>\n\n\n\n<p>Pour ceux qui voyagent en voiture, les coordonn\u00e9es GPS du Colis\u00e9e sont <strong>41.8902\u00b0 N, 12.4922\u00b0 E<\/strong>.<\/p>\n\n\n\n<p>Si tu es \u00e0 Rome et que tu as besoin d&rsquo;un itin\u00e9raire pour te rendre au Colis\u00e9e, utilise la carte Google suivante pour trouver le meilleur itin\u00e9raire \u00e0 partir de ton emplacement actuel.<\/p>\n\n\n\n<address class=\"ms-mapblock ms-mb-block\">\n\t\t\n\t\t<h4>\n\t\t\tThe Colosseum\t\t<\/h2>\n\t\t\n\t\t<p class=\"ms-mb-0\">\n            <img decoding=\"async\" class=\"ms-mapblock__map ms-rounded\" src=\"https:\/\/www.thecolosseum.org\/fr\/wp-content\/uploads\/sites\/2\/maps\/staticmap_41.8902102_12.4922309_14_768x432.png\" alt=\"The Colosseum\" \/>\n\t\t<\/p>\n\t\t\n\t\t<p class=\"ms-text-sm ms-text-muted\">\n\t\t\tPiazza del Colosseo, 1, 00184 Roma RM, Italy \u00b7 \n\t\t\t<a rel=\"nofollow noopener\" target=\"_blank\" href=\"https:\/\/maps.google.com\/?q=41.8902102,12.4922309\">Google Maps<\/a>\n\t\t<\/p>\n\t\t\n\t<\/address>\n\n\n<address class=\"ms-mapblock ms-mb-block\">\n\t<\/address>\n\n\n<p><strong>Important<\/strong> : Assurez-vous de v\u00e9rifier les <a href=\"https:\/\/www.thecolosseum.org\/fr\/horaires-d-ouverture\/\" data-type=\"page\" data-id=\"110\">horaires d&rsquo;ouverture<\/a> avant votre visite, car ils varient en fonction de la p\u00e9riode de l&rsquo;ann\u00e9e.<\/p>\n\n\n\n<h3 class=\"wp-block-heading\">Comment se rendre au Colis\u00e9e<\/h3>\n\n\n\n<p>Le Colis\u00e9e est tr\u00e8s bien desservi par le vaste r\u00e9seau de transport public de Rome. Il est accessible par m\u00e9tro, plusieurs lignes de bus et par tramway. Voici une liste de toutes les options de transport en commun pour vous rendre au Colis\u00e9e depuis presque n&rsquo;importe quel endroit \u00e0 Rome.<\/p>\n\n\n\n<ul class=\"wp-block-list\">\n<li>Ligne de m\u00e9tro B, descendez \u00e0 l&rsquo;arr\u00eat Colosseo.<\/li>\n\n\n\n<li>Lignes de bus 51, 75, 81, 85, 87 et 118.<\/li>\n\n\n\n<li>Ligne de tramway 3.<\/li>\n<\/ul>\n\n\n\n<p>Si vous ne souhaitez pas utiliser les transports en commun, vous pouvez \u00e9galement prendre un taxi. Assurez-vous qu&rsquo;il s&rsquo;agit d&rsquo;un taxi officiel et agr\u00e9\u00e9.<\/p>\n\n\n\n<p>Vous les reconna\u00eetrez \u00e0 l&rsquo;enseigne \u00ab\u00a0TAXI\u00a0\u00bb sur le toit du v\u00e9hicule, ils sont tous blancs et portent le logo de la Commune di Roma sur le c\u00f4t\u00e9.<\/p>\n\n\n\n<p><strong>Assurez-vous \u00e9galement que votre taxi dispose d&rsquo;un compteur et que le chauffeur le met en marche lorsque vous montez, sinon vous risquez de payer bien plus que pr\u00e9vu.<\/strong><\/p>\n\n\n\n<h2 class=\"wp-block-heading\">Choses \u00e0 voir pr\u00e8s du Colis\u00e9e<\/h2>\n\n\n\n<p>Le Colis\u00e9e est entour\u00e9 d&rsquo;autres monuments magnifiques et c\u00e9l\u00e8bres <a href=\"https:\/\/www.thecolosseum.org\/fr\/visites-du-colisee\/\" data-type=\"link\" data-id=\"https:\/\/www.thecolosseum.org\/fr\/visites-du-colisee\/\">qui valent la peine d&rsquo;\u00eatre visit\u00e9s<\/a>. Les plus importants sont :<\/p>\n\n\n\n<ul class=\"wp-block-list\">\n<li><strong>L&rsquo;Arc de Constantin<\/strong> : Situ\u00e9 juste \u00e0 c\u00f4t\u00e9 du Colis\u00e9e, cet arc de triomphe c\u00e9l\u00e8bre la victoire de Constantin \u00e0 la bataille du pont Milvius. C&rsquo;est un site incontournable, et le meilleur, c&rsquo;est que vous pouvez l&rsquo;admirer sans billet.<\/li>\n\n\n\n<li><strong>La prison Mamertine<\/strong> : Un joyau cach\u00e9 de la Rome antique, cette prison souterraine est l&rsquo;endroit o\u00f9 les saints Pierre et Paul auraient \u00e9t\u00e9 emprisonn\u00e9s avant leur martyre. C&rsquo;est un site historique puissant, \u00e9troitement li\u00e9 \u00e0 l&rsquo;histoire du christianisme. <a href=\"https:\/\/www.tiqets.com\/fr\/rome-attractions-c71631\/admission-to-mamertine-prison-colosseum-roman-forum-palatine-hill-p974875\/?partner=thecolosseum\" target=\"_blank\" rel=\"noreferrer noopener nofollow\">R\u00e9servez votre billet ici<\/a> pour acc\u00e9der \u00e0 la prison Mamertine et \u00e0 d&rsquo;autres sites embl\u00e9matiques de Rome.<\/li>\n\n\n\n<li><strong>Le Cirque Maxime <em>(Circus Maximus)<\/em><\/strong> : Imaginez des chars tonnant autour de cette immense ar\u00e8ne, acclam\u00e9s par une foule en d\u00e9lire. C&rsquo;est aujourd&rsquo;hui un parc paisible, mais en vous tenant ici, vous pouvez presque entendre les \u00e9chos de ces courses antiques. \u00c0 son apog\u00e9e, l&rsquo;Empire pouvait accueillir jusqu&rsquo;\u00e0 150 000 spectateurs. Pour une meilleure vue, observez-le depuis la colline Palatine.<\/li>\n\n\n\n<li><strong>La colline Palatine<\/strong> : Connue comme le lieu de naissance de Rome, la colline Palatine abrite les vestiges de nombreux anciens palais et temples. Elle offre des vues panoramiques \u00e0 couper le souffle sur le Forum Romain et le Cirque Maxime. L&rsquo;entr\u00e9e est incluse avec les billets pour le Colis\u00e9e.<\/li>\n\n\n\n<li><strong>Le Forum Romain (<em>Foro Romano)<\/em><\/strong> : C&rsquo;\u00e9tait le c\u0153ur battant de la Rome antique, o\u00f9 tout se passait : politique, religion, commerce. Promenez-vous parmi les ruines et imaginez la vie il y a 2 000 ans. Vous pouvez le visiter avec le m\u00eame billet que le Colis\u00e9e.<\/li>\n<\/ul>\n\n\n\n<h2 class=\"wp-block-heading\">Tips and things you should know for your visit<\/h2>\n\n\n\n<p>Voici quelques conseils et informations importantes \u00e0 prendre en compte lors de votre visite au Colis\u00e9e.<\/p>\n\n\n\n<h3 class=\"wp-block-heading\">S\u00e9curit\u00e9<\/h3>\n\n\n\n<p>Comme dans toutes les grandes attractions touristiques, la s\u00e9curit\u00e9 au Colis\u00e9e est tr\u00e8s stricte pour garantir la s\u00e9curit\u00e9 des visiteurs. Il est interdit d&rsquo;entrer dans le monument avec des sacs volumineux, des valises ou des sacs \u00e0 dos.<\/p>\n\n\n\n<p>Si vous transportez votre sac de voyage ou vos bagages, l&rsquo;entr\u00e9e vous sera refus\u00e9e. Les petits et moyens sacs sont autoris\u00e9s mais seront fouill\u00e9s par la s\u00e9curit\u00e9 et devront passer par un d\u00e9tecteur de m\u00e9taux.<\/p>\n\n\n\n<figure class=\"gb-block-image gb-block-image-dfaf7d1f\"><img decoding=\"async\" width=\"1024\" height=\"576\" class=\"gb-image gb-image-dfaf7d1f\" src=\"https:\/\/www.thecolosseum.org\/fr\/wp-content\/uploads\/sites\/2\/colosseum-security-optimized-1024x576.jpg\" alt=\"La police militaire italienne, les Carabinieri, patrouille \u00e0 cheval pr\u00e8s du Colis\u00e9e\" srcset=\"https:\/\/www.thecolosseum.org\/fr\/wp-content\/uploads\/sites\/2\/colosseum-security-optimized-1024x576.jpg 1024w, https:\/\/www.thecolosseum.org\/fr\/wp-content\/uploads\/sites\/2\/colosseum-security-optimized-768x432.jpg 768w, https:\/\/www.thecolosseum.org\/fr\/wp-content\/uploads\/sites\/2\/colosseum-security-optimized-1280x720.jpg 1280w, https:\/\/www.thecolosseum.org\/fr\/wp-content\/uploads\/sites\/2\/colosseum-security-optimized-1600x900.jpg 1600w\" sizes=\"(max-width: 1024px) 100vw, 1024px\" \/>\n<p class=\"gb-headline gb-headline-0597cce6 gb-headline-text\">La force de police militaire italienne, les Carabinieri<\/p>\n<\/figure>\n\n\n\n<h3 class=\"wp-block-heading\">\u00c9viter la file d&rsquo;attente<\/h3>\n\n\n\n<p>Personne n&rsquo;aime attendre dans de longues files d&rsquo;attente, surtout sous le soleil romain. Si vous r\u00e9servez vos billets \u00e0 l&rsquo;avance, vous pouvez&nbsp;<a href=\"https:\/\/www.thecolosseum.org\/fr\/billets\/\">\u00e9viter la file d&rsquo;attente pour les billets<\/a>, mais vous devrez tout de m\u00eame passer par la s\u00e9curit\u00e9. Selon la p\u00e9riode de l&rsquo;ann\u00e9e, cela peut prendre de 10 minutes \u00e0 une heure.<\/p>\n\n\n\n<p>Pour profiter au maximum de votre visite, essayez d&rsquo;arriver t\u00f4t &#8211; vers 8h30 lorsque le Colis\u00e9e ouvre &#8211; ou juste avant la fermeture. Si vous n&rsquo;\u00eates pas du matin, envisagez de rejoindre une visite guid\u00e9e qui propose souvent un acc\u00e8s prioritaire. Vous trouverez plus d&rsquo;informations sur notre page <a href=\"https:\/\/www.thecolosseum.org\/fr\/visites-du-colisee\/\" data-type=\"page\" data-id=\"25\">visites guid\u00e9es du Colis\u00e9e<\/a>.<\/p>\n\n\n\n<h3 class=\"wp-block-heading\">Le Colis\u00e9e est-il accessible aux personnes handicap\u00e9es ?<\/h3>\n\n\n\n<p>Oui, le Colis\u00e9e est accessible aux personnes handicap\u00e9es. Son entr\u00e9e principale n&rsquo;a pas d&rsquo;escaliers, l&rsquo;int\u00e9rieur est principalement plat, \u00e0 l&rsquo;exception de certaines zones pav\u00e9es en raison des vieilles pierres, et il y a un ascenseur qui permet d&rsquo;acc\u00e9der \u00e0 l&rsquo;\u00e9tage sup\u00e9rieur.<\/p>\n\n\n\n<h3 class=\"wp-block-heading\">Parking pr\u00e8s du Colis\u00e9e<\/h3>\n\n\n\n<p>Vous envisagez de conduire jusqu&rsquo;au Colis\u00e9e ? Voici le meilleur conseil : <strong>ne le faites pas<\/strong>. Conduire et trouver une place de parking dans le centre de Rome est un v\u00e9ritable d\u00e9fi, surtout si vous ne connaissez pas la r\u00e9gion.<\/p>\n\n\n\n<p>Vous vous \u00e9pargnerez beaucoup de temps, d&rsquo;argent et de stress en optant pour les transports en commun. Oui, les pickpockets peuvent poser probl\u00e8me, mais tant que vous restez vigilant et gardez un \u0153il sur vos affaires, tout ira bien.<\/p>\n\n\n\n<h3 class=\"wp-block-heading\">Y a-t-il un code vestimentaire pour le Colis\u00e9e ?<\/h3>\n\n\n\n<p>Le Colis\u00e9e n&rsquo;a pas de code vestimentaire. Cependant, gardez \u00e0 l&rsquo;esprit que vous marcherez beaucoup et monterez des escaliers, alors optez pour le confort. Pensez \u00e0 des baskets ou des sandales confortables, et des v\u00eatements respirants comme des shorts, des leggings ou des sweats \u00e0 capuche.<\/p>\n\n\n\n<p>Rome peut \u00eatre tr\u00e8s ensoleill\u00e9e, surtout si vous explorez la r\u00e9gion autour du Colis\u00e9e, alors n&rsquo;oubliez pas d&#8217;emporter de la cr\u00e8me solaire.<\/p>\n\n\n\n<h3 class=\"wp-block-heading\">Le Colis\u00e9e est-il adapt\u00e9 aux enfants ?<\/h3>\n\n\n\n<p>Oui, le Colis\u00e9e peut \u00eatre une excellente exp\u00e9rience pour les enfants, mais un peu de planification est n\u00e9cessaire. Si vous visitez pendant l&rsquo;\u00e9t\u00e9, essayez de venir t\u00f4t le matin pour \u00e9viter la chaleur. R\u00e9servez une <a href=\"https:\/\/www.thecolosseum.org\/fr\/visites-du-colisee\/\">visite guid\u00e9e<\/a> si possible \u2014 cela vous permet d&rsquo;\u00e9viter les longues files d&rsquo;attente et rend la visite plus organis\u00e9e, ce qui est particuli\u00e8rement utile avec des enfants.<\/p>\n\n\n\n<p>Tout d\u00e9pend de votre enfant. S&rsquo;ils aiment les histoires de ruines antiques et de courageux gladiateurs romains, ils adoreront probablement le Colis\u00e9e. C&rsquo;est l\u00e0 que l&rsquo;histoire prend vie, ce qui en fait une exp\u00e9rience amusante et \u00e9ducative pour les enfants curieux.<\/p>\n\n\n\n<h3 class=\"wp-block-heading\">Quelle est la meilleure fa\u00e7on de visiter le Colis\u00e9e ?<\/h3>\n\n\n\n<p>Le meilleur moment pour visiter le Colis\u00e9e est t\u00f4t le matin, avant que les grandes foules n&rsquo;arrivent, et les meilleurs jours sont en semaine, car il y a g\u00e9n\u00e9ralement moins de monde que le week-end. Cependant, si vous \u00eates pr\u00eat \u00e0 d\u00e9penser un peu plus, une <a href=\"https:\/\/www.thecolosseum.org\/fr\/visites-du-colisee\/\">visite nocturne<\/a> est probablement la fa\u00e7on la plus int\u00e9ressante de visiter. Gardez \u00e0 l&rsquo;esprit que la visite nocturne ne comprend pas un billet combin\u00e9 pour le Forum Romain et la colline Palatine, comme le ferait un billet normal pour le Colis\u00e9e, donc si vous souhaitez voir ces monuments \u00e9galement, vous devrez les visiter s\u00e9par\u00e9ment.<\/p>\n","protected":false},"excerpt":{"rendered":"","protected":false},"author":1,"featured_media":0,"parent":0,"menu_order":8,"comment_status":"closed","ping_status":"closed","template":"","meta":{"_acf_changed":false,"footnotes":"","rank_math_title":"Visite du Colis\u00e9e \u00e0 Rome \u2013 Horaires, Acc\u00e8s et Conseils Pratiques","rank_math_description":"","button_url":"https:\/\/www.tiqets.com\/fr\/colosseum-l145769\/?partner=thecolosseum","ms_product_id":"","ms_product_name":"","ms_price":"","ms_currency":"","ms_rating_value":"","ms_review_count":""},"post-style":[],"producer":[],"class_list":["post-20","page","type-page","status-publish","has-post-thumbnail"],"acf":[],"button_url":"https:\/\/www.tiqets.com\/fr\/colosseum-l145769\/?partner=thecolosseum","product_schema":{"ms_product_id":"","ms_product_name":"","ms_price":"","ms_currency":"","ms_rating_value":"","ms_review_count":""},"_links":{"self":[{"href":"https:\/\/www.thecolosseum.org\/fr\/wp-json\/wp\/v2\/pages\/20","targetHints":{"allow":["GET"]}}],"collection":[{"href":"https:\/\/www.thecolosseum.org\/fr\/wp-json\/wp\/v2\/pages"}],"about":[{"href":"https:\/\/www.thecolosseum.org\/fr\/wp-json\/wp\/v2\/types\/page"}],"author":[{"embeddable":true,"href":"https:\/\/www.thecolosseum.org\/fr\/wp-json\/wp\/v2\/users\/1"}],"replies":[{"embeddable":true,"href":"https:\/\/www.thecolosseum.org\/fr\/wp-json\/wp\/v2\/comments?post=20"}],"version-history":[{"count":3,"href":"https:\/\/www.thecolosseum.org\/fr\/wp-json\/wp\/v2\/pages\/20\/revisions"}],"predecessor-version":[{"id":864,"href":"https:\/\/www.thecolosseum.org\/fr\/wp-json\/wp\/v2\/pages\/20\/revisions\/864"}],"wp:attachment":[{"href":"https:\/\/www.thecolosseum.org\/fr\/wp-json\/wp\/v2\/media?parent=20"}],"wp:term":[{"taxonomy":"post-style","embeddable":true,"href":"https:\/\/www.thecolosseum.org\/fr\/wp-json\/wp\/v2\/post-style?post=20"},{"taxonomy":"producer","embeddable":true,"href":"https:\/\/www.thecolosseum.org\/fr\/wp-json\/wp\/v2\/producer?post=20"}],"curies":[{"name":"wp","href":"https:\/\/api.w.org\/{rel}","templated":true}]}}