{"id":17,"date":"2017-09-07T13:54:37","date_gmt":"2017-09-07T11:54:37","guid":{"rendered":"https:\/\/www.thecolosseum.org\/fr\/?page_id=17"},"modified":"2025-01-06T11:11:54","modified_gmt":"2025-01-06T10:11:54","slug":"faits","status":"publish","type":"page","link":"https:\/\/www.thecolosseum.org\/fr\/faits\/","title":{"rendered":"24 faits sur le Colis\u00e9e"},"content":{"rendered":"\n<p>Avec pr\u00e8s de deux mille ans d&rsquo;histoire, il y a beaucoup \u00e0 savoir sur le Colis\u00e9e romain. L&rsquo;ar\u00e8ne a autrefois \u00e9t\u00e9 t\u00e9moin de batailles sanglantes de gladiateurs, de chasses \u00e9piques opposant des humains \u00e0 des animaux sauvages, et d&rsquo;ex\u00e9cutions cruelles de prisonniers de guerre et de criminels. Si vous pr\u00e9voyez de visiter bient\u00f4t et souhaitez impressionner vos amis et votre famille, vous trouverez ici de nombreux faits int\u00e9ressants sur le Colis\u00e9e romain.<\/p>\n\n\n<figure>\n                    <div class=\"ms-credits\"><img decoding=\"async\" width=\"1024\" height=\"576\" class=\"gb-image gb-image-3c5abe2c ms-mb-block\" src=\"https:\/\/www.thecolosseum.org\/fr\/wp-content\/uploads\/sites\/2\/Colosseum-optimized-1-1024x576.jpg\" alt=\"Le Colis\u00e9e de jour, avec des touristes se rassemblant pour le visiter\" srcset=\"https:\/\/www.thecolosseum.org\/fr\/wp-content\/uploads\/sites\/2\/Colosseum-optimized-1-1024x576.jpg 1024w, https:\/\/www.thecolosseum.org\/fr\/wp-content\/uploads\/sites\/2\/Colosseum-optimized-1-768x432.jpg 768w, https:\/\/www.thecolosseum.org\/fr\/wp-content\/uploads\/sites\/2\/Colosseum-optimized-1-1280x720.jpg 1280w, https:\/\/www.thecolosseum.org\/fr\/wp-content\/uploads\/sites\/2\/Colosseum-optimized-1-1600x900.jpg 1600w\" sizes=\"(max-width: 1024px) 100vw, 1024px\"><span class='ms-credits__info' id='media18'><svg xmlns=\"http:\/\/www.w3.org\/2000\/svg\" width=\"20\" height=\"22\" fill=\"#000000\" viewBox=\"0 0 256 256\"><path d=\"M128,24A104,104,0,1,0,232,128,104.11,104.11,0,0,0,128,24Zm0,192a88,88,0,1,1,88-88A88.1,88.1,0,0,1,128,216ZM96,128a32,32,0,0,0,57.6,19.2,8,8,0,0,1,12.8,9.61,48,48,0,1,1,0-57.62,8,8,0,0,1-12.8,9.61A32,32,0,0,0,96,128Z\"><\/path><\/svg>scaliger\/<a href=https:\/\/depositphotos.com\/photo\/colosseum-in-rome-28907987.html rel='nofollow' target='_blank'>Depositphotos<\/a><\/span><span class='ms-credits__btn' id='btn_media18' onclick='ms_credits_trigger(\"#media18\", this)'><svg xmlns=\"http:\/\/www.w3.org\/2000\/svg\" class=\"info_icon\" width=\"28\" height=\"28\" fill=\"#FFF\" viewBox=\"0 0 256 256\"><path d=\"M128,24A104,104,0,1,0,232,128,104.11,104.11,0,0,0,128,24Zm0,192a88,88,0,1,1,88-88A88.1,88.1,0,0,1,128,216Zm16-40a8,8,0,0,1-8,8,16,16,0,0,1-16-16V128a8,8,0,0,1,0-16,16,16,0,0,1,16,16v40A8,8,0,0,1,144,176ZM112,84a12,12,0,1,1,12,12A12,12,0,0,1,112,84Z\"><\/path><\/svg><svg xmlns=\"http:\/\/www.w3.org\/2000\/svg\" class=\"close_icon\" width=\"28\" height=\"28\" fill=\"#FFF\" viewBox=\"0 0 256 256\"><path d=\"M165.66,101.66,139.31,128l26.35,26.34a8,8,0,0,1-11.32,11.32L128,139.31l-26.34,26.35a8,8,0,0,1-11.32-11.32L116.69,128,90.34,101.66a8,8,0,0,1,11.32-11.32L128,116.69l26.34-26.35a8,8,0,0,1,11.32,11.32ZM232,128A104,104,0,1,1,128,24,104.11,104.11,0,0,1,232,128Zm-16,0a88,88,0,1,0-88,88A88.1,88.1,0,0,0,216,128Z\"><\/path><\/svg><\/span><\/div><\/figure>\n\n\n<h3 class=\"wp-block-heading\">Quand le Colis\u00e9e a-t-il \u00e9t\u00e9 construit ?<\/h3>\n\n\n\n<p>La construction du Colis\u00e9e a commenc\u00e9 en 72 apr\u00e8s J.-C. et a \u00e9t\u00e9 achev\u00e9e en 80 apr\u00e8s J.-C.<\/p>\n\n\n\n<h3 class=\"wp-block-heading\">Qui a construit le Colis\u00e9e ?<\/h3>\n\n\n\n<p>Le Colis\u00e9e a \u00e9t\u00e9 commenc\u00e9 sous l&#8217;empereur Vespasien, mais il est mort avant son ach\u00e8vement. La construction a \u00e9t\u00e9 achev\u00e9e sous ses deux fils, les empereurs Titus et Domitien. Le b\u00e2timent a \u00e9t\u00e9 principalement r\u00e9alis\u00e9 par des esclaves juifs, supervis\u00e9s par des ing\u00e9nieurs et artisans romains.<\/p>\n\n\n\n<h3 class=\"wp-block-heading\">Combien de personnes ont particip\u00e9 \u00e0 sa construction ?<\/h3>\n\n\n\n<p>Apr\u00e8s la victoire lors de la premi\u00e8re guerre jud\u00e9o-romaine, le temple juif de J\u00e9rusalem a \u00e9t\u00e9 pill\u00e9 et de nombreux habitants de la province ont \u00e9t\u00e9 r\u00e9duits en esclavage. Ils ont \u00e9t\u00e9 transport\u00e9s \u00e0 Rome et on estime que 60 000 \u00e0 100 000 esclaves ont \u00e9t\u00e9 employ\u00e9s \u00e0 la construction du Colis\u00e9e.<\/p>\n\n\n\n<h3 class=\"wp-block-heading\">Quel \u00e2ge a le Colis\u00e9e ?<\/h3>\n\n\n\n<p>La construction du Colis\u00e9e a \u00e9t\u00e9 achev\u00e9e en 80 apr\u00e8s J.-C., ce qui fait que le b\u00e2timent a actuellement 1 937 ans.<\/p>\n\n\n\n<h3 class=\"wp-block-heading\">Pourquoi le Colis\u00e9e a-t-il \u00e9t\u00e9 construit ?<\/h3>\n\n\n\n<p>Apr\u00e8s le grand incendie de 64 apr\u00e8s J.-C., qui d\u00e9truisit une grande partie de la ville, l&#8217;empereur N\u00e9ron ordonna la construction d&rsquo;un magnifique palais dans la zone d\u00e9vast\u00e9e. Il s&rsquo;agissait de la Domus Aurea (aujourd&rsquo;hui en cours de fouilles et pouvant \u00eatre visit\u00e9e). Inutile de dire que les citoyens de Rome n&rsquo;\u00e9taient pas contents de cette d\u00e9cision. Ainsi, lorsque N\u00e9ron fut d\u00e9pos\u00e9 et que l&#8217;empereur Vespasien monta sur le tr\u00f4ne, il fit d\u00e9molir le complexe palatial de N\u00e9ron et ordonna que le Colis\u00e9e soit construit au-dessus de ce qui \u00e9tait un lac artificiel. Le Colis\u00e9e devait devenir un grand amphith\u00e9\u00e2tre o\u00f9 tous les citoyens romains pourraient se divertir.<\/p>\n\n\n\n<h3 class=\"wp-block-heading\">Que signifie le nom du Colis\u00e9e ?<\/h3>\n\n\n\n<p>Le Colis\u00e9e \u00e9tait \u00e0 l&rsquo;origine connu sous le nom d&rsquo;Amphith\u00e9\u00e2tre Flavien, car il a \u00e9t\u00e9 construit par les empereurs Vespasien, Titus et Domitien, successeurs de N\u00e9ron de la dynastie Flavienne. Le nom \u00ab Colis\u00e9e \u00bb provient probablement de la statue colossale en bronze de l&#8217;empereur N\u00e9ron qui se trouvait \u00e0 c\u00f4t\u00e9 du b\u00e2timent. Cette statue elle-m\u00eame \u00e9tait inspir\u00e9e du Colosse de Rhodes.<\/p>\n\n\n\n<figure class=\"gb-block-image gb-block-image-c2ba4160\"><img decoding=\"async\" width=\"759\" height=\"960\" class=\"gb-image gb-image-c2ba4160\" src=\"https:\/\/www.thecolosseum.org\/fr\/wp-content\/uploads\/sites\/2\/Vespasian-optimized.jpg\" alt=\"Un buste de pierre de l'empereur Vespasien, b\u00e2tisseur du Colis\u00e9e.\" \/>\n<p class=\"gb-headline gb-headline-9a845476 gb-headline-text\">L&#8217;empereur Vespasien fut le premier de la dynastie Flavienne. Il a commandit\u00e9 la construction du Colis\u00e9e.<\/p>\n<\/figure>\n\n\n\n<h3 class=\"wp-block-heading\">Quelle est la taille du Colis\u00e9e ?<\/h3>\n\n\n\n<p>Le Colis\u00e9e est de forme ovale. Il mesure 189 m\u00e8tres de long, 156 m\u00e8tres de large et 48,5 m\u00e8tres de haut. L&rsquo;ensemble du b\u00e2timent a une surface de 6 hectares.<\/p>\n\n\n\n<h3 class=\"wp-block-heading\">Combien d&rsquo;arches compte le Colis\u00e9e ?<\/h3>\n\n\n\n<p>Les murs ext\u00e9rieurs du Colis\u00e9e sont recouverts de trois niveaux de colonnes doriques, ioniques et corinthiennes, et chaque niveau compte 80 arches. Parmi celles-ci, 76 sont num\u00e9rot\u00e9es avec des chiffres romains, encore visibles au-dessus d&rsquo;elles dans certaines zones. Elles servaient de guides pour que les citoyens sachent o\u00f9 trouver leurs si\u00e8ges. Sur les 80 arches qui constituaient le mur ext\u00e9rieur au niveau du sol, seules 31 restent intactes aujourd&rsquo;hui. Ce sont celles que les visiteurs peuvent voir de nos jours.<\/p>\n\n\n\n<h3 class=\"wp-block-heading\">De quel mat\u00e9riau le Colis\u00e9e est-il fait ?<\/h3>\n\n\n\n<p>Le Colis\u00e9e a \u00e9t\u00e9 construit avec environ 100 000 m\u00e8tres cubes de travertin, extrait des carri\u00e8res de Tivoli, \u00e0 20 miles de Rome. Les pierres \u00e9taient maintenues ensemble par des milliers de pinces en fer.<\/p>\n\n\n\n<h3 class=\"wp-block-heading\">Que trouve-t-on sous le Colis\u00e9e ?<\/h3>\n\n\n\n<p><a href=\"https:\/\/www.thecolosseum.org\/fr\/architecture\/\">L&rsquo;Hypog\u00e9e du Colis\u00e9e<\/a> \u2014 qui se traduit par \u00ab sous-sol \u00bb. L&rsquo;hypog\u00e9e \u00e9tait un r\u00e9seau complexe de tunnels et de chambres o\u00f9 les gladiateurs, les animaux et les prisonniers \u00e9taient gard\u00e9s avant d&rsquo;entrer dans l&rsquo;ar\u00e8ne. Il y avait 80 puits verticaux pour acc\u00e9der \u00e0 l&rsquo;ar\u00e8ne depuis l&rsquo;hypog\u00e9e, ainsi qu&rsquo;un vaste r\u00e9seau de trappes permettant de d\u00e9ployer des \u00e9l\u00e9ments de d\u00e9cor pendant les spectacles.<\/p>\n\n\n\n<h3 class=\"wp-block-heading\">Combien de spectateurs pouvait contenir le Colis\u00e9e ?<\/h3>\n\n\n\n<p>Le Colis\u00e9e pouvait accueillir entre 50 000 et 80 000 spectateurs.<\/p>\n\n\n\n<h3 class=\"wp-block-heading\">Combien de personnes sont mortes au Colis\u00e9e ?<\/h3>\n\n\n\n<p>Il est impossible de le savoir avec certitude, mais on estime qu&rsquo;environ 400 000 personnes, parmi les gladiateurs, esclaves, condamn\u00e9s, prisonniers et divers autres participants aux spectacles, ont p\u00e9ri au Colis\u00e9e pendant les 350 ann\u00e9es environ o\u00f9 il a \u00e9t\u00e9 utilis\u00e9 pour des spectacles sanglants.<\/p>\n\n\n\n<h3 class=\"wp-block-heading\">Quels animaux \u00e9taient utilis\u00e9s au Colis\u00e9e ?<\/h3>\n\n\n\n<p>De nombreuses esp\u00e8ces d&rsquo;animaux \u00e9taient utilis\u00e9es au Colis\u00e9e. Certains \u00e9taient utilis\u00e9s lors de chasses mises en sc\u00e8ne, o\u00f9 des humains arm\u00e9s et form\u00e9s les abattaient, tandis que d&rsquo;autres \u00e9taient des \u00ab bourreaux \u00bb de personnes condamn\u00e9es \u00e0 mourir dans l&rsquo;ar\u00e8ne. Des lions, tigres, loups, ours, l\u00e9opards, sangliers, \u00e9l\u00e9phants, hy\u00e8nes, buffles, hippopotames, crocodiles et girafes ont tous \u00e9t\u00e9 vus au Colis\u00e9e \u00e0 un moment donn\u00e9.<\/p>\n\n\n\n<h3 class=\"wp-block-heading\">Combien d&rsquo;animaux ont \u00e9t\u00e9 tu\u00e9s au Colis\u00e9e ?<\/h3>\n\n\n\n<p>Il est impossible de le savoir exactement, mais d&rsquo;apr\u00e8s les r\u00e9cits d\u00e9crivant les chasses et spectacles et des estimations du nombre d&rsquo;\u00e9v\u00e9nements organis\u00e9s, on pense que le nombre se chiffre en millions. Bien que non confirm\u00e9e, on dit que le Colis\u00e9e est responsable de l&rsquo;\u00e9radication de certaines esp\u00e8ces animales des r\u00e9gions voisines.<\/p>\n\n\n\n<h3 class=\"wp-block-heading\">Quels types de spectacles \u00e9taient organis\u00e9s au Colis\u00e9e ?<\/h3>\n\n\n\n<p>Les plus courants et les plus connus \u00e9taient les combats de gladiateurs. Le Colis\u00e9e a \u00e9galement accueilli des chasses, des ex\u00e9cutions (certaines par des b\u00eates sauvages, la c\u00e9l\u00e8bre <em>damnatio ad bestias<\/em>) et, au d\u00e9but, quelques <em>Naumachia<\/em> \u2014 des batailles navales mises en sc\u00e8ne pour lesquelles le Colis\u00e9e \u00e9tait inond\u00e9.<\/p>\n\n\n\n<h3 class=\"wp-block-heading\">Les combats de gladiateurs \u00e9taient-ils aussi sanglants qu&rsquo;on le croit ?<\/h3>\n\n\n\n<p>Contrairement \u00e0 la vision populaire d&rsquo;un combat sanglant d\u00e9sordonn\u00e9, les <a href=\"https:\/\/www.thecolosseum.org\/fr\/gladiateurs\/\">combats de gladiateurs<\/a> \u00e9taient en quelque sorte similaires aux matchs de boxe contemporains : les combattants \u00e9taient divis\u00e9s en cat\u00e9gories selon leur taille et leur style de combat, il y avait des arbitres et des m\u00e9decins surveillant le combat, et souvent, les combats ne se terminaient pas par la mort. Les affrontements \u00e9taient d\u00e9cid\u00e9s en fonction de l&rsquo;exp\u00e9rience, du palmar\u00e8s et des styles des combattants, et certains gladiateurs pouvaient devenir de c\u00e9l\u00e8bres c\u00e9l\u00e9brit\u00e9s. Certains ont m\u00eame eu de longues carri\u00e8res, perdant de nombreux combats sans mourir. Cependant, cela ne signifie pas que ces combats \u00e9taient sans violence, ils \u00e9taient simplement moins chaotiques qu&rsquo;on ne l&rsquo;imagine souvent.<\/p>\n\n\n\n<h3 class=\"wp-block-heading\">Des chr\u00e9tiens ont-ils \u00e9t\u00e9 martyris\u00e9s au Colis\u00e9e ?<\/h3>\n\n\n\n<p>Des milliers de personnes ont p\u00e9ri au Colis\u00e9e au fil des ans, et certaines d&rsquo;entre elles \u00e9taient sans aucun doute chr\u00e9tiennes. Cependant, il n&rsquo;existe pas de preuves historiques concluantes soutenant le lien entre les r\u00e9cits de martyrs chr\u00e9tiens et le Colis\u00e9e.<\/p>\n\n\n\n<h3 class=\"wp-block-heading\">Les \u00e9v\u00e9nements d\u00e9peints dans le film <strong>Gladiator<\/strong> ont-ils r\u00e9ellement eu lieu ?<\/h3>\n\n\n\n<p>Oui et non. Commode \u00e9tait un v\u00e9ritable empereur romain, et il \u00e9tait connu pour \u00eatre un grand amateur de combats de gladiateurs et de spectacles sanglants. Il allait m\u00eame jusqu&rsquo;\u00e0 entrer lui-m\u00eame dans l&rsquo;ar\u00e8ne pour combattre. Cependant, lorsqu&rsquo;il combattait, c&rsquo;\u00e9tait souvent contre des adversaires handicap\u00e9s ou incapables, ou contre des animaux non-pr\u00e9dateurs qui ne pouvaient pas le blesser. Il \u00e9tait consid\u00e9r\u00e9 comme un sadique, et ces d\u00e9monstrations lui ont valu une grande antipathie de la part des citoyens romains, contribuant \u00e0 sa chute. Cependant, il n&rsquo;est pas mort en combattant un gladiateur h\u00e9ros du peuple dans l&rsquo;ar\u00e8ne, comme dans le film.<\/p>\n\n\n\n<h3 class=\"wp-block-heading\">Les gladiateurs \u00e9taient-ils des esclaves ?<\/h3>\n\n\n\n<p>Pas officiellement, mais en pratique, ils l&rsquo;\u00e9taient. Ils faisaient partie de la classe inf\u00e2me, et en devenant gladiateurs (que ce soit par choix ou comme punition pour un crime), ils \u00e9taient priv\u00e9s de tous leurs droits et devenaient la propri\u00e9t\u00e9 de leurs ma\u00eetres, leur vie \u00e9tant sacrifi\u00e9e.<\/p>\n\n\n\n<h3 class=\"wp-block-heading\">Quand le Colis\u00e9e a-t-il \u00e9t\u00e9 utilis\u00e9 pour des combats pour la derni\u00e8re fois ?<\/h3>\n\n\n\n<p>La date exacte est inconnue, mais <a href=\"https:\/\/www.thecolosseum.org\/fr\/histoire\/\">les derniers enregistrements de combats de gladiateurs datent de l&rsquo;ann\u00e9e 435<\/a>. Le Colis\u00e9e a \u00e9t\u00e9 utilis\u00e9 pour des chasses apr\u00e8s la fin des combats de gladiateurs, qui ont dur\u00e9 encore environ un si\u00e8cle.<\/p>\n\n\n\n<h3 class=\"wp-block-heading\">Pourquoi les combats de gladiateurs au Colis\u00e9e ont-ils cess\u00e9 ?<\/h3>\n\n\n\n<p>Contrairement \u00e0 la croyance populaire, les combats de gladiateurs n&rsquo;ont pas cess\u00e9 en raison de l&rsquo;adoption du christianisme par l&rsquo;Empire. En r\u00e9alit\u00e9, c&rsquo;est le co\u00fbt qui a \u00e9t\u00e9 le facteur d\u00e9terminant. Le Colis\u00e9e \u00e9tait en \u00e9tat de d\u00e9labrement au 5e si\u00e8cle, l&rsquo;Empire romain \u00e9tait en d\u00e9clin, et les ressources n\u00e9cessaires pour entretenir le b\u00e2timent, payer les gladiateurs et fournir des animaux sauvages \u00e9taient difficiles \u00e0 trouver.<\/p>\n\n\n\n<h3 class=\"wp-block-heading\">Quelles catastrophes le Colis\u00e9e a-t-il subies ?<\/h3>\n\n\n\n<p>Le Colis\u00e9e a \u00e9t\u00e9 ravag\u00e9 par d&rsquo;importants incendies \u00e0 au moins trois reprises dans son <a href=\"https:\/\/www.thecolosseum.org\/fr\/histoire\/\">histoire<\/a>, et a subi au moins quatre tremblements de terre. Ces \u00e9v\u00e9nements ont gravement endommag\u00e9 le b\u00e2timent, et il a \u00e9t\u00e9 r\u00e9par\u00e9 et reconstruit de nombreuses fois au cours des deux mill\u00e9naires qu&rsquo;il a travers\u00e9s.<\/p>\n\n\n\n<h3 class=\"wp-block-heading\">Quelles autres utilisations le Colis\u00e9e a-t-il eues ?<\/h3>\n\n\n\n<p>Apr\u00e8s avoir cess\u00e9 d&rsquo;\u00eatre utilis\u00e9 comme ar\u00e8ne pour des combats et des chasses, \u00e0 diff\u00e9rents moments de son histoire, le Colis\u00e9e a servi de cimeti\u00e8re, de lieu de culte, de logements, d&rsquo;ateliers pour artisans et commer\u00e7ants, de maison pour un ordre religieux, de ch\u00e2teau fortifi\u00e9 et, plus r\u00e9cemment, d&rsquo;attraction touristique.<\/p>\n\n\n\n<h3 class=\"wp-block-heading\">Combien de personnes visitent le Colis\u00e9e chaque ann\u00e9e ?<\/h3>\n\n\n\n<p>Le Colis\u00e9e attire plus de 7 millions de visiteurs chaque ann\u00e9e, ce qui en fait l&rsquo;un des monuments les plus visit\u00e9s au monde. Ce nombre a consid\u00e9rablement augment\u00e9 ces derni\u00e8res ann\u00e9es, alors que le tourisme a repris apr\u00e8s la pand\u00e9mie.<\/p>\n","protected":false},"excerpt":{"rendered":"","protected":false},"author":1,"featured_media":0,"parent":0,"menu_order":9,"comment_status":"closed","ping_status":"closed","template":"","meta":{"_acf_changed":false,"footnotes":"","button_url":"https:\/\/www.tiqets.com\/fr\/colosseum-l145769\/?partner=thecolosseum","ms_product_id":"","ms_product_name":"","ms_price":"","ms_currency":"","ms_rating_value":"","ms_review_count":"","rank_math_title":"24 Faits \u00c9tonnants Sur Le Colis\u00e9e Romain (avec Photos)","rank_math_description":""},"post-style":[],"producer":[],"class_list":["post-17","page","type-page","status-publish","has-post-thumbnail"],"acf":[],"product_schema":{"ms_product_id":"","ms_product_name":"","ms_price":"","ms_currency":"","ms_rating_value":"","ms_review_count":""},"_links":{"self":[{"href":"https:\/\/www.thecolosseum.org\/fr\/wp-json\/wp\/v2\/pages\/17","targetHints":{"allow":["GET"]}}],"collection":[{"href":"https:\/\/www.thecolosseum.org\/fr\/wp-json\/wp\/v2\/pages"}],"about":[{"href":"https:\/\/www.thecolosseum.org\/fr\/wp-json\/wp\/v2\/types\/page"}],"author":[{"embeddable":true,"href":"https:\/\/www.thecolosseum.org\/fr\/wp-json\/wp\/v2\/users\/1"}],"replies":[{"embeddable":true,"href":"https:\/\/www.thecolosseum.org\/fr\/wp-json\/wp\/v2\/comments?post=17"}],"version-history":[{"count":3,"href":"https:\/\/www.thecolosseum.org\/fr\/wp-json\/wp\/v2\/pages\/17\/revisions"}],"predecessor-version":[{"id":865,"href":"https:\/\/www.thecolosseum.org\/fr\/wp-json\/wp\/v2\/pages\/17\/revisions\/865"}],"wp:attachment":[{"href":"https:\/\/www.thecolosseum.org\/fr\/wp-json\/wp\/v2\/media?parent=17"}],"wp:term":[{"taxonomy":"post-style","embeddable":true,"href":"https:\/\/www.thecolosseum.org\/fr\/wp-json\/wp\/v2\/post-style?post=17"},{"taxonomy":"producer","embeddable":true,"href":"https:\/\/www.thecolosseum.org\/fr\/wp-json\/wp\/v2\/producer?post=17"}],"curies":[{"name":"wp","href":"https:\/\/api.w.org\/{rel}","templated":true}]}}