{"id":772,"date":"2024-09-10T07:51:30","date_gmt":"2024-09-10T05:51:30","guid":{"rendered":"https:\/\/www.thecolosseum.org\/es\/?page_id=772"},"modified":"2025-01-06T11:20:58","modified_gmt":"2025-01-06T10:20:58","slug":"contacto","status":"publish","type":"page","link":"https:\/\/www.thecolosseum.org\/es\/contacto\/","title":{"rendered":"Contacto"},"content":{"rendered":"\n<h3 class=\"wp-block-heading\"><strong>Consultas sobre entradas<\/strong><\/h3>\n\n\n\n<p>\u00bfTienes preguntas sobre tus entradas o una reserva ya realizada? Ponte en contacto con nuestro socio de entradas:<\/p>\n\n\n\n<ul class=\"wp-block-list\">\n<li>Correo electr\u00f3nico: info@ticketbar.eu<\/li>\n\n\n\n<li>Tel\u00e9fono: +44 2035142614<\/li>\n<\/ul>\n\n\n\n<hr class=\"wp-block-separator has-alpha-channel-opacity\" \/>\n\n\n\n<h3 class=\"wp-block-heading\"><strong>Informaci\u00f3n para visitantes<\/strong><\/h3>\n\n\n\n<p>Si necesitas asistencia o informaci\u00f3n sobre servicios tur\u00edsticos durante tu visita a Roma, puedes contactar con el Centro de Informaci\u00f3n Tur\u00edstica de Roma:<\/p>\n\n\n\n<ul class=\"wp-block-list\">\n<li>Sitio web: <a href=\"http:\/\/www.060608.it\/en\" rel=\"nofollow noopener\">www.060608.it<\/a><\/li>\n\n\n\n<li>Centro de llamadas: 060608 (disponible diariamente de 9:00 a 19:00)<\/li>\n<\/ul>\n\n\n\n<hr class=\"wp-block-separator has-alpha-channel-opacity\" \/>\n\n\n\n<h3 class=\"wp-block-heading\"><strong>Soporte del sitio web<\/strong><\/h3>\n\n\n\n<p>\u00bfTienes alguna consulta relacionada con nuestro sitio web? No dudes en escribirnos directamente:<\/p>\n\n\n\n<ul class=\"wp-block-list\">\n<li>Correo electr\u00f3nico: info@moonshot.media<\/li>\n<\/ul>\n","protected":false},"excerpt":{"rendered":"","protected":false},"author":3,"featured_media":0,"parent":0,"menu_order":1,"comment_status":"closed","ping_status":"closed","template":"","meta":{"_acf_changed":false,"footnotes":"","button_url":"https:\/\/www.tiqets.com\/es\/colosseum-l145769\/?partner=thecolosseum","ms_product_id":"","ms_product_name":"","ms_price":"","ms_currency":"","ms_rating_value":"","ms_review_count":"","rank_math_title":"","rank_math_description":""},"post-style":[],"producer":[],"class_list":["post-772","page","type-page","status-publish","has-post-thumbnail"],"acf":[],"product_schema":{"ms_product_id":"","ms_product_name":"","ms_price":"","ms_currency":"","ms_rating_value":"","ms_review_count":""},"_links":{"self":[{"href":"https:\/\/www.thecolosseum.org\/es\/wp-json\/wp\/v2\/pages\/772","targetHints":{"allow":["GET"]}}],"collection":[{"href":"https:\/\/www.thecolosseum.org\/es\/wp-json\/wp\/v2\/pages"}],"about":[{"href":"https:\/\/www.thecolosseum.org\/es\/wp-json\/wp\/v2\/types\/page"}],"author":[{"embeddable":true,"href":"https:\/\/www.thecolosseum.org\/es\/wp-json\/wp\/v2\/users\/3"}],"replies":[{"embeddable":true,"href":"https:\/\/www.thecolosseum.org\/es\/wp-json\/wp\/v2\/comments?post=772"}],"version-history":[{"count":3,"href":"https:\/\/www.thecolosseum.org\/es\/wp-json\/wp\/v2\/pages\/772\/revisions"}],"predecessor-version":[{"id":856,"href":"https:\/\/www.thecolosseum.org\/es\/wp-json\/wp\/v2\/pages\/772\/revisions\/856"}],"wp:attachment":[{"href":"https:\/\/www.thecolosseum.org\/es\/wp-json\/wp\/v2\/media?parent=772"}],"wp:term":[{"taxonomy":"post-style","embeddable":true,"href":"https:\/\/www.thecolosseum.org\/es\/wp-json\/wp\/v2\/post-style?post=772"},{"taxonomy":"producer","embeddable":true,"href":"https:\/\/www.thecolosseum.org\/es\/wp-json\/wp\/v2\/producer?post=772"}],"curies":[{"name":"wp","href":"https:\/\/api.w.org\/{rel}","templated":true}]}}