{"id":70,"date":"2017-09-11T17:35:01","date_gmt":"2017-09-11T15:35:01","guid":{"rendered":"https:\/\/www.thecolosseum.org\/es\/?page_id=70"},"modified":"2025-01-06T11:21:15","modified_gmt":"2025-01-06T10:21:15","slug":"historia","status":"publish","type":"page","link":"https:\/\/www.thecolosseum.org\/es\/historia\/","title":{"rendered":"Historia del Coliseo"},"content":{"rendered":"\n<p>El Coliseo Romano tiene una larga y rica historia. Desde los tiempos en que se usaba como arena para gladiadores y presenciaba cacer\u00edas con miles de bestias salvajes hasta hoy, ha visto el ascenso del Imperio Romano a su m\u00e1ximo esplendor&#8230; y su decadencia y desaparici\u00f3n. Se dice que hasta 400.000 personas perdieron la vida en la arena, al igual que un mill\u00f3n de animales salvajes de muchas especies diferentes.<\/p>\n\n\n<div class=\"gb-container gb-container-c04800c2 ms-timeline-list\">\n<div class=\"gb-container gb-container-63c48ce4 ms-timeline-item\">\n\n<p class=\"gb-headline gb-headline-7e31b22a gb-headline-text ms-timeline-item__time\"><strong>72 d.C.<\/strong><\/p>\n\n\n\n<p class=\"gb-headline gb-headline-4041ccdf gb-headline-text\">La construcci\u00f3n del Anfiteatro Flavio comienza bajo el emperador Vespasiano. Vespasiano vio el Coliseo como un regalo para el pueblo de Roma, que estaba descontento despu\u00e9s del desastroso reinado del emperador Ner\u00f3n.<\/p>\n\n<\/div>\n\n<div class=\"gb-container gb-container-6fbaeb8d ms-timeline-item\">\n\n<p class=\"gb-headline gb-headline-12aaa73c gb-headline-text ms-timeline-item__time\"><strong>80 d.C.<\/strong><\/p>\n\n\n\n<p class=\"gb-headline gb-headline-a97b44c4 gb-headline-text\">Tito, hijo de Vespasiano, dedica oficialmente el anfiteatro, tambi\u00e9n conocido como el Coliseo, y decreta 100 d\u00edas de juegos para su inauguraci\u00f3n. La construcci\u00f3n se finalizar\u00eda completamente bajo el hermano menor de Tito y sucesor, Domiciano, en 83 d.C.<\/p>\n\n<\/div>\n\n<div class=\"gb-container gb-container-fc19ed8a ms-timeline-item\">\n\n<p class=\"gb-headline gb-headline-4132029e gb-headline-text ms-timeline-item__time\"><strong>217<\/strong><\/p>\n\n\n\n<p class=\"gb-headline gb-headline-d8e8964d gb-headline-text\">Un incendio da\u00f1a el edificio, destruyendo completamente su nivel superior de madera.<\/p>\n\n<\/div>\n\n<div class=\"gb-container gb-container-c5916d2f ms-timeline-item\">\n\n<p class=\"gb-headline gb-headline-8b2c4a6f gb-headline-text ms-timeline-item__time\"><strong>Mediados del siglo V<\/strong><\/p>\n\n\n\n<p class=\"gb-headline gb-headline-0d62b04e gb-headline-text\">No se conoce una fecha exacta, pero los \u00faltimos informes de combates de gladiadores en el Coliseo datan de este per\u00edodo, aunque se continu\u00f3 usando para cacer\u00edas de bestias salvajes durante alg\u00fan tiempo despu\u00e9s.<\/p>\n\n<\/div>\n\n<div class=\"gb-container gb-container-afa34737 ms-timeline-item\">\n\n<p class=\"gb-headline gb-headline-b0ce6f29 gb-headline-text ms-timeline-item__time\"><strong>Finales del siglo VI<\/strong><\/p>\n\n\n\n<p class=\"gb-headline gb-headline-116e4676 gb-headline-text\">El Coliseo ya no se utiliza como anfiteatro para entretener a la ciudadan\u00eda de Roma. Alrededor de este tiempo, se le a\u00f1adi\u00f3 una capilla al edificio, el piso de la arena se utiliz\u00f3 como cementerio y los espacios abovedados debajo de sus asientos se utilizaron como viviendas y talleres.<\/p>\n\n<\/div>\n\n<div class=\"gb-container gb-container-63fe8555 ms-timeline-item\">\n\n<p class=\"gb-headline gb-headline-09cc0ef8 gb-headline-text ms-timeline-item__time\"><strong>Siglo XII<\/strong><\/p>\n\n\n\n<p class=\"gb-headline gb-headline-a436f201 gb-headline-text\">La familia Frangipani, un poderoso clan patricio romano de la \u00e9poca, tom\u00f3 posesi\u00f3n del edificio y lo convirti\u00f3 en un castillo fortificado.<\/p>\n\n<\/div>\n\n<div class=\"gb-container gb-container-2d886752 ms-timeline-item\">\n\n<p class=\"gb-headline gb-headline-805a7548 gb-headline-text ms-timeline-item__time\"><strong>1349<\/strong><\/p>\n\n\n\n<p class=\"gb-headline gb-headline-2a554f91 gb-headline-text\">El edificio sufre graves da\u00f1os en un terremoto, y toda una secci\u00f3n de sus muros exteriores colapsa. El da\u00f1o, en forma de partes faltantes de la estructura, todav\u00eda se puede ver hoy.<\/p>\n\n<\/div>\n\n<div class=\"gb-container gb-container-f64429f7 ms-timeline-item\">\n\n<p class=\"gb-headline gb-headline-409a301b gb-headline-text ms-timeline-item__time\"><strong>Siglos XIV al XVIII<\/strong><\/p>\n\n\n\n<p class=\"gb-headline gb-headline-ac26413a gb-headline-text\">El Coliseo sufre una degradaci\u00f3n progresiva ya que sus materiales de construcci\u00f3n son despojados para ser utilizados en otros lugares de Roma. Las abrazaderas de hierro que manten\u00edan las piedras unidas se toman para fundirse y reutilizarse, y la piedra de su estructura es saqueada y utilizada para construir otros edificios por toda la ciudad. Parte del m\u00e1rmol que decoraba su fachada fue utilizado en la construcci\u00f3n de la Bas\u00edlica de San Pedro.<\/p>\n\n<\/div>\n\n<div class=\"gb-container gb-container-69f062b5 ms-timeline-item\">\n\n<p class=\"gb-headline gb-headline-790155c1 gb-headline-text ms-timeline-item__time\"><strong>1749<\/strong><\/p>\n\n\n\n<p class=\"gb-headline gb-headline-87934cc3 gb-headline-text\">Finalmente, un poco de buena suerte: despu\u00e9s de siglos de decadencia, el Papa Benedicto XIV consagra el edificio y declara que debe ser protegido, con la creencia de que la sangre de m\u00e1rtires cristianos derramada en la arena lo convirti\u00f3 en un lugar sagrado. Sin embargo, hay poca evidencia hist\u00f3rica que apoye esta afirmaci\u00f3n.<\/p>\n\n<\/div>\n\n<div class=\"gb-container gb-container-e584eabd ms-timeline-item\">\n\n<p class=\"gb-headline gb-headline-e43daff7 gb-headline-text ms-timeline-item__time\"><strong>Siglos XIX y XX<\/strong><\/p>\n\n\n\n<p class=\"gb-headline gb-headline-fecfaa46 gb-headline-text\">El Coliseo experimenta sucesivos proyectos de restauraci\u00f3n a instancias de varios Papas, gobiernos y la ciudad de Roma.<\/p>\n\n<\/div>\n\n<div class=\"gb-container gb-container-edbb5fac ms-timeline-item\">\n\n<p class=\"gb-headline gb-headline-3868eadb gb-headline-text ms-timeline-item__time\"><strong>2013 a 2016<\/strong><\/p>\n\n\n\n<p class=\"gb-headline gb-headline-3feb883c gb-headline-text\">El Coliseo se somete a un importante proyecto de restauraci\u00f3n. Se limpia toda la fachada del edificio, eliminando la suciedad y el holl\u00edn acumulados por d\u00e9cadas de tr\u00e1fico romano.<\/p>\n\n<\/div>\n\n<div class=\"gb-container gb-container-efecd40f ms-timeline-item\">\n\n<p class=\"gb-headline gb-headline-7436dc9d gb-headline-text ms-timeline-item__time\"><strong>Hoy<\/strong><\/p>\n\n\n\n<p class=\"gb-headline gb-headline-4c8d38a9 gb-headline-text\">El Coliseo recibe a m\u00e1s de 7 millones de visitantes al a\u00f1o. Es la atracci\u00f3n tur\u00edstica m\u00e1s visitada en Italia y uno de los edificios m\u00e1s ic\u00f3nicos y populares del mundo. Desde la fecha de su finalizaci\u00f3n en el 80 d.C., cuando a\u00fan era conocido como el Anfiteatro Flavio, tiene mil novecientos treinta y siete a\u00f1os, lo que lo convierte en una de las estructuras hechas por el hombre m\u00e1s antiguas y mejor conservadas del mundo.<\/p>\n\n<\/div>\n<\/div>","protected":false},"excerpt":{"rendered":"","protected":false},"author":1,"featured_media":0,"parent":0,"menu_order":5,"comment_status":"closed","ping_status":"closed","template":"","meta":{"_acf_changed":false,"footnotes":"","button_url":"https:\/\/www.tiqets.com\/es\/colosseum-l145769\/?partner=thecolosseum","ms_product_id":"","ms_product_name":"","ms_price":"","ms_currency":"","ms_rating_value":"","ms_review_count":"","rank_math_title":"2000 A\u00f1os de Historia del Coliseo (L\u00ednea de Tiempo Completa)","rank_math_description":""},"post-style":[],"producer":[],"class_list":["post-70","page","type-page","status-publish","has-post-thumbnail"],"acf":[],"product_schema":{"ms_product_id":"","ms_product_name":"","ms_price":"","ms_currency":"","ms_rating_value":"","ms_review_count":""},"_links":{"self":[{"href":"https:\/\/www.thecolosseum.org\/es\/wp-json\/wp\/v2\/pages\/70","targetHints":{"allow":["GET"]}}],"collection":[{"href":"https:\/\/www.thecolosseum.org\/es\/wp-json\/wp\/v2\/pages"}],"about":[{"href":"https:\/\/www.thecolosseum.org\/es\/wp-json\/wp\/v2\/types\/page"}],"author":[{"embeddable":true,"href":"https:\/\/www.thecolosseum.org\/es\/wp-json\/wp\/v2\/users\/1"}],"replies":[{"embeddable":true,"href":"https:\/\/www.thecolosseum.org\/es\/wp-json\/wp\/v2\/comments?post=70"}],"version-history":[{"count":3,"href":"https:\/\/www.thecolosseum.org\/es\/wp-json\/wp\/v2\/pages\/70\/revisions"}],"predecessor-version":[{"id":860,"href":"https:\/\/www.thecolosseum.org\/es\/wp-json\/wp\/v2\/pages\/70\/revisions\/860"}],"wp:attachment":[{"href":"https:\/\/www.thecolosseum.org\/es\/wp-json\/wp\/v2\/media?parent=70"}],"wp:term":[{"taxonomy":"post-style","embeddable":true,"href":"https:\/\/www.thecolosseum.org\/es\/wp-json\/wp\/v2\/post-style?post=70"},{"taxonomy":"producer","embeddable":true,"href":"https:\/\/www.thecolosseum.org\/es\/wp-json\/wp\/v2\/producer?post=70"}],"curies":[{"name":"wp","href":"https:\/\/api.w.org\/{rel}","templated":true}]}}