{"id":561,"date":"2017-09-07T09:01:22","date_gmt":"2017-09-07T09:01:22","guid":{"rendered":"https:\/\/www.thecolosseum.org\/es\/?page_id=7"},"modified":"2025-06-30T12:00:01","modified_gmt":"2025-06-30T10:00:01","slug":"el-coliseo-romano","status":"publish","type":"page","link":"https:\/\/www.thecolosseum.org\/es\/","title":{"rendered":"El Coliseo Romano"},"content":{"rendered":"\n<figure class=\"gb-block-image gb-block-image-12035128\"><img decoding=\"async\" width=\"1100\" height=\"350\" class=\"gb-image gb-image-12035128 ms-mb-block\" src=\"https:\/\/www.thecolosseum.org\/es\/wp-content\/uploads\/sites\/5\/colosseum-banner.jpg\" alt=\"The Roman Colosseum at sunset\" \/><\/figure>\n\n\n\n<h1 class=\"gb-headline gb-headline-6940f0f1 gb-headline-text\">El Coliseo Romano<\/h1>\n\n\n\n<p class=\"gb-headline gb-headline-13c71035 gb-headline-text\">El Coliseo Romano es uno de los edificios m\u00e1s famosos jam\u00e1s construidos. Ha estado en el centro de Roma durante casi 2000 a\u00f1os, desde los d\u00edas en que el Imperio dominaba la antigua Europa y hasta hoy. Si visitas Roma, no puedes dejar de ver este antiguo y espectacular monumento.<\/p>\n\n\n<div class=\"gb-grid-wrapper gb-grid-wrapper-2f92f8fa\">\n<div class=\"gb-grid-column gb-grid-column-99332d92\"><div class=\"gb-container gb-container-99332d92 ms-card-h ms-card\">\n\n<figure class=\"gb-block-image gb-block-image-8b9ae877\"><a href=\"https:\/\/www.thecolosseum.org\/es\/entradas\/\"><img decoding=\"async\" width=\"640\" height=\"427\" class=\"gb-image gb-image-8b9ae877 ms-mb-block ms-card-h__image ms-card__image\" src=\"https:\/\/www.thecolosseum.org\/es\/wp-content\/uploads\/sites\/5\/thecolosseum-visit-1724136411.jpg\" alt=\"\" title=\"thecolosseum-visit\" \/><\/a><\/figure>\n\n\n<header class=\"gb-container gb-container-0075c094\">\n\n<h2 class=\"gb-headline gb-headline-06a9d77d gb-headline-text ms-link-unstyled ms-card-h__title\"><a href=\"https:\/\/www.thecolosseum.org\/es\/entradas\/\">Entradas al Coliseo<\/a><\/h2>\n\n\n\n<p class=\"gb-headline gb-headline-699c9f95 gb-headline-text ms-card-h__excerpt\">Como cualquier atracci\u00f3n tur\u00edstica enormemente popular, hay numerosos tipos de entradas disponibles, y puedes elegir si comprarlas en l\u00ednea o comprarlas cuando llegues al Coliseo. Aqu\u00ed encontrar\u00e1s informaci\u00f3n sobre los diferentes tipos de entradas y sus precios, as\u00ed como instrucciones sobre c\u00f3mo comprarlas por adelantado para que puedas saltarte las largas filas en la puerta.<\/p>\n\n\n\n<p class=\"gb-headline gb-headline-6c14d018 gb-headline-text\"><a href=\"https:\/\/www.thecolosseum.org\/es\/entradas\/\">Compra tus entradas para el Coliseo y evita la fila<\/a><\/p>\n\n<\/header>\n<\/div><\/div>\n\n<div class=\"gb-grid-column gb-grid-column-16b59205\"><div class=\"gb-container gb-container-16b59205 ms-card-h ms-card\">\n\n<figure class=\"gb-block-image gb-block-image-39912f6d\"><a href=\"https:\/\/www.thecolosseum.org\/es\/visita-guiada-coliseo-roma\/\"><img decoding=\"async\" width=\"640\" height=\"432\" class=\"gb-image gb-image-39912f6d ms-mb-block ms-card-h__image ms-card__image\" src=\"https:\/\/www.thecolosseum.org\/es\/wp-content\/uploads\/sites\/5\/thecolosseum-tour-1724138878-640x432.jpg\" alt=\"\" title=\"thecolosseum-tour\" \/><\/a><\/figure>\n\n\n<header class=\"gb-container gb-container-b4568de1\">\n\n<h2 class=\"gb-headline gb-headline-8e904932 gb-headline-text ms-link-unstyled ms-card-h__title\"><a href=\"https:\/\/www.thecolosseum.org\/es\/visita-guiada-coliseo-roma\/\">Visita Guiadas<\/a><\/h2>\n\n\n\n<p class=\"gb-headline gb-headline-598ebb96 gb-headline-text ms-card-h__excerpt\">Una de las mejores formas de aprovechar al m\u00e1ximo tu visita al Coliseo es unirte a una visita guiada con un experto. Obtendr\u00e1s muchas ideas sobre la historia del edificio, su arquitectura, datos curiosos y desconocidos, y relatos interesantes. Tambi\u00e9n podr\u00e1s ver \u00e1reas del Coliseo que normalmente est\u00e1n fuera de los l\u00edmites, como el hipogeo subterr\u00e1neo y los niveles superiores.<\/p>\n\n\n\n<p class=\"gb-headline gb-headline-8f47270b gb-headline-text\"><a href=\"https:\/\/www.thecolosseum.org\/es\/visita-guiada-coliseo-roma\/\">\u00danete a una visita guiada y visita el hipogeo oculto del Coliseo<\/a><\/p>\n\n<\/header>\n<\/div><\/div>\n\n<div class=\"gb-grid-column gb-grid-column-3058db17\"><div class=\"gb-container gb-container-3058db17 ms-card-h ms-card\">\n\n<figure class=\"gb-block-image gb-block-image-549d06b2\"><a href=\"https:\/\/www.thecolosseum.org\/es\/visitar\/\"><img decoding=\"async\" width=\"640\" height=\"427\" class=\"gb-image gb-image-549d06b2 ms-mb-block ms-card-h__image ms-card__image\" src=\"https:\/\/www.thecolosseum.org\/es\/wp-content\/uploads\/sites\/5\/thecolosseum-visit2-1724138701.jpg\" alt=\"Colosseum is the most popular tourist attraction in Italy, and one of the most popular in the world\" \/><\/a><\/figure>\n\n\n<div class=\"gb-container gb-container-f49a769e\">\n\n<h2 class=\"gb-headline gb-headline-99b83ebc gb-headline-text ms-link-unstyled ms-card-h__title\"><a href=\"https:\/\/www.thecolosseum.org\/es\/visitar\/\">Visitar<\/a><\/h2>\n\n\n\n<p class=\"gb-headline gb-headline-23bce1cb gb-headline-text ms-card-h__excerpt\">Con m\u00e1s de siete millones de visitantes al a\u00f1o, el Coliseo es la atracci\u00f3n tur\u00edstica m\u00e1s popular de Italia, y una de las m\u00e1s populares del mundo. Aqu\u00ed encontrar\u00e1s todo lo que necesitas saber para planificar tu visita, desde horarios de apertura hasta transporte, accesibilidad, seguridad y lugares cercanos para visitar.<\/p>\n\n\n\n<p class=\"gb-headline gb-headline-aad8409c gb-headline-text\"><a href=\"https:\/\/www.thecolosseum.org\/es\/visitar\/\">Planifica tu visita al Coliseo<\/a><\/p>\n\n<\/div>\n<\/div><\/div>\n\n<div class=\"gb-grid-column gb-grid-column-91366c30\"><div class=\"gb-container gb-container-91366c30 ms-card ms-card-h\">\n\n<figure class=\"gb-block-image gb-block-image-3e02971c\"><a href=\"https:\/\/www.thecolosseum.org\/es\/arquitectura\/\"><img decoding=\"async\" width=\"640\" height=\"427\" class=\"gb-image gb-image-3e02971c ms-card-h__image ms-mb-block ms-card__image\" src=\"https:\/\/www.thecolosseum.org\/es\/wp-content\/uploads\/sites\/5\/thecolosseum-architecture-1724138448.jpg\" alt=\"The building\u2019s architecture is a medley of the three most important Roman orders, Tuscan, Ionic and Corinthian, and it is full of little details that attest the ingenuity of those who designed it.\" \/><\/a><\/figure>\n\n\n<div class=\"gb-container gb-container-604a5265\">\n\n<h2 class=\"gb-headline gb-headline-9d296282 gb-headline-text ms-link-unstyled ms-card-h__title\"><a href=\"https:\/\/www.thecolosseum.org\/es\/arquitectura\/\">Arquitectura<\/a><\/h2>\n\n\n\n<p class=\"gb-headline gb-headline-1609a80a gb-headline-text ms-card-h__excerpt\">A pesar del desgaste y los da\u00f1os a lo largo de los siglos, el Coliseo est\u00e1 sorprendentemente bien conservado. La arquitectura del edificio es una mezcla de los tres \u00f3rdenes romanos m\u00e1s importantes: Toscano, J\u00f3nico y Corintio, y est\u00e1 lleno de peque\u00f1os detalles que atestiguan la genialidad de quienes lo dise\u00f1aron.<\/p>\n\n\n\n<p class=\"gb-headline gb-headline-55a4da73 gb-headline-text\"><a href=\"https:\/\/www.thecolosseum.org\/es\/arquitectura\/\">Aprende m\u00e1s sobre uno de los mayores monumentos arquitect\u00f3nicos de la antigua Roma<\/a><\/p>\n\n<\/div>\n<\/div><\/div>\n\n<div class=\"gb-grid-column gb-grid-column-25c8a636\"><div class=\"gb-container gb-container-25c8a636 ms-card-h ms-card\">\n\n<figure class=\"gb-block-image gb-block-image-d062171e\"><a href=\"https:\/\/www.thecolosseum.org\/es\/datos\/\"><img decoding=\"async\" width=\"640\" height=\"409\" class=\"gb-image gb-image-d062171e ms-mb-block ms-card-h__image ms-card__image\" src=\"https:\/\/www.thecolosseum.org\/es\/wp-content\/uploads\/sites\/5\/thecolosseum-fact-1724118528.jpg\" alt=\"\" title=\"thecolosseum-fact\" \/><\/a><\/figure>\n\n\n<div class=\"gb-container gb-container-189549ca\">\n\n<h2 class=\"gb-headline gb-headline-f0517199 gb-headline-text ms-link-unstyled ms-card-h__title\"><a href=\"https:\/\/www.thecolosseum.org\/es\/datos\/\">Hechos<\/a><\/h2>\n\n\n\n<p class=\"gb-headline gb-headline-4b51b112 gb-headline-text ms-card-h__excerpt\">\u00bfSab\u00edas que el Coliseo pod\u00eda albergar entre 50.000 y 80.000 personas? \u00a1Eso es m\u00e1s que muchos estadios de f\u00fatbol modernos! \u00bfSab\u00edas que fue construido por hasta 100.000 esclavos, capturados en Roma durante sus numerosos a\u00f1os de uso? \u00bfSab\u00edas que se cree que hasta 400.000 personas murieron en los sangrientos espect\u00e1culos del Coliseo durante los tres siglos que estuvo en uso?<\/p>\n\n\n\n<p class=\"gb-headline gb-headline-564cf5e3 gb-headline-text\"><a href=\"https:\/\/www.thecolosseum.org\/es\/datos\/\">Dos mil a\u00f1os de historia hacen algunos hechos muy interesantes<\/a><\/p>\n\n<\/div>\n<\/div><\/div>\n\n<div class=\"gb-grid-column gb-grid-column-fddd7ae0\"><div class=\"gb-container gb-container-fddd7ae0 ms-card-h ms-card\">\n\n<figure class=\"gb-block-image gb-block-image-90556070\"><a href=\"https:\/\/www.thecolosseum.org\/es\/gladiadores\/\"><img decoding=\"async\" width=\"768\" height=\"432\" class=\"gb-image gb-image-90556070 ms-mb-block ms-card-h__image ms-card__image\" src=\"https:\/\/www.thecolosseum.org\/es\/wp-content\/uploads\/sites\/5\/gladiator-painting-optimized-768x432.jpg\" alt=\"A gladiator standing over his defeated foes in the Colosseum, waiting for the Emperor to signal thumbs up or thumbs down\" title=\"Pollice Verso by Jean-L\u00e9on G\u00e9r\u00f4me\" srcset=\"https:\/\/www.thecolosseum.org\/es\/wp-content\/uploads\/sites\/5\/gladiator-painting-optimized-768x432.jpg 768w, https:\/\/www.thecolosseum.org\/es\/wp-content\/uploads\/sites\/5\/gladiator-painting-optimized-1024x576.jpg 1024w, https:\/\/www.thecolosseum.org\/es\/wp-content\/uploads\/sites\/5\/gladiator-painting-optimized-1280x720.jpg 1280w, https:\/\/www.thecolosseum.org\/es\/wp-content\/uploads\/sites\/5\/gladiator-painting-optimized-1600x900.jpg 1600w\" sizes=\"(max-width: 768px) 100vw, 768px\" \/><\/a><\/figure>\n\n\n<div class=\"gb-container gb-container-3af4ab3a\">\n\n<h2 class=\"gb-headline gb-headline-77f33ad8 gb-headline-text ms-link-unstyled ms-card-h__title\"><a href=\"https:\/\/www.thecolosseum.org\/es\/gladiadores\/\">Gladiadores<\/a><\/h2>\n\n\n\n<p class=\"gb-headline gb-headline-0eb071bf gb-headline-text ms-card-h__excerpt\">Todos hemos visto \u00abGladiador\u00bb, pero \u00bfqui\u00e9nes fueron realmente los gladiadores que lucharon en la arena? A lo largo de tres siglos, sus batallas en el Coliseo fueron el centro de atenci\u00f3n de la ciudad. Algunos de ellos alcanzaron grandes alturas y se convirtieron en celebridades famosas, pero por cada uno que tuvo \u00e9xito, cientos murieron an\u00f3nimamente en la arena.<\/p>\n\n\n\n<p class=\"gb-headline gb-headline-f432d45b gb-headline-text\"><a href=\"https:\/\/www.thecolosseum.org\/es\/gladiadores\/\">\u00bfQui\u00e9nes fueron los gladiadores de Roma?<\/a><\/p>\n\n<\/div>\n<\/div><\/div>\n<\/div>\n\n<div class=\"gb-container gb-container-67b49cf1 ms-p ms-mb-block\">\n\n<h2 class=\"gb-headline gb-headline-96e88d50 gb-headline-text ms-link-unstyled\"><a href=\"https:\/\/www.thecolosseum.org\/es\/historia\/\">Historia<\/a><\/h2>\n\n\n\n<p class=\"gb-headline gb-headline-4d9dbd9d gb-headline-text\">Aprende m\u00e1s sobre la fascinante historia del Coliseo, desde su construcci\u00f3n hasta su estatus actual como uno de los monumentos arquitect\u00f3nicos m\u00e1s famosos del mundo. El Coliseo no solo fue una arena de combate, \u00bfsab\u00edas que en sus m\u00e1s de 2000 a\u00f1os de historia ha sido utilizado como cementerio, como vivienda para los pobres de Roma y como un castillo fortificado de un poderoso clan romano?<\/p>\n\n\n\n<p class=\"gb-headline gb-headline-99fac3b6 gb-headline-text\"><a href=\"https:\/\/www.thecolosseum.org\/es\/historia\/\">Historia del Coliseo Romano<\/a><\/p>\n\n<\/div>\n\n<div class=\"gb-container gb-container-9e1738f4\">\n<div class=\"gb-grid-wrapper gb-grid-wrapper-b786cee6\">\n<div class=\"gb-grid-column gb-grid-column-01253981\"><div class=\"gb-container gb-container-01253981\">\n\n<figure class=\"gb-block-image gb-block-image-7324916a\"><img decoding=\"async\" width=\"640\" height=\"427\" class=\"gb-image gb-image-7324916a\" src=\"https:\/\/www.thecolosseum.org\/es\/wp-content\/uploads\/sites\/5\/colosseum-hotels-1724119091.jpg\" alt=\"Colosseum hotels\" \/><\/figure>\n\n<\/div><\/div>\n\n<div class=\"gb-grid-column gb-grid-column-ff768bde\"><div class=\"gb-container gb-container-ff768bde\">\n\n<h2 class=\"gb-headline gb-headline-209cee29 gb-headline-text ms-link-unstyled\"><a href=\"https:\/\/www.thecolosseum.org\/es\/hoteles\/\">Hoteles<\/a><\/h2>\n\n\n<div class=\"gb-container gb-container-919dbe01\">\n<div class=\"gb-container gb-container-ebf0451d\">\n\n<p class=\"gb-headline gb-headline-13e055cf gb-headline-text ms-text-muted\">\u00bfBuscas un lugar donde hospedarte en el centro de Roma? Consulta nuestra lista de hoteles cerca del Coliseo. Tambi\u00e9n puedes reservarlos aqu\u00ed a trav\u00e9s de Booking.com.<\/p>\n\n<\/div>\n<\/div>\n\n\n<p class=\"gb-headline gb-headline-bd6d4b5a gb-headline-text\"><a href=\"https:\/\/www.thecolosseum.org\/es\/hoteles\/\">Encuentra un lugar para hospedarte en Roma<\/a><\/p>\n\n<\/div><\/div>\n<\/div>\n<\/div>","protected":false},"excerpt":{"rendered":"","protected":false},"author":1,"featured_media":0,"parent":0,"menu_order":2,"comment_status":"closed","ping_status":"closed","template":"","meta":{"_acf_changed":false,"footnotes":"","button_url":"https:\/\/www.tiqets.com\/es\/colosseum-l145769\/?partner=thecolosseum","ms_product_id":"1111515","ms_product_name":"Colosseum & Roman Forum + Audio Guide","ms_price":"36","ms_currency":"EUR","ms_rating_value":"4.1","ms_review_count":"19655","rank_math_title":"El Coliseo Romano en %currentyear%","rank_math_description":"Prepara tu visita al Coliseo Romano y descubre su fascinante historia."},"post-style":[],"producer":[],"class_list":["post-561","page","type-page","status-publish","has-post-thumbnail"],"acf":[],"product_schema":{"ms_product_id":"1111515","ms_product_name":"Colosseum & Roman Forum + Audio Guide","ms_price":"36","ms_currency":"EUR","ms_rating_value":"4.1","ms_review_count":"19655"},"_links":{"self":[{"href":"https:\/\/www.thecolosseum.org\/es\/wp-json\/wp\/v2\/pages\/561","targetHints":{"allow":["GET"]}}],"collection":[{"href":"https:\/\/www.thecolosseum.org\/es\/wp-json\/wp\/v2\/pages"}],"about":[{"href":"https:\/\/www.thecolosseum.org\/es\/wp-json\/wp\/v2\/types\/page"}],"author":[{"embeddable":true,"href":"https:\/\/www.thecolosseum.org\/es\/wp-json\/wp\/v2\/users\/1"}],"replies":[{"embeddable":true,"href":"https:\/\/www.thecolosseum.org\/es\/wp-json\/wp\/v2\/comments?post=561"}],"version-history":[{"count":3,"href":"https:\/\/www.thecolosseum.org\/es\/wp-json\/wp\/v2\/pages\/561\/revisions"}],"predecessor-version":[{"id":1043,"href":"https:\/\/www.thecolosseum.org\/es\/wp-json\/wp\/v2\/pages\/561\/revisions\/1043"}],"wp:attachment":[{"href":"https:\/\/www.thecolosseum.org\/es\/wp-json\/wp\/v2\/media?parent=561"}],"wp:term":[{"taxonomy":"post-style","embeddable":true,"href":"https:\/\/www.thecolosseum.org\/es\/wp-json\/wp\/v2\/post-style?post=561"},{"taxonomy":"producer","embeddable":true,"href":"https:\/\/www.thecolosseum.org\/es\/wp-json\/wp\/v2\/producer?post=561"}],"curies":[{"name":"wp","href":"https:\/\/api.w.org\/{rel}","templated":true}]}}