{"id":46,"date":"2017-09-07T17:18:04","date_gmt":"2017-09-07T15:18:04","guid":{"rendered":"https:\/\/www.thecolosseum.org\/es\/?page_id=46"},"modified":"2025-01-16T13:57:25","modified_gmt":"2025-01-16T12:57:25","slug":"hoteles","status":"publish","type":"page","link":"https:\/\/www.thecolosseum.org\/es\/hoteles\/","title":{"rendered":"Hoteles cerca del Coliseo"},"content":{"rendered":"\n<p>Pocas ciudades en el mundo pueden presumir del amplio espectro de cosas que hacer y ver que ofrece Roma. Ruinas romanas, sitios sagrados, arte hermoso, comida deliciosa\u2026 Roma lo tiene todo.<\/p>\n\n\n\n<script src=\"https:\/\/www.booking.com\/affiliate\/prelanding_sdk\"><\/script>\n  \n  <div id=\"bookingAffiliateWidget_d8e65aae-5718-439b-8f87-c4a7eee37a60\">&nbsp;<\/div>\n  \n  <script>\n      (function () {\n          var BookingAffiliateWidget = new Booking.AffiliateWidget({\n  \"iframeSettings\": {\n    \"selector\": \"bookingAffiliateWidget_d8e65aae-5718-439b-8f87-c4a7eee37a60\",\n    \"responsive\": true\n  },\n  \"widgetSettings\": {\n    \"ss\": \"The Colosseum, Rome, Lazio, Italy\",\n    \"latitude\": 41.89022,\n    \"longitude\": 12.492268,\n    \"zoom\": 15,\n    \"customMarkerTitle\": \" The Colosseum\"\n  }\n});\n      })();\n  <\/script>\n\n\n\n<p>Se dice que Roma es la ciudad con m\u00e1s monumentos del mundo, lo que encaja perfectamente con su estatus de capital del antiguo Imperio Romano, un lugar que no teme llamarse a s\u00ed misma la Ciudad Eterna.<\/p>\n\n\n\n<p>Su Centro Storico (centro hist\u00f3rico) contiene algunos de los vestigios m\u00e1s importantes del Imperio Romano que han sobrevivido, como el Coliseo y el Pante\u00f3n, as\u00ed como sitios ic\u00f3nicos y sagrados como la Bas\u00edlica de San Pedro en el Vaticano, la Capilla Sixtina y la Fontana di Trevi.<\/p>\n\n\n\n<p>Si deseas estar cerca del Coliseo y de muchos otros tesoros arqueol\u00f3gicos de Roma, querr\u00e1s hospedarte en el Centro Storico, y para ello hemos reunido una lista de algunos de los mejores hoteles de la zona, as\u00ed como algunos bed &amp; breakfast de alta calificaci\u00f3n para quienes buscan un alojamiento m\u00e1s informal e \u00edntimo.<\/p>\n\n\n\n<h2 class=\"wp-block-heading\"><strong>Los 10 mejores hoteles cerca del Coliseo<\/strong><\/h2>\n\n\n\n<p>La lista contiene una variedad de establecimientos de diferentes estilos y precios, todos a poca distancia a pie del Coliseo y muchos otros monumentos importantes de Roma.<\/p>\n\n\n\n<h3 class=\"wp-block-heading\">Hotel San Anselmo<\/h3>\n\n\n\n<p>El Hotel San Anselmo es un hotel boutique que ocupa una hermosa villa del siglo XIX en la zona de Aventino. Con una calificaci\u00f3n de 4 estrellas, el Coliseo, el Pante\u00f3n y la Piazza Venezia est\u00e1n a menos de 2 km. El hotel cuenta con un jard\u00edn donde los hu\u00e9spedes pueden disfrutar del desayuno durante los meses de buen tiempo, acceso completo a wifi, y sus habitaciones tienen caracter\u00edsticas encantadoras como grandes camas con dosel y ba\u00f1eras de jacuzzi independientes.<\/p>\n\n\n\n<figure class=\"gb-block-image gb-block-image-f9180829\"><img decoding=\"async\" width=\"600\" height=\"400\" class=\"gb-image gb-image-f9180829 ms-mb-block\" src=\"https:\/\/www.thecolosseum.org\/es\/wp-content\/uploads\/sites\/5\/San-Anselmo-II.jpg\" alt=\"Habitaci\u00f3n del Hotel San Anselmo\"\/><\/figure>\n\n\n\n<h3 class=\"wp-block-heading\">Hotel Paba<\/h3>\n\n\n\n<p>El Hotel Paba es un peque\u00f1o y acogedor hotel de 2 estrellas justo en el centro de la zona de Monti. El Coliseo y el Foro Romano est\u00e1n a menos de 500 metros, y la zona est\u00e1 llena de peque\u00f1os caf\u00e9s donde puedes disfrutar del famoso espresso italiano, pero no lo llames as\u00ed, \u00a1el t\u00e9rmino correcto es caff\u00e8! El Hotel Paba ofrece precios asequibles en una zona que a menudo es costosa, y todas sus habitaciones son limpias, luminosas y cuentan con aire acondicionado, wifi y televisi\u00f3n satelital, una base ideal para explorar el centro hist\u00f3rico de Roma.<\/p>\n\n\n\n<figure class=\"gb-block-image gb-block-image-97032bc6\"><img decoding=\"async\" width=\"1024\" height=\"576\" class=\"gb-image gb-image-97032bc6 ms-mb-block\" src=\"https:\/\/www.thecolosseum.org\/es\/wp-content\/uploads\/sites\/5\/Hotel-Paba-1024x576.jpg\" alt=\"Habitaci\u00f3n del Hotel Paba\" srcset=\"https:\/\/www.thecolosseum.org\/es\/wp-content\/uploads\/sites\/5\/Hotel-Paba-1024x576.jpg 1024w, https:\/\/www.thecolosseum.org\/es\/wp-content\/uploads\/sites\/5\/Hotel-Paba-768x432.jpg 768w\" sizes=\"(max-width: 1024px) 100vw, 1024px\" \/><\/figure>\n\n\n\n<h3 class=\"wp-block-heading\">Hotel Capo d\u2019Africa<\/h3>\n\n\n\n<p>Apenas a tres cuadras del Coliseo, el Capo d\u2019Africa es un lujoso hotel de 4 estrellas con una terraza en la azotea y un restaurante donde los hu\u00e9spedes pueden disfrutar del desayuno y las comidas con vista a la capital italiana. Cuenta con arte contempor\u00e1neo italiano y interiores modernos, todas las habitaciones tienen aire acondicionado, wifi y los hu\u00e9spedes tienen acceso al gimnasio del hotel.<\/p>\n\n\n\n<figure class=\"gb-block-image gb-block-image-6f394a22\"><img decoding=\"async\" width=\"1024\" height=\"576\" class=\"gb-image gb-image-6f394a22 ms-mb-block\" src=\"https:\/\/www.thecolosseum.org\/es\/wp-content\/uploads\/sites\/5\/Capo-dAfrica-1024x576.jpg\" alt=\"Terraza del Hotel Capo d'Africa\" srcset=\"https:\/\/www.thecolosseum.org\/es\/wp-content\/uploads\/sites\/5\/Capo-dAfrica-1024x576.jpg 1024w, https:\/\/www.thecolosseum.org\/es\/wp-content\/uploads\/sites\/5\/Capo-dAfrica-768x432.jpg 768w\" sizes=\"(max-width: 1024px) 100vw, 1024px\" \/><\/figure>\n\n\n\n<h3 class=\"wp-block-heading\">The Britannia<\/h3>\n\n\n\n<p>Ocupando un edificio del siglo XIX a dos minutos a pie del Teatro de la \u00d3pera de Roma y la estaci\u00f3n de metro Repubblica, el Britannia es un elegante establecimiento de 4 estrellas que ofrece un extenso desayuno buffet al estilo americano, wifi gratuito y habitaciones elegantes y muy c\u00f3modas. El hotel tiene recepci\u00f3n las 24 horas con personal que habla 6 idiomas y est\u00e1 c\u00e9ntricamente ubicado, a 20 minutos a pie del \u00e1rea monumental del Coliseo.<\/p>\n\n\n\n<figure class=\"gb-block-image gb-block-image-3ccdef14\"><img decoding=\"async\" width=\"1024\" height=\"576\" class=\"gb-image gb-image-3ccdef14 ms-mb-block\" src=\"https:\/\/www.thecolosseum.org\/es\/wp-content\/uploads\/sites\/5\/The-Britannia-1024x576.jpg\" alt=\"Habitaci\u00f3n del Hotel The Britannia\" srcset=\"https:\/\/www.thecolosseum.org\/es\/wp-content\/uploads\/sites\/5\/The-Britannia-1024x576.jpg 1024w, https:\/\/www.thecolosseum.org\/es\/wp-content\/uploads\/sites\/5\/The-Britannia-768x432.jpg 768w\" sizes=\"(max-width: 1024px) 100vw, 1024px\" \/><\/figure>\n\n\n\n<h3 class=\"wp-block-heading\">Hotel Locanda Cairoli<\/h3>\n\n\n\n<p>El Locanda Cairoli es un hotel de 4 estrellas ubicado en un edificio del siglo XVIII con una decoraci\u00f3n moderna e interesante. Las habitaciones est\u00e1n amuebladas individualmente con antig\u00fcedades, pinturas y esculturas de buen gusto. El Cairoli ofrece un excelente servicio, un desayuno buffet continental de alta calificaci\u00f3n que se sirve diariamente, wifi en todo el hotel y, lo mejor de todo, est\u00e1 cerca de los monumentos y sitios m\u00e1s importantes de Roma. \u00abDif\u00edcil pensar en una mejor ubicaci\u00f3n para un turista en Roma\u00bb lo dice todo.<\/p>\n\n\n\n<figure class=\"gb-block-image gb-block-image-d09a1cc6\"><img decoding=\"async\" width=\"1024\" height=\"576\" class=\"gb-image gb-image-d09a1cc6 ms-mb-block\" src=\"https:\/\/www.thecolosseum.org\/es\/wp-content\/uploads\/sites\/5\/Locanda-Cairoli-1024x576.jpg\" alt=\"Habitaci\u00f3n del Hotel Locanda Cairoli\" srcset=\"https:\/\/www.thecolosseum.org\/es\/wp-content\/uploads\/sites\/5\/Locanda-Cairoli-1024x576.jpg 1024w, https:\/\/www.thecolosseum.org\/es\/wp-content\/uploads\/sites\/5\/Locanda-Cairoli-768x432.jpg 768w\" sizes=\"(max-width: 1024px) 100vw, 1024px\" \/><\/figure>\n\n\n\n<h3 class=\"wp-block-heading\">Bettoja Hotel Mediterraneo<\/h3>\n\n\n\n<p>Ubicado en el centro de la ciudad, en la cima de la colina m\u00e1s alta de las siete colinas de Roma, el Bettoja Mediterraneo cuenta con una terraza en la azotea con una vista espectacular de toda Roma, el lugar perfecto para relajarse por la tarde con una copa de vino tinto despu\u00e9s de un d\u00eda explorando museos, galer\u00edas de arte y ruinas romanas.<\/p>\n\n\n\n<figure class=\"gb-block-image gb-block-image-adf2aade\"><img decoding=\"async\" width=\"1024\" height=\"576\" class=\"gb-image gb-image-adf2aade ms-mb-block\" src=\"https:\/\/www.thecolosseum.org\/es\/wp-content\/uploads\/sites\/5\/Bettoja-Mediterraneo-1024x576.jpg\" alt=\"Terraza del Hotel Bettoja Mediterraneo\" srcset=\"https:\/\/www.thecolosseum.org\/es\/wp-content\/uploads\/sites\/5\/Bettoja-Mediterraneo-1024x576.jpg 1024w, https:\/\/www.thecolosseum.org\/es\/wp-content\/uploads\/sites\/5\/Bettoja-Mediterraneo-768x432.jpg 768w\" sizes=\"(max-width: 1024px) 100vw, 1024px\" \/><\/figure>\n\n\n\n<h3 class=\"wp-block-heading\">Kolbe Hotel Rome<\/h3>\n\n\n\n<p>El Kolbe Hotel Rome es un lujoso hotel de 4 estrellas con vistas al Foro Romano y a poca distancia a pie del Coliseo. Las habitaciones est\u00e1n decoradas con estilo, con techos altos y ladrillos a la vista. Hay acceso a wifi en todo el hotel, y los hu\u00e9spedes pueden disfrutar del desayuno y las comidas en la terraza, que da al jard\u00edn del hotel con palmeras, naranjos y olivos.<\/p>\n\n\n\n<figure class=\"gb-block-image gb-block-image-fcc4ccca\"><img decoding=\"async\" width=\"1024\" height=\"576\" class=\"gb-image gb-image-fcc4ccca ms-mb-block\" src=\"https:\/\/www.thecolosseum.org\/es\/wp-content\/uploads\/sites\/5\/Kolbe-Hotel-1024x576.jpg\" alt=\"Terraza del Hotel Kolbe\" srcset=\"https:\/\/www.thecolosseum.org\/es\/wp-content\/uploads\/sites\/5\/Kolbe-Hotel-1024x576.jpg 1024w, https:\/\/www.thecolosseum.org\/es\/wp-content\/uploads\/sites\/5\/Kolbe-Hotel-768x432.jpg 768w\" sizes=\"(max-width: 1024px) 100vw, 1024px\" \/><\/figure>\n\n\n\n<h3 class=\"wp-block-heading\">The Corner Townhouse<\/h3>\n\n\n\n<p>The Corner es un ejemplo paradigm\u00e1tico de modernidad. Ubicado en una hermosa villa Art Nouveau en el coraz\u00f3n de Aventino, su decoraci\u00f3n combina lo moderno y lo cl\u00e1sico, lo vibrante y lo discreto, y lo hace con un gusto y equilibrio perfectos. Si te hospedas, no puedes perderte una visita al restaurante del hotel, The Corner, un establecimiento con una estrella Michelin que sirve la visi\u00f3n contempor\u00e1nea del chef Marco Martini sobre la cocina romana cl\u00e1sica.<\/p>\n\n\n\n<figure class=\"gb-block-image gb-block-image-0832f930\"><img decoding=\"async\" width=\"1024\" height=\"576\" class=\"gb-image gb-image-0832f930 ms-mb-block\" src=\"https:\/\/www.thecolosseum.org\/es\/wp-content\/uploads\/sites\/5\/Corner-Townhouse-1024x576.jpg\" alt=\"Restaurante del Hotel Corner Townhouse\" srcset=\"https:\/\/www.thecolosseum.org\/es\/wp-content\/uploads\/sites\/5\/Corner-Townhouse-1024x576.jpg 1024w, https:\/\/www.thecolosseum.org\/es\/wp-content\/uploads\/sites\/5\/Corner-Townhouse-768x432.jpg 768w\" sizes=\"(max-width: 1024px) 100vw, 1024px\" \/><\/figure>\n\n\n\n<h3 class=\"wp-block-heading\">Dharma Hotel and Luxury Suites<\/h3>\n\n\n\n<p>El Dharma es un hotel boutique que ofrece habitaciones elegantes y decoradas de manera individual con todas las comodidades en una ubicaci\u00f3n c\u00e9ntrica. A 5 minutos de la estaci\u00f3n central de Termini de Roma y a 15 minutos del Coliseo y muchos otros monumentos importantes, el Dharma es un excelente lugar desde el cual explorar la Ciudad Eterna y relajarse despu\u00e9s. Algunas de sus habitaciones ofrecen una experiencia \u00fanica de \u00abbienestar\u00bb: una ba\u00f1era de hidromasaje personal y un ba\u00f1o turco.<\/p>\n\n\n\n<figure class=\"gb-block-image gb-block-image-81f9de87\"><img decoding=\"async\" width=\"1024\" height=\"576\" class=\"gb-image gb-image-81f9de87 ms-mb-block\" src=\"https:\/\/www.thecolosseum.org\/es\/wp-content\/uploads\/sites\/5\/Dharma-1024x576.jpg\" alt=\"Habitaci\u00f3n del Hotel Dharma\" srcset=\"https:\/\/www.thecolosseum.org\/es\/wp-content\/uploads\/sites\/5\/Dharma-1024x576.jpg 1024w, https:\/\/www.thecolosseum.org\/es\/wp-content\/uploads\/sites\/5\/Dharma-768x432.jpg 768w, https:\/\/www.thecolosseum.org\/es\/wp-content\/uploads\/sites\/5\/Dharma-1280x720.jpg 1280w\" sizes=\"(max-width: 1024px) 100vw, 1024px\" \/><\/figure>\n\n\n\n<h3 class=\"wp-block-heading\">Stendahl Hotel<\/h3>\n\n\n\n<p>A solo unos minutos de la ic\u00f3nica Fontana di Trevi y la Plaza de Espa\u00f1a, el Stendahl es un elegante hotel boutique en el centro de la ciudad vieja de Roma. Cuenta con habitaciones con todas las comodidades, un sal\u00f3n que sirve c\u00f3cteles de calidad y un extenso desayuno buffet, es el lugar perfecto desde donde perderse en Trevi, una zona popular entre los turistas por su famoso atractivo, pero tambi\u00e9n por sus muchos buenos restaurantes.<\/p>\n\n\n\n<figure class=\"gb-block-image gb-block-image-f40e80ac\"><img decoding=\"async\" width=\"1024\" height=\"576\" class=\"gb-image gb-image-f40e80ac ms-mb-block\" src=\"https:\/\/www.thecolosseum.org\/es\/wp-content\/uploads\/sites\/5\/Stendahl-1024x576.jpg\" alt=\"Habitaci\u00f3n del Hotel Stendahl\" srcset=\"https:\/\/www.thecolosseum.org\/es\/wp-content\/uploads\/sites\/5\/Stendahl-1024x576.jpg 1024w, https:\/\/www.thecolosseum.org\/es\/wp-content\/uploads\/sites\/5\/Stendahl-768x432.jpg 768w\" sizes=\"(max-width: 1024px) 100vw, 1024px\" \/><\/figure>\n\n\n\n<h2 class=\"wp-block-heading\">Bonus: 3 grandes bed and breakfast cerca del Coliseo<\/h2>\n\n\n\n<p>If you\u2019re looking for a more economical place to stay, a bed and breakfast may fit your needs better than a hotel. Below you\u2019ll find three great locations, all near the Colosseum.<\/p>\n\n\n\n<h3 class=\"wp-block-heading\">Li Rioni B&amp;B<\/h3>\n\n\n\n<p>Li Rioni es un c\u00f3modo bed and breakfast a solo 300 metros del Coliseo. Las habitaciones est\u00e1n bien amuebladas y limpias, con wifi gratuito, ba\u00f1o privado y desayuno servido cada ma\u00f1ana en la soleada terraza del establecimiento. El Domus Aurea y el Foro Romano tambi\u00e9n son f\u00e1cilmente accesibles en pocos minutos a pie.<\/p>\n\n\n\n<figure class=\"gb-block-image gb-block-image-9a29c736\"><img decoding=\"async\" width=\"1024\" height=\"576\" class=\"gb-image gb-image-9a29c736 ms-mb-block\" src=\"https:\/\/www.thecolosseum.org\/es\/wp-content\/uploads\/sites\/5\/Li-Rioni-1024x576.jpg\" alt=\"Habitaci\u00f3n de Li Rioni\" srcset=\"https:\/\/www.thecolosseum.org\/es\/wp-content\/uploads\/sites\/5\/Li-Rioni-1024x576.jpg 1024w, https:\/\/www.thecolosseum.org\/es\/wp-content\/uploads\/sites\/5\/Li-Rioni-768x432.jpg 768w\" sizes=\"(max-width: 1024px) 100vw, 1024px\" \/><\/figure>\n\n\n\n<h3 class=\"wp-block-heading\">B&amp;B Laurus Colosseo<\/h3>\n\n\n\n<p>El Laurus Colosseo est\u00e1 pr\u00e1cticamente a la vuelta de la esquina del Coliseo y a solo 5 minutos a pie del Domus Aurea. Hay wifi en toda la propiedad y, si est\u00e1s interesado en recorrer Roma de una manera un poco diferente, incluso ofrecen alquiler de bicicletas para que puedas explorar la ciudad a tu manera sin tener que caminar largas distancias o depender del transporte p\u00fablico.<\/p>\n\n\n\n<figure class=\"gb-block-image gb-block-image-1ce65606\"><img decoding=\"async\" width=\"1024\" height=\"576\" class=\"gb-image gb-image-1ce65606 ms-mb-block\" src=\"https:\/\/www.thecolosseum.org\/es\/wp-content\/uploads\/sites\/5\/Laurus-Colosseo-1024x576.jpg\" alt=\"Habitaci\u00f3n de Laurus Colosseo\" srcset=\"https:\/\/www.thecolosseum.org\/es\/wp-content\/uploads\/sites\/5\/Laurus-Colosseo-1024x576.jpg 1024w, https:\/\/www.thecolosseum.org\/es\/wp-content\/uploads\/sites\/5\/Laurus-Colosseo-768x432.jpg 768w\" sizes=\"(max-width: 1024px) 100vw, 1024px\" \/><\/figure>\n\n\n\n<h3 class=\"wp-block-heading\">Luce B&amp;B<\/h3>\n\n\n\n<p>Luce es la opci\u00f3n m\u00e1s econ\u00f3mica en ambas de nuestras listas, pero eso no significa que sea necesariamente peor que las dem\u00e1s. Luce es un bed and breakfast limpio y acogedor a un paso del Coliseo y otros monumentos cercanos, con wifi gratuito en toda la propiedad y aire acondicionado en todas las habitaciones. Est\u00e1 altamente calificado, ofreciendo una excelente relaci\u00f3n calidad-precio para quienes desean pasar la mayor parte del tiempo en la Ciudad Eterna explorando y conociendo sus muchos sitios y monumentos.<\/p>\n\n\n\n<figure class=\"gb-block-image gb-block-image-475da45d\"><img decoding=\"async\" width=\"1024\" height=\"576\" class=\"gb-image gb-image-475da45d\" src=\"https:\/\/www.thecolosseum.org\/es\/wp-content\/uploads\/sites\/5\/Luce.jpg\" alt=\"Habitaci\u00f3n de Luce\" srcset=\"https:\/\/www.thecolosseum.org\/es\/wp-content\/uploads\/sites\/5\/Luce.jpg 1024w, https:\/\/www.thecolosseum.org\/es\/wp-content\/uploads\/sites\/5\/Luce-768x432.jpg 768w\" sizes=\"(max-width: 1024px) 100vw, 1024px\" \/><\/figure>\n","protected":false},"excerpt":{"rendered":"","protected":false},"author":1,"featured_media":0,"parent":0,"menu_order":12,"comment_status":"closed","ping_status":"closed","template":"","meta":{"_acf_changed":false,"footnotes":"","rank_math_title":"10 Mejores Hoteles Cerca del Coliseo %currentyear%  (con Fotos)","rank_math_description":"","button_url":"https:\/\/www.tiqets.com\/es\/colosseum-l145769\/?partner=thecolosseum","ms_product_id":"","ms_product_name":"","ms_price":"","ms_currency":"","ms_rating_value":"","ms_review_count":""},"post-style":[],"producer":[],"class_list":["post-46","page","type-page","status-publish","has-post-thumbnail"],"acf":[],"button_url":"https:\/\/www.tiqets.com\/es\/colosseum-l145769\/?partner=thecolosseum","product_schema":{"ms_product_id":"","ms_product_name":"","ms_price":"","ms_currency":"","ms_rating_value":"","ms_review_count":""},"_links":{"self":[{"href":"https:\/\/www.thecolosseum.org\/es\/wp-json\/wp\/v2\/pages\/46","targetHints":{"allow":["GET"]}}],"collection":[{"href":"https:\/\/www.thecolosseum.org\/es\/wp-json\/wp\/v2\/pages"}],"about":[{"href":"https:\/\/www.thecolosseum.org\/es\/wp-json\/wp\/v2\/types\/page"}],"author":[{"embeddable":true,"href":"https:\/\/www.thecolosseum.org\/es\/wp-json\/wp\/v2\/users\/1"}],"replies":[{"embeddable":true,"href":"https:\/\/www.thecolosseum.org\/es\/wp-json\/wp\/v2\/comments?post=46"}],"version-history":[{"count":3,"href":"https:\/\/www.thecolosseum.org\/es\/wp-json\/wp\/v2\/pages\/46\/revisions"}],"predecessor-version":[{"id":872,"href":"https:\/\/www.thecolosseum.org\/es\/wp-json\/wp\/v2\/pages\/46\/revisions\/872"}],"wp:attachment":[{"href":"https:\/\/www.thecolosseum.org\/es\/wp-json\/wp\/v2\/media?parent=46"}],"wp:term":[{"taxonomy":"post-style","embeddable":true,"href":"https:\/\/www.thecolosseum.org\/es\/wp-json\/wp\/v2\/post-style?post=46"},{"taxonomy":"producer","embeddable":true,"href":"https:\/\/www.thecolosseum.org\/es\/wp-json\/wp\/v2\/producer?post=46"}],"curies":[{"name":"wp","href":"https:\/\/api.w.org\/{rel}","templated":true}]}}