{"id":34,"date":"2017-09-07T16:38:07","date_gmt":"2017-09-07T14:38:07","guid":{"rendered":"https:\/\/www.thecolosseum.org\/es\/?page_id=34"},"modified":"2025-01-06T11:21:11","modified_gmt":"2025-01-06T10:21:11","slug":"gladiadores","status":"publish","type":"page","link":"https:\/\/www.thecolosseum.org\/es\/gladiadores\/","title":{"rendered":"Gladiadores Romanos Antiguos"},"content":{"rendered":"\n<p>Quiz\u00e1s ninguna figura de la antigua Roma sea tan famosa como el gladiador, un guerrero de la arena que luchaba a muerte contra bestias, criminales y otros gladiadores, para el entretenimiento de la sociedad romana.<\/p>\n\n\n\n<p>Los gladiadores se han convertido en figuras fuertemente mitificadas, en parte gracias a famosas obras de ficci\u00f3n como la pel\u00edcula <em>Gladiator<\/em>, dirigida por Ridley Scott y protagonizada por Russell Crowe, o el cl\u00e1sico <em>Spartacus<\/em>. Pero, \u00bfc\u00f3mo eran realmente?<\/p>\n\n\n\n<figure class=\"gb-block-image gb-block-image-3312322e\"><img decoding=\"async\" width=\"1024\" height=\"576\" class=\"gb-image gb-image-3312322e\" src=\"https:\/\/www.thecolosseum.org\/es\/wp-content\/uploads\/sites\/5\/gladiator-painting-optimized-1024x576.jpg\" alt=\"Un gladiador de pie sobre sus enemigos derrotados en el Coliseo, esperando la se\u00f1al del Emperador con el pulgar hacia arriba o hacia abajo\" srcset=\"https:\/\/www.thecolosseum.org\/es\/wp-content\/uploads\/sites\/5\/gladiator-painting-optimized-1024x576.jpg 1024w, https:\/\/www.thecolosseum.org\/es\/wp-content\/uploads\/sites\/5\/gladiator-painting-optimized-768x432.jpg 768w, https:\/\/www.thecolosseum.org\/es\/wp-content\/uploads\/sites\/5\/gladiator-painting-optimized-1280x720.jpg 1280w, https:\/\/www.thecolosseum.org\/es\/wp-content\/uploads\/sites\/5\/gladiator-painting-optimized-1600x900.jpg 1600w\" sizes=\"(max-width: 1024px) 100vw, 1024px\" \/>\n<p class=\"gb-headline gb-headline-27b5b127 gb-headline-text\"><em>Pollice Verso<\/em>, <em>Con el Pulgar Hacia Abajo<\/em>, por Jean-L\u00e9on G\u00e9r\u00f4me.<\/p>\n<\/figure>\n\n\n\n<h2 class=\"wp-block-heading\">\u00bfQui\u00e9nes eran los gladiadores romanos?<\/h2>\n\n\n\n<p>La mayor\u00eda de los gladiadores romanos eran esclavos de facto y, como tales, no ten\u00edan derechos en la sociedad romana y apenas eran considerados personas. Por cada historia \u00e9pica de un gladiador que se convierte en leyenda de la arena y gana fama y libertad, miles de otros mor\u00edan de manera an\u00f3nima en la arena.<\/p>\n\n\n\n<p>Llevaban vidas violentas y peligrosas, y estaban sujetos a los caprichos de sus superiores. Algunos lograron superar estas circunstancias y se convirtieron en celebridades, pero eran una peque\u00f1a minor\u00eda.<\/p>\n\n\n\n<h3 class=\"wp-block-heading\">Tipos de gladiadores<\/h3>\n\n\n\n<p>Hab\u00eda m\u00e1s de <a href=\"https:\/\/es.wikipedia.org\/wiki\/Anexo:Tipos_de_gladiadores\" target=\"_blank\" rel=\"noreferrer noopener nofollow\">dos docenas de tipos diferentes de gladiadores<\/a>, diferenciados entre s\u00ed por las armas que usaban, la armadura que vest\u00edan, los estilos de combate que empleaban y los eventos en los que luchaban. A continuaci\u00f3n, encontrar\u00e1s una lista de los m\u00e1s reconocibles:<\/p>\n\n\n\n<ul class=\"wp-block-list\">\n<li><em>Murmillo<\/em>: gladiadores fuertemente armados que usaban un gran escudo oblongo y una espada llamada <em>gladius<\/em>. Su rasgo m\u00e1s distintivo era el casco de cobertura total decorado con una cresta en forma de pez.<\/li>\n\n\n\n<li><em>Thraxes<\/em>: usaban una armadura similar a la de los murmillos, pero portaban un escudo rectangular m\u00e1s peque\u00f1o y una espada tracia curva. Su casco tambi\u00e9n cubr\u00eda toda la cabeza, pero estaba decorado con un grifo en lugar de un pez.<\/li>\n\n\n\n<li><em>Retiarius<\/em>: gladiadores famosos que portaban una gran red y un tridente. Usaban armadura ligera, no ten\u00edan escudo y luchaban intentando atrapar a sus oponentes bajo su red y atac\u00e1ndolos con su lanza de tres puntas.<\/li>\n\n\n\n<li><em>Essedarius<\/em>: gladiadores montados en carros de guerra. Hay poca informaci\u00f3n sobre ellos, m\u00e1s all\u00e1 de que luchaban montados en carros.<\/li>\n\n\n\n<li><em>Hoplomachus<\/em>: que se traduce como \u00abluchador armado\u00bb en griego, eran gladiadores que llevaban una lanza de lanzamiento, una espada corta, un peque\u00f1o escudo redondo y un casco con penacho.<\/li>\n<\/ul>\n\n\n\n<figure class=\"gb-block-image gb-block-image-3bb2aa1d\"><img decoding=\"async\" width=\"500\" height=\"502\" class=\"gb-image gb-image-3bb2aa1d\" src=\"https:\/\/www.thecolosseum.org\/es\/wp-content\/uploads\/sites\/5\/gladiator-mosaic.jpg\" alt=\"Mosaico de dos gladiadores luchando, un retiarius y un secutor, con \u00e1rbitros observando\" \/>\n<p class=\"gb-headline gb-headline-c62c1daa gb-headline-text\">Un retiarius luchando contra un secutor, los \u00e1rbitros supervisan el duelo.<\/p>\n<\/figure>\n\n\n\n<h3 class=\"wp-block-heading\">\u00bfExistieron mujeres gladiadoras?<\/h3>\n\n\n\n<p>Existieron mujeres gladiadoras, aunque eran una minor\u00eda muy peque\u00f1a y, seg\u00fan los escritos de la \u00e9poca, aparentemente se las ve\u00eda como una rareza y un entretenimiento peculiar, m\u00e1s que como un tipo regular de gladiador.<\/p>\n\n\n\n<h3 class=\"wp-block-heading\">Entrenamiento de gladiadores<\/h3>\n\n\n\n<p>Los gladiadores pertenec\u00edan a la clase <em>infame<\/em> y, como tal, sus vidas no les pertenec\u00edan, sino a sus due\u00f1os. Las escuelas de gladiadores eran incre\u00edblemente estrictas, y el entrenamiento que ofrec\u00edan era riguroso, con algunas pruebas arqueol\u00f3gicas que sugieren que los gladiadores pod\u00edan ser ejecutados como castigo por mal comportamiento.<\/p>\n\n\n\n<p>En la escuela, los gladiadores probablemente entrenaban bajo un maestro experto en su estilo particular de combate, y todos los diferentes grupos se manten\u00edan separados entre s\u00ed, posiblemente para evitar conflictos entre los combatientes que se encontrar\u00edan en la arena.<\/p>\n\n\n\n<p>Al ingresar a la escuela de gladiadores (aquellos que no hab\u00edan sido condenados por un crimen), los gladiadores firmaban un contrato que estipulaba el tipo de combatiente que se convertir\u00edan, cu\u00e1ntas veces al a\u00f1o luchar\u00edan y firmaban su vida a disposici\u00f3n de su amo.<\/p>\n\n\n\n<h3 class=\"wp-block-heading\">Gladiadores famosos<\/h3>\n\n\n\n<p>La mayor\u00eda de los gladiadores vivieron y murieron de manera an\u00f3nima, pero algunos se convirtieron en celebridades populares, y sus nombres han llegado hasta nuestros d\u00edas.<\/p>\n\n\n\n<ul class=\"wp-block-list\">\n<li><strong>Crixus<\/strong>: fue un esclavo y gladiador galo que escap\u00f3 de la esclavitud y se convirti\u00f3 en uno de los l\u00edderes del ej\u00e9rcito rebelde en la Tercera Guerra Servil, entre esclavos y la rep\u00fablica romana.<\/li>\n\n\n\n<li><strong>Emperador C\u00f3modo<\/strong>: retratado por Joaquin Phoenix en la pel\u00edcula <em>Gladiator<\/em>, fue un conocido fan\u00e1tico del combate de gladiadores y entr\u00f3 en la arena \u00e9l mismo muchas veces. Sin embargo, era conocido por ser un luchador cruel que utilizaba su posici\u00f3n para organizar combates contra oponentes discapacitados que no ten\u00edan ninguna posibilidad de defenderse. Esto le vali\u00f3 una gran antipat\u00eda y se dice que contribuy\u00f3 a su eventual asesinato.<\/li>\n\n\n\n<li><strong>Priscus y Verus<\/strong>: fueron una pareja de gladiadores que tuvieron el honor de luchar entre ellos en la inauguraci\u00f3n del Anfiteatro Flavio. Se dice que despu\u00e9s de luchar durante horas, acordaron terminar el combate en empate, momento en el que el emperador Tito les otorg\u00f3 la <em>rudis<\/em>, haci\u00e9ndolos hombres libres.<\/li>\n\n\n\n<li><strong>Spiculus<\/strong>: fue una estrella del mundo de los gladiadores. Era el favorito del sangriento emperador Ner\u00f3n, quien lo colm\u00f3 de regalos. Cuando fue derrocado, Ner\u00f3n lo llam\u00f3 porque quer\u00eda morir a sus manos, pero Spiculus no respondi\u00f3 a la petici\u00f3n del ex emperador y Ner\u00f3n se vio obligado a suicidarse.<\/li>\n<\/ul>\n\n\n\n<h3 class=\"wp-block-heading\">\u00bfSpartacus fue una persona real?<\/h3>\n\n\n\n<p>Spartacus es, sin duda, el gladiador m\u00e1s famoso del Imperio Romano, y de hecho fue una persona real. Fue un soldado o mercenario tracio que termin\u00f3 siendo vendido como esclavo y luego se convirti\u00f3 en gladiador. Fue uno de los l\u00edderes de una revuelta en la escuela de gladiadores de Capua, que termin\u00f3 con la fuga de 70 de los aprendices.<\/p>\n\n\n\n<p>Despu\u00e9s de su fuga y algunas escaramuzas con el ej\u00e9rcito romano, que los gladiadores ganaron, sus filas crecieron hasta convertirse en un ej\u00e9rcito de decenas de miles. Spartacus lider\u00f3 este ej\u00e9rcito rebelde de esclavos en lo que se conoci\u00f3 como la Tercera Guerra Servil, hasta que sus fuerzas fueron derrotadas y supuestamente fue asesinado en el 71 a.C.<\/p>\n\n\n\n<figure class=\"gb-block-image gb-block-image-673fdf20\"><img decoding=\"async\" width=\"1024\" height=\"576\" class=\"gb-image gb-image-673fdf20\" src=\"https:\/\/www.thecolosseum.org\/es\/wp-content\/uploads\/sites\/5\/tod-des-spartacus-optimized-1024x576.jpg\" alt=\"Spartacus cayendo en batalla en la pintura Tod des Spartacus, La Muerte de Spartacus, de Hermann Vogel.\n\" srcset=\"https:\/\/www.thecolosseum.org\/es\/wp-content\/uploads\/sites\/5\/tod-des-spartacus-optimized-1024x576.jpg 1024w, https:\/\/www.thecolosseum.org\/es\/wp-content\/uploads\/sites\/5\/tod-des-spartacus-optimized-768x432.jpg 768w, https:\/\/www.thecolosseum.org\/es\/wp-content\/uploads\/sites\/5\/tod-des-spartacus-optimized-1280x720.jpg 1280w, https:\/\/www.thecolosseum.org\/es\/wp-content\/uploads\/sites\/5\/tod-des-spartacus-optimized-1600x900.jpg 1600w\" sizes=\"(max-width: 1024px) 100vw, 1024px\" \/>\n<p class=\"gb-headline gb-headline-d0e3b341 gb-headline-text\"><em>Tod des Spartacus<\/em>, <em>La Muerte de Spartacus<\/em>, por Hermann Vogel.<\/p>\n<\/figure>\n\n\n\n<h2 class=\"wp-block-heading\">Juegos de gladiadores<\/h2>\n\n\n\n<p>Con mayor frecuencia, los gladiadores se enfrentaban en combates uno a uno y se emparejaban contra diferentes tipos que se consideraban complementarios. Los murmillos a menudo luchaban contra tracios, as\u00ed como contra hoplomachos y retiarios. Los retiarios (que portaban redes y tridentes) generalmente se enfrentaban a gladiadores armados con armas m\u00e1s convencionales.<\/p>\n\n\n\n<p>Los combates estaban altamente organizados y supervisados por \u00e1rbitros. No todos terminaban en muerte. A menudo, una pelea terminaba sin que ninguno de los combatientes muriera, la raz\u00f3n era simple: entrenar y mantener una cuadrilla de gladiadores era costoso, por lo que sus due\u00f1os quer\u00edan que sobrevivieran el mayor tiempo posible. En los primeros a\u00f1os del Coliseo, m\u00e1s combates eran a muerte, pero con el tiempo los concursos se volvieron menos letales porque reemplazar gladiadores muertos era caro.<\/p>\n\n\n\n<p>Hab\u00eda otros tipos de entretenimiento violento que eran populares en la antigua Roma y que a menudo se relacionaban con los gladiadores, pero que en realidad estaban separados de ellos.<\/p>\n\n\n\n<h3 class=\"wp-block-heading\">\u00bfQu\u00e9 animales luchaban en el Coliseo?<\/h3>\n\n\n\n<p>La creencia de que los gladiadores luchaban contra bestias es un malentendido com\u00fan. Los combates de gladiadores estaban altamente regulados y organizados, y los gladiadores solo luchaban contra otros combatientes humanos. Las bestias salvajes aparec\u00edan en la arena, pero lo hac\u00edan como parte de la <em>damnatio ad bestias<\/em>, que literalmente significa \u00abcondena a las bestias\u00bb, donde los criminales y prisioneros de guerra eran ejecutados p\u00fablicamente por las garras y colmillos de bestias salvajes, o como parte de cazas simuladas por cazadores profesionales. Hab\u00eda un tipo de combatiente que luchaba contra animales salvajes, el <em>bestiarius<\/em>, pero no se consideraba un gladiador en el mismo sentido que los dem\u00e1s.<\/p>\n\n\n\n<h3 class=\"wp-block-heading\">Batallas navales simuladas, las Naumaquias<\/h3>\n\n\n\n<p>Las naumaquias, batallas navales simuladas con barcos reales y combatientes, fueron probablemente el espect\u00e1culo de sangre m\u00e1s espectacular de todos los deportes romanos. A diferencia de los combates de gladiadores, que ocurr\u00edan regularmente en las arenas de muchas ciudades grandes, las naumaquias se reservaban para ocasiones especiales, como la conmemoraci\u00f3n del triunfo de Julio C\u00e9sar en el 46 a.C. Los participantes a menudo eran prisioneros de guerra o criminales condenados a muerte, y las batallas eran mucho m\u00e1s sangrientas que los combates de gladiadores, con tasas de mortalidad mucho m\u00e1s altas.<\/p>\n\n\n\n<p>Las naumaquias generalmente se llevaban a cabo en arenas especialmente construidas, grandes canales o lagos artificiales excavados espec\u00edficamente para este prop\u00f3sito, pero en algunas ocasiones se llevaban a cabo en anfiteatros romanos convencionales. Se sabe que el Coliseo romano celebr\u00f3 <a href=\"https:\/\/www.thecolosseum.org\/es\/datos\/\">dos de estas batallas cerca de la fecha de su inauguraci\u00f3n<\/a>.<\/p>\n\n\n\n<figure class=\"gb-block-image gb-block-image-a0588374\"><img decoding=\"async\" width=\"1024\" height=\"576\" class=\"gb-image gb-image-a0588374\" src=\"https:\/\/www.thecolosseum.org\/es\/wp-content\/uploads\/sites\/5\/la-naumachia-optimized-1024x576.jpg\" alt=\"Esclavos y prisioneros luchando en una Naumaquia ante el Emperador, pintura de Ulpiano Checa.\n\" srcset=\"https:\/\/www.thecolosseum.org\/es\/wp-content\/uploads\/sites\/5\/la-naumachia-optimized-1024x576.jpg 1024w, https:\/\/www.thecolosseum.org\/es\/wp-content\/uploads\/sites\/5\/la-naumachia-optimized-768x432.jpg 768w, https:\/\/www.thecolosseum.org\/es\/wp-content\/uploads\/sites\/5\/la-naumachia-optimized-1280x720.jpg 1280w, https:\/\/www.thecolosseum.org\/es\/wp-content\/uploads\/sites\/5\/la-naumachia-optimized-1600x900.jpg 1600w\" sizes=\"(max-width: 1024px) 100vw, 1024px\" \/>\n<p class=\"gb-headline gb-headline-cdc0ad45 gb-headline-text\"><em>La Naumaquia<\/em>, por Ulpiano Checa.<\/p>\n<\/figure>\n","protected":false},"excerpt":{"rendered":"","protected":false},"author":1,"featured_media":0,"parent":0,"menu_order":4,"comment_status":"closed","ping_status":"closed","template":"","meta":{"_acf_changed":false,"footnotes":"","button_url":"https:\/\/www.tiqets.com\/es\/colosseum-l145769\/?partner=thecolosseum","ms_product_id":"","ms_product_name":"","ms_price":"","ms_currency":"","ms_rating_value":"","ms_review_count":"","rank_math_title":"Gladiadores Romanos: Tipos, Entrenamiento y Luchadores","rank_math_description":""},"post-style":[],"producer":[],"class_list":["post-34","page","type-page","status-publish","has-post-thumbnail"],"acf":[],"product_schema":{"ms_product_id":"","ms_product_name":"","ms_price":"","ms_currency":"","ms_rating_value":"","ms_review_count":""},"_links":{"self":[{"href":"https:\/\/www.thecolosseum.org\/es\/wp-json\/wp\/v2\/pages\/34","targetHints":{"allow":["GET"]}}],"collection":[{"href":"https:\/\/www.thecolosseum.org\/es\/wp-json\/wp\/v2\/pages"}],"about":[{"href":"https:\/\/www.thecolosseum.org\/es\/wp-json\/wp\/v2\/types\/page"}],"author":[{"embeddable":true,"href":"https:\/\/www.thecolosseum.org\/es\/wp-json\/wp\/v2\/users\/1"}],"replies":[{"embeddable":true,"href":"https:\/\/www.thecolosseum.org\/es\/wp-json\/wp\/v2\/comments?post=34"}],"version-history":[{"count":3,"href":"https:\/\/www.thecolosseum.org\/es\/wp-json\/wp\/v2\/pages\/34\/revisions"}],"predecessor-version":[{"id":859,"href":"https:\/\/www.thecolosseum.org\/es\/wp-json\/wp\/v2\/pages\/34\/revisions\/859"}],"wp:attachment":[{"href":"https:\/\/www.thecolosseum.org\/es\/wp-json\/wp\/v2\/media?parent=34"}],"wp:term":[{"taxonomy":"post-style","embeddable":true,"href":"https:\/\/www.thecolosseum.org\/es\/wp-json\/wp\/v2\/post-style?post=34"},{"taxonomy":"producer","embeddable":true,"href":"https:\/\/www.thecolosseum.org\/es\/wp-json\/wp\/v2\/producer?post=34"}],"curies":[{"name":"wp","href":"https:\/\/api.w.org\/{rel}","templated":true}]}}