{"id":30,"date":"2017-09-07T16:11:23","date_gmt":"2017-09-07T14:11:23","guid":{"rendered":"https:\/\/www.thecolosseum.org\/es\/?page_id=30"},"modified":"2025-01-06T11:21:17","modified_gmt":"2025-01-06T10:21:17","slug":"arquitectura","status":"publish","type":"page","link":"https:\/\/www.thecolosseum.org\/es\/arquitectura\/","title":{"rendered":"Arquitectura del Coliseo"},"content":{"rendered":"\n<p>El Coliseo es una de las mayores proezas de la arquitectura romana jam\u00e1s construida. Es el anfiteatro romano m\u00e1s grande del mundo y, a pesar de haber sufrido <a href=\"https:\/\/www.thecolosseum.org\/es\/historia\/\">m\u00faltiples incendios, terremotos y otros desastres naturales<\/a> \u2014as\u00ed como un maltrato considerable a manos de los hombres\u2014, todav\u00eda sigue en pie.<\/p>\n\n\n\n<figure class=\"gb-block-image gb-block-image-9aafc24a\"><img decoding=\"async\" width=\"1024\" height=\"576\" class=\"gb-image gb-image-9aafc24a\" src=\"https:\/\/www.thecolosseum.org\/es\/wp-content\/uploads\/sites\/5\/colosseum-frombelow-optimized-1024x576.jpg\" alt=\"La pared del Coliseo tomada desde abajo, con columnas corintias que sobresalen prominentemente\" srcset=\"https:\/\/www.thecolosseum.org\/es\/wp-content\/uploads\/sites\/5\/colosseum-frombelow-optimized-1024x576.jpg 1024w, https:\/\/www.thecolosseum.org\/es\/wp-content\/uploads\/sites\/5\/colosseum-frombelow-optimized-768x432.jpg 768w, https:\/\/www.thecolosseum.org\/es\/wp-content\/uploads\/sites\/5\/colosseum-frombelow-optimized-1280x720.jpg 1280w, https:\/\/www.thecolosseum.org\/es\/wp-content\/uploads\/sites\/5\/colosseum-frombelow-optimized-1600x900.jpg 1600w\" sizes=\"(max-width: 1024px) 100vw, 1024px\" \/>\n<p class=\"gb-headline gb-headline-bc62ad20 gb-headline-text\">Los niveles tercero y cuarto de la pared exterior. Observa la decoraci\u00f3n en la parte superior de las columnas, \u00bfsabes qu\u00e9 estilo es?<\/p>\n<\/figure>\n\n\n\n<h2 class=\"wp-block-heading\">Construcci\u00f3n del Coliseo<\/h2>\n\n\n\n<p>El Coliseo fue construido entre los a\u00f1os 70 d.C. y 80 d.C. bajo los emperadores Vespasiano, Tito y Domiciano, los emperadores Flavios. De ah\u00ed su nombre original, el <em>Amphitheatrum Flavium<\/em> &#8211; el Anfiteatro Flavio.<\/p>\n\n\n\n<p>El Coliseo puede verse como una obra populista de Vespasiano, quien, al menos en parte, lo encarg\u00f3 como un medio para recuperar el favor de una ciudadan\u00eda que estaba inquieta e insatisfecha con la instituci\u00f3n imperial despu\u00e9s del reinado de Ner\u00f3n. La planificaci\u00f3n comenz\u00f3 en el a\u00f1o 70 d.C. y la construcci\u00f3n en el 72, en el lugar donde Ner\u00f3n hab\u00eda construido un lago artificial como parte de la Domus Aurea.<\/p>\n\n\n\n<p>La mayor parte del trabajo para la construcci\u00f3n del edificio fue realizado por esclavos jud\u00edos, quienes hab\u00edan sido tomados como prisioneros tras la primera guerra judeo-romana.<\/p>\n\n\n\n<p>El edificio ten\u00eda forma ovalada y estaba orientado de noroeste a sureste, con su eje principal midiendo 189 metros y su eje menor 156 metros. Para dar una referencia, eso es casi el doble de largo y 1.5 veces m\u00e1s ancho que un campo de f\u00fatbol moderno.<\/p>\n\n\n\n<h2 class=\"wp-block-heading\">\u00bfDe qu\u00e9 estaba hecho el Coliseo?<\/h2>\n\n\n\n<p>El Coliseo fue construido con un estimado de 100,000 metros c\u00fabicos de piedra travertina, m\u00e1s una cantidad similar de cemento romano, ladrillos y bloques de toba. El travertino es una clase de piedra caliza que toma su nombre de Tibur (cerca de la actual Tivoli), de donde se extra\u00eda.<\/p>\n\n\n\n<p>Adem\u00e1s de los diferentes tipos de piedra y cemento, se usaron unas 300 toneladas de abrazaderas de hierro para unir los grandes bloques. Estas abrazaderas fueron extra\u00eddas en siglos posteriores cuando el Coliseo cay\u00f3 en mal estado, dejando grandes marcas en las paredes del edificio que todav\u00eda son reconocibles hoy en d\u00eda.<\/p>\n\n\n\n<h2 class=\"wp-block-heading\">Estilo del Coliseo<\/h2>\n\n\n\n<p>El Coliseo fue concebido como un testamento al poder de Roma. En el momento de su finalizaci\u00f3n, era la estructura hecha por el hombre m\u00e1s compleja del mundo y una de las m\u00e1s grandes.<\/p>\n\n\n\n<p>La piedra travertina utilizada como material principal en su construcci\u00f3n era blanca, y con casi 50 metros de altura (en una \u00e9poca en que la mayor\u00eda de los edificios eran de una sola planta) y con una superficie de 6 acres, habr\u00eda brillado bajo el sol e inspirado asombro en cualquiera que lo viera. Su efecto en un antiguo romano que lo viera por primera vez habr\u00eda sido el mismo que estar a los pies del Empire State Building hoy en d\u00eda.<\/p>\n\n\n\n<p>Los tres principales \u00f3rdenes arquitect\u00f3nicos de la \u00e9poca estaban representados:<\/p>\n\n\n\n<ul class=\"wp-block-list\">\n<li>Las columnas del piso inferior estaban hechas en estilo toscano, una variaci\u00f3n romana del austero estilo d\u00f3rico griego.<\/li>\n\n\n\n<li>El segundo piso presentaba columnas j\u00f3nicas ligeramente m\u00e1s elaboradas.<\/li>\n\n\n\n<li>El tercer piso empleaba el estilo corintio, m\u00e1s intrincado y decorado.<\/li>\n<\/ul>\n\n\n\n<p>Por lo tanto, de abajo hacia arriba, el Coliseo pasaba de menor a mayor complejidad estil\u00edstica. Cada media columna era el centro de un arco, de los cuales hab\u00eda un total de 80 que formaban el per\u00edmetro exterior del edificio en los tres primeros pisos. Estos arcos eran m\u00e1s grandes en la planta baja, con 4.2 metros de ancho y 7.05 metros de altura. En los dos pisos superiores, ten\u00edan el mismo ancho pero eran ligeramente m\u00e1s bajos, con 6.45 metros de altura.<\/p>\n\n\n\n<p>A diferencia de los tres primeros pisos, la pared del cuarto piso no estaba hecha de arcos y columnas, sino de paneles planos, que gracias a los recientes esfuerzos de limpieza, sabemos que estaban decorados con tallados e incrustaciones de azurita y bronce.<\/p>\n\n\n\n<p>El Coliseo ten\u00eda dos entradas principales: la Porta Triumphalis, al noroeste, que como su nombre indica, era la puerta utilizada para las procesiones triunfales y por donde los gladiadores entraban a la arena, y la Porta Libitinaria, al sureste, llamada as\u00ed en honor a la diosa romana de los funerales y entierros, Libitina. Esta puerta se utilizaba para sacar los cuerpos de aquellos que perec\u00edan en la arena.<\/p>\n\n\n\n<figure class=\"gb-block-image gb-block-image-0fd87b40\"><img decoding=\"async\" width=\"2000\" height=\"1414\" class=\"gb-image gb-image-0fd87b40\" src=\"https:\/\/www.thecolosseum.org\/es\/wp-content\/uploads\/sites\/5\/colosseum-columns-optimized.jpg\" alt=\"Ilustraci\u00f3n de la parte de la cabeza de los tres tipos de columnas comunes en la arquitectura romana: d\u00f3rica, j\u00f3nica y corintia.\" \/>\n<p class=\"gb-headline gb-headline-3abb286b gb-headline-text\">Los tres \u00f3rdenes de columnas en la arquitectura romana.<\/p>\n<\/figure>\n\n\n\n<h2 class=\"wp-block-heading\">Dentro del Coliseo<\/h2>\n\n\n\n<p>La caracter\u00edstica m\u00e1s distintiva del Coliseo era la arena donde luchaban y mor\u00edan gladiadores, prisioneros, convictos y animales salvajes.<\/p>\n\n\n\n<ul class=\"wp-block-list\">\n<li>Med\u00eda 83 metros de largo por 48 metros de ancho.<\/li>\n\n\n\n<li>El piso de la arena estaba hecho de paneles de madera, cubiertos con una capa de arena que se extra\u00eda de la cercana colina de Monte Mario.<\/li>\n\n\n\n<li>Hab\u00eda muchas trampillas en su suelo, que se utilizaban para introducir y retirar elementos del escenario y para efectos especiales.<\/li>\n\n\n\n<li>Estaba rodeado por una pared de 3 metros que conduc\u00eda al primer nivel de asientos.<\/li>\n<\/ul>\n\n\n\n<p>La pared de la arena estaba hecha de bloques de piedra roja y negra, marcando un fuerte contraste con el resto del edificio, que era intensamente blanco, y reflejaba lo que ocurr\u00eda en el suelo de la arena.<\/p>\n\n\n\n<p>Alrededor de la arena estaban las terrazas o gradas, conocidas colectivamente como la <em>cavea<\/em>. La <em>cavea<\/em> se divid\u00eda en tres niveles que reflejaban las clases sociales de la sociedad romana.<\/p>\n\n\n\n<p>De abajo hacia arriba: el <em>podium<\/em>, el <em>gradatio<\/em> y el <em>porticus<\/em>. Los asientos m\u00e1s cercanos a la arena, el <em>podium<\/em>, estaban reservados para los romanos de mayor estatus, como senadores y altos funcionarios. A medida que se sub\u00eda en la <em>cavea<\/em>, se encontraba a personas de clase social cada vez m\u00e1s baja, siendo el nivel superior ocupado a\u00fan por ciudadanos romanos, pero aquellos que eran pobres.<\/p>\n\n\n\n<p>Los asientos estaban hechos de piedra travertina y cada asiento med\u00eda aproximadamente 40 cent\u00edmetros de ancho. Los asistentes m\u00e1s ricos tra\u00edan cojines para colocar sobre sus asientos. Se cree que el Coliseo pod\u00eda albergar hasta 80,000 espectadores.<\/p>\n\n\n\n<p>La <em>cavea<\/em> tambi\u00e9n se divid\u00eda horizontalmente por accesos para el p\u00fablico: las <em>scalaria<\/em>, escaleras que llevaban a las gradas, y los <em>vomitoria<\/em>, pasajes que conduc\u00edan al exterior. Contrariamente a la creencia popular, los <em>vomitoria<\/em> no eran lugares para vomitar. El nombre se refiere a la acci\u00f3n de \u00abarrojar\u00bb personas, espectadores, desde un lugar \u2014pero no al contenido de sus est\u00f3magos.<\/p>\n\n\n\n<h3 class=\"wp-block-heading\">El subsuelo del Coliseo<\/h3>\n\n\n\n<p>Aunque la caracter\u00edstica m\u00e1s distintiva del Coliseo era la arena, la m\u00e1s importante era el <em>hypogeum<\/em>, su \u00e1rea subterr\u00e1nea.<\/p>\n\n\n\n<ul class=\"wp-block-list\">\n<li>El <em>hypogeum<\/em> era una red de t\u00faneles y c\u00e1maras distribuidas en dos niveles donde se manten\u00edan a los gladiadores y animales antes de aparecer en la arena.<\/li>\n\n\n\n<li>No formaba parte del dise\u00f1o original concebido por Vespasiano y su hijo Tito. Fue a\u00f1adido despu\u00e9s de que el edificio ya hab\u00eda sido inaugurado en el a\u00f1o 80 d.C. por orden de su sucesor, el emperador Domiciano.<\/li>\n\n\n\n<li>Ochenta pozos verticales conectaban el <em>hypogeum<\/em> con la arena. Los gladiadores y los animales pod\u00edan acceder a la arena a trav\u00e9s de estos pozos.<\/li>\n\n\n\n<li>Algunos de estos pozos incorporaban un sistema de grandes plataformas m\u00f3viles, llamadas <em>hegmata<\/em>. Estas se usaban para mover grandes bestias, como elefantes, de arriba a abajo.<\/li>\n\n\n\n<li>El <em>hypogeum<\/em> estaba conectado al exterior mediante una red de t\u00faneles subterr\u00e1neos, como los que llevaban a los barracones de los gladiadores y a los establos cercanos donde se guardaban los animales.<\/li>\n\n\n\n<li>El Coliseo ten\u00eda un t\u00fanel de acceso privado para el emperador, para que pudiera entrar y salir del edificio de manera segura, evitando las grandes multitudes.<\/li>\n\n\n\n<li>Con la construcci\u00f3n del <em>hypogeum<\/em>, se hizo imposible inundar la arena y, por lo tanto, celebrar naumaquias (batallas navales simuladas) en el Coliseo. Se celebraron dos antes de su construcci\u00f3n.<\/li>\n<\/ul>\n\n\n\n<figure class=\"gb-block-image gb-block-image-ecdf349a\"><img decoding=\"async\" width=\"2000\" height=\"1331\" class=\"gb-image gb-image-ecdf349a\" src=\"https:\/\/www.thecolosseum.org\/es\/wp-content\/uploads\/sites\/5\/hypogeum-optimized.jpg\" alt=\"Los laber\u00ednticos pasajes del hipogeo vistos desde la planta baja del Coliseo\" \/>\n<p class=\"gb-headline gb-headline-0ba70de0 gb-headline-text\">El laberinto de c\u00e1maras y pasadizos del <em>hypogeum<\/em> ahora est\u00e1 descubierto y se puede ver desde el nivel del suelo, adem\u00e1s de ser visitado en visitas guiadas al Coliseo.<\/p>\n<\/figure>\n","protected":false},"excerpt":{"rendered":"","protected":false},"author":1,"featured_media":0,"parent":0,"menu_order":6,"comment_status":"closed","ping_status":"closed","template":"","meta":{"_acf_changed":false,"footnotes":"","button_url":"https:\/\/www.tiqets.com\/es\/colosseum-l145769\/?partner=thecolosseum","ms_product_id":"","ms_product_name":"","ms_price":"","ms_currency":"","ms_rating_value":"","ms_review_count":"","rank_math_title":"Arquitectura Del Coliseo Romano (Gu\u00eda De Dise\u00f1o y Estructura)","rank_math_description":""},"post-style":[],"producer":[],"class_list":["post-30","page","type-page","status-publish","has-post-thumbnail"],"acf":[],"product_schema":{"ms_product_id":"","ms_product_name":"","ms_price":"","ms_currency":"","ms_rating_value":"","ms_review_count":""},"_links":{"self":[{"href":"https:\/\/www.thecolosseum.org\/es\/wp-json\/wp\/v2\/pages\/30","targetHints":{"allow":["GET"]}}],"collection":[{"href":"https:\/\/www.thecolosseum.org\/es\/wp-json\/wp\/v2\/pages"}],"about":[{"href":"https:\/\/www.thecolosseum.org\/es\/wp-json\/wp\/v2\/types\/page"}],"author":[{"embeddable":true,"href":"https:\/\/www.thecolosseum.org\/es\/wp-json\/wp\/v2\/users\/1"}],"replies":[{"embeddable":true,"href":"https:\/\/www.thecolosseum.org\/es\/wp-json\/wp\/v2\/comments?post=30"}],"version-history":[{"count":3,"href":"https:\/\/www.thecolosseum.org\/es\/wp-json\/wp\/v2\/pages\/30\/revisions"}],"predecessor-version":[{"id":861,"href":"https:\/\/www.thecolosseum.org\/es\/wp-json\/wp\/v2\/pages\/30\/revisions\/861"}],"wp:attachment":[{"href":"https:\/\/www.thecolosseum.org\/es\/wp-json\/wp\/v2\/media?parent=30"}],"wp:term":[{"taxonomy":"post-style","embeddable":true,"href":"https:\/\/www.thecolosseum.org\/es\/wp-json\/wp\/v2\/post-style?post=30"},{"taxonomy":"producer","embeddable":true,"href":"https:\/\/www.thecolosseum.org\/es\/wp-json\/wp\/v2\/producer?post=30"}],"curies":[{"name":"wp","href":"https:\/\/api.w.org\/{rel}","templated":true}]}}