{"id":25,"date":"2017-09-07T15:06:59","date_gmt":"2017-09-07T13:06:59","guid":{"rendered":"https:\/\/www.thecolosseum.org\/es\/?page_id=25"},"modified":"2025-05-28T09:45:22","modified_gmt":"2025-05-28T07:45:22","slug":"visita-guiada-coliseo-roma","status":"publish","type":"page","link":"https:\/\/www.thecolosseum.org\/es\/visita-guiada-coliseo-roma\/","title":{"rendered":"Visita Guiada al Coliseo Romano"},"content":{"rendered":"\n<p>Con 2000 a\u00f1os de antig\u00fcedad, el Coliseo Romano ha sido testigo del auge y ca\u00edda de muchas naciones e imperios. Como cualquier edificio que ha sobrevivido casi desde los tiempos de Jesucristo, tiene muchas historias que contar. \u00bfY qu\u00e9 mejor manera de escucharlas que de la mano de un gu\u00eda local experto? Compra aqu\u00ed tus boletos para los tours del Coliseo y vive la mejor experiencia de este monumento ic\u00f3nico.<\/p>\n\n\n\n<figure class=\"gb-block-image gb-block-image-799b8e62\"><img decoding=\"async\" width=\"1024\" height=\"576\" class=\"gb-image gb-image-799b8e62 ms-mb-block\" src=\"https:\/\/www.thecolosseum.org\/es\/wp-content\/uploads\/sites\/5\/colosseum-inside-optimized-1-1024x576.jpg\" alt=\"El Coliseo visto desde el interior, con vista de la arena y el hipogeo\" srcset=\"https:\/\/www.thecolosseum.org\/es\/wp-content\/uploads\/sites\/5\/colosseum-inside-optimized-1-1024x576.jpg 1024w, https:\/\/www.thecolosseum.org\/es\/wp-content\/uploads\/sites\/5\/colosseum-inside-optimized-1-768x432.jpg 768w, https:\/\/www.thecolosseum.org\/es\/wp-content\/uploads\/sites\/5\/colosseum-inside-optimized-1-1280x720.jpg 1280w, https:\/\/www.thecolosseum.org\/es\/wp-content\/uploads\/sites\/5\/colosseum-inside-optimized-1-1600x900.jpg 1600w\" sizes=\"(max-width: 1024px) 100vw, 1024px\" \/><\/figure>\n\n\n\n<h2 class=\"wp-block-heading\">Lista de tours y precios del Coliseo<\/h2>\n\n\n\n<div class=\"ms-rounded ms-mb-last-child-0 ms-mb-block ms-tfs--contrast ms-p ms-tfs\">\n<h3 class=\"gb-text\">Tours por el Coliseo<\/h3>\n\n\n\n<p>\ud83d\udcc5 Selecciona tu fecha de viaje durante el proceso de compra para ver los tours disponibles y sus precios actualizados.<\/p>\n\n\n\n<p><em>(Todos los tours incluyen entrada al Coliseo, Foro Romano y Monte Palatino, con gu\u00eda oficial en directo.)<\/em><\/p>\n\n\n\n<hr class=\"wp-block-separator has-alpha-channel-opacity\"\/>\n\n\n\n<p class=\"ms-link-unstyled\"><a href=\"https:\/\/www.tiqets.com\/es\/rome-attractions-c71631\/tickets-for-colosseum-roman-forum-guided-tour-p1111484\/?partner=thecolosseum\" rel=\"nofollow noopener\"><strong>\ud83d\udd39 Tour est\u00e1ndar: Coliseo, Foro Romano y Monte Palatino<\/strong><\/a><\/p>\n\n\n\n<p><strong>El recorrido cl\u00e1sico \u2014 ideal si es tu primera vez en Roma.<br><\/strong>Visita los tres sitios principales con un gu\u00eda en vivo. Puedes elegir entre tour est\u00e1ndar, en grupo reducido, expr\u00e9s o para familias.<\/p>\n\n\n\n<p>\u23f1 Duraci\u00f3n: 1 a 3 horas<br>\ud83d\udc65 Tama\u00f1o del grupo: 10\u201325 personas<br>\ud83c\udfa7 Idiomas: ingl\u00e9s, alem\u00e1n, franc\u00e9s, italiano, espa\u00f1ol, portugu\u00e9s, japon\u00e9s, coreano, chino<\/p>\n\n\n\n<hr class=\"wp-block-separator has-alpha-channel-opacity\"\/>\n\n\n\n<p class=\"ms-link-unstyled\"><a href=\"https:\/\/www.tiqets.com\/es\/rome-attractions-c71631\/tickets-for-colosseum-arena-roman-forum-guided-tour-p1111476\/?partner=thecolosseum\" rel=\"nofollow noopener\"><strong>\ud83d\udd39 Tour con acceso a la Arena<\/strong><\/a><\/p>\n\n\n\n<p><strong>\u00bfTe gustar\u00eda pisar el lugar donde luchaban los gladiadores?<br><\/strong>Este tour incluye todo lo del recorrido est\u00e1ndar \u2014 m\u00e1s acceso exclusivo a la arena, entrando por la Puerta de los Gladiadores.<\/p>\n\n\n\n<p>\u23f1 Duraci\u00f3n: 1 a 3 horas<br>\ud83d\udc65 Tama\u00f1o del grupo: 6\u201325 personas<br>\ud83c\udfa7 Idiomas: ingl\u00e9s, alem\u00e1n, franc\u00e9s, italiano, espa\u00f1ol, portugu\u00e9s<\/p>\n\n\n\n<hr class=\"wp-block-separator has-alpha-channel-opacity\"\/>\n\n\n\n<p class=\"ms-link-unstyled\"><a href=\"https:\/\/www.tiqets.com\/es\/rome-attractions-c71631\/tickets-for-colosseum-arena-underground-roman-forum-guided-tour-p1111546\/?partner=thecolosseum\" rel=\"nofollow noopener\"><strong>\ud83d\udd39 Tour con acceso a la Arena y Subterr\u00e1neos<\/strong><\/a><\/p>\n\n\n\n<p><strong>La experiencia m\u00e1s completa del Coliseo.<br><\/strong>Adem\u00e1s del acceso a la arena, bajar\u00e1s a los subterr\u00e1neos, donde los animales y gladiadores esperaban antes de salir al combate. Estas zonas solo se pueden visitar con tours especiales.<\/p>\n\n\n\n<p>\u23f1 Duraci\u00f3n: aproximadamente 3 horas<br>\ud83d\udc65 Tama\u00f1o del grupo: hasta 24 personas<br>\ud83c\udfa7 Idiomas: ingl\u00e9s, espa\u00f1ol<\/p>\n\n\n\n<hr class=\"wp-block-separator has-alpha-channel-opacity\"\/>\n\n\n\n<p><strong>\u2728 \u00bfQuieres visitar el Vaticano y el Coliseo en un solo d\u00eda?<\/strong><\/p>\n\n\n\n<p>Este ticket combinado te da acceso a los Museos Vaticanos y una segunda atracci\u00f3n importante como el Coliseo \u2014 todo en una sola reserva.<\/p>\n\n\n\n<p class=\"ms-link-unstyled\"><strong><a href=\"https:\/\/www.tiqets.com\/es\/rome-attractions-c71631\/tickets-for-vatican-museums-sistine-chapel-combo-tickets-p1111413\/?partner=thecolosseum\" rel=\"nofollow noopener\">\ud83d\udd39 Tour combinado: Vaticano + Coliseo<\/a><\/strong><\/p>\n\n\n\n<p>\u23f1 Duraci\u00f3n: 4\u201310 horas<br>\ud83c\udfdb Elige tu segunda atracci\u00f3n al finalizar la compra: Coliseo, Pante\u00f3n, autob\u00fas tur\u00edstico hop-on hop-off o Prisi\u00f3n Mamertina<br>\u2705 Incluye entrada sin colas a los Museos Vaticanos y la Capilla Sixtina<\/p>\n\n\n\n<hr class=\"wp-block-separator has-alpha-channel-opacity\"\/>\n\n\n\n<div class=\"ms-cta-button-options ms-mb-block ms-cta\">\n<a class=\"gb-text ms-btn ms-btn--primary ms-shadow\" rel=\"nofollow noopener\" target=\"_blank\" href=\"https:\/\/www.tiqets.com\/es\/entradas-coliseo-de-roma-l145769\/?partner=thecolosseum&#038;offering_type=guided_tour\">Todas las opciones de tour<\/a>\n\n\n\n<a class=\"gb-text ms-btn ms-btn--outline-primary ms-shadow\" target=\"_blank\" rel=\"noopener nofollow\" href=\"https:\/\/www.tiqets.com\/es\/colosseum-l145769\/?partner=thecolosseum\">Entradas al Coliseo<\/a>\n<\/div>\n<\/div>\n\n\n\n<h3 class=\"wp-block-heading\">Tour del Coliseo, Foro Romano y Monte Palatino<\/h3>\n\n\n\n<p>Explora el Coliseo, el Foro Romano y el Monte Palatino con un gu\u00eda experto y aprende sobre las <a href=\"https:\/\/www.thecolosseum.org\/es\/gladiadores\/\">batallas de gladiadores<\/a>, las intrigas de los palacios romanos y la historia de la capital del imperio m\u00e1s grande de Europa. Aqu\u00ed tienes un desglose de las opciones de tours:<\/p>\n\n\n\n<ul class=\"wp-block-list\">\n<li><strong>Visita guiada semi-privada<\/strong>: \u00bfNo te gustan los grupos grandes? Esta opci\u00f3n semi-privada te permite explorar el Coliseo de manera m\u00e1s c\u00f3moda y disfrutar de una experiencia m\u00e1s personal e interactiva con tu gu\u00eda. Disponibles con gu\u00edas en directo en ingl\u00e9s, franc\u00e9s, italiano, portugu\u00e9s y espa\u00f1ol, estas visitas duran entre 1,5 y 3 horas.<\/li>\n\n\n\n<li><strong>Visita guiada est\u00e1ndar<\/strong>: Elige entre boletos para grupos de hasta 30 personas. Estas visitas est\u00e1n disponibles en 9 idiomas y duran entre 1,5 y 3 horas. Los boletos se agotan r\u00e1pido, \u00a1verifica disponibilidad <a href=\"https:\/\/www.tiqets.com\/es\/rome-attractions-c71631\/tickets-for-colosseum-roman-forum-and-palatine-hill-guided-tour-p1106568\/?partner=thecolosseum\" target=\"_blank\" rel=\"noreferrer noopener nofollow\">aqu\u00ed<\/a>!<\/li>\n\n\n\n<li><strong>Visita guiada en peque\u00f1os grupos<\/strong>: \u00bfQuieres una experiencia m\u00e1s personal? \u00danete a un grupo peque\u00f1o de 6 a 25 personas, con tours que duran entre 1 a 3 horas. Esta opci\u00f3n est\u00e1 disponible en ingl\u00e9s, alem\u00e1n, franc\u00e9s, italiano, portugu\u00e9s y espa\u00f1ol.<\/li>\n<\/ul>\n\n\n\n<figure class=\"gb-block-image gb-block-image-d1105088\"><img decoding=\"async\" width=\"2000\" height=\"1300\" class=\"gb-image gb-image-d1105088\" src=\"https:\/\/www.thecolosseum.org\/es\/wp-content\/uploads\/sites\/5\/roman-forum-optimized.jpg\" alt=\"El Foro Romano visto desde lo alto del Monte Palatino, ambos est\u00e1n cerca del Coliseo\"\/>\n<p class=\"gb-headline gb-headline-6363230e gb-headline-text\">Vista del Foro Romano desde la Colina Palatina. Ambas \u00e1reas se pueden alcanzar f\u00e1cilmente a pie desde el Coliseo.<\/p>\n<\/figure>\n\n\n\n<h3 class=\"wp-block-heading\"><strong>Coliseo, Arena, Foro Romano y Colina Palatina: Visita Guiada<\/strong><\/h3>\n\n\n\n<p>\u00bfBuscas profundizar m\u00e1s en la historia de la antigua Roma? Este tour de 3 horas lo cubre todo. Comienza en el Foro Romano, donde bulliciosos mercados, templos y eventos pol\u00edticos una vez dieron forma al imperio. Desde all\u00ed, pasea por la Colina Palatina, el legendario lugar de nacimiento de Roma, y admira las impresionantes vistas del Foro y del Circo M\u00e1ximo. El punto culminante es pisar el <a href=\"https:\/\/www.thecolosseum.org\/es\/arquitectura\/\">suelo de la arena del Coliseo<\/a>, donde una vez lucharon los gladiadores.<\/p>\n\n\n\n<p>Este tour est\u00e1 disponible en ingl\u00e9s, franc\u00e9s, alem\u00e1n, italiano y espa\u00f1ol. Compra tu entrada <a href=\"https:\/\/www.tiqets.com\/es\/rome-attractions-c71631\/tickets-for-tour-of-the-colosseum-with-arena-floor-forum-and-palatine-hill-p1074938\/?partner=thecolosseum\" target=\"_blank\" rel=\"noreferrer noopener nofollow\">aqu\u00ed<\/a> para evitar las filas con entrada reservada.<\/p>\n\n\n\n<h3 class=\"wp-block-heading\"><strong>Coliseo, Subterr\u00e1neos y Suelo de la Arena: Visita Guiada<\/strong><\/h3>\n\n\n\n<p>Este tour es para grupos m\u00e1s peque\u00f1os (hasta 24 personas) y te lleva a \u00e1reas del Coliseo rara vez exploradas por el p\u00fablico. Entrar\u00e1s en los <a href=\"https:\/\/www.thecolosseum.org\/es\/arquitectura\/\">t\u00faneles subterr\u00e1neos<\/a>, donde los gladiadores y los leones esperaban antes de salir a la arena. Es una fascinante mirada detr\u00e1s de escena sobre c\u00f3mo se organizaban los juegos. El tour se ofrece en ingl\u00e9s y dura alrededor de 3 horas.<\/p>\n\n\n\n<p>Las visitas subterr\u00e1neas al Coliseo se agotan r\u00e1pidamente durante la temporada alta. Asegura tu entrada <a href=\"https:\/\/www.tiqets.com\/es\/rome-attractions-c71631\/admission-for-colosseum-underground-with-vip-arena-access-p1016054\/?partner=thecolosseum\" rel=\"noopener\">aq<\/a><a href=\"https:\/\/www.tiqets.com\/es\/rome-attractions-c71631\/admission-for-colosseum-underground-with-vip-arena-access-p1016054\/?partner=thecolosseum\" target=\"_blank\" rel=\"noreferrer noopener nofollow\">u<\/a><a href=\"https:\/\/www.tiqets.com\/es\/rome-attractions-c71631\/admission-for-colosseum-underground-with-vip-arena-access-p1016054\/?partner=thecolosseum\" rel=\"noopener\">\u00ed<\/a>.<\/p>\n\n\n\n<figure class=\"gb-block-image gb-block-image-6974114d\"><img decoding=\"async\" width=\"1334\" height=\"2000\" class=\"gb-image gb-image-6974114d\" src=\"https:\/\/www.thecolosseum.org\/es\/wp-content\/uploads\/sites\/5\/colosseum-undeground-optimized.jpg\" alt=\"Un pasaje subterr\u00e1neo en el Coliseo\"\/>\n<p class=\"gb-headline gb-headline-2cd54d53 gb-headline-text\">Hace dos mil a\u00f1os, los gladiadores caminaban por este t\u00fanel hacia la arena para luchar hasta la muerte.<\/p>\n<\/figure>\n\n\n\n<h2 class=\"wp-block-heading\"><strong>Preguntas frecuentes sobre las visitas guiadas al Coliseo:<\/strong><\/h2>\n\n\n\n<h3 class=\"wp-block-heading\"><strong>\u00bfVale la pena hacer un tour por el Coliseo?<\/strong><\/h3>\n\n\n\n<p>Visitar el Coliseo por tu cuenta es una experiencia agradable, pero si quieres aprovechar al m\u00e1ximo y aprender m\u00e1s sobre la historia del Coliseo (\u00a1y el Foro Romano y la Colina Palatina!), una visita guiada es la mejor opci\u00f3n. Un gu\u00eda experto puede darte informaci\u00f3n valiosa sobre el edificio y sus alrededores que no obtendr\u00edas por tu cuenta.<\/p>\n\n\n\n<h3 class=\"wp-block-heading\"><strong>\u00bfEn qu\u00e9 idiomas se ofrecen los tours?<\/strong><\/h3>\n\n\n\n<p>La mayor\u00eda de los tours se realizan en ingl\u00e9s, aunque algunos tambi\u00e9n se ofrecen en otros idiomas como alem\u00e1n, franc\u00e9s, italiano, portugu\u00e9s y espa\u00f1ol.<\/p>\n\n\n\n<h3 class=\"wp-block-heading\"><strong>\u00bfSon los tours del Coliseo adecuados para ni\u00f1os?<\/strong><\/h3>\n\n\n\n<p>Algunos tours est\u00e1n especialmente dise\u00f1ados para ni\u00f1os, mientras que otros son para el p\u00fablico en general. De cualquier forma, el Coliseo es tan impresionante que no ser\u00e1 dif\u00edcil mantener a los ni\u00f1os entretenidos mientras lo exploras. Ten en cuenta que la mayor\u00eda de los tours son continuos, por lo que tus hijos podr\u00edan cansarse en los m\u00e1s largos.<\/p>\n\n\n\n<h3 class=\"wp-block-heading\"><strong>\u00bfPuedo saltarme las filas con un tour guiado?<\/strong><\/h3>\n\n\n\n<p>S\u00ed, puedes. Al igual que todos los visitantes, los grupos de tours deben pasar por seguridad, pero evitar\u00e1s todas las dem\u00e1s colas. Para m\u00e1s informaci\u00f3n sobre c\u00f3mo visitar el Coliseo, consulta nuestra p\u00e1gina de <a href=\"https:\/\/www.thecolosseum.org\/es\/visitar\/\">Visita<\/a>.<\/p>\n\n\n\n<h3 class=\"wp-block-heading\"><strong>\u00bfCu\u00e1nto duran las visitas guiadas al Coliseo?<\/strong><\/h3>\n\n\n\n<p>La mayor\u00eda duran entre una hora y media y tres horas, dependiendo de los sitios que vayas a visitar en el tour, ya sea solo el Coliseo o tambi\u00e9n la cercana Colina Palatina y el Foro Romano.<\/p>\n\n\n\n<h3 class=\"wp-block-heading\"><strong>\u00bfNecesito reservar mi tour con antelaci\u00f3n?<\/strong><\/h3>\n\n\n\n<p>No es absolutamente necesario que reserves con antelaci\u00f3n, pero si planeas improvisar al llegar a Roma, es posible que los grupos de tours en tus fechas y horarios preferidos ya est\u00e9n llenos. Reservar tu tour con antelaci\u00f3n te da m\u00e1s opciones al elegir la fecha y la hora, por lo que no hay raz\u00f3n para no hacerlo.<\/p>\n\n\n\n<h3 class=\"wp-block-heading\"><strong>\u00bfHay algo que deba llevar para mi tour?<\/strong><\/h3>\n\n\n\n<p>Prueba de tu reserva (en tu tel\u00e9fono es suficiente) y ropa y calzado c\u00f3modo para caminar. Si visitas Roma en verano, tambi\u00e9n deber\u00edas llevar agua y protector solar, ya que el sol del Mediterr\u00e1neo puede ser bastante intenso.<\/p>\n","protected":false},"excerpt":{"rendered":"","protected":false},"author":1,"featured_media":0,"parent":0,"menu_order":11,"comment_status":"closed","ping_status":"closed","template":"","meta":{"_acf_changed":false,"footnotes":"","rank_math_title":"Visita Guiada al Coliseo Romano (Gu\u00eda Disponible en Espa\u00f1ol)","rank_math_description":"","button_url":"https:\/\/www.tiqets.com\/es\/colosseum-l145769\/?partner=thecolosseum","ms_product_id":"","ms_product_name":"","ms_price":"","ms_currency":"","ms_rating_value":"","ms_review_count":""},"post-style":[],"producer":[],"class_list":["post-25","page","type-page","status-publish","has-post-thumbnail"],"acf":[],"button_url":"https:\/\/www.tiqets.com\/es\/colosseum-l145769\/?partner=thecolosseum","product_schema":{"ms_product_id":"","ms_product_name":"","ms_price":"","ms_currency":"","ms_rating_value":"","ms_review_count":""},"_links":{"self":[{"href":"https:\/\/www.thecolosseum.org\/es\/wp-json\/wp\/v2\/pages\/25","targetHints":{"allow":["GET"]}}],"collection":[{"href":"https:\/\/www.thecolosseum.org\/es\/wp-json\/wp\/v2\/pages"}],"about":[{"href":"https:\/\/www.thecolosseum.org\/es\/wp-json\/wp\/v2\/types\/page"}],"author":[{"embeddable":true,"href":"https:\/\/www.thecolosseum.org\/es\/wp-json\/wp\/v2\/users\/1"}],"replies":[{"embeddable":true,"href":"https:\/\/www.thecolosseum.org\/es\/wp-json\/wp\/v2\/comments?post=25"}],"version-history":[{"count":3,"href":"https:\/\/www.thecolosseum.org\/es\/wp-json\/wp\/v2\/pages\/25\/revisions"}],"predecessor-version":[{"id":1023,"href":"https:\/\/www.thecolosseum.org\/es\/wp-json\/wp\/v2\/pages\/25\/revisions\/1023"}],"wp:attachment":[{"href":"https:\/\/www.thecolosseum.org\/es\/wp-json\/wp\/v2\/media?parent=25"}],"wp:term":[{"taxonomy":"post-style","embeddable":true,"href":"https:\/\/www.thecolosseum.org\/es\/wp-json\/wp\/v2\/post-style?post=25"},{"taxonomy":"producer","embeddable":true,"href":"https:\/\/www.thecolosseum.org\/es\/wp-json\/wp\/v2\/producer?post=25"}],"curies":[{"name":"wp","href":"https:\/\/api.w.org\/{rel}","templated":true}]}}