{"id":20,"date":"2017-09-07T14:15:04","date_gmt":"2017-09-07T12:15:04","guid":{"rendered":"https:\/\/www.thecolosseum.org\/es\/?page_id=20"},"modified":"2025-01-06T11:21:26","modified_gmt":"2025-01-06T10:21:26","slug":"visitar","status":"publish","type":"page","link":"https:\/\/www.thecolosseum.org\/es\/visitar\/","title":{"rendered":"Visitar el Coliseo de Roma"},"content":{"rendered":"\n<p class=\"has-medium-font-size\">El Coliseo Romano es una de las Nuevas Siete Maravillas del Mundo y una visita obligada si est\u00e1s visitando la capital de Italia, la Ciudad Eterna.<\/p>\n\n\n\n<p>A continuaci\u00f3n encontrar\u00e1s informaci\u00f3n \u00fatil para planificar tu visita, como los horarios de apertura, el transporte al Coliseo, informaci\u00f3n sobre seguridad y accesibilidad, y m\u00e1s.<\/p>\n\n\n\n\n\n<figure class=\"gb-block-image gb-block-image-2c331845\"><img decoding=\"async\" width=\"1024\" height=\"576\" class=\"gb-image gb-image-2c331845\" src=\"https:\/\/www.thecolosseum.org\/es\/wp-content\/uploads\/sites\/5\/colosseum-inside-optimized-1024x576.jpg\" alt=\"El Coliseo visto desde el interior, con el subterr\u00e1neo abierto a la vista\" srcset=\"https:\/\/www.thecolosseum.org\/es\/wp-content\/uploads\/sites\/5\/colosseum-inside-optimized-1024x576.jpg 1024w, https:\/\/www.thecolosseum.org\/es\/wp-content\/uploads\/sites\/5\/colosseum-inside-optimized-768x432.jpg 768w, https:\/\/www.thecolosseum.org\/es\/wp-content\/uploads\/sites\/5\/colosseum-inside-optimized-1280x720.jpg 1280w, https:\/\/www.thecolosseum.org\/es\/wp-content\/uploads\/sites\/5\/colosseum-inside-optimized-1600x900.jpg 1600w\" sizes=\"(max-width: 1024px) 100vw, 1024px\" \/>\n<p class=\"gb-headline gb-headline-0e5ef599 gb-headline-text\">El Coliseo y la zona subterr\u00e1nea, el Hipogeo.<\/p>\n<\/figure>\n\n\n\n<h2 class=\"wp-block-heading\"><strong>\u00bfD\u00f3nde est\u00e1 ubicado el Coliseo?<\/strong><\/h2>\n\n\n\n<p>La direcci\u00f3n del Coliseo es <strong>Piazza del Colosseo, 1, en Roma, Italia<\/strong>.<\/p>\n\n\n\n<p>Para quienes viajan en coche, las coordenadas GPS del Coliseo son 41.8902\u00b0 N, 12.4922\u00b0 E.<\/p>\n\n\n\n<p>Si est\u00e1s en Roma y necesitas indicaciones para llegar al Coliseo, utiliza el siguiente mapa de Google para encontrar la mejor ruta desde tu ubicaci\u00f3n actual.<\/p>\n\n\n\n<address class=\"ms-mapblock ms-mb-block\">\n\t\n\t\t<h4>\n\t\t\tEl Coliseo\t\t<\/h2>\n\n\t\t<p class=\"ms-mb-0\">\n            <img decoding=\"async\" class=\"ms-mapblock__map ms-rounded\" src=\"https:\/\/www.thecolosseum.org\/es\/wp-content\/uploads\/sites\/5\/maps\/staticmap_41.8902102_12.4922309_14_768x432.png\" alt=\"El Coliseo\" \/>\n\t\t<\/p>\n\n\t\t<p class=\"ms-text-sm ms-text-muted\">\n\t\t\tPiazza del Colosseo, 1, 00184 Roma RM, Italy \u00b7\n\t\t\t<a rel=\"nofollow noopener\" target=\"_blank\" href=\"https:\/\/maps.google.com\/?q=41.8902102,12.4922309\">Google Maps<\/a>\n\t\t<\/p>\n\n\t<\/address>\n\n\n<p>Importante: Aseg\u00farate de verificar los <a href=\"https:\/\/www.thecolosseum.org\/es\/horarios-de-apertura\/\">horarios de apertura<\/a><span style=\"font-size: inherit;background-color: var(--ms-color-white);color: var(--ms-color-neutral-darkest)\"> antes de tu visita, ya que var\u00edan seg\u00fan la \u00e9poca del a\u00f1o.<\/span><\/p>\n\n\n\n<h3 class=\"wp-block-heading\"><strong>\u00bfC\u00f3mo llegar al Coliseo?<\/strong><\/h3>\n\n\n\n<p>El Coliseo est\u00e1 bien conectado gracias a la extensa red de transporte p\u00fablico de Roma. Se puede llegar en metro, varias l\u00edneas de autob\u00fas y tranv\u00eda. A continuaci\u00f3n, se ofrece una lista de todas las opciones de transporte p\u00fablico para llegar al Coliseo desde pr\u00e1cticamente cualquier lugar de Roma:<\/p>\n\n\n\n<ul class=\"wp-block-list\">\n<li>L\u00ednea de metro B, bajarse en la parada del Coliseo.<\/li>\n\n\n\n<li>L\u00edneas de autob\u00fas 51, 75, 81, 85, 87 y 118.<\/li>\n\n\n\n<li>L\u00ednea de tranv\u00eda 3.<\/li>\n<\/ul>\n\n\n\n<p>Si no deseas usar transporte p\u00fablico, tambi\u00e9n puedes tomar un taxi; solo aseg\u00farate de que sea un taxi oficial y con licencia.<\/p>\n\n\n\n<p>Podr\u00e1s reconocerlos porque tienen el letrero de \u201cTAXI\u201d en el techo del veh\u00edculo, son completamente blancos y llevan el logotipo de la <em>Comune di Roma<\/em> en el costado.<\/p>\n\n\n\n<p><strong>Aseg\u00farate tambi\u00e9n de que tu taxi tenga un contador y de que el conductor lo encienda cuando te subas, de lo contrario podr\u00edas acabar pagando mucho m\u00e1s de lo que deber\u00edas.<\/strong><\/p>\n\n\n\n<h2 class=\"wp-block-heading\"><strong>Lugares para ver cerca del Coliseo<\/strong><\/h2>\n\n\n\n<p>El Coliseo est\u00e1 rodeado por otros monumentos bellos y famosos que <a href=\"https:\/\/www.thecolosseum.org\/es\/visita-guiada-coliseo-roma\/\">vale la pena visitar<\/a>. Los m\u00e1s importantes son:<\/p>\n\n\n\n<ul class=\"wp-block-list\">\n<li><strong>El Arco de Constantino<\/strong>: Situado justo al lado del Coliseo, este arco triunfal celebra la victoria de Constantino en la Batalla del Puente Milvio. Es una vista imperdible, y lo mejor de todo: \u00a1Puedes acceder a \u00e9l sin necesidad de entrada!<\/li>\n\n\n\n<li><strong>Prisi\u00f3n Mamertina:<\/strong> Una joya escondida de la antigua Roma, esta prisi\u00f3n subterr\u00e1nea es donde se dice que San Pedro y San Pablo fueron encarcelados antes de su martirio. Es un sitio hist\u00f3rico poderoso con profundos lazos con el cristianismo temprano. Reserva tu entrada <a href=\"https:\/\/www.tiqets.com\/es\/rome-attractions-c71631\/admission-to-mamertine-prison-colosseum-roman-forum-palatine-hill-p974875\/?partner=thecolosseum\" target=\"_blank\" rel=\"noreferrer noopener nofollow\">aqu\u00ed<\/a> para acceder a la Prisi\u00f3n Mamertina y otros sitios ic\u00f3nicos de Roma.<\/li>\n\n\n\n<li><strong>El Circo Romano <em>(Circus Maximus)<\/em><\/strong>: Imagina los carros retumbando alrededor de esta enorme arena, con las multitudes animando a rabiar. Es ahora un parque tranquilo, pero desde all\u00ed puedes casi escuchar los ecos de esas carreras antiguas. En su apogeo, pod\u00eda albergar hasta 150,000 espectadores. Para una mejor perspectiva, observa desde la Colina Palatina.<\/li>\n\n\n\n<li><strong>La Colina Palatina<\/strong>: Conocida como el lugar de nacimiento de Roma, la Colina Palatina alberga los restos de muchos palacios y templos antiguos. Ofrece impresionantes vistas panor\u00e1micas del Foro Romano y el Circo M\u00e1ximo. La entrada est\u00e1 incluida con los boletos del Coliseo.<\/li>\n\n\n\n<li><strong>El Foro Romano (<em>Foro Romano)<\/em><\/strong>: Este era el coraz\u00f3n palpitante de la antigua Roma, donde todo suced\u00eda: pol\u00edtica, religi\u00f3n, comercio. Pasea por las ruinas e imagina c\u00f3mo era la vida hace 2,000 a\u00f1os. Puedes visitarlo con el mismo boleto que el Coliseo.<\/li>\n<\/ul>\n\n\n\n<h2 class=\"wp-block-heading\"><strong>Consejos y cosas que debes saber para tu visita<\/strong><\/h2>\n\n\n\n<p>A continuaci\u00f3n, algunos consejos y otra informaci\u00f3n importante que debes tener en cuenta al visitar el Coliseo.<\/p>\n\n\n\n<h3 class=\"wp-block-heading\"><strong>Seguridad<\/strong><\/h3>\n\n\n\n<p>Como en todas las grandes atracciones tur\u00edsticas, la seguridad en el Coliseo es bastante estricta para mantener a los visitantes seguros. No se permite a los visitantes entrar al monumento con grandes bolsas, maletas o mochilas.<\/p>\n\n\n\n<p>Si llevas una mochila de viaje o equipaje, se te negar\u00e1 la entrada. Se permiten bolsas de tama\u00f1o peque\u00f1o y mediano, pero ser\u00e1n revisadas por seguridad y deben pasar por un detector de metales.<\/p>\n\n\n\n<figure class=\"gb-block-image gb-block-image-dfaf7d1f\"><img decoding=\"async\" width=\"1024\" height=\"576\" class=\"gb-image gb-image-dfaf7d1f\" src=\"https:\/\/www.thecolosseum.org\/es\/wp-content\/uploads\/sites\/5\/colosseum-security-optimized-1024x576.jpg\" alt=\"La polic\u00eda militar italiana, los Carabinieri, patrullando a caballo cerca del Coliseo\" srcset=\"https:\/\/www.thecolosseum.org\/es\/wp-content\/uploads\/sites\/5\/colosseum-security-optimized-1024x576.jpg 1024w, https:\/\/www.thecolosseum.org\/es\/wp-content\/uploads\/sites\/5\/colosseum-security-optimized-768x432.jpg 768w, https:\/\/www.thecolosseum.org\/es\/wp-content\/uploads\/sites\/5\/colosseum-security-optimized-1280x720.jpg 1280w, https:\/\/www.thecolosseum.org\/es\/wp-content\/uploads\/sites\/5\/colosseum-security-optimized-1600x900.jpg 1600w\" sizes=\"(max-width: 1024px) 100vw, 1024px\" \/>\n<p class=\"gb-headline gb-headline-0597cce6 gb-headline-text\">La fuerza policial militar de Italia, los Carabinieri<\/p>\n<\/figure>\n\n\n\n<h3 class=\"wp-block-heading\"><strong>Saltarse la fila<\/strong><\/h3>\n\n\n\n<p>A nadie le gusta esperar en largas filas, especialmente bajo el sol romano. Si reservas tus entradas con antelaci\u00f3n, puedes <a href=\"https:\/\/www.thecolosseum.org\/es\/entradas\/\">saltarte la fila<\/a>, pero a\u00fan necesitar\u00e1s pasar por seguridad. Dependiendo de la \u00e9poca del a\u00f1o, esto puede tomar entre 10 minutos y una hora.<\/p>\n\n\n\n<p>Para aprovechar al m\u00e1ximo tu visita, trata de llegar temprano, alrededor de las 8:30 AM cuando el Coliseo abre, o justo antes de la hora de cierre. \u00bfNo eres una persona madrugadora? Considera unirte a una visita guiada que a menudo incluye acceso prioritario. Puedes encontrar m\u00e1s informaci\u00f3n en nuestra p\u00e1gina de <a href=\"https:\/\/www.thecolosseum.org\/es\/visita-guiada-coliseo-roma\/\">Visita Guiada al Coliseo Romano<\/a>.<\/p>\n\n\n\n<h3 class=\"wp-block-heading\"><strong>\u00bfEs el Coliseo accesible para personas con discapacidades?<\/strong><\/h3>\n\n\n\n<p>S\u00ed, el Coliseo es accesible para personas con discapacidades. Su entrada principal no tiene escaleras, el interior es en su mayor\u00eda plano, salvo algunas \u00e1reas debido al empedrado antiguo, y hay un ascensor que lleva a los visitantes al piso superior.<\/p>\n\n\n\n<h3 class=\"wp-block-heading\"><strong>Aparcamiento cerca del Coliseo<\/strong><\/h3>\n\n\n\n<p>\u00bfPensando en conducir hasta el Coliseo? Aqu\u00ed est\u00e1 el mejor consejo: <strong>no lo hagas<\/strong>. Navegar y encontrar aparcamiento en el centro de Roma es un verdadero desaf\u00edo, especialmente si no est\u00e1s familiarizado con la zona.<\/p>\n\n\n\n<p>Te ahorrar\u00e1s mucho tiempo, dinero y estr\u00e9s usando el transporte p\u00fablico. S\u00ed, los carteristas pueden ser un problema, pero mientras est\u00e9s atento y cuides tus pertenencias, estar\u00e1s bien.<\/p>\n\n\n\n<h3 class=\"wp-block-heading\"><strong>\u00bfEl Coliseo tiene c\u00f3digo de vestimenta?<\/strong><\/h3>\n\n\n\n<p>El Coliseo no tiene un c\u00f3digo de vestimenta. Pero, ten en cuenta que caminar\u00e1s mucho y subir\u00e1s escaleras, por lo que la comodidad es clave. Piensa en zapatillas o sandalias c\u00f3modas, y ropa transpirable como shorts, leggins o sudaderas con capucha.<\/p>\n\n\n\n<p>Roma puede ser bastante soleada, especialmente si exploras los alrededores del Coliseo, as\u00ed que no olvides llevar protector solar.<\/p>\n\n\n\n<h3 class=\"wp-block-heading\"><strong>\u00bfEs el Coliseo apto para ni\u00f1os?<\/strong><\/h3>\n\n\n\n<p>S\u00ed, el Coliseo puede ser una gran experiencia para los ni\u00f1os, pero se requiere un poco de planificaci\u00f3n. Si visitas durante el verano, trata de ir temprano por la ma\u00f1ana para evitar el calor. Reserva un <a href=\"https:\/\/www.thecolosseum.org\/es\/visita-guiada-coliseo-roma\/\">tour guiado<\/a> si es posible, ya que ayuda a saltarse las largas filas y mantiene la visita organizada, lo cual es especialmente \u00fatil con los m\u00e1s peque\u00f1os.<\/p>\n\n\n\n<p>Adem\u00e1s, depende de tu hijo. Si les interesan las historias de ruinas antiguas y los valientes gladiadores romanos, probablemente les encantar\u00e1. El Coliseo es donde la historia cobra vida, convirti\u00e9ndolo en una experiencia educativa y divertida para los ni\u00f1os curiosos.<\/p>\n\n\n\n<h3 class=\"wp-block-heading\"><strong>\u00bfCu\u00e1l es la mejor manera de ver el Coliseo?<\/strong><\/h3>\n\n\n\n<p>La mejor hora para visitar el Coliseo es temprano por la ma\u00f1ana, antes de que se formen grandes multitudes, y los mejores d\u00edas son entre semana, ya que generalmente estar\u00e1 menos concurrido que los fines de semana. Sin embargo, si est\u00e1s dispuesto a gastar un poco m\u00e1s, una <a href=\"https:\/\/www.thecolosseum.org\/es\/visita-guiada-coliseo-roma\/\">visita nocturna<\/a> probablemente sea la forma m\u00e1s interesante de verlo. Ten en cuenta que la visita nocturna no incluye un boleto combinado para el Foro Romano y la Colina Palatina como lo har\u00eda un boleto normal del Coliseo, por lo que si tambi\u00e9n deseas ver esos monumentos, tendr\u00e1s que visitarlos por separado.<\/p>\n","protected":false},"excerpt":{"rendered":"","protected":false},"author":1,"featured_media":0,"parent":0,"menu_order":9,"comment_status":"closed","ping_status":"closed","template":"","meta":{"_acf_changed":false,"footnotes":"","button_url":"https:\/\/www.tiqets.com\/es\/colosseum-l145769\/?partner=thecolosseum","ms_product_id":"","ms_product_name":"","ms_price":"","ms_currency":"","ms_rating_value":"","ms_review_count":"","rank_math_title":"C\u00f3mo Visitar el Coliseo de Roma - Entradas, Ubicaci\u00f3n y Consejos %currentyear%","rank_math_description":""},"post-style":[],"producer":[],"class_list":["post-20","page","type-page","status-publish","has-post-thumbnail"],"acf":[],"product_schema":{"ms_product_id":"","ms_product_name":"","ms_price":"","ms_currency":"","ms_rating_value":"","ms_review_count":""},"_links":{"self":[{"href":"https:\/\/www.thecolosseum.org\/es\/wp-json\/wp\/v2\/pages\/20","targetHints":{"allow":["GET"]}}],"collection":[{"href":"https:\/\/www.thecolosseum.org\/es\/wp-json\/wp\/v2\/pages"}],"about":[{"href":"https:\/\/www.thecolosseum.org\/es\/wp-json\/wp\/v2\/types\/page"}],"author":[{"embeddable":true,"href":"https:\/\/www.thecolosseum.org\/es\/wp-json\/wp\/v2\/users\/1"}],"replies":[{"embeddable":true,"href":"https:\/\/www.thecolosseum.org\/es\/wp-json\/wp\/v2\/comments?post=20"}],"version-history":[{"count":3,"href":"https:\/\/www.thecolosseum.org\/es\/wp-json\/wp\/v2\/pages\/20\/revisions"}],"predecessor-version":[{"id":863,"href":"https:\/\/www.thecolosseum.org\/es\/wp-json\/wp\/v2\/pages\/20\/revisions\/863"}],"wp:attachment":[{"href":"https:\/\/www.thecolosseum.org\/es\/wp-json\/wp\/v2\/media?parent=20"}],"wp:term":[{"taxonomy":"post-style","embeddable":true,"href":"https:\/\/www.thecolosseum.org\/es\/wp-json\/wp\/v2\/post-style?post=20"},{"taxonomy":"producer","embeddable":true,"href":"https:\/\/www.thecolosseum.org\/es\/wp-json\/wp\/v2\/producer?post=20"}],"curies":[{"name":"wp","href":"https:\/\/api.w.org\/{rel}","templated":true}]}}