{"id":17,"date":"2017-09-07T13:54:37","date_gmt":"2017-09-07T11:54:37","guid":{"rendered":"https:\/\/www.thecolosseum.org\/es\/?page_id=17"},"modified":"2025-01-06T11:21:30","modified_gmt":"2025-01-06T10:21:30","slug":"datos","status":"publish","type":"page","link":"https:\/\/www.thecolosseum.org\/es\/datos\/","title":{"rendered":"24 Datos sobre el Coliseo"},"content":{"rendered":"\n<p>Con casi dos mil a\u00f1os de historia, hay mucho que saber sobre el Coliseo Romano. La arena fue testigo de sangrientas batallas de gladiadores, cacer\u00edas \u00e9picas entre humanos y animales salvajes, y crueles ejecuciones de prisioneros de guerra y criminales. Si planeas visitarlo pronto y deseas impresionar a tus amigos y familiares, aqu\u00ed encontrar\u00e1s muchos datos interesantes sobre el Coliseo Romano.<\/p>\n\n\n<figure>\n                    <div class=\"ms-credits\"><img decoding=\"async\" width=\"1024\" height=\"576\" class=\"gb-image gb-image-3c5abe2c ms-mb-block\" src=\"https:\/\/www.thecolosseum.org\/es\/wp-content\/uploads\/sites\/5\/Colosseum-optimized-1-1024x576.jpg\" alt=\"El Coliseo de d\u00eda, con turistas reunidos para visitarlo\" srcset=\"https:\/\/www.thecolosseum.org\/es\/wp-content\/uploads\/sites\/5\/Colosseum-optimized-1-1024x576.jpg 1024w, https:\/\/www.thecolosseum.org\/es\/wp-content\/uploads\/sites\/5\/Colosseum-optimized-1-768x432.jpg 768w, https:\/\/www.thecolosseum.org\/es\/wp-content\/uploads\/sites\/5\/Colosseum-optimized-1-1280x720.jpg 1280w, https:\/\/www.thecolosseum.org\/es\/wp-content\/uploads\/sites\/5\/Colosseum-optimized-1-1600x900.jpg 1600w\" sizes=\"(max-width: 1024px) 100vw, 1024px\"><span class='ms-credits__info' id='media18'><svg xmlns=\"http:\/\/www.w3.org\/2000\/svg\" width=\"20\" height=\"22\" fill=\"#000000\" viewBox=\"0 0 256 256\"><path d=\"M128,24A104,104,0,1,0,232,128,104.11,104.11,0,0,0,128,24Zm0,192a88,88,0,1,1,88-88A88.1,88.1,0,0,1,128,216ZM96,128a32,32,0,0,0,57.6,19.2,8,8,0,0,1,12.8,9.61,48,48,0,1,1,0-57.62,8,8,0,0,1-12.8,9.61A32,32,0,0,0,96,128Z\"><\/path><\/svg>scaliger\/<a href=https:\/\/depositphotos.com\/photo\/colosseum-in-rome-28907987.html rel='nofollow' target='_blank'>Depositphotos<\/a><\/span><span class='ms-credits__btn' id='btn_media18' onclick='ms_credits_trigger(\"#media18\", this)'><svg xmlns=\"http:\/\/www.w3.org\/2000\/svg\" class=\"info_icon\" width=\"28\" height=\"28\" fill=\"#FFF\" viewBox=\"0 0 256 256\"><path d=\"M128,24A104,104,0,1,0,232,128,104.11,104.11,0,0,0,128,24Zm0,192a88,88,0,1,1,88-88A88.1,88.1,0,0,1,128,216Zm16-40a8,8,0,0,1-8,8,16,16,0,0,1-16-16V128a8,8,0,0,1,0-16,16,16,0,0,1,16,16v40A8,8,0,0,1,144,176ZM112,84a12,12,0,1,1,12,12A12,12,0,0,1,112,84Z\"><\/path><\/svg><svg xmlns=\"http:\/\/www.w3.org\/2000\/svg\" class=\"close_icon\" width=\"28\" height=\"28\" fill=\"#FFF\" viewBox=\"0 0 256 256\"><path d=\"M165.66,101.66,139.31,128l26.35,26.34a8,8,0,0,1-11.32,11.32L128,139.31l-26.34,26.35a8,8,0,0,1-11.32-11.32L116.69,128,90.34,101.66a8,8,0,0,1,11.32-11.32L128,116.69l26.34-26.35a8,8,0,0,1,11.32,11.32ZM232,128A104,104,0,1,1,128,24,104.11,104.11,0,0,1,232,128Zm-16,0a88,88,0,1,0-88,88A88.1,88.1,0,0,0,216,128Z\"><\/path><\/svg><\/span><\/div><\/figure>\n\n\n<h3 class=\"wp-block-heading\"><strong>\u00bfCu\u00e1ndo se construy\u00f3 el Coliseo?<\/strong><\/h3>\n\n\n\n<p>La construcci\u00f3n del Coliseo comenz\u00f3 en el a\u00f1o 72 d.C. y se complet\u00f3 en el 80 d.C.<\/p>\n\n\n\n<h3 class=\"wp-block-heading\"><strong>\u00bfQui\u00e9n construy\u00f3 el Coliseo?<\/strong><\/h3>\n\n\n\n<p>El Coliseo fue iniciado bajo el emperador Vespasiano, pero \u00e9l muri\u00f3 antes de que se completara. La construcci\u00f3n fue finalizada por sus dos hijos, los emperadores Tito y Domiciano. La construcci\u00f3n en s\u00ed fue realizada mayormente por esclavos jud\u00edos, supervisados por ingenieros y artesanos romanos.<\/p>\n\n\n\n<h3 class=\"wp-block-heading\"><strong>\u00bfCu\u00e1ntas personas participaron en su construcci\u00f3n?<\/strong><\/h3>\n\n\n\n<p>Tras la victoria en la primera guerra judeo-romana, el Templo jud\u00edo de Jerusal\u00e9n fue saqueado y muchos de los habitantes de la provincia fueron convertidos en esclavos. Fueron transportados a Roma y se estima que entre 60,000 y 100,000 fueron empleados en la construcci\u00f3n del Coliseo.<\/p>\n\n\n\n<h3 class=\"wp-block-heading\"><strong>\u00bfCu\u00e1ntos a\u00f1os tiene el Coliseo?<\/strong><\/h3>\n\n\n\n<p>La construcci\u00f3n del Coliseo se complet\u00f3 en el a\u00f1o 80 d.C., lo que hace que el edificio tenga 1,937 a\u00f1os.<\/p>\n\n\n\n<h3 class=\"wp-block-heading\"><strong>\u00bfPor qu\u00e9 se construy\u00f3 el Coliseo?<\/strong><\/h3>\n\n\n\n<p>Despu\u00e9s del gran incendio del a\u00f1o 64 d.C., en el que una gran parte de la ciudad fue devastada, el emperador Ner\u00f3n orden\u00f3 la construcci\u00f3n de un magn\u00edfico palacio para s\u00ed mismo en el \u00e1rea que hab\u00eda sido destruida. El palacio era la Domus Aurea (que hoy est\u00e1 siendo excavada y puede ser visitada). Como era de esperar, los ciudadanos de Roma no estaban contentos con esto, por lo que cuando Ner\u00f3n fue depuesto y el emperador Vespasiano ascendi\u00f3 al trono, orden\u00f3 que el complejo del palacio de Ner\u00f3n fuera demolido y que el Coliseo se construyera sobre lo que hab\u00eda sido un lago artificial. El Coliseo iba a convertirse en un gran anfiteatro donde todos los ciudadanos romanos pudieran disfrutar de entretenimiento.<\/p>\n\n\n\n<h3 class=\"wp-block-heading\"><strong>\u00bfQu\u00e9 significa el nombre del Coliseo?<\/strong><\/h3>\n\n\n\n<p>Originalmente, el Coliseo era conocido como el Anfiteatro Flavio, porque fue construido por los emperadores Vespasiano, Tito y Domiciano, sucesores de Ner\u00f3n de la dinast\u00eda Flavia. El nombre \u201cColiseo\u201d probablemente proviene de la colosal estatua de bronce del emperador Ner\u00f3n que sol\u00eda estar junto al edificio. Esta estatua estaba inspirada en el Coloso de Rodas.<\/p>\n\n\n\n<figure class=\"gb-block-image gb-block-image-c2ba4160\"><img decoding=\"async\" width=\"759\" height=\"960\" class=\"gb-image gb-image-c2ba4160\" src=\"https:\/\/www.thecolosseum.org\/es\/wp-content\/uploads\/sites\/5\/Vespasian-optimized.jpg\" alt=\"Un busto de piedra del emperador Vespasiano, constructor del Coliseo.\" \/>\n<p class=\"gb-headline gb-headline-9a845476 gb-headline-text\">El emperador Vespasiano fue el primero de la dinast\u00eda Flavia. \u00c9l encarg\u00f3 la construcci\u00f3n del Coliseo.<\/p>\n<\/figure>\n\n\n\n<h3 class=\"wp-block-heading\"><strong>\u00bfCu\u00e1n grande es el Coliseo?<\/strong><\/h3>\n\n\n\n<p>El Coliseo tiene forma ovalada. Mide 189 metros de largo, 156 metros de ancho y 48,5 metros de alto. Todo el edificio tiene una superficie de 6 acres.<\/p>\n\n\n\n<h3 class=\"wp-block-heading\"><strong>\u00bfCu\u00e1ntos arcos tiene el Coliseo?<\/strong><\/h3>\n\n\n\n<p>Las paredes exteriores del Coliseo est\u00e1n cubiertas por tres niveles de columnas d\u00f3ricas, j\u00f3nicas y corintias, y cada nivel tiene 80 arcos. De estos, 76 est\u00e1n numerados con n\u00fameros romanos, a\u00fan visibles en algunos lugares. Sirvieron como gu\u00edas para que los ciudadanos supieran d\u00f3nde encontrar sus asientos. De los 80 arcos que formaban la pared externa a nivel del suelo, solo 31 permanecen intactos. Son los que los visitantes ven hoy cuando lo visitan.<\/p>\n\n\n\n<h3 class=\"wp-block-heading\"><strong>\u00bfDe qu\u00e9 material se construy\u00f3 el Coliseo?<\/strong><\/h3>\n\n\n\n<p>El Coliseo fue construido con un estimado de 100,000 metros c\u00fabicos de travertino, que fue extra\u00eddo de las canteras de T\u00edvoli, a 20 millas de distancia. Las piedras estaban unidas por miles de grapas de hierro.<\/p>\n\n\n\n<h3 class=\"wp-block-heading\"><strong>\u00bfQu\u00e9 hay debajo del Coliseo?<\/strong><\/h3>\n\n\n\n<p>El <a href=\"https:\/\/www.thecolosseum.org\/es\/arquitectura\/\"><em>Hipogeo<\/em> del Coliseo<\/a> \u2014 que se traduce como subterr\u00e1neo. El hipogeo era una elaborada red de t\u00faneles y c\u00e1maras donde se manten\u00edan a los gladiadores, animales y prisioneros antes de entrar a la arena. Hab\u00eda 80 pozos verticales para acceder a la arena desde el hipogeo, as\u00ed como una extensa red de trampillas a trav\u00e9s de las cuales se pod\u00edan desplegar elementos esc\u00e9nicos durante los espect\u00e1culos.<\/p>\n\n\n\n<h3 class=\"wp-block-heading\"><strong>\u00bfCu\u00e1ntos espectadores pod\u00eda albergar el Coliseo?<\/strong><\/h3>\n\n\n\n<p>El Coliseo pod\u00eda albergar entre 50,000 y 80,000 espectadores.<\/p>\n\n\n\n<h3 class=\"wp-block-heading\"><strong>\u00bfCu\u00e1ntas personas murieron en el Coliseo?<\/strong><\/h3>\n\n\n\n<p>Es imposible saberlo con certeza, pero se cree que hasta 400,000 personas, entre gladiadores, esclavos, convictos, prisioneros y otros muchos entretenedores, murieron en el Coliseo durante los aproximadamente 350 a\u00f1os en que se us\u00f3 para deportes sangrientos y espect\u00e1culos humanos.<\/p>\n\n\n\n<h3 class=\"wp-block-heading\"><strong>\u00bfQu\u00e9 animales se utilizaron en el Coliseo?<\/strong><\/h3>\n\n\n\n<p>Muchas especies de animales fueron utilizadas en el Coliseo. Algunos en cacer\u00edas organizadas, en las que humanos armados y entrenados los cazaban, y otros como \u00abejecutores\u00bb de personas condenadas a morir en la arena. En alg\u00fan momento se vieron leones, tigres, lobos, osos, leopardos, jabal\u00edes, elefantes, hienas, b\u00fafalos, hipop\u00f3tamos, cocodrilos y jirafas en el Coliseo.<\/p>\n\n\n\n<h3 class=\"wp-block-heading\"><strong>\u00bfCu\u00e1ntos animales fueron sacrificados en el Coliseo?<\/strong><\/h3>\n\n\n\n<p>Es imposible saberlo con exactitud, pero bas\u00e1ndose en relatos que describ\u00edan cacer\u00edas y espect\u00e1culos y en estimaciones sobre la cantidad de eventos realizados, se cree que el n\u00famero es de millones. Esto no est\u00e1 confirmado, pero se dice que el Coliseo fue responsable de la erradicaci\u00f3n de ciertas especies de animales de las regiones cercanas.<\/p>\n\n\n\n<h3 class=\"wp-block-heading\"><strong>\u00bfQu\u00e9 tipos de espect\u00e1culos se realizaban en el Coliseo?<\/strong><\/h3>\n\n\n\n<p>Los m\u00e1s comunes y m\u00e1s conocidos eran las batallas de gladiadores. El Coliseo tambi\u00e9n albergaba cacer\u00edas, ejecuciones (algunas por bestias salvajes, la famosa <em>damnatio ad bestias<\/em>) y, justo al principio, algunas <em>Naumaquias<\/em> \u2014 batallas navales organizadas para las cuales el Coliseo era inundado.<\/p>\n\n\n\n<h3 class=\"wp-block-heading\"><strong>\u00bfEran tan sangrientas las luchas de gladiadores como se cree?<\/strong><\/h3>\n\n\n\n<p>Contrario a la visi\u00f3n popular de una batalla brutal y ca\u00f3tica, <a href=\"https:\/\/www.thecolosseum.org\/es\/gladiadores\/\">las luchas de gladiadores<\/a> eran algo m\u00e1s parecido a los combates de boxeo contempor\u00e1neos: los luchadores se divid\u00edan en clases seg\u00fan su tama\u00f1o y estilo de lucha, hab\u00eda \u00e1rbitros y m\u00e9dicos que vigilaban el combate, y a menudo las peleas no terminaban en muerte. Los emparejamientos se decid\u00edan seg\u00fan la experiencia, el historial y los estilos de los luchadores, y los gladiadores exitosos pod\u00edan convertirse en celebridades. Algunos gladiadores tuvieron largas carreras en las que perdieron muchas peleas sin morir. Sin embargo, esto no significa que no hubiera sangre; simplemente eran menos ca\u00f3ticas de lo que a menudo se imagina. Una gran cantidad de gladiadores murieron en la arena.<\/p>\n\n\n\n<h3 class=\"wp-block-heading\"><strong>\u00bfFueron martirizados los cristianos en el Coliseo?<\/strong><\/h3>\n\n\n\n<p>Miles de personas murieron en el Coliseo a lo largo de los a\u00f1os, y algunas de ellas sin duda eran cristianas, sin embargo, no hay evidencia hist\u00f3rica concluyente que respalde la conexi\u00f3n entre las historias de m\u00e1rtires cristianos y el Coliseo.<\/p>\n\n\n\n<h3 class=\"wp-block-heading\"><strong>\u00bfLos eventos representados en la pel\u00edcula <em>Gladiator<\/em> realmente ocurrieron?<\/strong><\/h3>\n\n\n\n<p>S\u00ed y no. C\u00f3modo fue un verdadero emperador romano, y era conocido por ser un fan\u00e1tico de los combates de gladiadores y los deportes sangrientos en general, tanto que a veces entraba en la arena para luchar \u00e9l mismo. Sin embargo, cuando lo hac\u00eda, sol\u00eda enfrentarse a oponentes incapacitados o animales no depredadores que no pod\u00edan hacerle da\u00f1o. Se le consideraba un s\u00e1dico y estas demostraciones le ganaron una considerable antipat\u00eda de los ciudadanos de Roma, lo que contribuy\u00f3 a su eventual derrocamiento. Sin embargo, no muri\u00f3 luchando como un h\u00e9roe del pueblo, como en la pel\u00edcula.<\/p>\n\n\n\n<h3 class=\"wp-block-heading\"><strong>\u00bfLos gladiadores eran esclavos?<\/strong><\/h3>\n\n\n\n<p>No oficialmente, pero en la pr\u00e1ctica pod\u00edan considerarse como tal. Eran miembros de la clase <em>infame<\/em>, y al convertirse en gladiadores (ya sea por elecci\u00f3n o como castigo por un crimen) se les despojaba de todos sus derechos y se convert\u00edan en propiedad de sus due\u00f1os, perdiendo as\u00ed sus vidas.<\/p>\n\n\n\n<h3 class=\"wp-block-heading\"><strong>\u00bfCu\u00e1ndo fue la \u00faltima vez que se us\u00f3 el Coliseo para albergar luchas?<\/strong><\/h3>\n\n\n\n<p>La fecha exacta es desconocida, pero <a href=\"https:\/\/www.thecolosseum.org\/es\/historia\/\">los \u00faltimos registros de combates de gladiadores datan del a\u00f1o 435<\/a>. El Coliseo todav\u00eda se utilizaba para cacer\u00edas despu\u00e9s de que las batallas de gladiadores cesaron, y estos eventos continuaron durante aproximadamente un siglo m\u00e1s.<\/p>\n\n\n\n<h3 class=\"wp-block-heading\"><strong>\u00bfPor qu\u00e9 se detuvieron las peleas de gladiadores en el Coliseo?<\/strong><\/h3>\n\n\n\n<p>Contrario a la creencia popular, las peleas de gladiadores no cesaron debido al movimiento del Imperio hacia el cristianismo. M\u00e1s bien, el costo fue el factor determinante. Para el siglo V, el Coliseo estaba en estado de decadencia, el Imperio Romano en un pronunciado declive, y los recursos necesarios para mantener el edificio, pagar a los gladiadores y proporcionar animales salvajes eran dif\u00edciles de conseguir.<\/p>\n\n\n\n<h3 class=\"wp-block-heading\"><strong>\u00bfQu\u00e9 cat\u00e1strofes ha sufrido el Coliseo?<\/strong><\/h3>\n\n\n\n<p>El Coliseo ha experimentado grandes incendios al menos tres veces a lo largo de su <a href=\"https:\/\/www.thecolosseum.org\/es\/historia\/\">historia<\/a> y ha sufrido al menos cuatro terremotos. Estos eventos da\u00f1aron gravemente el edificio, que ha sido reparado y reconstruido muchas veces durante los dos milenios que ha existido.<\/p>\n\n\n\n<h3 class=\"wp-block-heading\"><strong>\u00bfPara qu\u00e9 se ha utilizado el Coliseo adem\u00e1s de como arena?<\/strong><\/h3>\n\n\n\n<p>Despu\u00e9s de dejar de ser utilizado como arena para combates y cacer\u00edas, en diferentes momentos de la historia, el Coliseo se ha utilizado como cementerio, lugar de culto, para viviendas, talleres para artesanos y comerciantes, hogar de una orden religiosa, castillo fortificado, y m\u00e1s recientemente como atracci\u00f3n tur\u00edstica.<\/p>\n\n\n\n<h3 class=\"wp-block-heading\"><strong>\u00bfCu\u00e1ntas personas visitan el Coliseo cada a\u00f1o?<\/strong><\/h3>\n\n\n\n<p>El Coliseo atrae a m\u00e1s de 7 millones de visitantes anualmente, lo que lo convierte en uno de los monumentos m\u00e1s visitados del mundo. Este n\u00famero ha aumentado significativamente en los \u00faltimos a\u00f1os, a medida que el turismo se ha recuperado tras la pandemia.<\/p>\n","protected":false},"excerpt":{"rendered":"","protected":false},"author":1,"featured_media":0,"parent":0,"menu_order":9,"comment_status":"closed","ping_status":"closed","template":"","meta":{"_acf_changed":false,"footnotes":"","button_url":"https:\/\/www.tiqets.com\/es\/colosseum-l145769\/?partner=thecolosseum","ms_product_id":"","ms_product_name":"","ms_price":"","ms_currency":"","ms_rating_value":"","ms_review_count":"","rank_math_title":"24 Datos Asombrosos Sobre El Coliseo Romano (Fotos)","rank_math_description":""},"post-style":[],"producer":[],"class_list":["post-17","page","type-page","status-publish","has-post-thumbnail"],"acf":[],"product_schema":{"ms_product_id":"","ms_product_name":"","ms_price":"","ms_currency":"","ms_rating_value":"","ms_review_count":""},"_links":{"self":[{"href":"https:\/\/www.thecolosseum.org\/es\/wp-json\/wp\/v2\/pages\/17","targetHints":{"allow":["GET"]}}],"collection":[{"href":"https:\/\/www.thecolosseum.org\/es\/wp-json\/wp\/v2\/pages"}],"about":[{"href":"https:\/\/www.thecolosseum.org\/es\/wp-json\/wp\/v2\/types\/page"}],"author":[{"embeddable":true,"href":"https:\/\/www.thecolosseum.org\/es\/wp-json\/wp\/v2\/users\/1"}],"replies":[{"embeddable":true,"href":"https:\/\/www.thecolosseum.org\/es\/wp-json\/wp\/v2\/comments?post=17"}],"version-history":[{"count":3,"href":"https:\/\/www.thecolosseum.org\/es\/wp-json\/wp\/v2\/pages\/17\/revisions"}],"predecessor-version":[{"id":864,"href":"https:\/\/www.thecolosseum.org\/es\/wp-json\/wp\/v2\/pages\/17\/revisions\/864"}],"wp:attachment":[{"href":"https:\/\/www.thecolosseum.org\/es\/wp-json\/wp\/v2\/media?parent=17"}],"wp:term":[{"taxonomy":"post-style","embeddable":true,"href":"https:\/\/www.thecolosseum.org\/es\/wp-json\/wp\/v2\/post-style?post=17"},{"taxonomy":"producer","embeddable":true,"href":"https:\/\/www.thecolosseum.org\/es\/wp-json\/wp\/v2\/producer?post=17"}],"curies":[{"name":"wp","href":"https:\/\/api.w.org\/{rel}","templated":true}]}}