{"id":772,"date":"2024-09-10T07:51:30","date_gmt":"2024-09-10T05:51:30","guid":{"rendered":"https:\/\/www.thecolosseum.org\/de\/?page_id=772"},"modified":"2025-01-06T11:13:32","modified_gmt":"2025-01-06T10:13:32","slug":"kontakt","status":"publish","type":"page","link":"https:\/\/www.thecolosseum.org\/de\/kontakt\/","title":{"rendered":"Kontakt"},"content":{"rendered":"\n<h3 class=\"wp-block-heading\"><strong>Anfragen zu Tickets<\/strong><\/h3>\n\n\n\n<p>F\u00fcr Fragen zu Tickets oder bestehenden Buchungen kontaktieren Sie bitte unseren Ticket-Partner:<\/p>\n\n\n\n<ul class=\"wp-block-list\">\n<li>E-Mail: info@ticketbar.eu<\/li>\n\n\n\n<li>Telefon: +44 2035142614<\/li>\n<\/ul>\n\n\n\n<hr class=\"wp-block-separator has-alpha-channel-opacity\" \/>\n\n\n\n<h3 class=\"wp-block-heading\"><strong>Besucherinformationen<\/strong><\/h3>\n\n\n\n<p>F\u00fcr Informationen zu Touristenservices oder Unterst\u00fctzung w\u00e4hrend Ihres Besuchs in Rom, wenden Sie sich bitte an das Kontaktzentrum f\u00fcr Touristen in Rom:<\/p>\n\n\n\n<ul class=\"wp-block-list\">\n<li>Webseite: <a href=\"http:\/\/www.060608.it\/en\" rel=\"nofollow noopener\">www.060608.it<\/a><\/li>\n\n\n\n<li>Callcenter: 060608 (t\u00e4glich verf\u00fcgbar von 9.00 bis 19.00 Uhr)<\/li>\n<\/ul>\n\n\n\n<hr class=\"wp-block-separator has-alpha-channel-opacity\" \/>\n\n\n\n<h3 class=\"wp-block-heading\"><strong>Website-Support<\/strong><\/h3>\n\n\n\n<p>F\u00fcr Anfragen zu unserer Website kontaktieren Sie uns bitte direkt:<\/p>\n\n\n\n<ul class=\"wp-block-list\">\n<li>E-Mail: info@moonshot.media<\/li>\n<\/ul>\n","protected":false},"excerpt":{"rendered":"","protected":false},"author":3,"featured_media":0,"parent":0,"menu_order":1,"comment_status":"closed","ping_status":"closed","template":"","meta":{"_acf_changed":false,"footnotes":"","button_url":"https:\/\/www.tiqets.com\/de\/colosseum-l145769\/?partner=thecolosseum","ms_product_id":"","ms_product_name":"","ms_price":"","ms_currency":"","ms_rating_value":"","ms_review_count":"","rank_math_title":"","rank_math_description":""},"post-style":[],"producer":[],"class_list":["post-772","page","type-page","status-publish","has-post-thumbnail"],"acf":[],"product_schema":{"ms_product_id":"","ms_product_name":"","ms_price":"","ms_currency":"","ms_rating_value":"","ms_review_count":""},"_links":{"self":[{"href":"https:\/\/www.thecolosseum.org\/de\/wp-json\/wp\/v2\/pages\/772","targetHints":{"allow":["GET"]}}],"collection":[{"href":"https:\/\/www.thecolosseum.org\/de\/wp-json\/wp\/v2\/pages"}],"about":[{"href":"https:\/\/www.thecolosseum.org\/de\/wp-json\/wp\/v2\/types\/page"}],"author":[{"embeddable":true,"href":"https:\/\/www.thecolosseum.org\/de\/wp-json\/wp\/v2\/users\/3"}],"replies":[{"embeddable":true,"href":"https:\/\/www.thecolosseum.org\/de\/wp-json\/wp\/v2\/comments?post=772"}],"version-history":[{"count":3,"href":"https:\/\/www.thecolosseum.org\/de\/wp-json\/wp\/v2\/pages\/772\/revisions"}],"predecessor-version":[{"id":842,"href":"https:\/\/www.thecolosseum.org\/de\/wp-json\/wp\/v2\/pages\/772\/revisions\/842"}],"wp:attachment":[{"href":"https:\/\/www.thecolosseum.org\/de\/wp-json\/wp\/v2\/media?parent=772"}],"wp:term":[{"taxonomy":"post-style","embeddable":true,"href":"https:\/\/www.thecolosseum.org\/de\/wp-json\/wp\/v2\/post-style?post=772"},{"taxonomy":"producer","embeddable":true,"href":"https:\/\/www.thecolosseum.org\/de\/wp-json\/wp\/v2\/producer?post=772"}],"curies":[{"name":"wp","href":"https:\/\/api.w.org\/{rel}","templated":true}]}}