{"id":70,"date":"2017-09-11T17:35:01","date_gmt":"2017-09-11T15:35:01","guid":{"rendered":"https:\/\/www.thecolosseum.org\/de\/?page_id=70"},"modified":"2025-01-06T11:13:53","modified_gmt":"2025-01-06T10:13:53","slug":"geschichte","status":"publish","type":"page","link":"https:\/\/www.thecolosseum.org\/de\/geschichte\/","title":{"rendered":"Geschichte des Kolosseums"},"content":{"rendered":"\n<p>Das r\u00f6mische Kolosseum hat eine lange und reiche Geschichte. Von der Zeit, als es als Gladiatoren-Arena genutzt wurde und inszenierte Jagden mit tausenden wilden Tieren erlebte, bis heute hat es den Aufstieg des R\u00f6mischen Reiches zu seiner gr\u00f6\u00dften Pracht gesehen&#8230; und dessen Verfall und Verschwinden miterlebt. Es hei\u00dft, dass bis zu 400.000 Menschen ihr Leben auf den Sanden der Arena verloren haben, ebenso wie eine Million wilde Tiere verschiedener Arten.<\/p>\n\n\n<div class=\"gb-container gb-container-c04800c2 ms-timeline-list\">\n<div class=\"gb-container gb-container-63c48ce4 ms-timeline-item\">\n\n<p class=\"gb-headline gb-headline-7e31b22a gb-headline-text ms-timeline-item__time\"><strong>72 AD<\/strong><\/p>\n\n\n\n<p class=\"gb-headline gb-headline-4041ccdf gb-headline-text\">Der Bau des Flavischen Amphitheaters beginnt unter Kaiser Vespasian. Vespasian sah das Kolosseum als Geschenk an das Volk von Rom \u2013 das nach der katastrophalen Herrschaft von Kaiser Nero unzufrieden war.<\/p>\n\n<\/div>\n\n<div class=\"gb-container gb-container-6fbaeb8d ms-timeline-item\">\n\n<p class=\"gb-headline gb-headline-12aaa73c gb-headline-text ms-timeline-item__time\"><strong>80 AD<\/strong><\/p>\n\n\n\n<p class=\"gb-headline gb-headline-a97b44c4 gb-headline-text\">Titus, der Sohn Vespasians, weiht das Amphitheater, auch bekannt als das Kolosseum, offiziell ein und ordnet f\u00fcr die Er\u00f6ffnung 100 Tage Spiele an. Der Bau wird vollst\u00e4ndig unter Titus&#8216; j\u00fcngerem Bruder und Nachfolger Domitian im Jahr 83 AD abgeschlossen.<\/p>\n\n<\/div>\n\n<div class=\"gb-container gb-container-fc19ed8a ms-timeline-item\">\n\n<p class=\"gb-headline gb-headline-4132029e gb-headline-text ms-timeline-item__time\"><strong>217<\/strong><\/p>\n\n\n\n<p class=\"gb-headline gb-headline-d8e8964d gb-headline-text\">Ein Feuer besch\u00e4digt das Geb\u00e4ude und zerst\u00f6rt die gesamte h\u00f6lzerne obere Ebene.<\/p>\n\n<\/div>\n\n<div class=\"gb-container gb-container-c5916d2f ms-timeline-item\">\n\n<p class=\"gb-headline gb-headline-8b2c4a6f gb-headline-text ms-timeline-item__time\"><strong>Mitte des 5. Jahrhunderts<\/strong><\/p>\n\n\n\n<p class=\"gb-headline gb-headline-0d62b04e gb-headline-text\">Kein genaues Datum ist bekannt, aber die letzten Berichte \u00fcber Gladiatorenk\u00e4mpfe im Kolosseum stammen aus dieser Zeit, obwohl es weiterhin f\u00fcr die Jagd auf wilde Tiere genutzt wurde.<\/p>\n\n<\/div>\n\n<div class=\"gb-container gb-container-afa34737 ms-timeline-item\">\n\n<p class=\"gb-headline gb-headline-b0ce6f29 gb-headline-text ms-timeline-item__time\"><strong>Ende des 6. Jahrhunderts<\/strong><\/p>\n\n\n\n<p class=\"gb-headline gb-headline-116e4676 gb-headline-text\">Das Kolosseum wird nicht mehr als Amphitheater genutzt, um die B\u00fcrger Roms zu unterhalten. Um diese Zeit wird eine Kapelle an das Geb\u00e4ude angebracht, der Arena-Boden wird als Friedhof genutzt, und die gew\u00f6lbten R\u00e4ume unter den Sitzen werden als Wohnh\u00e4user und Werkst\u00e4tten genutzt.<\/p>\n\n<\/div>\n\n<div class=\"gb-container gb-container-63fe8555 ms-timeline-item\">\n\n<p class=\"gb-headline gb-headline-09cc0ef8 gb-headline-text ms-timeline-item__time\"><strong>12. Jahrhundert<\/strong><\/p>\n\n\n\n<p class=\"gb-headline gb-headline-a436f201 gb-headline-text\">Die Familie Frangipani, eine m\u00e4chtige r\u00f6mische Patrizierfamilie jener Zeit, \u00fcbernahm das Geb\u00e4ude und verwandelte es in eine befestigte Burg.<\/p>\n\n<\/div>\n\n<div class=\"gb-container gb-container-2d886752 ms-timeline-item\">\n\n<p class=\"gb-headline gb-headline-805a7548 gb-headline-text ms-timeline-item__time\"><strong>1349<\/strong><\/p>\n\n\n\n<p class=\"gb-headline gb-headline-2a554f91 gb-headline-text\">Das Geb\u00e4ude wird bei einem Erdbeben schwer besch\u00e4digt, und ein ganzer Abschnitt der \u00e4u\u00dferen Mauern st\u00fcrzt ein. Der Schaden in Form von fehlenden Teilen der Struktur ist bis heute zu sehen.<\/p>\n\n<\/div>\n\n<div class=\"gb-container gb-container-f64429f7 ms-timeline-item\">\n\n<p class=\"gb-headline gb-headline-409a301b gb-headline-text ms-timeline-item__time\"><strong>14. bis 18. Jahrhundert<\/strong><\/p>\n\n\n\n<p class=\"gb-headline gb-headline-ac26413a gb-headline-text\">Das Kolosseum verf\u00e4llt zunehmend, da seine Baumaterialien anderswo in Rom verwendet werden. Die Eisenklammern, die die Steine zusammenhielten, werden entfernt, um eingeschmolzen und wiederverwendet zu werden. Die Steine des Kolosseums werden gepl\u00fcndert und f\u00fcr den Bau anderer Geb\u00e4ude in der Stadt verwendet. Einige der Marmorplatten, die die Fassade schm\u00fcckten, wurden beim Bau des Petersdoms verwendet.<\/p>\n\n<\/div>\n\n<div class=\"gb-container gb-container-69f062b5 ms-timeline-item\">\n\n<p class=\"gb-headline gb-headline-790155c1 gb-headline-text ms-timeline-item__time\"><strong>1749<\/strong><\/p>\n\n\n\n<p class=\"gb-headline gb-headline-87934cc3 gb-headline-text\">Endlich ein wenig Gl\u00fcck: Nach Jahrhunderten des Verfalls weiht Papst Benedikt XIV. das Geb\u00e4ude und erkl\u00e4rt, dass es gesch\u00fctzt werden m\u00fcsse, basierend auf dem Glauben, dass das Blut christlicher M\u00e4rtyrer, das in der Arena vergossen wurde, diesen Ort heilig gemacht habe. Es gibt jedoch wenig historische Beweise, die diese Behauptung st\u00fctzen.<\/p>\n\n<\/div>\n\n<div class=\"gb-container gb-container-e584eabd ms-timeline-item\">\n\n<p class=\"gb-headline gb-headline-e43daff7 gb-headline-text ms-timeline-item__time\"><strong>19. und 20. Jahrhundert<\/strong><\/p>\n\n\n\n<p class=\"gb-headline gb-headline-fecfaa46 gb-headline-text\">Das Kolosseum durchl\u00e4uft eine Reihe von Restaurierungsprojekten, die auf Betreiben verschiedener P\u00e4pste, Regierungen und der Stadt Rom durchgef\u00fchrt werden.<\/p>\n\n<\/div>\n\n<div class=\"gb-container gb-container-edbb5fac ms-timeline-item\">\n\n<p class=\"gb-headline gb-headline-3868eadb gb-headline-text ms-timeline-item__time\"><strong>2013 bis 2016<\/strong><\/p>\n\n\n\n<p class=\"gb-headline gb-headline-3feb883c gb-headline-text\">Das Kolosseum wird einer umfangreichen Restaurierung unterzogen. Die gesamte Fassade des Geb\u00e4udes wird gereinigt, wobei Schmutz und Ru\u00df entfernt werden, die sich durch den jahrzehntelangen r\u00f6mischen Verkehr angesammelt haben.<\/p>\n\n<\/div>\n\n<div class=\"gb-container gb-container-efecd40f ms-timeline-item\">\n\n<p class=\"gb-headline gb-headline-7436dc9d gb-headline-text ms-timeline-item__time\"><strong>Heute<\/strong><\/p>\n\n\n\n<p class=\"gb-headline gb-headline-4c8d38a9 gb-headline-text\">Das Kolosseum empf\u00e4ngt j\u00e4hrlich \u00fcber 7 Millionen Besucher. Es ist die meistbesuchte Touristenattraktion in Italien und eines der ber\u00fchmtesten und ikonischsten Geb\u00e4ude der Welt. Seit seiner Fertigstellung im Jahr 80 AD, als es noch als Flavisches Amphitheater bekannt war, sind 1937 Jahre vergangen, was es zu einem der \u00e4ltesten und am besten erhaltenen von Menschenhand geschaffenen Bauwerke der Welt macht.<\/p>\n\n<\/div>\n<\/div>","protected":false},"excerpt":{"rendered":"","protected":false},"author":1,"featured_media":0,"parent":0,"menu_order":5,"comment_status":"closed","ping_status":"closed","template":"","meta":{"_acf_changed":false,"footnotes":"","button_url":"https:\/\/www.tiqets.com\/de\/colosseum-l145769\/?partner=thecolosseum","ms_product_id":"","ms_product_name":"","ms_price":"","ms_currency":"","ms_rating_value":"","ms_review_count":"","rank_math_title":"2000 Jahre Geschichte Des Kolosseums (Komplette Chronik)","rank_math_description":""},"post-style":[],"producer":[],"class_list":["post-70","page","type-page","status-publish","has-post-thumbnail"],"acf":[],"product_schema":{"ms_product_id":"","ms_product_name":"","ms_price":"","ms_currency":"","ms_rating_value":"","ms_review_count":""},"_links":{"self":[{"href":"https:\/\/www.thecolosseum.org\/de\/wp-json\/wp\/v2\/pages\/70","targetHints":{"allow":["GET"]}}],"collection":[{"href":"https:\/\/www.thecolosseum.org\/de\/wp-json\/wp\/v2\/pages"}],"about":[{"href":"https:\/\/www.thecolosseum.org\/de\/wp-json\/wp\/v2\/types\/page"}],"author":[{"embeddable":true,"href":"https:\/\/www.thecolosseum.org\/de\/wp-json\/wp\/v2\/users\/1"}],"replies":[{"embeddable":true,"href":"https:\/\/www.thecolosseum.org\/de\/wp-json\/wp\/v2\/comments?post=70"}],"version-history":[{"count":3,"href":"https:\/\/www.thecolosseum.org\/de\/wp-json\/wp\/v2\/pages\/70\/revisions"}],"predecessor-version":[{"id":846,"href":"https:\/\/www.thecolosseum.org\/de\/wp-json\/wp\/v2\/pages\/70\/revisions\/846"}],"wp:attachment":[{"href":"https:\/\/www.thecolosseum.org\/de\/wp-json\/wp\/v2\/media?parent=70"}],"wp:term":[{"taxonomy":"post-style","embeddable":true,"href":"https:\/\/www.thecolosseum.org\/de\/wp-json\/wp\/v2\/post-style?post=70"},{"taxonomy":"producer","embeddable":true,"href":"https:\/\/www.thecolosseum.org\/de\/wp-json\/wp\/v2\/producer?post=70"}],"curies":[{"name":"wp","href":"https:\/\/api.w.org\/{rel}","templated":true}]}}