{"id":561,"date":"2017-09-07T09:01:22","date_gmt":"2017-09-07T09:01:22","guid":{"rendered":"https:\/\/www.thecolosseum.org\/de\/?page_id=7"},"modified":"2025-06-30T11:59:38","modified_gmt":"2025-06-30T09:59:38","slug":"das-roemische-kolosseum","status":"publish","type":"page","link":"https:\/\/www.thecolosseum.org\/de\/","title":{"rendered":"Das R\u00f6mische Kolosseum"},"content":{"rendered":"\n<figure class=\"gb-block-image gb-block-image-12035128\"><img decoding=\"async\" width=\"1100\" height=\"350\" class=\"gb-image gb-image-12035128 ms-mb-block\" src=\"https:\/\/www.thecolosseum.org\/de\/wp-content\/uploads\/sites\/3\/colosseum-banner.jpg\" alt=\"Das r\u00f6mische Kolosseum bei Sonnenuntergang\" \/><\/figure>\n\n\n\n<h1 class=\"gb-headline gb-headline-6940f0f1 gb-headline-text\"><strong>Das R\u00f6mische Kolosseum<\/strong><\/h1>\n\n\n\n<p class=\"gb-headline gb-headline-13c71035 gb-headline-text\">Das R\u00f6mische Kolosseum ist eines der ber\u00fchmtesten Geb\u00e4ude, die jemals gebaut wurden. Es steht seit fast 2000 Jahren im Zentrum von Rom, von den Tagen, an denen das Imperium das antike Europa dominierte, bis heute. Wenn Sie Rom besuchen, d\u00fcrfen Sie dieses alte und spektakul\u00e4re Denkmal nicht verpassen.<\/p>\n\n\n<div class=\"gb-grid-wrapper gb-grid-wrapper-2f92f8fa\">\n<div class=\"gb-grid-column gb-grid-column-99332d92\"><div class=\"gb-container gb-container-99332d92 ms-card-h ms-card\">\n\n<figure class=\"gb-block-image gb-block-image-8b9ae877\"><a href=\"https:\/\/www.thecolosseum.org\/de\/tickets\/\"><img decoding=\"async\" width=\"640\" height=\"427\" class=\"gb-image gb-image-8b9ae877 ms-mb-block ms-card-h__image ms-card__image\" src=\"https:\/\/www.thecolosseum.org\/de\/wp-content\/uploads\/sites\/3\/thecolosseum-visit-1724136411.jpg\" alt=\"\" title=\"thecolosseum-visit\" \/><\/a><\/figure>\n\n\n<header class=\"gb-container gb-container-0075c094\">\n\n<h2 class=\"gb-headline gb-headline-06a9d77d gb-headline-text ms-link-unstyled ms-card-h__title\"><a href=\"https:\/\/www.thecolosseum.org\/de\/tickets\/\" data-type=\"page\" data-id=\"14\">Kolosseum Tickets<\/a><\/h2>\n\n\n\n<p class=\"gb-headline gb-headline-699c9f95 gb-headline-text ms-card-h__excerpt\">Wie bei jeder \u00e4u\u00dferst beliebten Touristenattraktion gibt es eine Vielzahl von Ticketoptionen, und Sie k\u00f6nnen w\u00e4hlen, ob Sie sie online buchen oder sie beim Eintritt ins Kolosseum kaufen m\u00f6chten. Hier finden Sie Informationen zu den verschiedenen Tickets und deren Preisen sowie Anweisungen, wie Sie Ihre Tickets im Voraus kaufen k\u00f6nnen, um die langen Schlangen am Eingang zu \u00fcberspringen.<\/p>\n\n\n\n<p class=\"gb-headline gb-headline-6c14d018 gb-headline-text\"><a href=\"https:\/\/www.thecolosseum.org\/de\/tickets\/\">Buchen Sie Ihre Tickets f\u00fcr das Kolosseum und \u00fcberspringen Sie die Warteschlange<\/a><\/p>\n\n<\/header>\n<\/div><\/div>\n\n<div class=\"gb-grid-column gb-grid-column-16b59205\"><div class=\"gb-container gb-container-16b59205 ms-card-h ms-card\">\n\n<figure class=\"gb-block-image gb-block-image-39912f6d\"><a href=\"https:\/\/www.thecolosseum.org\/de\/kolosseum-touren\/\"><img decoding=\"async\" width=\"640\" height=\"432\" class=\"gb-image gb-image-39912f6d ms-mb-block ms-card-h__image ms-card__image\" src=\"https:\/\/www.thecolosseum.org\/de\/wp-content\/uploads\/sites\/3\/thecolosseum-tour-1724138878-640x432.jpg\" alt=\"\" title=\"thecolosseum-tour\" \/><\/a><\/figure>\n\n\n<header class=\"gb-container gb-container-b4568de1\">\n\n<h2 class=\"gb-headline gb-headline-8e904932 gb-headline-text ms-link-unstyled ms-card-h__title\"><a href=\"https:\/\/www.thecolosseum.org\/de\/kolosseum-touren\/\">F\u00fchrungen<\/a><\/h2>\n\n\n\n<p class=\"gb-headline gb-headline-598ebb96 gb-headline-text ms-card-h__excerpt\">Eine der besten M\u00f6glichkeiten, das Beste aus Ihrem Besuch im Kolosseum herauszuholen, ist eine gef\u00fchrte Tour mit einem Experten. Sie erhalten viele Einblicke in die Geschichte des Geb\u00e4udes, seine Architektur, coole und unbekannte Fakten sowie interessante Geschichten. Sie werden auch Bereiche des Kolosseums sehen, die normalerweise nicht zug\u00e4nglich sind, wie das unterirdische Hypog\u00e4um und die oberen Ebenen.<\/p>\n\n\n\n<p class=\"gb-headline gb-headline-8f47270b gb-headline-text\"><a href=\"https:\/\/www.thecolosseum.org\/de\/kolosseum-touren\/\">Nehmen Sie an einer gef\u00fchrten Tour teil und besuchen Sie das verborgene Untergeschoss des Kolosseums<\/a><\/p>\n\n<\/header>\n<\/div><\/div>\n\n<div class=\"gb-grid-column gb-grid-column-3058db17\"><div class=\"gb-container gb-container-3058db17 ms-card-h ms-card\">\n\n<figure class=\"gb-block-image gb-block-image-549d06b2\"><a href=\"https:\/\/www.thecolosseum.org\/de\/besuch\/\"><img decoding=\"async\" width=\"640\" height=\"427\" class=\"gb-image gb-image-549d06b2 ms-mb-block ms-card-h__image ms-card__image\" src=\"https:\/\/www.thecolosseum.org\/de\/wp-content\/uploads\/sites\/3\/thecolosseum-visit2-1724138701.jpg\" alt=\"Das Kolosseum ist die beliebteste Touristenattraktion Italiens und eine der beliebtesten der Welt\" \/><\/a><\/figure>\n\n\n<div class=\"gb-container gb-container-f49a769e\">\n\n<h2 class=\"gb-headline gb-headline-99b83ebc gb-headline-text ms-link-unstyled ms-card-h__title\"><a href=\"https:\/\/www.thecolosseum.org\/de\/besuch\/\">Besuch<\/a><\/h2>\n\n\n\n<p class=\"gb-headline gb-headline-23bce1cb gb-headline-text ms-card-h__excerpt\">Mit \u00fcber sieben Millionen Besuchern pro Jahr ist das Kolosseum die beliebteste Touristenattraktion in Italien und eine der beliebtesten der Welt. Hier finden Sie alles, was Sie brauchen, um Ihren Besuch zu planen, von den \u00d6ffnungszeiten \u00fcber die Anreise, Barrierefreiheit, Sicherheit und nahegelegene Sehensw\u00fcrdigkeiten.<\/p>\n\n\n\n<p class=\"gb-headline gb-headline-aad8409c gb-headline-text\"><a href=\"https:\/\/www.thecolosseum.org\/de\/besuch\/\">Planen Sie Ihren Besuch im Kolosseum<\/a><\/p>\n\n<\/div>\n<\/div><\/div>\n\n<div class=\"gb-grid-column gb-grid-column-91366c30\"><div class=\"gb-container gb-container-91366c30 ms-card ms-card-h\">\n\n<figure class=\"gb-block-image gb-block-image-3e02971c\"><a href=\"https:\/\/www.thecolosseum.org\/de\/architektur\/\"><img decoding=\"async\" width=\"640\" height=\"427\" class=\"gb-image gb-image-3e02971c ms-card-h__image ms-mb-block ms-card__image\" src=\"https:\/\/www.thecolosseum.org\/de\/wp-content\/uploads\/sites\/3\/thecolosseum-architecture-1724138448.jpg\" alt=\"Die Architektur des Geb\u00e4udes ist eine Mischung der drei bedeutendsten r\u00f6mischen Stilrichtungen \u2013 toskanisch, ionisch und korinthisch \u2013 und es ist voller kleiner Details, die vom Einfallsreichtum seiner Gestalter zeugen.\" \/><\/a><\/figure>\n\n\n<div class=\"gb-container gb-container-604a5265\">\n\n<h2 class=\"gb-headline gb-headline-9d296282 gb-headline-text ms-link-unstyled ms-card-h__title\"><a href=\"https:\/\/www.thecolosseum.org\/de\/architektur\/\">Architektur<\/a><\/h2>\n\n\n\n<p class=\"gb-headline gb-headline-1609a80a gb-headline-text ms-card-h__excerpt\">Trotz des Verschlei\u00dfes und der Belastungen, denen es im Laufe der Jahrhunderte ausgesetzt war, ist das Kolosseum immer noch bemerkenswert gut erhalten. Die Architektur des Geb\u00e4udes ist eine Mischung aus den drei wichtigsten r\u00f6mischen Ordnungen: Toskisch, Ionisch und Korinthisch, und es ist voller kleiner Details, die das K\u00f6nnen derjenigen bezeugen, die es entworfen haben.<\/p>\n\n\n\n<p class=\"gb-headline gb-headline-55a4da73 gb-headline-text\"><a href=\"https:\/\/www.thecolosseum.org\/de\/architektur\/\">Erfahren Sie mehr \u00fcber eines der wichtigsten architektonischen Denkm\u00e4ler des antiken Roms<\/a><\/p>\n\n<\/div>\n<\/div><\/div>\n\n<div class=\"gb-grid-column gb-grid-column-25c8a636\"><div class=\"gb-container gb-container-25c8a636 ms-card-h ms-card\">\n\n<figure class=\"gb-block-image gb-block-image-d062171e\"><a href=\"https:\/\/www.thecolosseum.org\/de\/fakten\/\"><img decoding=\"async\" width=\"640\" height=\"409\" class=\"gb-image gb-image-d062171e ms-mb-block ms-card-h__image ms-card__image\" src=\"https:\/\/www.thecolosseum.org\/de\/wp-content\/uploads\/sites\/3\/thecolosseum-fact-1724118528.jpg\" alt=\"\" title=\"thecolosseum-fact\" \/><\/a><\/figure>\n\n\n<div class=\"gb-container gb-container-189549ca\">\n\n<h2 class=\"gb-headline gb-headline-f0517199 gb-headline-text ms-link-unstyled ms-card-h__title\"><a href=\"https:\/\/www.thecolosseum.org\/de\/fakten\/\">Fakten<\/a><\/h2>\n\n\n\n<p class=\"gb-headline gb-headline-4b51b112 gb-headline-text ms-card-h__excerpt\">Wussten Sie, dass das Kolosseum zwischen 50.000 und 80.000 Menschen Platz bieten konnte? Das ist mehr als viele moderne Fu\u00dfballstadien. Wussten Sie, dass es von bis zu 100.000 Sklaven erbaut wurde, die Rom in seinen vielen Kriegen gefangen genommen hatte? Wussten Sie, dass man glaubt, dass bis zu 400.000 Menschen in den blutigen Spektakeln des Kolosseums in den drei Jahrhunderten starben, in denen es genutzt wurde?<\/p>\n\n\n\n<p class=\"gb-headline gb-headline-564cf5e3 gb-headline-text\"><a href=\"https:\/\/www.thecolosseum.org\/de\/fakten\/\">2000 Jahre Geschichte sorgen f\u00fcr einige sehr interessante Fakten<\/a><\/p>\n\n<\/div>\n<\/div><\/div>\n\n<div class=\"gb-grid-column gb-grid-column-fddd7ae0\"><div class=\"gb-container gb-container-fddd7ae0 ms-card-h ms-card\">\n\n<figure class=\"gb-block-image gb-block-image-90556070\"><a href=\"https:\/\/www.thecolosseum.org\/de\/gladiatoren\/\"><img decoding=\"async\" width=\"768\" height=\"432\" class=\"gb-image gb-image-90556070 ms-mb-block ms-card-h__image ms-card__image\" src=\"https:\/\/www.thecolosseum.org\/de\/wp-content\/uploads\/sites\/3\/gladiator-painting-optimized-768x432.jpg\" alt=\"Ein Gladiator steht \u00fcber seinen besiegten Feinden im Kolosseum und wartet darauf, dass der Kaiser ihm den Daumen hoch oder runter zeigt.\" srcset=\"https:\/\/www.thecolosseum.org\/de\/wp-content\/uploads\/sites\/3\/gladiator-painting-optimized-768x432.jpg 768w, https:\/\/www.thecolosseum.org\/de\/wp-content\/uploads\/sites\/3\/gladiator-painting-optimized-1024x576.jpg 1024w, https:\/\/www.thecolosseum.org\/de\/wp-content\/uploads\/sites\/3\/gladiator-painting-optimized-1280x720.jpg 1280w, https:\/\/www.thecolosseum.org\/de\/wp-content\/uploads\/sites\/3\/gladiator-painting-optimized-1600x900.jpg 1600w\" sizes=\"(max-width: 768px) 100vw, 768px\" \/><\/a><\/figure>\n\n\n<div class=\"gb-container gb-container-3af4ab3a\">\n\n<h2 class=\"gb-headline gb-headline-77f33ad8 gb-headline-text ms-link-unstyled ms-card-h__title\"><a href=\"https:\/\/www.thecolosseum.org\/de\/gladiatoren\/\">Gladiatoren<\/a><\/h2>\n\n\n\n<p class=\"gb-headline gb-headline-0eb071bf gb-headline-text ms-card-h__excerpt\">Jeder hat den Film \u201eGladiator\u201c gesehen, aber wer waren wirklich die Gladiatoren, die in der Arena k\u00e4mpften? Im Laufe der drei Jahrhunderte waren ihre K\u00e4mpfe im Kolosseum das Gespr\u00e4chsthema der Stadt. Einige von ihnen erreichten gro\u00dfe Ber\u00fchmtheit, aber f\u00fcr jeden erfolgreichen Gladiator starben Hunderte anonym in der Arena.<\/p>\n\n\n\n<p class=\"gb-headline gb-headline-f432d45b gb-headline-text\"><a href=\"https:\/\/www.thecolosseum.org\/de\/gladiatoren\/\">Wer waren Roms Gladiatoren?<\/a><\/p>\n\n<\/div>\n<\/div><\/div>\n<\/div>\n\n<div class=\"gb-container gb-container-67b49cf1 ms-p ms-mb-block\">\n\n<h2 class=\"gb-headline gb-headline-96e88d50 gb-headline-text ms-link-unstyled\"><a href=\"https:\/\/www.thecolosseum.org\/de\/geschichte\/\">Geschichte<\/a><\/h2>\n\n\n\n<p class=\"gb-headline gb-headline-4d9dbd9d gb-headline-text\">Erfahren Sie mehr \u00fcber die faszinierende Geschichte des Kolosseums, von seinem Bau bis zu seinem heutigen Status als eines der ber\u00fchmtesten architektonischen Denkm\u00e4ler der Welt. Das Kolosseum war nicht nur eine Kampfarena. Wussten Sie, dass es in seiner 2000-j\u00e4hrigen Geschichte als Friedhof, als Wohnst\u00e4tte f\u00fcr die Armen Roms und als befestigte Burg eines m\u00e4chtigen r\u00f6mischen Clans diente?<\/p>\n\n\n\n<p class=\"gb-headline gb-headline-99fac3b6 gb-headline-text\"><a href=\"https:\/\/www.thecolosseum.org\/de\/geschichte\/\">Geschichte des R\u00f6mischen Kolosseums<\/a><\/p>\n\n<\/div>\n\n<div class=\"gb-container gb-container-9e1738f4\">\n<div class=\"gb-grid-wrapper gb-grid-wrapper-b786cee6\">\n<div class=\"gb-grid-column gb-grid-column-01253981\"><div class=\"gb-container gb-container-01253981\">\n\n<figure class=\"gb-block-image gb-block-image-7324916a\"><img decoding=\"async\" width=\"640\" height=\"427\" class=\"gb-image gb-image-7324916a\" src=\"https:\/\/www.thecolosseum.org\/de\/wp-content\/uploads\/sites\/3\/colosseum-hotels-1724119091.jpg\" alt=\"Hotels im Kolosseum\" \/><\/figure>\n\n<\/div><\/div>\n\n<div class=\"gb-grid-column gb-grid-column-ff768bde\"><div class=\"gb-container gb-container-ff768bde\">\n\n<h2 class=\"gb-headline gb-headline-209cee29 gb-headline-text ms-link-unstyled\"><a href=\"https:\/\/www.thecolosseum.org\/de\/hotels\/\">Hotels<\/a><\/h2>\n\n\n<div class=\"gb-container gb-container-919dbe01\">\n<div class=\"gb-container gb-container-ebf0451d\">\n\n<p class=\"gb-headline gb-headline-13e055cf gb-headline-text ms-text-muted\">Suchen Sie nach einem Ort zum \u00dcbernachten im Zentrum von Rom? Schauen Sie sich unsere Liste von Hotels in der N\u00e4he des Kolosseums an. Sie k\u00f6nnen auch \u00fcber Booking.com direkt hier buchen.<\/p>\n\n<\/div>\n<\/div>\n\n\n<p class=\"gb-headline gb-headline-bd6d4b5a gb-headline-text\"><a href=\"https:\/\/www.thecolosseum.org\/de\/hotels\/\">Finden Sie einen Ort, um in Rom zu \u00fcbernachten<\/a><\/p>\n\n<\/div><\/div>\n<\/div>\n<\/div>\n\n\n<p><\/p>\n","protected":false},"excerpt":{"rendered":"","protected":false},"author":1,"featured_media":0,"parent":0,"menu_order":2,"comment_status":"closed","ping_status":"closed","template":"","meta":{"_acf_changed":false,"footnotes":"","button_url":"https:\/\/www.tiqets.com\/de\/colosseum-l145769\/?partner=thecolosseum","ms_product_id":"1111515","ms_product_name":"Colosseum & Roman Forum + Audio Guide","ms_price":"36","ms_currency":"EUR","ms_rating_value":"4.1","ms_review_count":"19655","rank_math_title":"Das R\u00f6mische Kolosseum im %currentyear%","rank_math_description":"Bereiten Sie Ihren Besuch im R\u00f6mischen Kolosseum vor und erfahren Sie mehr \u00fcber seine faszinierende Geschichte."},"post-style":[],"producer":[],"class_list":["post-561","page","type-page","status-publish","has-post-thumbnail"],"acf":[],"product_schema":{"ms_product_id":"1111515","ms_product_name":"Colosseum & Roman Forum + Audio Guide","ms_price":"36","ms_currency":"EUR","ms_rating_value":"4.1","ms_review_count":"19655"},"_links":{"self":[{"href":"https:\/\/www.thecolosseum.org\/de\/wp-json\/wp\/v2\/pages\/561","targetHints":{"allow":["GET"]}}],"collection":[{"href":"https:\/\/www.thecolosseum.org\/de\/wp-json\/wp\/v2\/pages"}],"about":[{"href":"https:\/\/www.thecolosseum.org\/de\/wp-json\/wp\/v2\/types\/page"}],"author":[{"embeddable":true,"href":"https:\/\/www.thecolosseum.org\/de\/wp-json\/wp\/v2\/users\/1"}],"replies":[{"embeddable":true,"href":"https:\/\/www.thecolosseum.org\/de\/wp-json\/wp\/v2\/comments?post=561"}],"version-history":[{"count":3,"href":"https:\/\/www.thecolosseum.org\/de\/wp-json\/wp\/v2\/pages\/561\/revisions"}],"predecessor-version":[{"id":1033,"href":"https:\/\/www.thecolosseum.org\/de\/wp-json\/wp\/v2\/pages\/561\/revisions\/1033"}],"wp:attachment":[{"href":"https:\/\/www.thecolosseum.org\/de\/wp-json\/wp\/v2\/media?parent=561"}],"wp:term":[{"taxonomy":"post-style","embeddable":true,"href":"https:\/\/www.thecolosseum.org\/de\/wp-json\/wp\/v2\/post-style?post=561"},{"taxonomy":"producer","embeddable":true,"href":"https:\/\/www.thecolosseum.org\/de\/wp-json\/wp\/v2\/producer?post=561"}],"curies":[{"name":"wp","href":"https:\/\/api.w.org\/{rel}","templated":true}]}}