{"id":46,"date":"2017-09-07T17:18:04","date_gmt":"2017-09-07T15:18:04","guid":{"rendered":"https:\/\/www.thecolosseum.org\/de\/?page_id=46"},"modified":"2025-01-16T13:56:59","modified_gmt":"2025-01-16T12:56:59","slug":"hotels","status":"publish","type":"page","link":"https:\/\/www.thecolosseum.org\/de\/hotels\/","title":{"rendered":"Hotels in der N\u00e4he des Kolosseums"},"content":{"rendered":"\n<p>Wenige St\u00e4dte der Welt k\u00f6nnen mit dem beeindruckenden Spektrum an Sehensw\u00fcrdigkeiten und Aktivit\u00e4ten mithalten, das Rom zu bieten hat. R\u00f6mische Ruinen, heilige St\u00e4tten, wundersch\u00f6ne Kunstwerke, gro\u00dfartiges Essen&#8230; Rom hat alles.<\/p>\n\n\n\n<script src=\"https:\/\/www.booking.com\/affiliate\/prelanding_sdk\"><\/script>\n  \n  <div id=\"bookingAffiliateWidget_d8e65aae-5718-439b-8f87-c4a7eee37a60\">&nbsp;<\/div>\n  \n  <script>\n      (function () {\n          var BookingAffiliateWidget = new Booking.AffiliateWidget({\n  \"iframeSettings\": {\n    \"selector\": \"bookingAffiliateWidget_d8e65aae-5718-439b-8f87-c4a7eee37a60\",\n    \"responsive\": true\n  },\n  \"widgetSettings\": {\n    \"ss\": \"The Colosseum, Rome, Lazio, Italy\",\n    \"latitude\": 41.89022,\n    \"longitude\": 12.492268,\n    \"zoom\": 15,\n    \"customMarkerTitle\": \" The Colosseum\"\n  }\n});\n      })();\n  <\/script>\n\n\n\n<p>Man sagt, Rom sei die Stadt mit den meisten Denkm\u00e4lern weltweit \u2013 passend f\u00fcr die Hauptstadt des alten R\u00f6mischen Reiches, eine Stadt, die sich stolz als die Ewige Stadt bezeichnet.<\/p>\n\n\n\n<p>Das <em>Centro Storico<\/em> (historische Zentrum) beherbergt einige der wichtigsten \u00dcberbleibsel des R\u00f6mischen Reiches, wie das Kolosseum und das Pantheon, sowie ikonische und heilige Orte wie die Basilika St. Peter im Vatikan, die Sixtinische Kapelle und den Trevi-Brunnen.<\/p>\n\n\n\n<p>Wenn Sie in der N\u00e4he des Kolosseums und vieler anderer arch\u00e4ologischer Sch\u00e4tze Roms \u00fcbernachten m\u00f6chten, sollten Sie sich im <em>Centro Storico<\/em> aufhalten. Zu diesem Zweck haben wir eine Liste der besten Hotels in der Gegend zusammengestellt, ebenso wie einige hoch bewertete Bed &amp; Breakfasts f\u00fcr diejenigen, die eine informellere und intimere Unterkunft suchen.<\/p>\n\n\n\n<h2 class=\"wp-block-heading\"><strong>Die 10 besten Hotels in der N\u00e4he des Kolosseums<\/strong><\/h2>\n\n\n\n<p>Die Liste enth\u00e4lt eine Vielzahl von Unterk\u00fcnften in unterschiedlichen Stilen und Preisklassen, alle fu\u00dfl\u00e4ufig zum Kolosseum und vielen anderen wichtigen Denkm\u00e4lern Roms.<\/p>\n\n\n\n<h3 class=\"wp-block-heading\">Hotel San Anselmo<\/h3>\n\n\n\n<p>Das <em>Hotel San Anselmo<\/em> ist ein Boutique-Hotel, das eine wundersch\u00f6ne Villa aus dem 19. Jahrhundert im Aventin-Viertel einnimmt. Mit 4 Sternen bewertet, sind das Kolosseum, das Pantheon und die Piazza Venezia weniger als 2 km entfernt. Das Hotel verf\u00fcgt \u00fcber einen Garten, in dem G\u00e4ste w\u00e4hrend der warmen Monate fr\u00fchst\u00fccken k\u00f6nnen, kostenloses WLAN, und die Zimmer bieten charmante Annehmlichkeiten wie Himmelbetten und freistehende Jacuzzi-Badewannen.<\/p>\n\n\n\n<figure class=\"gb-block-image gb-block-image-f9180829\"><img decoding=\"async\" width=\"600\" height=\"400\" class=\"gb-image gb-image-f9180829 ms-mb-block\" src=\"https:\/\/www.thecolosseum.org\/de\/wp-content\/uploads\/sites\/3\/San-Anselmo-II.jpg\" alt=\"Schlafzimmer Hotel San Anselmo\"\/><\/figure>\n\n\n\n<h3 class=\"wp-block-heading\">Hotel Paba<\/h3>\n\n\n\n<p>Das <em>Hotel Paba<\/em> ist ein kleines, gem\u00fctliches 2-Sterne-Hotel mitten im Monti-Viertel. Sowohl das Kolosseum als auch das Forum Romanum sind weniger als 500 Meter entfernt, und die Gegend ist voll von kleinen Caf\u00e9s, in denen Sie den ber\u00fchmten intensiven italienischen Kaffee genie\u00dfen k\u00f6nnen \u2013 aber nennen Sie ihn nicht Espresso! Der korrekte Begriff lautet <em>caff\u00e8<\/em>. Das <em>Hotel Paba<\/em> bietet erschwingliche Preise in einer oft teureren Gegend, und alle Zimmer sind sauber, hell, und mit Klimaanlage, WLAN und Satellitenfernsehen ausgestattet \u2013 die ideale Ausgangsbasis, um das historische Zentrum Roms zu erkunden.<\/p>\n\n\n\n<figure class=\"gb-block-image gb-block-image-97032bc6\"><img decoding=\"async\" width=\"1024\" height=\"576\" class=\"gb-image gb-image-97032bc6 ms-mb-block\" src=\"https:\/\/www.thecolosseum.org\/de\/wp-content\/uploads\/sites\/3\/Hotel-Paba-1024x576.jpg\" alt=\"Schlafzimmer Hotel Pub\" srcset=\"https:\/\/www.thecolosseum.org\/de\/wp-content\/uploads\/sites\/3\/Hotel-Paba-1024x576.jpg 1024w, https:\/\/www.thecolosseum.org\/de\/wp-content\/uploads\/sites\/3\/Hotel-Paba-768x432.jpg 768w\" sizes=\"(max-width: 1024px) 100vw, 1024px\" \/><\/figure>\n\n\n\n<h3 class=\"wp-block-heading\">Hotel Capo d\u2019Africa<\/h3>\n\n\n\n<p>Nur drei Blocks vom Kolosseum entfernt, ist das <em>Capo d&#8217;Africa<\/em> ein luxuri\u00f6ses 4-Sterne-Hotel mit einer Dachterrasse und einem Restaurant, in dem G\u00e4ste ihre Mahlzeiten mit Blick auf die italienische Hauptstadt genie\u00dfen k\u00f6nnen. Das Hotel zeigt zeitgen\u00f6ssische italienische Kunst und moderne Inneneinrichtung, die Zimmer sind klimatisiert und mit WLAN ausgestattet, und G\u00e4ste haben Zugang zum Fitnessstudio des Hotels.<\/p>\n\n\n\n<figure class=\"gb-block-image gb-block-image-6f394a22\"><img decoding=\"async\" width=\"1024\" height=\"576\" class=\"gb-image gb-image-6f394a22 ms-mb-block\" src=\"https:\/\/www.thecolosseum.org\/de\/wp-content\/uploads\/sites\/3\/Capo-dAfrica-1024x576.jpg\" alt=\"Terrasse des Hotels Capo d'Africa\" srcset=\"https:\/\/www.thecolosseum.org\/de\/wp-content\/uploads\/sites\/3\/Capo-dAfrica-1024x576.jpg 1024w, https:\/\/www.thecolosseum.org\/de\/wp-content\/uploads\/sites\/3\/Capo-dAfrica-768x432.jpg 768w\" sizes=\"(max-width: 1024px) 100vw, 1024px\" \/><\/figure>\n\n\n\n<h3 class=\"wp-block-heading\">The Britannia<\/h3>\n\n\n\n<p>In einem Geb\u00e4ude aus dem 19. Jahrhundert, zwei Minuten vom Opernhaus Roms und der U-Bahnstation <em>Repubblica<\/em> entfernt, ist das <em>Britannia<\/em> ein elegantes 4-Sterne-Hotel, das ein reichhaltiges amerikanisches Fr\u00fchst\u00fccksbuffet, kostenloses WLAN und stilvolle, sehr komfortable Zimmer bietet. Das Hotel betreibt eine 24-Stunden-Rezeption mit Personal, das in sechs Sprachen flie\u00dfend ist, und liegt zentral, etwa 20 Gehminuten von der monumentalen Kolosseumsgegend entfernt.<\/p>\n\n\n\n<figure class=\"gb-block-image gb-block-image-3ccdef14\"><img decoding=\"async\" width=\"1024\" height=\"576\" class=\"gb-image gb-image-3ccdef14 ms-mb-block\" src=\"https:\/\/www.thecolosseum.org\/de\/wp-content\/uploads\/sites\/3\/The-Britannia-1024x576.jpg\" alt=\"Schlafzimmer Hotel The Britannia\" srcset=\"https:\/\/www.thecolosseum.org\/de\/wp-content\/uploads\/sites\/3\/The-Britannia-1024x576.jpg 1024w, https:\/\/www.thecolosseum.org\/de\/wp-content\/uploads\/sites\/3\/The-Britannia-768x432.jpg 768w\" sizes=\"(max-width: 1024px) 100vw, 1024px\" \/><\/figure>\n\n\n\n<h3 class=\"wp-block-heading\">Hotel Locanda Cairoli<\/h3>\n\n\n\n<p>Das <em>Locanda Cairoli<\/em> ist ein 4-Sterne-Hotel in einem Geb\u00e4ude aus dem 18. Jahrhundert mit einer interessanten, modernen Dekoration. Die Zimmer sind individuell mit geschmackvollen Antiquit\u00e4ten, Gem\u00e4lden und Skulpturen eingerichtet. Das <em>Cairoli<\/em> bietet exzellenten Service, ein hoch bewertetes kontinentales Fr\u00fchst\u00fccksbuffet, das t\u00e4glich serviert wird, WLAN im gesamten Hotel, und vor allem: Es liegt in der N\u00e4he aller wichtigen Monumente und Sehensw\u00fcrdigkeiten Roms. \u201eSchwer vorstellbar, eine bessere Lage f\u00fcr einen Touristen in Rom zu finden\u201c, beschreibt es perfekt.<\/p>\n\n\n\n<figure class=\"gb-block-image gb-block-image-d09a1cc6\"><img decoding=\"async\" width=\"1024\" height=\"576\" class=\"gb-image gb-image-d09a1cc6 ms-mb-block\" src=\"https:\/\/www.thecolosseum.org\/de\/wp-content\/uploads\/sites\/3\/Locanda-Cairoli-1024x576.jpg\" alt=\"Schlafzimmer Hotel Locanda Cairoli\" srcset=\"https:\/\/www.thecolosseum.org\/de\/wp-content\/uploads\/sites\/3\/Locanda-Cairoli-1024x576.jpg 1024w, https:\/\/www.thecolosseum.org\/de\/wp-content\/uploads\/sites\/3\/Locanda-Cairoli-768x432.jpg 768w\" sizes=\"(max-width: 1024px) 100vw, 1024px\" \/><\/figure>\n\n\n\n<h3 class=\"wp-block-heading\">Bettoja Hotel Mediterraneo<\/h3>\n\n\n\n<p>Im Zentrum der Stadt, auf dem h\u00f6chsten der sieben H\u00fcgel Roms, bietet das <em>Bettoja Mediterraneo<\/em> eine Dachterrasse mit spektakul\u00e4rem Blick \u00fcber ganz Rom \u2013 der perfekte Ort, um nach einem Tag voller Erkundungen bei einem Glas Rotwein zu entspannen.<\/p>\n\n\n\n<figure class=\"gb-block-image gb-block-image-adf2aade\"><img decoding=\"async\" width=\"1024\" height=\"576\" class=\"gb-image gb-image-adf2aade ms-mb-block\" src=\"https:\/\/www.thecolosseum.org\/de\/wp-content\/uploads\/sites\/3\/Bettoja-Mediterraneo-1024x576.jpg\" alt=\"Terrasse des Hotel Bettoja Mediterraneo\" srcset=\"https:\/\/www.thecolosseum.org\/de\/wp-content\/uploads\/sites\/3\/Bettoja-Mediterraneo-1024x576.jpg 1024w, https:\/\/www.thecolosseum.org\/de\/wp-content\/uploads\/sites\/3\/Bettoja-Mediterraneo-768x432.jpg 768w\" sizes=\"(max-width: 1024px) 100vw, 1024px\" \/><\/figure>\n\n\n\n<h3 class=\"wp-block-heading\">Kolbe Hotel Rome<\/h3>\n\n\n\n<p>Das <em>Kolbe Hotel Rome<\/em> ist ein luxuri\u00f6ses 4-Sterne-Hotel mit Blick auf das Forum Romanum und in fu\u00dfl\u00e4ufiger Entfernung zum Kolosseum. Die Zimmer sind stilvoll eingerichtet, mit hohen Decken und freigelegtem Mauerwerk. Es gibt WLAN im gesamten Hotel, und G\u00e4ste k\u00f6nnen das Fr\u00fchst\u00fcck und andere Mahlzeiten auf der Terrasse genie\u00dfen, die auf den Garten des Hotels hinausf\u00fchrt, der mit Palmen, Orangen- und Olivenb\u00e4umen bepflanzt ist.<\/p>\n\n\n\n<figure class=\"gb-block-image gb-block-image-fcc4ccca\"><img decoding=\"async\" width=\"1024\" height=\"576\" class=\"gb-image gb-image-fcc4ccca ms-mb-block\" src=\"https:\/\/www.thecolosseum.org\/de\/wp-content\/uploads\/sites\/3\/Kolbe-Hotel-1024x576.jpg\" alt=\"Terrasse des Hotels Kolbe\" srcset=\"https:\/\/www.thecolosseum.org\/de\/wp-content\/uploads\/sites\/3\/Kolbe-Hotel-1024x576.jpg 1024w, https:\/\/www.thecolosseum.org\/de\/wp-content\/uploads\/sites\/3\/Kolbe-Hotel-768x432.jpg 768w\" sizes=\"(max-width: 1024px) 100vw, 1024px\" \/><\/figure>\n\n\n\n<h3 class=\"wp-block-heading\">The Corner Townhouse<\/h3>\n\n\n\n<p><em>The Corner<\/em> ist ein Paradebeispiel f\u00fcr Modernit\u00e4t \u2013 untergebracht in einer wundersch\u00f6nen Art-Nouveau-Villa im Herzen von Aventino, kombiniert seine Dekoration moderne und klassische Elemente, leuchtende und schlichte Akzente und das auf geschmackvolle Weise. Wenn Sie dort \u00fcbernachten, d\u00fcrfen Sie auf keinen Fall das Restaurant des Hotels verpassen: <em>The Corner<\/em>, ein Michelin-Stern-Restaurant, das zeitgen\u00f6ssische r\u00f6mische K\u00fcche des Chefkochs Marco Martini serviert.<\/p>\n\n\n\n<figure class=\"gb-block-image gb-block-image-0832f930\"><img decoding=\"async\" width=\"1024\" height=\"576\" class=\"gb-image gb-image-0832f930 ms-mb-block\" src=\"https:\/\/www.thecolosseum.org\/de\/wp-content\/uploads\/sites\/3\/Corner-Townhouse-1024x576.jpg\" alt=\"Restaurant des Hotel Corner Townhouse\" srcset=\"https:\/\/www.thecolosseum.org\/de\/wp-content\/uploads\/sites\/3\/Corner-Townhouse-1024x576.jpg 1024w, https:\/\/www.thecolosseum.org\/de\/wp-content\/uploads\/sites\/3\/Corner-Townhouse-768x432.jpg 768w\" sizes=\"(max-width: 1024px) 100vw, 1024px\" \/><\/figure>\n\n\n\n<h3 class=\"wp-block-heading\">Dharma Hotel and Luxury Suites<\/h3>\n\n\n\n<p>Das <em>Dharma<\/em> ist ein Boutique-Hotel mit stilvollen, individuell eingerichteten Zimmern, das sich in zentraler Lage befindet. F\u00fcnf Minuten vom zentralen Bahnhof Termini und 15 Minuten vom Kolosseum und vielen anderen wichtigen Monumenten entfernt, ist das Dharma ein hervorragender Ausgangspunkt, um die Ewige Stadt zu erkunden und sich danach zu entspannen. Einige Zimmer bieten ein einzigartiges \u201eWellness\u201c-Erlebnis: einen pers\u00f6nlichen Whirlpool und ein t\u00fcrkisches Bad.<\/p>\n\n\n\n<figure class=\"gb-block-image gb-block-image-81f9de87\"><img decoding=\"async\" width=\"1024\" height=\"576\" class=\"gb-image gb-image-81f9de87 ms-mb-block\" src=\"https:\/\/www.thecolosseum.org\/de\/wp-content\/uploads\/sites\/3\/Dharma-1024x576.jpg\" alt=\"Hotel Dharma Zimmer\" srcset=\"https:\/\/www.thecolosseum.org\/de\/wp-content\/uploads\/sites\/3\/Dharma-1024x576.jpg 1024w, https:\/\/www.thecolosseum.org\/de\/wp-content\/uploads\/sites\/3\/Dharma-768x432.jpg 768w, https:\/\/www.thecolosseum.org\/de\/wp-content\/uploads\/sites\/3\/Dharma-1280x720.jpg 1280w\" sizes=\"(max-width: 1024px) 100vw, 1024px\" \/><\/figure>\n\n\n\n<h3 class=\"wp-block-heading\">Stendahl Hotel<\/h3>\n\n\n\n<p>Nur wenige Minuten vom ber\u00fchmten Trevi-Brunnen und der Spanischen Treppe entfernt, ist das <em>Stendhal<\/em> ein elegantes Boutique-Hotel im Herzen der Altstadt von Rom. Es verf\u00fcgt \u00fcber Zimmer mit allen Annehmlichkeiten, eine Lounge, die qualitativ hochwertige Cocktails serviert, und ein umfangreiches Fr\u00fchst\u00fccksbuffet \u2013 der perfekte Ort, um sich im Trevi-Viertel zu verlieren, das bei Touristen beliebt ist, nicht nur wegen der Sehensw\u00fcrdigkeiten, sondern auch wegen der vielen guten Restaurants.<\/p>\n\n\n\n<figure class=\"gb-block-image gb-block-image-f40e80ac\"><img decoding=\"async\" width=\"1024\" height=\"576\" class=\"gb-image gb-image-f40e80ac ms-mb-block\" src=\"https:\/\/www.thecolosseum.org\/de\/wp-content\/uploads\/sites\/3\/Stendahl-1024x576.jpg\" alt=\"Hotel Stendahl Zimmer\" srcset=\"https:\/\/www.thecolosseum.org\/de\/wp-content\/uploads\/sites\/3\/Stendahl-1024x576.jpg 1024w, https:\/\/www.thecolosseum.org\/de\/wp-content\/uploads\/sites\/3\/Stendahl-768x432.jpg 768w\" sizes=\"(max-width: 1024px) 100vw, 1024px\" \/><\/figure>\n\n\n\n<h2 class=\"wp-block-heading\"><strong>Bonus: 3 gro\u00dfartige Bed &amp; Breakfasts in der N\u00e4he des Kolosseums<\/strong><\/h2>\n\n\n\n<p>Wenn Sie nach einer g\u00fcnstigeren Unterkunft suchen, ist ein Bed &amp; Breakfast m\u00f6glicherweise besser geeignet. Nachfolgend finden Sie drei gro\u00dfartige Standorte, alle in der N\u00e4he des Kolosseums.<\/p>\n\n\n\n<h3 class=\"wp-block-heading\">Li Rioni B&amp;B<\/h3>\n\n\n\n<p><em>Li Rioni<\/em> ist ein komfortables kleines Bed &amp; Breakfast nur 300 Meter vom Kolosseum entfernt. Die Zimmer sind gut ausgestattet und sauber, mit kostenlosem WLAN, eigenem Bad und Fr\u00fchst\u00fcck, das jeden Morgen auf der sonnigen Terrasse der Unterkunft serviert wird. Die <em>Domus Aurea<\/em> und das Forum Romanum sind ebenfalls in wenigen Minuten zu Fu\u00df erreichbar.<\/p>\n\n\n\n<figure class=\"gb-block-image gb-block-image-9a29c736\"><img decoding=\"async\" width=\"1024\" height=\"576\" class=\"gb-image gb-image-9a29c736 ms-mb-block\" src=\"https:\/\/www.thecolosseum.org\/de\/wp-content\/uploads\/sites\/3\/Li-Rioni-1024x576.jpg\" alt=\"Li Rioni Schlafzimmer\" srcset=\"https:\/\/www.thecolosseum.org\/de\/wp-content\/uploads\/sites\/3\/Li-Rioni-1024x576.jpg 1024w, https:\/\/www.thecolosseum.org\/de\/wp-content\/uploads\/sites\/3\/Li-Rioni-768x432.jpg 768w\" sizes=\"(max-width: 1024px) 100vw, 1024px\" \/><\/figure>\n\n\n\n<h3 class=\"wp-block-heading\">B&amp;B Laurus Colosseo<\/h3>\n\n\n\n<p>Das <em>Laurus Colosseo<\/em> liegt praktisch gleich um die Ecke vom Kolosseum und nur 5 Gehminuten von der <em>Domus Aurea<\/em> entfernt. Es gibt WLAN in der gesamten Unterkunft, und wenn Sie Rom auf eine etwas andere Art erkunden m\u00f6chten, bieten sie sogar Fahrr\u00e4der zum Verleih an, damit Sie die Stadt auf eigene Faust erkunden k\u00f6nnen, ohne lange Strecken zu Fu\u00df zur\u00fccklegen oder auf \u00f6ffentliche Verkehrsmittel angewiesen sein zu m\u00fcssen.<\/p>\n\n\n\n<figure class=\"gb-block-image gb-block-image-1ce65606\"><img decoding=\"async\" width=\"1024\" height=\"576\" class=\"gb-image gb-image-1ce65606 ms-mb-block\" src=\"https:\/\/www.thecolosseum.org\/de\/wp-content\/uploads\/sites\/3\/Laurus-Colosseo-1024x576.jpg\" alt=\"Laurus Colosseo Schlafzimmer\" srcset=\"https:\/\/www.thecolosseum.org\/de\/wp-content\/uploads\/sites\/3\/Laurus-Colosseo-1024x576.jpg 1024w, https:\/\/www.thecolosseum.org\/de\/wp-content\/uploads\/sites\/3\/Laurus-Colosseo-768x432.jpg 768w\" sizes=\"(max-width: 1024px) 100vw, 1024px\" \/><\/figure>\n\n\n\n<h3 class=\"wp-block-heading\">Luce B&amp;B<\/h3>\n\n\n\n<p><em>Luce<\/em> ist die g\u00fcnstigste Unterkunft auf beiden unserer Listen, aber das bedeutet nicht, dass sie schlechter ist als die anderen. <em>Luce<\/em> ist ein sauberes und gem\u00fctliches Bed &amp; Breakfast nur einen Steinwurf vom Kolosseum und anderen nahegelegenen Denkm\u00e4lern entfernt, mit kostenlosem WLAN in der gesamten Unterkunft und Klimaanlage in allen Zimmern. Es wird hoch bewertet und bietet ein ausgezeichnetes Preis-Leistungs-Verh\u00e4ltnis f\u00fcr jeden, der die meiste Zeit in der Ewigen Stadt mit der Erkundung ihrer zahlreichen Sehensw\u00fcrdigkeiten und Denkm\u00e4ler verbringen m\u00f6chte.<\/p>\n\n\n\n<figure class=\"gb-block-image gb-block-image-475da45d\"><img decoding=\"async\" width=\"1024\" height=\"576\" class=\"gb-image gb-image-475da45d\" src=\"https:\/\/www.thecolosseum.org\/de\/wp-content\/uploads\/sites\/3\/Luce.jpg\" alt=\"Luce Schlafzimmer\" srcset=\"https:\/\/www.thecolosseum.org\/de\/wp-content\/uploads\/sites\/3\/Luce.jpg 1024w, https:\/\/www.thecolosseum.org\/de\/wp-content\/uploads\/sites\/3\/Luce-768x432.jpg 768w\" sizes=\"(max-width: 1024px) 100vw, 1024px\" \/><\/figure>\n","protected":false},"excerpt":{"rendered":"","protected":false},"author":1,"featured_media":0,"parent":0,"menu_order":12,"comment_status":"closed","ping_status":"closed","template":"","meta":{"_acf_changed":false,"footnotes":"","button_url":"https:\/\/www.tiqets.com\/de\/colosseum-l145769\/?partner=thecolosseum","ms_product_id":"","ms_product_name":"","ms_price":"","ms_currency":"","ms_rating_value":"","ms_review_count":"","rank_math_title":"10 Beste Hotels Am Kolosseum %currentyear%  (Mit Fotos)","rank_math_description":""},"post-style":[],"producer":[],"class_list":["post-46","page","type-page","status-publish","has-post-thumbnail"],"acf":[],"product_schema":{"ms_product_id":"","ms_product_name":"","ms_price":"","ms_currency":"","ms_rating_value":"","ms_review_count":""},"_links":{"self":[{"href":"https:\/\/www.thecolosseum.org\/de\/wp-json\/wp\/v2\/pages\/46","targetHints":{"allow":["GET"]}}],"collection":[{"href":"https:\/\/www.thecolosseum.org\/de\/wp-json\/wp\/v2\/pages"}],"about":[{"href":"https:\/\/www.thecolosseum.org\/de\/wp-json\/wp\/v2\/types\/page"}],"author":[{"embeddable":true,"href":"https:\/\/www.thecolosseum.org\/de\/wp-json\/wp\/v2\/users\/1"}],"replies":[{"embeddable":true,"href":"https:\/\/www.thecolosseum.org\/de\/wp-json\/wp\/v2\/comments?post=46"}],"version-history":[{"count":3,"href":"https:\/\/www.thecolosseum.org\/de\/wp-json\/wp\/v2\/pages\/46\/revisions"}],"predecessor-version":[{"id":856,"href":"https:\/\/www.thecolosseum.org\/de\/wp-json\/wp\/v2\/pages\/46\/revisions\/856"}],"wp:attachment":[{"href":"https:\/\/www.thecolosseum.org\/de\/wp-json\/wp\/v2\/media?parent=46"}],"wp:term":[{"taxonomy":"post-style","embeddable":true,"href":"https:\/\/www.thecolosseum.org\/de\/wp-json\/wp\/v2\/post-style?post=46"},{"taxonomy":"producer","embeddable":true,"href":"https:\/\/www.thecolosseum.org\/de\/wp-json\/wp\/v2\/producer?post=46"}],"curies":[{"name":"wp","href":"https:\/\/api.w.org\/{rel}","templated":true}]}}