{"id":34,"date":"2017-09-07T16:38:07","date_gmt":"2017-09-07T14:38:07","guid":{"rendered":"https:\/\/www.thecolosseum.org\/de\/?page_id=34"},"modified":"2025-01-06T11:13:49","modified_gmt":"2025-01-06T10:13:49","slug":"gladiatoren","status":"publish","type":"page","link":"https:\/\/www.thecolosseum.org\/de\/gladiatoren\/","title":{"rendered":"Antike r\u00f6mische Gladiatoren"},"content":{"rendered":"\n<p>Vielleicht ist keine Figur aus dem antiken Rom so ber\u00fchmt wie der Gladiator \u2013 ein Krieger der Arena, der zum Tode gegen Bestien, Verbrecher und andere Gladiatoren k\u00e4mpfte, um die r\u00f6mische Gesellschaft zu unterhalten.<\/p>\n\n\n\n<p>Gladiatoren sind stark mythisierte Figuren geworden, teils dank ber\u00fchmter Werke der Fiktion wie dem Film <em>Gladiator<\/em>, inszeniert von Ridley Scott und mit Russell Crowe in der Hauptrolle, oder dem Klassiker <em>Spartacus<\/em>. Aber wie waren sie wirklich?<\/p>\n\n\n\n<figure class=\"gb-block-image gb-block-image-3312322e\"><img decoding=\"async\" width=\"1024\" height=\"576\" class=\"gb-image gb-image-3312322e\" src=\"https:\/\/www.thecolosseum.org\/de\/wp-content\/uploads\/sites\/3\/gladiator-painting-optimized-1024x576.jpg\" alt=\"Ein Gladiator steht \u00fcber seinen besiegten Feinden im Kolosseum und wartet darauf, dass der Kaiser ihm den Daumen hoch oder runter zeigt.\" srcset=\"https:\/\/www.thecolosseum.org\/de\/wp-content\/uploads\/sites\/3\/gladiator-painting-optimized-1024x576.jpg 1024w, https:\/\/www.thecolosseum.org\/de\/wp-content\/uploads\/sites\/3\/gladiator-painting-optimized-768x432.jpg 768w, https:\/\/www.thecolosseum.org\/de\/wp-content\/uploads\/sites\/3\/gladiator-painting-optimized-1280x720.jpg 1280w, https:\/\/www.thecolosseum.org\/de\/wp-content\/uploads\/sites\/3\/gladiator-painting-optimized-1600x900.jpg 1600w\" sizes=\"(max-width: 1024px) 100vw, 1024px\" \/>\n<p class=\"gb-headline gb-headline-27b5b127 gb-headline-text\"><em>Pollice Verso<\/em>,<em> Mit gedrehtem Daumen<\/em>, von Jean-L\u00e9on G\u00e9r\u00f4me.<\/p>\n<\/figure>\n\n\n\n<h2 class=\"wp-block-heading\"><strong>Wer waren die r\u00f6mischen Gladiatoren<\/strong><\/h2>\n\n\n\n<p>Die meisten r\u00f6mischen Gladiatoren waren de facto Sklaven und hatten daher keine Rechte in der r\u00f6mischen Gesellschaft und wurden kaum als Menschen betrachtet. F\u00fcr jede epische Geschichte eines Gladiators, der zur Legende der Arena wurde und Ruhm und Freiheit erlangte, starben Tausende anonym im Sand.<\/p>\n\n\n\n<p>Sie f\u00fchrten gewaltt\u00e4tige, gef\u00e4hrliche Leben und waren den Launen ihrer Vorgesetzten ausgeliefert. Einige schafften es, diese Umst\u00e4nde zu \u00fcberwinden und wurden zu Ber\u00fchmtheiten, aber sie waren eine sehr kleine Minderheit.<\/p>\n\n\n\n<h3 class=\"wp-block-heading\"><strong>Arten von Gladiatoren<\/strong><\/h3>\n\n\n\n<p>Es gab \u00fcber <a href=\"https:\/\/de.wikipedia.org\/wiki\/Gladiatorengattungen\" target=\"_blank\" rel=\"noreferrer noopener nofollow\">zwei Dutzend verschiedene Arten von Gladiatoren<\/a>, die sich durch die Waffen, die sie benutzten, die R\u00fcstungen, die sie trugen, die Kampfstile, die sie anwendeten, und die Veranstaltungen, bei denen sie k\u00e4mpften, voneinander unterschieden. Im Folgenden finden Sie eine Liste der bekanntesten Typen:<\/p>\n\n\n\n<ul class=\"wp-block-list\">\n<li><em>Murmillo<\/em>, schwer gepanzerte Gladiatoren, die ein gro\u00dfes, l\u00e4ngliches Schild und ein Schwert namens Gladius benutzten. Ihr markantestes Merkmal war der Helm mit vollst\u00e4ndiger Abdeckung, der mit einem fischf\u00f6rmigen Kamm verziert war.<\/li>\n\n\n\n<li><em>Thraex<\/em>, \u00e4hnlich gepanzerte Gladiatoren wie die Murmillo, die jedoch ein kleineres, rechteckiges Schild und ein gekr\u00fcmmtes thrakisches Schwert benutzten. Ihr Helm bedeckte den gesamten Kopf und war mit einem Greifen statt eines Fisches verziert.<\/li>\n\n\n\n<li><em>Retiarius<\/em>, die ber\u00fchmten Gladiatoren, die ein gro\u00dfes Netz und einen Dreizack f\u00fchrten. Sie trugen leichtere R\u00fcstungen und keinen Schild und k\u00e4mpften, indem sie versuchten, ihre Gegner mit dem Netz zu fangen und sie dann mit ihrem Dreizack zu erstechen.<\/li>\n\n\n\n<li><em>Essedarius<\/em>, berittene Gladiatoren. Es gibt nur wenige Informationen \u00fcber sie, au\u00dfer dass sie auf Streitwagen k\u00e4mpften.<\/li>\n\n\n\n<li><em>Hoplomachus<\/em>, was auf Griechisch \u201ebewaffneter K\u00e4mpfer\u201c bedeutet, waren Gladiatoren, die einen Wurfspeer, ein kurzes Schwert, ein kleines, rundes Schild trugen und einen Helm mit Federbusch trugen.<\/li>\n<\/ul>\n\n\n\n<figure class=\"gb-block-image gb-block-image-3bb2aa1d\"><img decoding=\"async\" width=\"500\" height=\"502\" class=\"gb-image gb-image-3bb2aa1d\" src=\"https:\/\/www.thecolosseum.org\/de\/wp-content\/uploads\/sites\/3\/gladiator-mosaic.jpg\" alt=\"Mosaik von zwei k\u00e4mpfenden Gladiatoren, einem Retiarius und einem Secutor, unter Beobachtung der Schiedsrichter\" \/>\n<p class=\"gb-headline gb-headline-c62c1daa gb-headline-text\">Ein Retiarius k\u00e4mpft gegen einen Secutor, die Schiedsrichter \u00fcberwachen den Kampf.<\/p>\n<\/figure>\n\n\n\n<h3 class=\"wp-block-heading\"><strong>Gab es weibliche Gladiatoren?<\/strong><\/h3>\n\n\n\n<p>Es gab weibliche Gladiatoren, obwohl sie eine sehr kleine Minderheit waren und laut Schriften aus der damaligen Zeit offenbar eher als Kuriosit\u00e4t und als eigenartige Unterhaltung angesehen wurden, weniger als regul\u00e4rer Typ von Gladiator.<\/p>\n\n\n\n<h3 class=\"wp-block-heading\"><strong>Gladiatorenausbildung<\/strong><\/h3>\n\n\n\n<p>Gladiatoren geh\u00f6rten der <em>infame<\/em>-Klasse an, ber\u00fcchtigt, und somit war ihr Leben verfallen und sie geh\u00f6rten ihren Herren. Gladiatorenschulen waren \u00e4u\u00dferst streng, und die Ausbildung, die sie anboten, war hart, wobei arch\u00e4ologische Beweise darauf hindeuten, dass Gladiatoren als Strafe f\u00fcr Fehlverhalten get\u00f6tet werden konnten.<\/p>\n\n\n\n<p>In der Schule trainierten Gladiatoren wahrscheinlich unter einem Meister, der Experte in einem bestimmten Kampfstil war, und alle verschiedenen Gruppen wurden voneinander getrennt gehalten, m\u00f6glicherweise um Konflikte zwischen K\u00e4mpfern zu vermeiden, die sich in der Arena begegnen w\u00fcrden.<\/p>\n\n\n\n<p>Nach Eintritt in die Gladiatorenschule (f\u00fcr diejenigen, die nicht als Strafe f\u00fcr ein Verbrechen dazu verurteilt worden waren) unterschrieben Gladiatoren einen Vertrag, in dem festgelegt wurde, welcher Art von K\u00e4mpfer sie werden w\u00fcrden, wie oft sie im Jahr k\u00e4mpfen w\u00fcrden und unterzeichneten, dass sie Eigentum ihres Meisters wurden.<\/p>\n\n\n\n<h3 class=\"wp-block-heading\"><strong>Ber\u00fchmte Gladiatoren<\/strong><\/h3>\n\n\n\n<p>Die meisten Gladiatoren lebten und starben anonym, aber einige wurden zu bekannten Ber\u00fchmtheiten und ihre Namen haben die Gegenwart erreicht.<\/p>\n\n\n\n<ul class=\"wp-block-list\">\n<li><strong>Crixus<\/strong> war ein gallischer Sklave und Gladiator, der der Gefangenschaft entkam und einer der Anf\u00fchrer der Rebellenarmee im dritten Sklavenkrieg zwischen Sklaven und der r\u00f6mischen Republik wurde.<\/li>\n\n\n\n<li><strong>Kaiser Commodus<\/strong>, dargestellt von Joaquin Phoenix im Film <em>Gladiator<\/em>, war ein bekannter Fan des Gladiatorenkampfs und wagte sich oft selbst in die Arena. Allerdings war er daf\u00fcr bekannt, ein grausamer K\u00e4mpfer zu sein, der das Privileg seiner Position ausnutzte, um K\u00e4mpfe gegen behinderte Gegner zu arrangieren, die keine Chance hatten, sich zu wehren, und die er in oft sadistischen Spektakeln verst\u00fcmmelte und t\u00f6tete. Dies brachte ihm gro\u00dfen Hass ein und soll zu seiner Ermordung beigetragen haben.<\/li>\n\n\n\n<li><strong>Priscus und Verus<\/strong> waren ein Paar von Gladiatoren, die die Ehre hatten, bei der Einweihung des Flavischen Amphitheaters gegeneinander zu k\u00e4mpfen. Es hei\u00dft, dass sie nach stundenlangem Kampf einigten, den Kampf mit einem Unentschieden zu beenden, woraufhin Kaiser Titus ihnen den <em>rudis<\/em> verlieh, wodurch sie freie M\u00e4nner wurden.<\/li>\n\n\n\n<li><strong>Spiculus<\/strong> war ein Rockstar der Gladiatorenwelt. Er war ein Liebling des blutr\u00fcnstigen Kaisers Nero, der ihn mit Geschenken \u00fcberh\u00e4ufte. Als Nero abgesetzt wurde, rief er Spiculus zu sich, weil er an seinen H\u00e4nden sterben wollte, doch Spiculus reagierte nicht auf die Bitte des ehemaligen Kaisers, und Nero wurde gezwungen, Selbstmord zu begehen.<\/li>\n<\/ul>\n\n\n\n<h3 class=\"wp-block-heading\"><strong>War Spartacus eine echte Person?<\/strong><\/h3>\n\n\n\n<p>Spartacus ist zweifellos der ber\u00fchmteste Gladiator des R\u00f6mischen Reiches, und er war tats\u00e4chlich eine reale Person. Er war ein thrakischer Soldat oder S\u00f6ldner, der schlie\u00dflich als Sklave verkauft wurde und dann Gladiator wurde. Er war einer der Anf\u00fchrer eines Aufstands an der Gladiatorenschule von Capua, der 70 mit der Flucht von 70 der Auszubildenden endete.<\/p>\n\n\n\n<p>Nach ihrer Flucht und einigen anschlie\u00dfenden Scharm\u00fctzeln mit dem r\u00f6mischen Milit\u00e4r, die die Gladiatoren gewannen, wuchs ihre Zahl, bis sie eine Armee von mehreren Zehntausenden wurden. Spartacus f\u00fchrte diese rebellische Sklavenarmee im sogenannten Dritten Sklavenkrieg an, bis seine Streitkr\u00e4fte geschlagen wurden und er vermutlich 71 v. Chr. get\u00f6tet wurde.<\/p>\n\n\n\n<figure class=\"gb-block-image gb-block-image-673fdf20\"><img decoding=\"async\" width=\"1024\" height=\"576\" class=\"gb-image gb-image-673fdf20\" src=\"https:\/\/www.thecolosseum.org\/de\/wp-content\/uploads\/sites\/3\/tod-des-spartacus-optimized-1024x576.jpg\" alt=\"Spartacus f\u00e4llt in der Schlacht auf dem Gem\u00e4lde \u201eTod des Spartacus\u201c von Hermann Vogel\" srcset=\"https:\/\/www.thecolosseum.org\/de\/wp-content\/uploads\/sites\/3\/tod-des-spartacus-optimized-1024x576.jpg 1024w, https:\/\/www.thecolosseum.org\/de\/wp-content\/uploads\/sites\/3\/tod-des-spartacus-optimized-768x432.jpg 768w, https:\/\/www.thecolosseum.org\/de\/wp-content\/uploads\/sites\/3\/tod-des-spartacus-optimized-1280x720.jpg 1280w, https:\/\/www.thecolosseum.org\/de\/wp-content\/uploads\/sites\/3\/tod-des-spartacus-optimized-1600x900.jpg 1600w\" sizes=\"(max-width: 1024px) 100vw, 1024px\" \/>\n<p class=\"gb-headline gb-headline-d0e3b341 gb-headline-text\"><em>Tod des Spartacus<\/em>, <em>Der Tod des Spartacus<\/em>, von Hermann Vogel.<\/p>\n<\/figure>\n\n\n\n<h2 class=\"wp-block-heading\"><strong>Gladiatorenspiele<\/strong><\/h2>\n\n\n\n<p>Meistens traten Gladiatoren in Eins-gegen-Eins-K\u00e4mpfen gegeneinander an und wurden gegen unterschiedliche Typen gepaart, die als komplement\u00e4r angesehen wurden. Murmillos k\u00e4mpften oft gegen Thraker, sowie gegen Hoplomachos und Retiarius. Retiarius (Netz- und Dreizackk\u00e4mpfer) traten normalerweise gegen Gladiatoren mit konventionelleren Waffen an.<\/p>\n\n\n\n<p>Die K\u00e4mpfe waren stark organisiert und von Schiedsrichtern \u00fcberwacht. Nicht alle endeten mit dem Tod. Oft endete ein Kampf ohne den Tod eines der K\u00e4mpfer \u2013 der Grund daf\u00fcr war ganz einfach: Die Ausbildung und der Unterhalt eines Gladiatorenstalls waren teuer, also wollten die Besitzer, dass ihre Gladiatoren so lange wie m\u00f6glich \u00fcberleben. In den fr\u00fchen Jahren des Kolosseums endeten mehr K\u00e4mpfe mit dem Tod, aber im Laufe der Zeit wurden die K\u00e4mpfe weniger t\u00f6dlich, da es kostspielig war, tote Gladiatoren zu ersetzen.<\/p>\n\n\n\n<p>Es gab auch andere Arten von gewaltt\u00e4tigen Unterhaltungen, die im alten Rom beliebt waren und oft mit Gladiatoren in Verbindung gebracht wurden, die aber tats\u00e4chlich von diesen getrennt waren.<\/p>\n\n\n\n<h3 class=\"wp-block-heading\"><strong>Welche Tiere k\u00e4mpften r\u00f6mische Gladiatoren?<\/strong><\/h3>\n\n\n\n<p>Dass Gladiatoren gegen Tiere k\u00e4mpften, ist ein weit verbreiteter Irrtum. Gladiatorenk\u00e4mpfe waren streng organisiert und geregelt, und Gladiatoren k\u00e4mpften normalerweise nur gegen andere menschliche K\u00e4mpfer. Wilde Tiere traten zwar in der Arena auf, aber sie erschienen \u00fcblicherweise im Rahmen der <em>damnatio ad bestias<\/em>, was w\u00f6rtlich \u201eVerdammung zu den Bestien\u201c bedeutet. Dabei wurden Kriminelle und Kriegsgefangene \u00f6ffentlich hingerichtet, indem sie von den Krallen und Z\u00e4hnen wilder Tiere zerfleischt wurden, oder sie dienten als Teil von Scheinjagden durch professionelle J\u00e4ger. Es gab eine Art von K\u00e4mpfer, der gegen wilde Tiere k\u00e4mpfte, den <em>bestiarius<\/em>, aber dieser wurde nicht in demselben Sinne als Gladiator angesehen wie die anderen.<\/p>\n\n\n\n<h3 class=\"wp-block-heading\"><strong>Inszenierte Seeschlachten, die Naumachia<\/strong><\/h3>\n\n\n\n<p>Die <em>Naumachia<\/em>, inszenierte Seeschlachten mit echten Schiffen und K\u00e4mpfern, waren wahrscheinlich die spektakul\u00e4rsten aller r\u00f6mischen Blutsportarten. Im Gegensatz zu den Gladiatorenk\u00e4mpfen, die in den Arenen vieler Gro\u00dfst\u00e4dte regelm\u00e4\u00dfig stattfanden, wurden Naumachien nur zu besonderen Anl\u00e4ssen veranstaltet, wie etwa zur Feier von Julius C\u00e4sars Triumph 46 v. Chr. Die Teilnehmer waren oft Kriegsgefangene oder zum Tode verurteilte Kriminelle, und die Schlachten waren viel blutiger als Gladiatorenk\u00e4mpfe, mit deutlich h\u00f6heren Sterblichkeitsraten.<\/p>\n\n\n\n<p>Naumachien wurden \u00fcblicherweise in speziell gebauten Arenen, gro\u00dfen Kan\u00e4len oder k\u00fcnstlichen Seen abgehalten, die eigens f\u00fcr diesen Zweck ausgehoben wurden. In manchen F\u00e4llen wurden sie jedoch auch in herk\u00f6mmlichen r\u00f6mischen Amphitheatern veranstaltet. Es ist bekannt, dass das r\u00f6mische Kolosseum <a href=\"https:\/\/www.thecolosseum.org\/de\/fakten\/\">zwei Naumachien in der N\u00e4he seines Einweihungsdatums ausrichtete<\/a>.<\/p>\n\n\n\n<figure class=\"gb-block-image gb-block-image-a0588374\"><img decoding=\"async\" width=\"1024\" height=\"576\" class=\"gb-image gb-image-a0588374\" src=\"https:\/\/www.thecolosseum.org\/de\/wp-content\/uploads\/sites\/3\/la-naumachia-optimized-1024x576.jpg\" alt=\"Sklaven und Gefangene k\u00e4mpfen in einer Naumachia vor dem Kaiser, Gem\u00e4lde von Ulpiano Checa\" srcset=\"https:\/\/www.thecolosseum.org\/de\/wp-content\/uploads\/sites\/3\/la-naumachia-optimized-1024x576.jpg 1024w, https:\/\/www.thecolosseum.org\/de\/wp-content\/uploads\/sites\/3\/la-naumachia-optimized-768x432.jpg 768w, https:\/\/www.thecolosseum.org\/de\/wp-content\/uploads\/sites\/3\/la-naumachia-optimized-1280x720.jpg 1280w, https:\/\/www.thecolosseum.org\/de\/wp-content\/uploads\/sites\/3\/la-naumachia-optimized-1600x900.jpg 1600w\" sizes=\"(max-width: 1024px) 100vw, 1024px\" \/>\n<p class=\"gb-headline gb-headline-cdc0ad45 gb-headline-text\"><em>La Naumachia<\/em>, von Ulpiano Checa.<\/p>\n<\/figure>\n","protected":false},"excerpt":{"rendered":"","protected":false},"author":1,"featured_media":0,"parent":0,"menu_order":4,"comment_status":"closed","ping_status":"closed","template":"","meta":{"_acf_changed":false,"footnotes":"","button_url":"https:\/\/www.tiqets.com\/de\/colosseum-l145769\/?partner=thecolosseum","ms_product_id":"","ms_product_name":"","ms_price":"","ms_currency":"","ms_rating_value":"","ms_review_count":"","rank_math_title":"R\u00f6mische Gladiatoren (Geschichte &amp; Ber\u00fchmte K\u00e4mpfer)","rank_math_description":""},"post-style":[],"producer":[],"class_list":["post-34","page","type-page","status-publish","has-post-thumbnail"],"acf":[],"product_schema":{"ms_product_id":"","ms_product_name":"","ms_price":"","ms_currency":"","ms_rating_value":"","ms_review_count":""},"_links":{"self":[{"href":"https:\/\/www.thecolosseum.org\/de\/wp-json\/wp\/v2\/pages\/34","targetHints":{"allow":["GET"]}}],"collection":[{"href":"https:\/\/www.thecolosseum.org\/de\/wp-json\/wp\/v2\/pages"}],"about":[{"href":"https:\/\/www.thecolosseum.org\/de\/wp-json\/wp\/v2\/types\/page"}],"author":[{"embeddable":true,"href":"https:\/\/www.thecolosseum.org\/de\/wp-json\/wp\/v2\/users\/1"}],"replies":[{"embeddable":true,"href":"https:\/\/www.thecolosseum.org\/de\/wp-json\/wp\/v2\/comments?post=34"}],"version-history":[{"count":3,"href":"https:\/\/www.thecolosseum.org\/de\/wp-json\/wp\/v2\/pages\/34\/revisions"}],"predecessor-version":[{"id":845,"href":"https:\/\/www.thecolosseum.org\/de\/wp-json\/wp\/v2\/pages\/34\/revisions\/845"}],"wp:attachment":[{"href":"https:\/\/www.thecolosseum.org\/de\/wp-json\/wp\/v2\/media?parent=34"}],"wp:term":[{"taxonomy":"post-style","embeddable":true,"href":"https:\/\/www.thecolosseum.org\/de\/wp-json\/wp\/v2\/post-style?post=34"},{"taxonomy":"producer","embeddable":true,"href":"https:\/\/www.thecolosseum.org\/de\/wp-json\/wp\/v2\/producer?post=34"}],"curies":[{"name":"wp","href":"https:\/\/api.w.org\/{rel}","templated":true}]}}