{"id":30,"date":"2017-09-07T16:11:23","date_gmt":"2017-09-07T14:11:23","guid":{"rendered":"https:\/\/www.thecolosseum.org\/de\/?page_id=30"},"modified":"2025-01-06T11:13:57","modified_gmt":"2025-01-06T10:13:57","slug":"architektur","status":"publish","type":"page","link":"https:\/\/www.thecolosseum.org\/de\/architektur\/","title":{"rendered":"Architektur des Kolosseums"},"content":{"rendered":"\n<p>Das Kolosseum ist eine der gr\u00f6\u00dften Leistungen der r\u00f6mischen Architektur. Es ist das gr\u00f6\u00dfte r\u00f6mische Amphitheater der Welt und steht trotz mehrfacher <a href=\"https:\/\/www.thecolosseum.org\/de\/geschichte\/\">Br\u00e4nde, Erdbeben und anderer Naturkatastrophen<\/a> \u2013 sowie erheblichem Missbrauch durch Menschen \u2013 bis heute.<\/p>\n\n\n\n<figure class=\"gb-block-image gb-block-image-9aafc24a\"><img decoding=\"async\" width=\"1024\" height=\"576\" class=\"gb-image gb-image-9aafc24a\" src=\"https:\/\/www.thecolosseum.org\/de\/wp-content\/uploads\/sites\/3\/colosseum-frombelow-optimized-1024x576.jpg\" alt=\"Die Wand des Kolosseums von unten aufgenommen, mit deutlich hervortretenden korinthischen S\u00e4ulen\" srcset=\"https:\/\/www.thecolosseum.org\/de\/wp-content\/uploads\/sites\/3\/colosseum-frombelow-optimized-1024x576.jpg 1024w, https:\/\/www.thecolosseum.org\/de\/wp-content\/uploads\/sites\/3\/colosseum-frombelow-optimized-768x432.jpg 768w, https:\/\/www.thecolosseum.org\/de\/wp-content\/uploads\/sites\/3\/colosseum-frombelow-optimized-1280x720.jpg 1280w, https:\/\/www.thecolosseum.org\/de\/wp-content\/uploads\/sites\/3\/colosseum-frombelow-optimized-1600x900.jpg 1600w\" sizes=\"(max-width: 1024px) 100vw, 1024px\" \/>\n<p class=\"gb-headline gb-headline-bc62ad20 gb-headline-text\">Die dritte und vierte Ebene der Au\u00dfenwand. Beachten Sie die Dekoration auf der Oberseite der S\u00e4ulen, wissen Sie, welchem Stil diese entspricht?<\/p>\n<\/figure>\n\n\n\n<h2 class=\"wp-block-heading\"><strong>Bau des Kolosseums<\/strong><\/h2>\n\n\n\n<p>Das Kolosseum wurde zwischen 70 AD und 80 AD unter den Kaisern Vespasian, Titus und Domitian, den flavischen Kaisern, erbaut. Daher auch sein urspr\u00fcnglicher Name, das <em>Amphitheatrum Flavium<\/em> \u2013 das Flavische Amphitheater.<\/p>\n\n\n\n<p>Das Kolosseum kann als populistische Unternehmung von Vespasian betrachtet werden, der es zumindest teilweise als Mittel in Auftrag gab, um die Gunst einer B\u00fcrgerschaft zur\u00fcckzugewinnen, die nach Neros Herrschaft unruhig und mit der kaiserlichen Institution unzufrieden war. Die Planung begann im Jahr 70 AD und der Bau im Jahr 72, auf dem Gel\u00e4nde des k\u00fcnstlichen Sees, den Nero als Teil der Domus Aurea errichtet hatte.<\/p>\n\n\n\n<p>Ein Gro\u00dfteil der Arbeit f\u00fcr den Bau des Geb\u00e4udes wurde von j\u00fcdischen Sklaven geleistet, die nach dem ersten j\u00fcdisch-r\u00f6mischen Krieg als Gefangene genommen wurden.<\/p>\n\n\n\n<p>Das Geb\u00e4ude war oval geformt und in einer nordwest-s\u00fcdost-Achse ausgerichtet, wobei seine Hauptachse 189 Meter und seine k\u00fcrzere Achse 156 Meter ma\u00df. Zum Vergleich: Das ist fast doppelt so lang und 1,5-mal so breit wie ein modernes Fu\u00dfballfeld.<\/p>\n\n\n\n<h2 class=\"wp-block-heading\"><strong>Woraus bestand das Kolosseum?<\/strong><\/h2>\n\n\n\n<p>Das Kolosseum wurde aus gesch\u00e4tzten 100.000 Kubikmetern Travertinstein, einer \u00e4hnlichen Menge r\u00f6mischem Zement, Ziegeln und Tuffsteinen gebaut. Travertin ist eine Kalksteinart, die ihren Namen von Tibur (dem heutigen Tivoli) ableitet, wo er abgebaut wurde.<\/p>\n\n\n\n<p>Neben den verschiedenen Steinarten und Zement wurden gesch\u00e4tzte 300 Tonnen Eisenklammern verwendet, um die gro\u00dfen Bl\u00f6cke zusammenzubinden. Diese Klammern wurden in sp\u00e4teren Jahrhunderten gepl\u00fcndert, als das Kolosseum verfiel, wodurch gro\u00dfe Kerben in den Mauern des Geb\u00e4udes zur\u00fcckblieben, die heute noch erkennbar sind.<\/p>\n\n\n\n<h2 class=\"wp-block-heading\"><strong>Stil des Kolosseums<\/strong><\/h2>\n\n\n\n<p>Das Kolosseum wurde als Zeugnis der Macht Roms konzipiert. Zum Zeitpunkt seiner Fertigstellung war es das komplexeste von Menschenhand geschaffene Bauwerk der Welt und eines der gr\u00f6\u00dften.<\/p>\n\n\n\n<p>Der als Hauptbaumaterial verwendete Travertinstein war wei\u00df und fast 50 Meter hoch (zu einer Zeit, als die meisten Geb\u00e4ude einst\u00f6ckig waren) und mit einer Grundfl\u00e4che von 6 Acres h\u00e4tte er in der Sonne gegl\u00e4nzt und Ehrfurcht bei jedem geweckt, der ihn zum ersten Mal erblickte. Seine Wirkung auf einen alten R\u00f6mer, der es zum ersten Mal sah, w\u00e4re mit der eines heutigen Besuchers am Fu\u00df des Empire State Building vergleichbar.<\/p>\n\n\n\n<p>Alle drei der wichtigsten architektonischen Ordnungen der damaligen Zeit waren vertreten:<\/p>\n\n\n\n<ul class=\"wp-block-list\">\n<li>Die S\u00e4ulen des Erdgeschosses wurden im toskanischen Stil errichtet, einer r\u00f6mischen Variante des strengen griechischen dorischen Stils.<\/li>\n\n\n\n<li>Der zweite Stock zeigte etwas aufwendigere ionische S\u00e4ulen.<\/li>\n\n\n\n<li>Der dritte Stock verwendete den komplizierteren und verzierten korinthischen Stil.<\/li>\n<\/ul>\n\n\n\n<p>Von unten nach oben ging das Kolosseum also von einem einfacheren zu einem aufwendigeren Stil \u00fcber. Jede Halbs\u00e4ule bildete den Mittelpunkt eines Bogens, von denen insgesamt 80 den \u00e4u\u00dferen Umfang des Geb\u00e4udes auf den ersten drei Etagen bildeten. Diese waren im Erdgeschoss am gr\u00f6\u00dften, 4,2 Meter breit und 7,05 Meter hoch. Auf den beiden oberen Etagen waren sie gleich breit, aber etwas niedriger, 6,45 Meter hoch.<\/p>\n\n\n\n<p>Im Gegensatz zu den ersten drei war die Wand des vierten Stockwerks nicht aus B\u00f6gen und S\u00e4ulen gebaut, sondern aus flachen Paneelen, die dank der j\u00fcngsten Reinigungsarbeiten mit Schnitzereien und Einlagen aus Azurit und Bronze verziert waren.<\/p>\n\n\n\n<p>Das Kolosseum hatte zwei Haupteing\u00e4nge: das nordwestliche <em>Porta Triumphalis<\/em>, das, wie der Name schon sagt, das Tor war, das f\u00fcr Triumphz\u00fcge verwendet wurde, durch das Gladiatoren in die Arena eintraten, und das s\u00fcd\u00f6stliche <em>Porta Libitinaria<\/em>, benannt nach der r\u00f6mischen G\u00f6ttin der Beerdigungen und des Todes Libitina. Dieses Tor wurde verwendet, um die Leichen derer zu entfernen, die auf den Sanden umgekommen waren.<\/p>\n\n\n\n<figure class=\"gb-block-image gb-block-image-0fd87b40\"><img decoding=\"async\" width=\"2000\" height=\"1414\" class=\"gb-image gb-image-0fd87b40\" src=\"https:\/\/www.thecolosseum.org\/de\/wp-content\/uploads\/sites\/3\/colosseum-columns-optimized.jpg\" alt=\"Abbildung des Kopfteils der drei in der r\u00f6mischen Architektur \u00fcblichen S\u00e4ulentypen: dorisch, ionisch und korinthisch\" \/>\n<p class=\"gb-headline gb-headline-3abb286b gb-headline-text\">Die drei S\u00e4ulenordnungen in der r\u00f6mischen Architektur.<\/p>\n<\/figure>\n\n\n\n<h2 class=\"wp-block-heading\"><strong>Im Inneren des Kolosseums<\/strong><\/h2>\n\n\n\n<p>Das markanteste Merkmal des Kolosseums war die Arena, auf der Gladiatoren, Gefangene, Verurteilte und wilde Tiere k\u00e4mpften und starben.<\/p>\n\n\n\n<ul class=\"wp-block-list\">\n<li>Sie ma\u00df 83 Meter in der L\u00e4nge und 48 Meter in der Breite.<\/li>\n\n\n\n<li>Der Arenaboden bestand aus Holzplatten, die mit einer Sandschicht bedeckt waren, die vom nahegelegenen Monte Mario-H\u00fcgel stammte.<\/li>\n\n\n\n<li>Es gab viele Fallt\u00fcren im Boden, die verwendet wurden, um B\u00fchnenelemente und Spezialeffekte einzuf\u00fchren und zu entfernen.<\/li>\n\n\n\n<li>Die Arena war von einer 10 Fu\u00df hohen Mauer umgeben, die zum ersten Sitzniveau f\u00fchrte.<\/li>\n<\/ul>\n\n\n\n<p>Die Arena-Mauer bestand aus roten und schwarzen Steinbl\u00f6cken, die einen starken Kontrast zum Rest des Geb\u00e4udes bildeten, das intensiv wei\u00df war und die Vorg\u00e4nge auf dem Arenaboden widerspiegelte.<\/p>\n\n\n\n<p>Die Arena war von den Terrassen oder Trib\u00fcnen umgeben, die zusammen als <em>Cavea<\/em> bekannt waren. Die <em>Cavea<\/em> war in drei Ebenen unterteilt, die die soziale Schichtung der r\u00f6mischen Gesellschaft widerspiegelten.<\/p>\n\n\n\n<p>Von unten nach oben gab es das <em>Podium<\/em>, die <em>Gradatio<\/em> und das <em>Porticus<\/em>. Die Sitze, die der Arena am n\u00e4chsten waren, das <em>Podium<\/em>, waren f\u00fcr R\u00f6mer mit dem h\u00f6chsten Status reserviert, wie Senatoren und hochrangige Beamte. Je weiter man in der <em>Cavea<\/em> nach oben stieg, desto mehr traf man auf Menschen mit immer geringerem sozialen Status, wobei die oberste Ebene immer noch von r\u00f6mischen B\u00fcrgern besetzt war, jedoch von den \u00e4rmeren.<\/p>\n\n\n\n<p>Die Sitzpl\u00e4tze bestanden aus Travertinstein, und jeder Sitz war ungef\u00e4hr 40 Zentimeter breit. Wohlhabendere Besucher brachten Kissen mit, um ihre Sitze bequemer zu gestalten. Es wird angenommen, dass das Kolosseum bis zu 80.000 Zuschauer fassen konnte.<\/p>\n\n\n\n<p>Die <em>Cavea<\/em> war auch horizontal durch Zug\u00e4nge f\u00fcr die \u00d6ffentlichkeit unterteilt: <em>Scalaria<\/em>, Treppen, die zu den Trib\u00fcnen f\u00fchrten, und <em>Vomitoria<\/em>, Durchg\u00e4nge, die nach au\u00dfen f\u00fchrten. Entgegen der landl\u00e4ufigen Meinung waren die <em>Vomitoria<\/em> keine Pl\u00e4tze zum Erbrechen. Der Name bezieht sich darauf, dass Menschenmengen aus diesen Ausg\u00e4ngen str\u00f6mten \u2013 und nicht auf den Inhalt ihrer M\u00e4gen.<\/p>\n\n\n\n<h3 class=\"wp-block-heading\"><strong>Das Kolosseum Untergrund<\/strong><\/h3>\n\n\n\n<p>W\u00e4hrend das markanteste Merkmal des Kolosseums die Arena war, war der wichtigste Teil der <em>Hypog\u00e4um<\/em>, der unterirdische Bereich.<\/p>\n\n\n\n<ul class=\"wp-block-list\">\n<li>Das <em>Hypog\u00e4um<\/em> war ein Netzwerk von Tunneln und Kammern, die in zwei Ebenen verteilt waren, in denen Gladiatoren und Tiere aufbewahrt wurden, bevor sie in die Arena oberhalb gebracht wurden.<\/li>\n\n\n\n<li>Es war kein Teil des urspr\u00fcnglichen Entwurfs, wie er von Vespasian und seinem Sohn Titus konzipiert wurde. Es wurde hinzugef\u00fcgt, nachdem das Geb\u00e4ude im Jahr 80 n. Chr. auf Anweisung ihres Nachfolgers, Kaiser Domitian, eingeweiht worden war.<\/li>\n\n\n\n<li>80 vertikale Sch\u00e4chte verbanden das <em>Hypog\u00e4um<\/em> mit der Arena dar\u00fcber. Gladiatoren und Tiere konnten durch diese Sch\u00e4chte Zugang zur Arena erhalten.<\/li>\n\n\n\n<li>Einige dieser Sch\u00e4chte waren mit einem System gro\u00dfer, beweglicher Plattformen ausgestattet, genannt <em>Hegmata<\/em>. Diese wurden verwendet, um gro\u00dfe Tiere wie Elefanten auf und ab zu bewegen.<\/li>\n\n\n\n<li>Das <em>Hypog\u00e4um<\/em> war durch ein Netzwerk von unterirdischen Tunneln mit der Au\u00dfenwelt verbunden, wie z. B. mit den Kasernen der Gladiatoren und nahe gelegenen St\u00e4llen, in denen die Tiere aufbewahrt wurden.<\/li>\n\n\n\n<li>Das Kolosseum hatte einen privaten Zugangstunnel f\u00fcr den Kaiser, damit er das Geb\u00e4ude sicher betreten und verlassen konnte und die gro\u00dfen Menschenmengen vermied.<\/li>\n\n\n\n<li>Mit dem Bau des <em>Hypog\u00e4ums<\/em> wurde es unm\u00f6glich, die Arena zu fluten und <em>Naumachia<\/em> (nachgestellte Seeschlachten) im Kolosseum zu veranstalten. Zwei fanden vor dem Bau des <em>Hypog\u00e4ums<\/em> statt.<\/li>\n<\/ul>\n\n\n\n<figure class=\"gb-block-image gb-block-image-ecdf349a\"><img decoding=\"async\" width=\"2000\" height=\"1331\" class=\"gb-image gb-image-ecdf349a\" src=\"https:\/\/www.thecolosseum.org\/de\/wp-content\/uploads\/sites\/3\/hypogeum-optimized.jpg\" alt=\"Die labyrinthartigen G\u00e4nge des Hypog\u00e4ums vom Erdgeschoss des Kolosseums aus gesehen\" \/>\n<p class=\"gb-headline gb-headline-0ba70de0 gb-headline-text\">Das Labyrinth aus Kammern und G\u00e4ngen des Hypog\u00e4ums ist nun freigelegt und kann von oben betrachtet werden. F\u00fchrungen durch das Kolosseum beinhalten ebenfalls einen Besuch dieser unterirdischen Bereiche.<\/p>\n<\/figure>\n","protected":false},"excerpt":{"rendered":"","protected":false},"author":1,"featured_media":0,"parent":0,"menu_order":6,"comment_status":"closed","ping_status":"closed","template":"","meta":{"_acf_changed":false,"footnotes":"","button_url":"https:\/\/www.tiqets.com\/de\/colosseum-l145769\/?partner=thecolosseum","ms_product_id":"","ms_product_name":"","ms_price":"","ms_currency":"","ms_rating_value":"","ms_review_count":"","rank_math_title":"Architektur Des Kolosseums (Design &amp; Konstruktion)","rank_math_description":""},"post-style":[],"producer":[],"class_list":["post-30","page","type-page","status-publish","has-post-thumbnail"],"acf":[],"product_schema":{"ms_product_id":"","ms_product_name":"","ms_price":"","ms_currency":"","ms_rating_value":"","ms_review_count":""},"_links":{"self":[{"href":"https:\/\/www.thecolosseum.org\/de\/wp-json\/wp\/v2\/pages\/30","targetHints":{"allow":["GET"]}}],"collection":[{"href":"https:\/\/www.thecolosseum.org\/de\/wp-json\/wp\/v2\/pages"}],"about":[{"href":"https:\/\/www.thecolosseum.org\/de\/wp-json\/wp\/v2\/types\/page"}],"author":[{"embeddable":true,"href":"https:\/\/www.thecolosseum.org\/de\/wp-json\/wp\/v2\/users\/1"}],"replies":[{"embeddable":true,"href":"https:\/\/www.thecolosseum.org\/de\/wp-json\/wp\/v2\/comments?post=30"}],"version-history":[{"count":3,"href":"https:\/\/www.thecolosseum.org\/de\/wp-json\/wp\/v2\/pages\/30\/revisions"}],"predecessor-version":[{"id":847,"href":"https:\/\/www.thecolosseum.org\/de\/wp-json\/wp\/v2\/pages\/30\/revisions\/847"}],"wp:attachment":[{"href":"https:\/\/www.thecolosseum.org\/de\/wp-json\/wp\/v2\/media?parent=30"}],"wp:term":[{"taxonomy":"post-style","embeddable":true,"href":"https:\/\/www.thecolosseum.org\/de\/wp-json\/wp\/v2\/post-style?post=30"},{"taxonomy":"producer","embeddable":true,"href":"https:\/\/www.thecolosseum.org\/de\/wp-json\/wp\/v2\/producer?post=30"}],"curies":[{"name":"wp","href":"https:\/\/api.w.org\/{rel}","templated":true}]}}