{"id":25,"date":"2017-09-07T15:06:59","date_gmt":"2017-09-07T13:06:59","guid":{"rendered":"https:\/\/www.thecolosseum.org\/de\/?page_id=25"},"modified":"2025-05-28T10:43:38","modified_gmt":"2025-05-28T08:43:38","slug":"kolosseum-touren","status":"publish","type":"page","link":"https:\/\/www.thecolosseum.org\/de\/kolosseum-touren\/","title":{"rendered":"Kolosseum-Touren"},"content":{"rendered":"\n<p>Im stolzen Alter von 2000 Jahren hat das R\u00f6mische Kolosseum den Aufstieg und Fall vieler Nationen und Reiche miterlebt. Wie jedes Geb\u00e4ude, das seit den Zeiten Jesu Christi \u00fcberdauert hat, hat es viele Geschichten zu erz\u00e4hlen. Und was w\u00e4re besser, als diese Geschichten von einem lokalen Expertenf\u00fchrer zu h\u00f6ren? Sichern Sie sich hier Ihre Tickets f\u00fcr eine Kolosseum-Tour und erleben Sie das Kolosseum von seiner besten Seite.<\/p>\n\n\n\n<figure class=\"gb-block-image gb-block-image-799b8e62\"><img decoding=\"async\" width=\"1024\" height=\"576\" class=\"gb-image gb-image-799b8e62 ms-mb-block\" src=\"https:\/\/www.thecolosseum.org\/de\/wp-content\/uploads\/sites\/3\/colosseum-inside-optimized-1-1024x576.jpg\" alt=\"Das Kolosseum von innen gesehen, mit Blick auf die Arena und das Hypog\u00e4um\" srcset=\"https:\/\/www.thecolosseum.org\/de\/wp-content\/uploads\/sites\/3\/colosseum-inside-optimized-1-1024x576.jpg 1024w, https:\/\/www.thecolosseum.org\/de\/wp-content\/uploads\/sites\/3\/colosseum-inside-optimized-1-768x432.jpg 768w, https:\/\/www.thecolosseum.org\/de\/wp-content\/uploads\/sites\/3\/colosseum-inside-optimized-1-1280x720.jpg 1280w, https:\/\/www.thecolosseum.org\/de\/wp-content\/uploads\/sites\/3\/colosseum-inside-optimized-1-1600x900.jpg 1600w\" sizes=\"(max-width: 1024px) 100vw, 1024px\" \/><\/figure>\n\n\n\n<h2 class=\"wp-block-heading\"><strong>Liste der Kolosseum-Touren und Preise<\/strong><\/h2>\n\n\n\n<div class=\"ms-rounded ms-mb-last-child-0 ms-mb-block ms-tfs--contrast ms-p ms-tfs\">\n<h3 class=\"gb-text\">Kolosseum-Touren<\/h3>\n\n\n\n<p class=\"gb-text\">\ud83d\udcc5 W\u00e4hle dein Reisedatum beim Bezahlvorgang aus, um verf\u00fcgbare Touren und aktuelle Preise zu sehen.<\/p>\n\n\n\n<p><em>(Alle Touren unten beinhalten den Eintritt ins Kolosseum, Forum Romanum und den Palatin-H\u00fcgel, gef\u00fchrt von einem lizenzierten Guide.)<\/em><\/p>\n\n\n\n<hr class=\"wp-block-separator has-alpha-channel-opacity\"\/>\n\n\n\n<p class=\"ms-link-unstyled\"><strong>\ud83d\udd39 <a href=\"https:\/\/www.tiqets.com\/de\/rome-attractions-c71631\/tickets-for-colosseum-roman-forum-guided-tour-p1111484\/?partner=thecolosseum\" rel=\"nofollow noopener\">Kolosseum, Forum Romanum &amp; Palatin-H\u00fcgel Tour<\/a><\/strong><\/p>\n\n\n\n<p><strong>Die klassische F\u00fchrung \u2013 ideal f\u00fcr deinen ersten Besuch in Rom.<br><\/strong>Du erkundest alle drei Hauptsehensw\u00fcrdigkeiten mit einem Live-Guide. Es gibt verschiedene Optionen: Standard, Kleingruppe, Express oder familienfreundlich.<\/p>\n\n\n\n<p>\u23f1 Dauer: 1\u20133 Stunden<br>\ud83d\udc65 Gruppengr\u00f6\u00dfe: 10\u201325 Personen<br>\ud83c\udfa7 Sprachen: Englisch, Deutsch, Franz\u00f6sisch, Italienisch, Spanisch, Portugiesisch, Japanisch, Koreanisch, Chinesisch<\/p>\n\n\n\n<hr class=\"wp-block-separator has-alpha-channel-opacity\"\/>\n\n\n\n<p class=\"ms-link-unstyled\"><strong><a href=\"https:\/\/www.tiqets.com\/de\/rome-attractions-c71631\/tickets-for-colosseum-arena-roman-forum-guided-tour-p1111476\/?partner=thecolosseum\" rel=\"nofollow noopener\">\ud83d\udd39 Arena-Zugangstour<\/a><\/strong><\/p>\n\n\n\n<p><strong>Willst du einmal dort stehen, wo einst Gladiatoren k\u00e4mpften?<br><\/strong>Diese Tour enth\u00e4lt alles, was auch die Standardtour bietet \u2013 plus exklusiven Zugang zur Arena durch das Gladiatorentor.<\/p>\n\n\n\n<p>\u23f1 Dauer: 1\u20133 Stunden<br>\ud83d\udc65 Gruppengr\u00f6\u00dfe: 6\u201325 Personen<br>\ud83c\udfa7 Sprachen: Englisch, Deutsch, Franz\u00f6sisch, Italienisch, Spanisch, Portugiesisch<\/p>\n\n\n\n<hr class=\"wp-block-separator has-alpha-channel-opacity\"\/>\n\n\n\n<p class=\"ms-link-unstyled\"><a href=\"https:\/\/www.tiqets.com\/de\/rome-attractions-c71631\/tickets-for-colosseum-arena-underground-roman-forum-guided-tour-p1111546\/?partner=thecolosseum\" rel=\"nofollow noopener\"><strong>\ud83d\udd39 Arena- &amp; Untergrundtour<\/strong><\/a><\/p>\n\n\n\n<p><strong>Das umfassendste Kolosseum-Erlebnis.<br><\/strong>Neben dem Zugang zur Arena gehst du auch in den Untergrund \u2013 in die Bereiche, in denen Tiere und Gladiatoren vor dem Kampf vorbereitet wurden. Diese Bereiche sind nur mit speziellen Touren zug\u00e4nglich.<\/p>\n\n\n\n<p>\u23f1 Dauer: ca. 3 Stunden<br>\ud83d\udc65 Gruppengr\u00f6\u00dfe: bis zu 24 Personen<br>\ud83c\udfa7 Sprachen: Englisch, Spanisch<\/p>\n\n\n\n<hr class=\"wp-block-separator has-alpha-channel-opacity\"\/>\n\n\n\n<p><strong>\u2728 M\u00f6chtest du Vatikan und Kolosseum an einem Tag besuchen?<\/strong><\/p>\n\n\n\n<p>Dieses Kombiticket gibt dir Zugang zu den Vatikanischen Museen und einer weiteren Top-Attraktion wie dem Kolosseum \u2013 alles in einer einzigen Buchung.<\/p>\n\n\n\n<p class=\"ms-link-unstyled\"><a href=\"https:\/\/www.tiqets.com\/de\/rome-attractions-c71631\/tickets-for-vatican-museums-sistine-chapel-combo-tickets-p1111413\/?partner=thecolosseum\" rel=\"nofollow noopener\"><strong>\ud83d\udd37 Vatikan + Kolosseum Kombitour<\/strong><\/a><\/p>\n\n\n\n<p>\u23f1 Dauer: 4\u201310 Stunden<br>\ud83c\udfdb Zweite Sehensw\u00fcrdigkeit beim Checkout ausw\u00e4hlen: Kolosseum, Pantheon, Hop-on-Hop-off-Bustour oder Mamertinisches Gef\u00e4ngnis<br>\u2705 Beinhaltet bevorzugten Eintritt ohne Anstehen zu den Vatikanischen Museen &amp; der Sixtinischen Kapelle<\/p>\n\n\n\n<hr class=\"wp-block-separator has-alpha-channel-opacity\"\/>\n\n\n\n<div class=\"ms-cta-button-options ms-mb-block ms-cta\">\n<a class=\"gb-text ms-btn ms-btn--primary ms-shadow\" href=\"https:\/\/www.tiqets.com\/de\/kolosseum-tickets-l145769\/?partner=thecolosseum&#038;offering_type=guided_tour\" rel=\"nofollow noopener\" target=\"_blank\">Alle Tour-Optionen<\/a>\n\n\n\n<a class=\"gb-text ms-btn ms-btn--outline-primary ms-shadow\" target=\"_blank\" rel=\"noopener nofollow\" href=\"https:\/\/www.tiqets.com\/de\/kolosseum-tickets-l145769\/?partner=thecolosseum\">Eintrittskarten f\u00fcr das Kolosseum<\/a>\n<\/div>\n<\/div>\n\n\n\n<h3 class=\"wp-block-heading\"><strong>Kolosseum, Forum Romanum und Palatinh\u00fcgel Tour<\/strong><\/h3>\n\n\n\n<p>Erkunden Sie das Kolosseum, das Forum Romanum und den Palatinh\u00fcgel mit einem Expertenf\u00fchrer und erfahren Sie mehr \u00fcber die <a href=\"https:\/\/www.thecolosseum.org\/de\/gladiatoren\/\">Gladiatorenk\u00e4mpfe<\/a>, Intrigen in r\u00f6mischen Pal\u00e4sten und die Geschichte der Hauptstadt des gr\u00f6\u00dften Reiches Europas. Hier ist eine \u00dcbersicht der Tour-Optionen:<\/p>\n\n\n\n<ul class=\"wp-block-list\">\n<li><strong>Semi-private F\u00fchrung<\/strong>: Keine Lust auf gro\u00dfe Reisegruppen? Diese semi-private Option erm\u00f6glicht es Ihnen, das Kolosseum komfortabler zu erkunden und ein pers\u00f6nlicheres und interaktives Erlebnis mit Ihrem Guide zu genie\u00dfen. Diese F\u00fchrungen werden in Englisch, Franz\u00f6sisch, Italienisch, Portugiesisch und Spanisch angeboten und dauern zwischen 1,5 und 3 Stunden.<\/li>\n\n\n\n<li><strong>Standardf\u00fchrung<\/strong>: W\u00e4hlen Sie aus Tickets f\u00fcr Gruppen von bis zu 30 Personen. Diese F\u00fchrungen sind in 9 Sprachen verf\u00fcgbar und dauern zwischen 1,5 und 3 Stunden. Tickets sind schnell ausverkauft, \u00fcberpr\u00fcfen Sie daher die Verf\u00fcgbarkeit <a href=\"https:\/\/www.tiqets.com\/de\/rome-attractions-c71631\/tickets-for-colosseum-roman-forum-and-palatine-hill-guided-tour-p1106568\/?partner=thecolosseum\" target=\"_blank\" rel=\"noreferrer noopener nofollow\">hier<\/a>.<\/li>\n\n\n\n<li><strong>Kleine Gruppenf\u00fchrung<\/strong>: M\u00f6chten Sie ein pers\u00f6nlicheres Erlebnis? Schlie\u00dfen Sie sich einer kleineren Gruppe von 6 bis 25 Personen an, mit Touren von 1 bis 3 Stunden. Diese Option ist in Englisch, Deutsch, Franz\u00f6sisch, Italienisch, Portugiesisch und Spanisch verf\u00fcgbar.<\/li>\n<\/ul>\n\n\n\n<figure class=\"gb-block-image gb-block-image-d1105088\"><img decoding=\"async\" width=\"2000\" height=\"1300\" class=\"gb-image gb-image-d1105088\" src=\"https:\/\/www.thecolosseum.org\/de\/wp-content\/uploads\/sites\/3\/roman-forum-optimized.jpg\" alt=\"Das Forum Romanum vom Gipfel des Palatin aus gesehen, beide liegen in der N\u00e4he des Kolosseums\"\/>\n<p class=\"gb-headline gb-headline-6363230e gb-headline-text\">Blick auf das Forum Romanum vom Palatin. Beide Bereiche sind vom Kolosseum aus bequem zu Fu\u00df zu erreichen.<\/p>\n<\/figure>\n\n\n\n<h3 class=\"wp-block-heading\"><strong>Kolosseum, Arena, Forum Romanum &amp; Palatinh\u00fcgel: Gef\u00fchrte Tour<\/strong><\/h3>\n\n\n\n<p>M\u00f6chten Sie tiefer in die antike r\u00f6mische Geschichte eintauchen? Diese 3-st\u00fcndige Tour deckt alles ab. Beginnen Sie im Forum Romanum, wo einst gesch\u00e4ftige M\u00e4rkte, Tempel und politische Ereignisse das Imperium pr\u00e4gten. Von dort spazieren Sie den Palatinh\u00fcgel hinauf, den legend\u00e4ren Geburtsort Roms, und genie\u00dfen atemberaubende Ausblicke auf das Forum und den Circus Maximus. Das Highlight ist das Betreten des <a href=\"https:\/\/www.thecolosseum.org\/de\/architektur\/\">Arena-Bodens des Kolosseums<\/a>, wo einst Gladiatoren k\u00e4mpften.<\/p>\n\n\n\n<p>Diese Tour ist in Englisch, Franz\u00f6sisch, Deutsch, Italienisch und Spanisch verf\u00fcgbar. Kaufen Sie Ihr Ticket <a href=\"https:\/\/www.tiqets.com\/de\/rome-attractions-c71631\/tickets-for-tour-of-the-colosseum-with-arena-floor-forum-and-palatine-hill-p1074938\/?partner=thecolosseum\" target=\"_blank\" rel=\"noreferrer noopener nofollow\">hier<\/a>, um die Warteschlangen am Ticketschalter mit reserviertem Eintritt zu \u00fcberspringen.<\/p>\n\n\n\n<h3 class=\"wp-block-heading\"><strong>Kolosseum, Untergrund &amp; Arenaboden: Gef\u00fchrte Tour<\/strong><\/h3>\n\n\n\n<p>Diese Tour ist f\u00fcr kleinere Gruppen (bis zu 24 Personen) und f\u00fchrt Sie in Bereiche des Kolosseums, die selten von der \u00d6ffentlichkeit erkundet werden. Sie betreten die <a href=\"https:\/\/www.thecolosseum.org\/de\/architektur\/\">unterirdischen Tunnel<\/a>, wo Gladiatoren und L\u00f6wen einst darauf warteten, bevor sie auf den Arenaboden gingen. Es ist ein faszinierender Blick hinter die Kulissen, wie die Spiele inszeniert wurden. Die Tour wird auf Englisch angeboten und dauert etwa 3 Stunden.<\/p>\n\n\n\n<p>Die unterirdischen Touren des Kolosseums sind w\u00e4hrend der Hochsaison schnell ausverkauft. Sichern Sie sich Ihr Ticket <a href=\"https:\/\/www.tiqets.com\/de\/rome-attractions-c71631\/admission-for-colosseum-underground-with-vip-arena-access-p1016054\/?partner=thecolosseum\" target=\"_blank\" rel=\"noreferrer noopener nofollow\">hier<\/a>.<\/p>\n\n\n\n<figure class=\"gb-block-image gb-block-image-6974114d\"><img decoding=\"async\" width=\"1334\" height=\"2000\" class=\"gb-image gb-image-6974114d\" src=\"https:\/\/www.thecolosseum.org\/de\/wp-content\/uploads\/sites\/3\/colosseum-undeground-optimized.jpg\" alt=\"Ein unterirdischer Gang im Kolosseum\"\/>\n<p class=\"gb-headline gb-headline-2cd54d53 gb-headline-text\">Vor zweitausend Jahren durchquerten Gladiatoren diesen Tunnel auf ihrem Weg zur Arena, um auf Leben und Tod zu k\u00e4mpfen.<\/p>\n<\/figure>\n\n\n\n<h2 class=\"wp-block-heading\"><strong>H\u00e4ufig gestellte Fragen zu gef\u00fchrten Touren durch das Kolosseum:<\/strong><\/h2>\n\n\n\n<h3 class=\"wp-block-heading\"><strong>Lohnt sich eine Tour durch das Kolosseum?<\/strong><\/h3>\n\n\n\n<p>Das Kolosseum auf eigene Faust zu besuchen, ist eine angenehme und sch\u00f6ne Erfahrung. Wenn Sie jedoch das Beste aus Ihrem Besuch herausholen und mehr \u00fcber die Geschichte des Kolosseums (sowie des Forum Romanum und des Palatinh\u00fcgels!) erfahren m\u00f6chten, ist eine gef\u00fchrte Tour der richtige Weg. Ein erfahrener Reiseleiter kann Ihnen Einblicke in das Geb\u00e4ude und seine Umgebung geben, die Sie allein einfach nicht bekommen w\u00fcrden.<\/p>\n\n\n\n<h3 class=\"wp-block-heading\"><strong>In welchen Sprachen werden die Touren angeboten?<\/strong><\/h3>\n\n\n\n<p>Die meisten Touren werden auf Englisch angeboten, einige jedoch auch in zus\u00e4tzlichen Sprachen wie Deutsch, Franz\u00f6sisch, Italienisch, Portugiesisch und Spanisch.<\/p>\n\n\n\n<h3 class=\"wp-block-heading\"><strong>Sind die Touren durch das Kolosseum kinderfreundlich?<\/strong><\/h3>\n\n\n\n<p>Einige Touren sind speziell f\u00fcr Kinder konzipiert, w\u00e4hrend andere f\u00fcr die allgemeine \u00d6ffentlichkeit gedacht sind. So oder so ist das Kolosseum ziemlich beeindruckend, sodass es nicht schwer ist, Kinder w\u00e4hrend der Erkundung bei Laune zu halten. Beachten Sie jedoch, dass die meisten Touren ohne Pause stattfinden, sodass Ihre Kinder bei l\u00e4ngeren Touren erm\u00fcden k\u00f6nnten.<\/p>\n\n\n\n<h3 class=\"wp-block-heading\"><strong>Kann ich die Warteschlangen bei einer gef\u00fchrten Tour \u00fcberspringen?<\/strong><\/h3>\n\n\n\n<p>Ja, das k\u00f6nnen Sie. Wie alle Besucher m\u00fcssen auch Reisegruppen die Sicherheitskontrolle passieren, aber Sie werden alle anderen Warteschlangen umgehen. Weitere Informationen zum Besuch des Kolosseums finden Sie auf unserer <a href=\"https:\/\/www.thecolosseum.org\/de\/besuch\/\">Besuchsseite<\/a>.<\/p>\n\n\n\n<h3 class=\"wp-block-heading\"><strong>Wie lange dauern gef\u00fchrte Touren durch das Kolosseum?<\/strong><\/h3>\n\n\n\n<p>Die meisten Touren dauern zwischen anderthalb und drei Stunden, je nachdem, welche Sehensw\u00fcrdigkeiten Sie auf der Tour besuchen werden, sei es nur das Kolosseum oder auch das nahegelegene Forum Romanum und der Palatinh\u00fcgel.<\/p>\n\n\n\n<h3 class=\"wp-block-heading\"><strong>Muss ich meine Tour im Voraus buchen?<\/strong><\/h3>\n\n\n\n<p>Es ist nicht unbedingt notwendig, Ihre Tour im Voraus zu buchen, aber wenn Sie in Rom ankommen, werden Sie m\u00f6glicherweise feststellen, dass Tourgruppen zu Ihren bevorzugten Terminen und Zeiten bereits ausgebucht sind. Das Buchen Ihrer Tour im Voraus bietet Ihnen mehr Flexibilit\u00e4t bei der Auswahl von Datum und Uhrzeit, sodass es keinen Grund gibt, dies nicht zu tun.<\/p>\n\n\n\n<h3 class=\"wp-block-heading\"><strong>Muss ich etwas zu meiner Tour mitbringen?<\/strong><\/h3>\n\n\n\n<p>Einen Nachweis Ihrer Reservierung (Ihr Handy reicht aus) sowie bequeme Kleidung und Schuhe zum Gehen. Wenn Sie Rom im Sommer besuchen, sollten Sie auch Wasser und Sonnencreme mitbringen, da die mediterrane Sonne ziemlich intensiv sein kann.<\/p>\n","protected":false},"excerpt":{"rendered":"","protected":false},"author":1,"featured_media":0,"parent":0,"menu_order":10,"comment_status":"closed","ping_status":"closed","template":"","meta":{"_acf_changed":false,"footnotes":"","button_url":"https:\/\/www.tiqets.com\/de\/colosseum-l145769\/?partner=thecolosseum","ms_product_id":"","ms_product_name":"","ms_price":"","ms_currency":"","ms_rating_value":"","ms_review_count":"","rank_math_title":"Kolosseum F\u00fchrung Online Buchen (Tour mit Exklusiver Zugang)","rank_math_description":""},"post-style":[],"producer":[],"class_list":["post-25","page","type-page","status-publish","has-post-thumbnail"],"acf":[],"product_schema":{"ms_product_id":"","ms_product_name":"","ms_price":"","ms_currency":"","ms_rating_value":"","ms_review_count":""},"_links":{"self":[{"href":"https:\/\/www.thecolosseum.org\/de\/wp-json\/wp\/v2\/pages\/25","targetHints":{"allow":["GET"]}}],"collection":[{"href":"https:\/\/www.thecolosseum.org\/de\/wp-json\/wp\/v2\/pages"}],"about":[{"href":"https:\/\/www.thecolosseum.org\/de\/wp-json\/wp\/v2\/types\/page"}],"author":[{"embeddable":true,"href":"https:\/\/www.thecolosseum.org\/de\/wp-json\/wp\/v2\/users\/1"}],"replies":[{"embeddable":true,"href":"https:\/\/www.thecolosseum.org\/de\/wp-json\/wp\/v2\/comments?post=25"}],"version-history":[{"count":3,"href":"https:\/\/www.thecolosseum.org\/de\/wp-json\/wp\/v2\/pages\/25\/revisions"}],"predecessor-version":[{"id":1016,"href":"https:\/\/www.thecolosseum.org\/de\/wp-json\/wp\/v2\/pages\/25\/revisions\/1016"}],"wp:attachment":[{"href":"https:\/\/www.thecolosseum.org\/de\/wp-json\/wp\/v2\/media?parent=25"}],"wp:term":[{"taxonomy":"post-style","embeddable":true,"href":"https:\/\/www.thecolosseum.org\/de\/wp-json\/wp\/v2\/post-style?post=25"},{"taxonomy":"producer","embeddable":true,"href":"https:\/\/www.thecolosseum.org\/de\/wp-json\/wp\/v2\/producer?post=25"}],"curies":[{"name":"wp","href":"https:\/\/api.w.org\/{rel}","templated":true}]}}