{"id":20,"date":"2017-09-07T14:15:04","date_gmt":"2017-09-07T12:15:04","guid":{"rendered":"https:\/\/www.thecolosseum.org\/de\/?page_id=20"},"modified":"2025-01-06T11:14:07","modified_gmt":"2025-01-06T10:14:07","slug":"besuch","status":"publish","type":"page","link":"https:\/\/www.thecolosseum.org\/de\/besuch\/","title":{"rendered":"Besuch des Kolosseums"},"content":{"rendered":"\n<p class=\"has-medium-font-size\">Das R\u00f6mische Kolosseum ist eines der Neuen Sieben Weltwunder und ein Muss, wenn Sie Italiens Hauptstadt, die Ewige Stadt, besuchen.<\/p>\n\n\n\n<p>Unten finden Sie n\u00fctzliche Informationen zur Planung Ihres Besuchs, wie z.B. \u00d6ffnungszeiten, Transport zum Kolosseum, Informationen zur Sicherheit und Zug\u00e4nglichkeit und vieles mehr.<\/p>\n\n\n\n\n\n<figure class=\"gb-block-image gb-block-image-2c331845\"><img decoding=\"async\" width=\"1024\" height=\"576\" class=\"gb-image gb-image-2c331845\" src=\"https:\/\/www.thecolosseum.org\/de\/wp-content\/uploads\/sites\/3\/colosseum-inside-optimized-1024x576.jpg\" alt=\"Das Kolosseum von innen gesehen, mit Blick auf den offenen Untergrund\" srcset=\"https:\/\/www.thecolosseum.org\/de\/wp-content\/uploads\/sites\/3\/colosseum-inside-optimized-1024x576.jpg 1024w, https:\/\/www.thecolosseum.org\/de\/wp-content\/uploads\/sites\/3\/colosseum-inside-optimized-768x432.jpg 768w, https:\/\/www.thecolosseum.org\/de\/wp-content\/uploads\/sites\/3\/colosseum-inside-optimized-1280x720.jpg 1280w, https:\/\/www.thecolosseum.org\/de\/wp-content\/uploads\/sites\/3\/colosseum-inside-optimized-1600x900.jpg 1600w\" sizes=\"(max-width: 1024px) 100vw, 1024px\" \/>\n<p class=\"gb-headline gb-headline-0e5ef599 gb-headline-text\">Das Kolosseum und der unterirdische Bereich, das Hypog\u00e4um.<\/p>\n<\/figure>\n\n\n\n<h2 class=\"wp-block-heading\"><strong>Wo befindet sich das Kolosseum?<\/strong><\/h2>\n\n\n\n<p>Die Adresse des Kolosseums lautet <strong>Piazza del Colosseo, 1, Rom, Italien.<\/strong><\/p>\n\n\n\n<p>F\u00fcr Autofahrer sind die GPS-Koordinaten des Kolosseums <strong>41.8902\u00b0 N, 12.4922\u00b0 E<\/strong>.<\/p>\n\n\n\n<p><font style=\"vertical-align: inherit\"><font style=\"vertical-align: inherit\">Wenn du in Rom bist und eine Wegbeschreibung zum Kolosseum ben\u00f6tigst, verwende diese Google-Karte, um die beste Route von deinem aktuellen Standort aus zu finden.<\/font><\/font><\/p>\n\n\n\n<address class=\"ms-mapblock ms-mb-block\">\n\t\n\t\t<h4>\n\t\t\tDas Kolosseum\t\t<\/h2>\n\n\t\t<p class=\"ms-mb-0\">\n            <img decoding=\"async\" class=\"ms-mapblock__map ms-rounded\" src=\"https:\/\/www.thecolosseum.org\/de\/wp-content\/uploads\/sites\/3\/maps\/staticmap_41.8902102_12.4922309_14_768x432.png\" alt=\"Das Kolosseum\" \/>\n\t\t<\/p>\n\n\t\t<p class=\"ms-text-sm ms-text-muted\">\n\t\t\tPiazza del Colosseo, 1, 00184 Roma RM, Italy \u00b7\n\t\t\t<a rel=\"nofollow noopener\" target=\"_blank\" href=\"https:\/\/maps.google.com\/?q=41.8902102,12.4922309\">Google Maps<\/a>\n\t\t<\/p>\n\n\t<\/address>\n\n\n<p><strong>Wichtig<\/strong>: \u00dcberpr\u00fcfen Sie vor Ihrem Besuch die <a href=\"https:\/\/www.thecolosseum.org\/de\/oeffnungszeiten\/\">\u00d6ffnungszeiten<\/a><span style=\"font-size: inherit;background-color: var(--ms-color-white);color: var(--ms-color-neutral-darkest)\">, da diese je nach Jahreszeit variieren k\u00f6nnen.<\/span><\/p>\n\n\n\n<h3 class=\"wp-block-heading\"><strong>Wie kommt man zum Kolosseum?<\/strong><\/h3>\n\n\n\n<p>Das Kolosseum ist sehr gut an das weitl\u00e4ufige \u00f6ffentliche Verkehrsnetz Roms angebunden. Es ist mit der U-Bahn, mehreren Buslinien und der Stra\u00dfenbahn erreichbar. Im Folgenden finden Sie eine Liste aller \u00f6ffentlichen Verkehrsmittel, mit denen Sie das Kolosseum praktisch von \u00fcberall in Rom erreichen k\u00f6nnen.<\/p>\n\n\n\n<ul class=\"wp-block-list\">\n<li>U-Bahn Linie B, Ausstieg an der Haltestelle Kolosseum.<\/li>\n\n\n\n<li>Buslinien 51, 75, 81, 85, 87, und 118.<\/li>\n\n\n\n<li>Stra\u00dfenbahnlinie 3.<\/li>\n<\/ul>\n\n\n\n<p>Wenn Sie keine \u00f6ffentlichen Verkehrsmittel nutzen m\u00f6chten, k\u00f6nnen Sie auch ein Taxi nehmen. Stellen Sie sicher, dass es ein offizielles, lizenziertes Taxi ist.<\/p>\n\n\n\n<p>Sie erkennen diese daran, dass sie das Schild \u201eTAXI\u201c auf dem Dach des Fahrzeugs haben, und sie sind alle wei\u00df und tragen das Logo der Stadt Rom an der Seite.<\/p>\n\n\n\n<p><strong>Stellen Sie au\u00dferdem sicher, dass Ihr Taxameter eingeschaltet ist, sobald Sie einsteigen, da Sie sonst m\u00f6glicherweise viel mehr bezahlen, als Sie sollten.<\/strong><\/p>\n\n\n\n<h2 class=\"wp-block-heading\"><strong>Sehensw\u00fcrdigkeiten in der N\u00e4he des Kolosseums<\/strong><\/h2>\n\n\n\n<p>Das Kolosseum ist von anderen wundersch\u00f6nen und ber\u00fchmten Denkm\u00e4lern umgeben, die einen <a href=\"https:\/\/www.thecolosseum.org\/de\/kolosseum-touren\/\">Besuch wert sind<\/a>. Die wichtigsten sind:<\/p>\n\n\n\n<ul class=\"wp-block-list\">\n<li><strong>Der Konstantinsbogen<\/strong>: Direkt neben dem Kolosseum gelegen, feiert dieser Triumphbogen den Sieg Konstantins in der Schlacht an der Milvischen Br\u00fccke. Es ist eine Sehensw\u00fcrdigkeit, die Sie sich nicht entgehen lassen sollten, und das Beste? Sie k\u00f6nnen ihn kostenlos besichtigen.<\/li>\n\n\n\n<li>Mamertiner Kerker: Ein verborgenes Juwel des antiken Roms, dieses unterirdische Gef\u00e4ngnis ist der Ort, an dem die Heiligen Petrus und Paulus vor ihrem M\u00e4rtyrertod inhaftiert worden sein sollen. Es ist eine kraftvolle, historische St\u00e4tte mit tiefen Wurzeln im fr\u00fchen Christentum. Buchen Sie Ihr Ticket <a href=\"https:\/\/www.tiqets.com\/de\/rome-attractions-c71631\/admission-to-mamertine-prison-colosseum-roman-forum-palatine-hill-p974875\/?partner=thecolosseum\" target=\"_blank\" rel=\"noreferrer noopener nofollow\">hier<\/a><span style=\"background-color: var(--ms-color-white);color: var(--ms-color-neutral-darkest);font-size: var(--ms-text-base)\">, um Zugang zum Mamertiner Kerker und anderen ikonischen r\u00f6mischen St\u00e4tten zu erhalten.<\/span><\/li>\n\n\n\n<li><strong>Circus Maximus<\/strong>: Stellen Sie sich die donnernden Streitwagen in dieser riesigen Arena vor, das Publikum jubelt lautstark. Heute ist es ein ruhiger Park, aber wenn Sie hier stehen, k\u00f6nnen Sie fast die Echos der alten Rennen h\u00f6ren. Auf dem H\u00f6hepunkt des Reiches bot es Platz f\u00fcr bis zu 150.000 Zuschauer. F\u00fcr die beste Perspektive betrachten Sie ihn vom Palatin-H\u00fcgel.<\/li>\n\n\n\n<li><strong>Der Palatin-H\u00fcgel<\/strong>: Bekannt als die Geburtsst\u00e4tte Roms, beherbergt der Palatin-H\u00fcgel die \u00dcberreste vieler antiker Pal\u00e4ste und Tempel. Er bietet atemberaubende Panoramablicke \u00fcber das Forum Romanum und den Circus Maximus. Der Eintritt ist im Kolosseum-Ticket enthalten.<\/li>\n\n\n\n<li><strong>Das Forum Romanum<\/strong>: Das Forum war das Herz des antiken Roms, wo Politik, Religion und Handel stattfanden. Schlendern Sie durch die Ruinen und stellen Sie sich vor, wie das Leben vor 2.000 Jahren war. Sie k\u00f6nnen es mit demselben Ticket wie das Kolosseum besuchen.<\/li>\n<\/ul>\n\n\n\n<h2 class=\"wp-block-heading\"><strong>Tipps und Dinge, die Sie f\u00fcr Ihren Besuch wissen sollten<\/strong><\/h2>\n\n\n\n<p>Im Folgenden finden Sie einige Tipps und andere wichtige Informationen, die Sie beim Besuch des Kolosseums ber\u00fccksichtigen sollten.<\/p>\n\n\n\n<h3 class=\"wp-block-heading\"><strong>Sicherheit<\/strong><\/h3>\n\n\n\n<p>Wie bei allen wichtigen Touristenattraktionen sind die Sicherheitsvorkehrungen des Kolosseums ziemlich streng, um die Besucher zu sch\u00fctzen. Es ist nicht gestattet, das Monument mit gro\u00dfen Taschen, Koffern oder Rucks\u00e4cken zu betreten.<\/p>\n\n\n\n<p>Wenn Sie Ihren Reiserucksack oder Ihr Gep\u00e4ck bei sich haben, wird Ihnen der Zutritt verweigert. Kleine und mittelgro\u00dfe Taschen sind erlaubt, m\u00fcssen jedoch von der Sicherheit \u00fcberpr\u00fcft und durch einen Metalldetektor geleitet werden.<\/p>\n\n\n\n<figure class=\"gb-block-image gb-block-image-dfaf7d1f\"><img decoding=\"async\" width=\"1024\" height=\"576\" class=\"gb-image gb-image-dfaf7d1f\" src=\"https:\/\/www.thecolosseum.org\/de\/wp-content\/uploads\/sites\/3\/colosseum-security-optimized-1024x576.jpg\" alt=\"Die italienische Milit\u00e4rpolizei, die Carabinieri, patrouilliert zu Pferd in der N\u00e4he des Kolosseums\" srcset=\"https:\/\/www.thecolosseum.org\/de\/wp-content\/uploads\/sites\/3\/colosseum-security-optimized-1024x576.jpg 1024w, https:\/\/www.thecolosseum.org\/de\/wp-content\/uploads\/sites\/3\/colosseum-security-optimized-768x432.jpg 768w, https:\/\/www.thecolosseum.org\/de\/wp-content\/uploads\/sites\/3\/colosseum-security-optimized-1280x720.jpg 1280w, https:\/\/www.thecolosseum.org\/de\/wp-content\/uploads\/sites\/3\/colosseum-security-optimized-1600x900.jpg 1600w\" sizes=\"(max-width: 1024px) 100vw, 1024px\" \/>\n<p class=\"gb-headline gb-headline-0597cce6 gb-headline-text\">Italiens Milit\u00e4rpolizei, die Carabinieri<\/p>\n<\/figure>\n\n\n\n<h3 class=\"wp-block-heading\"><strong>Die Warteschlange \u00fcberspringen<\/strong><\/h3>\n\n\n\n<p>Niemand steht gerne in langen Schlangen, vor allem nicht unter der r\u00f6mischen Sonne. Wenn Sie Ihre Tickets im Voraus buchen, k\u00f6nnen Sie die&nbsp;<a href=\"https:\/\/www.thecolosseum.org\/de\/tickets\/\">Schlange \u00fcberspringen<\/a>, m\u00fcssen aber trotzdem die Sicherheitskontrolle passieren. Je nach Jahreszeit kann dies zwischen 10 Minuten und einer Stunde dauern.<\/p>\n\n\n\n<p>Um das Beste aus Ihrem Besuch herauszuholen, versuchen Sie, fr\u00fch zu kommen \u2014 gegen 8:30 Uhr, wenn das Kolosseum \u00f6ffnet, oder kurz vor der Schlie\u00dfung. Keine Morgenperson? Erw\u00e4gen Sie, eine gef\u00fchrte Tour zu buchen, die oft mit Priorit\u00e4tseinlass einhergeht. Weitere Informationen finden Sie auf unserer Seite zu den <a href=\"https:\/\/www.thecolosseum.org\/de\/kolosseum-touren\/\" data-type=\"page\" data-id=\"25\">Kolosseum-Touren<\/a>.<\/p>\n\n\n\n<h3 class=\"wp-block-heading\"><strong>Ist das Kolosseum f\u00fcr Menschen mit Behinderungen zug\u00e4nglich?<\/strong><\/h3>\n\n\n\n<p>Ja, das Kolosseum ist f\u00fcr behinderte Menschen zug\u00e4nglich. Der Haupteingang hat keine Treppen, das Innere ist gr\u00f6\u00dftenteils flach mit einigen wenigen Bereichen, die aufgrund der alten Pflastersteine schwer zug\u00e4nglich sind, und es gibt einen Aufzug, der die Besucher in die oberen Stockwerke bringt.<\/p>\n\n\n\n<h3 class=\"wp-block-heading\"><strong>Parken in der N\u00e4he des Kolosseums<\/strong><\/h3>\n\n\n\n<p>\u00dcberlegen Sie, mit dem Auto zum Kolosseum zu fahren? Hier ist der beste Rat: <strong>tun Sie es nicht<\/strong>. Die Navigation und das Parken im Stadtzentrum von Rom sind eine echte Herausforderung, insbesondere wenn Sie mit der Gegend nicht vertraut sind.<\/p>\n\n\n\n<p>Sie sparen sich viel Zeit, Geld und Stress, indem Sie die \u00f6ffentlichen Verkehrsmittel nutzen. Ja, es gibt Taschendiebe, aber solange Sie aufmerksam sind und auf Ihre Sachen achten, sollten Sie gut zurechtkommen.<\/p>\n\n\n\n<h3 class=\"wp-block-heading\">Does the Colosseum have a dress code?<\/h3>\n\n\n\n<p>Das Kolosseum hat keinen offiziellen Dresscode. Aber denken Sie daran, dass Sie viel laufen und klettern werden, daher ist Bequemlichkeit entscheidend. Ziehen Sie Turnschuhe oder bequeme Sandalen an und tragen Sie atmungsaktive Kleidung wie Shorts, Leggings oder Hoodies.<\/p>\n\n\n\n<p>Rom kann ziemlich sonnig werden, besonders wenn Sie die Umgebung des Kolosseums erkunden, also vergessen Sie nicht, Sonnenschutz einzupacken.<\/p>\n\n\n\n<h3 class=\"wp-block-heading\"><strong>Ist das Kolosseum kinderfreundlich?<\/strong><\/h3>\n\n\n\n<p>Ja, das Kolosseum kann eine gro\u00dfartige Erfahrung f\u00fcr Kinder sein, aber es bedarf ein wenig Planung. Wenn Sie im Sommer besuchen, versuchen Sie, fr\u00fch am Morgen zu gehen, um die Hitze zu vermeiden. Buchen Sie nach M\u00f6glichkeit eine <a href=\"https:\/\/www.thecolosseum.org\/de\/kolosseum-touren\/\">gef\u00fchrte Tour<\/a> \u2014 so k\u00f6nnen Sie die langen Schlangen \u00fcberspringen, und der Besuch bleibt reibungslos, was besonders hilfreich ist, wenn man Kinder dabei hat.<\/p>\n\n\n\n<p>Dar\u00fcber hinaus h\u00e4ngt es von Ihrem Kind ab. Wenn sie Geschichten \u00fcber antike Ruinen und mutige r\u00f6mische Gladiatoren lieben, werden sie das Kolosseum wahrscheinlich genie\u00dfen. Das Kolosseum ist der Ort, an dem Geschichte lebendig wird, was es zu einer unterhaltsamen und lehrreichen Erfahrung f\u00fcr neugierige Kinder macht.<\/p>\n\n\n\n<h3 class=\"wp-block-heading\"><strong>Was ist die beste Art, das Kolosseum zu besichtigen?<\/strong><\/h3>\n\n\n\n<p>Die beste Zeit, das Kolosseum zu besuchen, ist fr\u00fch am Morgen, bevor sich gro\u00dfe Menschenmengen bilden, und die besten Tage sind unter der Woche, da es in der Regel weniger \u00fcberf\u00fcllt ist als am Wochenende. Wenn Sie jedoch bereit sind, etwas mehr auszugeben, ist eine <a href=\"https:\/\/www.thecolosseum.org\/de\/kolosseum-touren\/\">abendliche Tour<\/a> wahrscheinlich die interessanteste M\u00f6glichkeit, das Kolosseum zu besuchen. Beachten Sie, dass die Nachttour kein Kombiticket f\u00fcr das Forum Romanum und den Palatin-H\u00fcgel beinhaltet, wie es ein normales Kolosseum-Ticket tun w\u00fcrde. Wenn Sie also auch diese Monumente besichtigen m\u00f6chten, m\u00fcssen Sie sie separat besuchen.<\/p>\n","protected":false},"excerpt":{"rendered":"","protected":false},"author":1,"featured_media":0,"parent":0,"menu_order":8,"comment_status":"closed","ping_status":"closed","template":"","meta":{"_acf_changed":false,"footnotes":"","button_url":"https:\/\/www.tiqets.com\/de\/colosseum-l145769\/?partner=thecolosseum","ms_product_id":"","ms_product_name":"","ms_price":"","ms_currency":"","ms_rating_value":"","ms_review_count":"","rank_math_title":"Kolosseum Rom: Eintritt, Tickets &amp; Besuchertipps %currentyear%","rank_math_description":""},"post-style":[],"producer":[],"class_list":["post-20","page","type-page","status-publish","has-post-thumbnail"],"acf":[],"product_schema":{"ms_product_id":"","ms_product_name":"","ms_price":"","ms_currency":"","ms_rating_value":"","ms_review_count":""},"_links":{"self":[{"href":"https:\/\/www.thecolosseum.org\/de\/wp-json\/wp\/v2\/pages\/20","targetHints":{"allow":["GET"]}}],"collection":[{"href":"https:\/\/www.thecolosseum.org\/de\/wp-json\/wp\/v2\/pages"}],"about":[{"href":"https:\/\/www.thecolosseum.org\/de\/wp-json\/wp\/v2\/types\/page"}],"author":[{"embeddable":true,"href":"https:\/\/www.thecolosseum.org\/de\/wp-json\/wp\/v2\/users\/1"}],"replies":[{"embeddable":true,"href":"https:\/\/www.thecolosseum.org\/de\/wp-json\/wp\/v2\/comments?post=20"}],"version-history":[{"count":3,"href":"https:\/\/www.thecolosseum.org\/de\/wp-json\/wp\/v2\/pages\/20\/revisions"}],"predecessor-version":[{"id":849,"href":"https:\/\/www.thecolosseum.org\/de\/wp-json\/wp\/v2\/pages\/20\/revisions\/849"}],"wp:attachment":[{"href":"https:\/\/www.thecolosseum.org\/de\/wp-json\/wp\/v2\/media?parent=20"}],"wp:term":[{"taxonomy":"post-style","embeddable":true,"href":"https:\/\/www.thecolosseum.org\/de\/wp-json\/wp\/v2\/post-style?post=20"},{"taxonomy":"producer","embeddable":true,"href":"https:\/\/www.thecolosseum.org\/de\/wp-json\/wp\/v2\/producer?post=20"}],"curies":[{"name":"wp","href":"https:\/\/api.w.org\/{rel}","templated":true}]}}