{"id":17,"date":"2017-09-07T13:54:37","date_gmt":"2017-09-07T11:54:37","guid":{"rendered":"https:\/\/www.thecolosseum.org\/de\/?page_id=17"},"modified":"2025-01-06T11:14:10","modified_gmt":"2025-01-06T10:14:10","slug":"fakten","status":"publish","type":"page","link":"https:\/\/www.thecolosseum.org\/de\/fakten\/","title":{"rendered":"24 Fakten \u00fcber das Kolosseum"},"content":{"rendered":"\n<p>Mit fast zweitausend Jahren Geschichte gibt es viel \u00fcber das R\u00f6mische Kolosseum zu wissen. Die Arena war einst Zeuge blutiger Gladiatorenk\u00e4mpfe, epischer Jagden, bei denen Menschen gegen wilde Tiere antraten, und grausamer Hinrichtungen von Kriegsgefangenen und Kriminellen. Wenn Sie bald das Kolosseum besuchen und Ihre Freunde und Familie beeindrucken m\u00f6chten, finden Sie hier viele interessante Fakten \u00fcber das R\u00f6mische Kolosseum.<\/p>\n\n\n<figure>\n                    <div class=\"ms-credits\"><img decoding=\"async\" width=\"1024\" height=\"576\" class=\"gb-image gb-image-3c5abe2c ms-mb-block\" src=\"https:\/\/www.thecolosseum.org\/de\/wp-content\/uploads\/sites\/3\/Colosseum-optimized-1-1024x576.jpg\" alt=\"Das Kolosseum bei Tag, mit Touristen, die sich dort versammeln, um es zu besichtigen\" srcset=\"https:\/\/www.thecolosseum.org\/de\/wp-content\/uploads\/sites\/3\/Colosseum-optimized-1-1024x576.jpg 1024w, https:\/\/www.thecolosseum.org\/de\/wp-content\/uploads\/sites\/3\/Colosseum-optimized-1-768x432.jpg 768w, https:\/\/www.thecolosseum.org\/de\/wp-content\/uploads\/sites\/3\/Colosseum-optimized-1-1280x720.jpg 1280w, https:\/\/www.thecolosseum.org\/de\/wp-content\/uploads\/sites\/3\/Colosseum-optimized-1-1600x900.jpg 1600w\" sizes=\"(max-width: 1024px) 100vw, 1024px\"><span class='ms-credits__info' id='media18'><svg xmlns=\"http:\/\/www.w3.org\/2000\/svg\" width=\"20\" height=\"22\" fill=\"#000000\" viewBox=\"0 0 256 256\"><path d=\"M128,24A104,104,0,1,0,232,128,104.11,104.11,0,0,0,128,24Zm0,192a88,88,0,1,1,88-88A88.1,88.1,0,0,1,128,216ZM96,128a32,32,0,0,0,57.6,19.2,8,8,0,0,1,12.8,9.61,48,48,0,1,1,0-57.62,8,8,0,0,1-12.8,9.61A32,32,0,0,0,96,128Z\"><\/path><\/svg>scaliger\/<a href=https:\/\/depositphotos.com\/photo\/colosseum-in-rome-28907987.html rel='nofollow' target='_blank'>Depositphotos<\/a><\/span><span class='ms-credits__btn' id='btn_media18' onclick='ms_credits_trigger(\"#media18\", this)'><svg xmlns=\"http:\/\/www.w3.org\/2000\/svg\" class=\"info_icon\" width=\"28\" height=\"28\" fill=\"#FFF\" viewBox=\"0 0 256 256\"><path d=\"M128,24A104,104,0,1,0,232,128,104.11,104.11,0,0,0,128,24Zm0,192a88,88,0,1,1,88-88A88.1,88.1,0,0,1,128,216Zm16-40a8,8,0,0,1-8,8,16,16,0,0,1-16-16V128a8,8,0,0,1,0-16,16,16,0,0,1,16,16v40A8,8,0,0,1,144,176ZM112,84a12,12,0,1,1,12,12A12,12,0,0,1,112,84Z\"><\/path><\/svg><svg xmlns=\"http:\/\/www.w3.org\/2000\/svg\" class=\"close_icon\" width=\"28\" height=\"28\" fill=\"#FFF\" viewBox=\"0 0 256 256\"><path d=\"M165.66,101.66,139.31,128l26.35,26.34a8,8,0,0,1-11.32,11.32L128,139.31l-26.34,26.35a8,8,0,0,1-11.32-11.32L116.69,128,90.34,101.66a8,8,0,0,1,11.32-11.32L128,116.69l26.34-26.35a8,8,0,0,1,11.32,11.32ZM232,128A104,104,0,1,1,128,24,104.11,104.11,0,0,1,232,128Zm-16,0a88,88,0,1,0-88,88A88.1,88.1,0,0,0,216,128Z\"><\/path><\/svg><\/span><\/div><\/figure>\n\n\n<h3 class=\"wp-block-heading\"><strong>Wann wurde das Kolosseum gebaut?<\/strong><\/h3>\n\n\n\n<p>Der Bau des Kolosseums begann im Jahr 72 n. Chr. und wurde im Jahr 80 n. Chr. fertiggestellt.<\/p>\n\n\n\n<h3 class=\"wp-block-heading\"><strong>Wer baute das Kolosseum?<\/strong><\/h3>\n\n\n\n<p>Das Kolosseum wurde unter Kaiser Vespasian begonnen, aber er starb, bevor es fertiggestellt wurde. Der Bau wurde unter seinen beiden S\u00f6hnen, den Kaisern Titus und Domitian, abgeschlossen. Der eigentliche Bau wurde gr\u00f6\u00dftenteils von j\u00fcdischen Sklaven durchgef\u00fchrt, die von r\u00f6mischen Ingenieuren und Handwerkern \u00fcberwacht wurden.<\/p>\n\n\n\n<h3 class=\"wp-block-heading\"><strong>Wie viele Menschen nahmen am Bau teil?<\/strong><\/h3>\n\n\n\n<p>Nach dem Sieg im ersten j\u00fcdisch-r\u00f6mischen Krieg wurde der j\u00fcdische Tempel in Jerusalem gepl\u00fcndert und viele der Einwohner der Provinz wurden versklavt. Sie wurden nach Rom transportiert, und es wird gesch\u00e4tzt, dass 60.000 bis 100.000 Menschen am Bau des Kolosseums beteiligt waren.<\/p>\n\n\n\n<h3 class=\"wp-block-heading\"><strong>Wie alt ist das Kolosseum?<\/strong><\/h3>\n\n\n\n<p>Der Bau des Kolosseums wurde im Jahr 80 n. Chr. abgeschlossen, was bedeutet, dass das Geb\u00e4ude heute 1.937 Jahre alt ist.<\/p>\n\n\n\n<h3 class=\"wp-block-heading\"><strong>Warum wurde das Kolosseum gebaut?<\/strong><\/h3>\n\n\n\n<p>Nach dem gro\u00dfen Brand von 64 n. Chr., bei dem ein erheblicher Teil der Stadt niederbrannte, befahl Kaiser Nero den Bau eines pr\u00e4chtigen Palastes f\u00fcr sich selbst in dem verw\u00fcsteten Gebiet. Der Palast war die Domus Aurea (die heute ausgegraben wird und besichtigt werden kann). Es versteht sich von selbst, dass die B\u00fcrger Roms dar\u00fcber nicht erfreut waren. Als Nero abgesetzt wurde und Kaiser Vespasian den Thron bestieg, lie\u00df er den Palastkomplex von Nero abrei\u00dfen und befahl, das Kolosseum auf einem k\u00fcnstlichen See zu errichten. Das Kolosseum sollte zu einem gro\u00dfen Amphitheater werden, in dem alle r\u00f6mischen B\u00fcrger Unterhaltung suchen konnten.<\/p>\n\n\n\n<h3 class=\"wp-block-heading\"><strong>Was bedeutet der Name des Kolosseums?<\/strong><\/h3>\n\n\n\n<p>Das Kolosseum war urspr\u00fcnglich als das Flavische Amphitheater bekannt, da es von den Kaisern Vespasian, Titus und Domitian, Nachfolgern Neros aus der flavischen Dynastie, erbaut wurde. Der Name \u201eKolosseum\u201c stammt wahrscheinlich von der kolossalen Bronzestatue von Kaiser Nero, die einst neben dem Geb\u00e4ude stand. Diese Statue war dem Koloss von Rhodos nachempfunden.<\/p>\n\n\n\n<figure class=\"gb-block-image gb-block-image-c2ba4160\"><img decoding=\"async\" width=\"759\" height=\"960\" class=\"gb-image gb-image-c2ba4160\" src=\"https:\/\/www.thecolosseum.org\/de\/wp-content\/uploads\/sites\/3\/Vespasian-optimized.jpg\" alt=\"Eine Steinb\u00fcste von Kaiser Vespasian, dem Erbauer des Kolosseums.\" \/>\n<p class=\"gb-headline gb-headline-9a845476 gb-headline-text\">Kaiser Vespasian war der erste der flavischen Dynastie. Er gab den Bau des Kolosseums in Auftrag.<\/p>\n<\/figure>\n\n\n\n<h3 class=\"wp-block-heading\"><strong>Wie gro\u00df ist das Kolosseum?<\/strong><\/h3>\n\n\n\n<p>Das Kolosseum hat eine ovale Form. Es ist 189 Meter lang, 156 Meter breit und 48,5 Meter hoch. Das gesamte Geb\u00e4ude hat eine Fl\u00e4che von 6 Hektar.<\/p>\n\n\n\n<h3 class=\"wp-block-heading\"><strong>Wie viele B\u00f6gen hat das Kolosseum?<\/strong><\/h3>\n\n\n\n<p>Die \u00e4u\u00dferen W\u00e4nde des Kolosseums sind mit drei Ebenen dorischer, ionischer und korinthischer S\u00e4ulen bedeckt, und jede Ebene hat 80 B\u00f6gen. Davon sind 76 mit r\u00f6mischen Zahlen versehen, die an einigen Stellen immer noch dar\u00fcber zu sehen sind. Sie dienten als Wegweiser, damit die B\u00fcrger wussten, wo sich ihre Sitzpl\u00e4tze befanden. Von den 80 B\u00f6gen, die die \u00e4u\u00dfere Wand auf Bodenebene bildeten, sind heute nur noch 31 intakt. Diese B\u00f6gen sind es, die die Besucher heute sehen, wenn sie das Kolosseum besuchen.<\/p>\n\n\n\n<h3 class=\"wp-block-heading\"><strong>Aus welchem Material wurde das Kolosseum gebaut?<\/strong><\/h3>\n\n\n\n<p>Das Kolosseum wurde mit gesch\u00e4tzten 100.000 Kubikmetern oder Travertinsteinen gebaut, die in den Steinbr\u00fcchen von Tivoli, 20 Meilen entfernt, abgebaut wurden. Die Steine wurden mit Tausenden von Eisenklammern zusammengehalten.<\/p>\n\n\n\n<h3 class=\"wp-block-heading\"><strong>Was befindet sich unter dem Kolosseum?<\/strong><\/h3>\n\n\n\n<p>Das <a href=\"https:\/\/www.thecolosseum.org\/de\/architektur\/\">Hypog\u00e4um des Kolosseums<\/a> \u2013 das auf \u201eUntergrund\u201c \u00fcbersetzt wird. Das Hypog\u00e4um war ein kompliziertes Netzwerk von Tunneln und Kammern, in denen Gladiatoren, Tiere und Gefangene vor ihrem Eintritt in die Arena festgehalten wurden. Es gab 80 senkrechte Sch\u00e4chte, um von dort aus die Arena zu betreten, sowie ein umfangreiches Netzwerk von Fallt\u00fcren, durch die B\u00fchnenelemente w\u00e4hrend der Vorf\u00fchrungen eingesetzt werden konnten.<\/p>\n\n\n\n<h3 class=\"wp-block-heading\"><strong>Wie viele Zuschauer konnten im Kolosseum Platz finden?<\/strong><\/h3>\n\n\n\n<p>Das Kolosseum konnte zwischen 50.000 und 80.000 Zuschauern Platz bieten.<\/p>\n\n\n\n<h3 class=\"wp-block-heading\"><strong>Wie viele Menschen starben im Kolosseum?<\/strong><\/h3>\n\n\n\n<p>Es ist unm\u00f6glich, dies mit Sicherheit zu wissen, aber man sch\u00e4tzt, dass im Kolosseum im Laufe der 350 oder 400 Jahre, in denen es f\u00fcr blutige Menschenk\u00e4mpfe und Spektakel genutzt wurde, bis zu 400.000 Gladiatoren, Sklaven, Verurteilte, Gefangene und viele andere Entertainer ums Leben kamen.<\/p>\n\n\n\n<h3 class=\"wp-block-heading\"><strong>Welche Tiere wurden im Kolosseum eingesetzt?<\/strong><\/h3>\n\n\n\n<p>Viele Tierarten wurden im Kolosseum eingesetzt. Einige bei inszenierten Jagden, bei denen bewaffnete und trainierte Menschen sie t\u00f6teten, andere als \u201eHenker\u201c von Personen, die in der Arena sterben mussten. L\u00f6wen, Tiger, W\u00f6lfe, B\u00e4ren, Leoparden, Wildschweine, Elefanten, Hy\u00e4nen, B\u00fcffel, Flusspferde, Krokodile und Giraffen wurden zu verschiedenen Zeiten im Kolosseum gesehen.<\/p>\n\n\n\n<h3 class=\"wp-block-heading\"><strong>Wie viele Tiere wurden im Kolosseum get\u00f6tet?<\/strong><\/h3>\n\n\n\n<p>Es ist unm\u00f6glich, genau zu wissen, wie viele Tiere im Kolosseum get\u00f6tet wurden. Basierend auf Berichten \u00fcber Jagden und Spektakel sowie Sch\u00e4tzungen der abgehaltenen Veranstaltungen wird angenommen, dass die Zahl in die Millionen geht. Dies ist nicht best\u00e4tigt, aber es wird gesagt, dass das Kolosseum f\u00fcr die Ausrottung bestimmter Tierarten aus nahegelegenen Regionen verantwortlich war.<\/p>\n\n\n\n<h3 class=\"wp-block-heading\"><strong>Welche Arten von Spektakeln wurden im Kolosseum veranstaltet?<\/strong><\/h3>\n\n\n\n<p>Die h\u00e4ufigsten und bekanntesten waren Gladiatorenk\u00e4mpfe. Das Kolosseum veranstaltete auch Jagden, Hinrichtungen (einige durch wilde Tiere, die ber\u00fchmte <em>damnatio ad bestias<\/em>), und zu Beginn einige <em>Naumachia<\/em> \u2013 inszenierte Seeschlachten, bei denen das Kolosseum \u00fcberflutet wurde.<\/p>\n\n\n\n<h3 class=\"wp-block-heading\"><strong>Waren Gladiatorenk\u00e4mpfe so blutig, wie man glaubt?<\/strong><\/h3>\n\n\n\n<p>Im Gegensatz zur popul\u00e4ren Vorstellung eines grausamen Chaos waren <a href=\"https:\/\/www.thecolosseum.org\/de\/gladiatoren\/\">Gladiatorenk\u00e4mpfe<\/a> eher wie zeitgen\u00f6ssische Boxk\u00e4mpfe: Die K\u00e4mpfer wurden nach ihrer Gr\u00f6\u00dfe und ihrem Kampfstil in Klassen eingeteilt, es gab Schiedsrichter und \u00c4rzte, die den Kampf \u00fcberwachten, und oft endeten K\u00e4mpfe nicht mit dem Tod. Die Paarungen wurden basierend auf Erfahrung, Bilanz und Stil der K\u00e4mpfer entschieden, und erfolgreiche Gladiatoren konnten ber\u00fchmte Pers\u00f6nlichkeiten werden. Einige Gladiatoren hatten lange Karrieren, in denen sie viele K\u00e4mpfe verloren, ohne zu sterben. Dies bedeutet jedoch nicht, dass sie unblutig waren; sie waren einfach weniger chaotisch, als oft angenommen. Eine sehr gro\u00dfe Anzahl von Gladiatoren starb jedoch in der Arena.<\/p>\n\n\n\n<h3 class=\"wp-block-heading\"><strong>Wurden Christen im Kolosseum gemartert?<\/strong><\/h3>\n\n\n\n<p>Tausende Menschen starben im Kolosseum im Laufe der Jahre, und einige von ihnen waren zweifellos Christen. Es gibt jedoch keine schl\u00fcssigen historischen Beweise, die eine Verbindung zwischen Geschichten von christlichen M\u00e4rtyrern und dem Kolosseum st\u00fctzen.<\/p>\n\n\n\n<h3 class=\"wp-block-heading\"><strong>Fanden die Ereignisse im Film <em>Gladiator<\/em> wirklich statt?<\/strong><\/h3>\n\n\n\n<p>Ja und nein. Commodus war ein echter r\u00f6mischer Kaiser, und er war daf\u00fcr bekannt, ein Fan von Gladiatorenk\u00e4mpfen und Blutspielen im Allgemeinen zu sein, so sehr, dass er manchmal selbst in die Arena ging und k\u00e4mpfte. Wenn er jedoch k\u00e4mpfte, tat er dies oft gegen behinderte oder kampfunf\u00e4hige Gegner oder gegen nicht-raubtierische Tiere, die ihm keinen Schaden zuf\u00fcgen konnten. Er galt als Sadist, und diese Darstellungen brachten ihm bei den r\u00f6mischen B\u00fcrgern gro\u00dfe Antipathie ein, was angeblich zu seinem Sturz beitrug. Allerdings starb er nicht wie im Film im Kampf gegen einen Volkshelden-Gladiator in der Arena.<\/p>\n\n\n\n<h3 class=\"wp-block-heading\"><strong>Waren Gladiatoren Sklaven?<\/strong><\/h3>\n\n\n\n<p>Offiziell nicht, aber in der Praxis k\u00f6nnten sie es genauso gut gewesen sein. Sie geh\u00f6rten zur <em>infame<\/em>-Klasse, und sobald sie Gladiatoren wurden (ob freiwillig oder als Strafe f\u00fcr ein Verbrechen), wurden ihnen alle Rechte entzogen und sie wurden Eigentum ihrer Besitzer, ihr Leben war verloren.<\/p>\n\n\n\n<h3 class=\"wp-block-heading\"><strong>Wann wurden im Kolosseum zuletzt K\u00e4mpfe ausgetragen?<\/strong><\/h3>\n\n\n\n<p>Das genaue Datum ist unbekannt, aber <a href=\"https:\/\/www.thecolosseum.org\/de\/geschichte\/\">die letzten Aufzeichnungen von Gladiatorenk\u00e4mpfen stammen aus dem Jahr 435<\/a>. Das Kolosseum wurde nach dem Ende der Gladiatorenk\u00e4mpfe noch etwa ein Jahrhundert lang f\u00fcr Jagden genutzt.<\/p>\n\n\n\n<h3 class=\"wp-block-heading\"><strong>Warum h\u00f6rten Gladiatorenk\u00e4mpfe im Kolosseum auf?<\/strong><\/h3>\n\n\n\n<p>Entgegen der landl\u00e4ufigen Meinung h\u00f6rten Gladiatorenk\u00e4mpfe nicht wegen des \u00dcbergangs des Reiches zum Christentum auf. Vielmehr war der Kostenfaktor entscheidend. Das Kolosseum befand sich im 5. Jahrhundert im Verfall, das R\u00f6mische Reich war im steilen Niedergang, und die Ressourcen, die n\u00f6tig waren, um das Geb\u00e4ude zu unterhalten, Gladiatoren zu bezahlen und wilde Tiere zu beschaffen, wurden knapp.<\/p>\n\n\n\n<h3 class=\"wp-block-heading\"><strong>Welche Katastrophen hat das Kolosseum erlitten?<\/strong><\/h3>\n\n\n\n<p>Das Kolosseum hat im Laufe seiner <a href=\"https:\/\/www.thecolosseum.org\/de\/geschichte\/\">Geschichte<\/a> mindestens drei gro\u00dfe Br\u00e4nde erlebt und litt unter mindestens vier Erdbeben. Diese Ereignisse haben das Geb\u00e4ude schwer besch\u00e4digt, und es wurde im Laufe der zwei Jahrtausende, in denen es existiert, viele Male repariert und wiederaufgebaut.<\/p>\n\n\n\n<h3 class=\"wp-block-heading\"><strong>Wof\u00fcr wurde das Kolosseum au\u00dfer als Arena noch genutzt?<\/strong><\/h3>\n\n\n\n<p>Nachdem es nicht mehr als Arena f\u00fcr K\u00e4mpfe und Jagden genutzt wurde, diente das Kolosseum im Laufe der Geschichte als Friedhof, Ort der Anbetung, als Unterkunft, Werkst\u00e4tten f\u00fcr Handwerker und H\u00e4ndler, Heimat eines religi\u00f6sen Ordens, befestigte Burg und in j\u00fcngerer Zeit als Touristenattraktion.<\/p>\n\n\n\n<h3 class=\"wp-block-heading\"><strong>Wie viele Menschen besuchen das Kolosseum jedes Jahr?<\/strong><\/h3>\n\n\n\n<p>Das Kolosseum zieht j\u00e4hrlich \u00fcber 7 Millionen Besucher an und ist damit eines der meistbesuchten Wahrzeichen der Welt. Diese Zahl ist in den letzten Jahren deutlich gestiegen, da der Tourismus nach der Pandemie wieder aufbl\u00fchte.<\/p>\n","protected":false},"excerpt":{"rendered":"","protected":false},"author":1,"featured_media":0,"parent":0,"menu_order":9,"comment_status":"closed","ping_status":"closed","template":"","meta":{"_acf_changed":false,"footnotes":"","button_url":"https:\/\/www.tiqets.com\/de\/colosseum-l145769\/?partner=thecolosseum","ms_product_id":"","ms_product_name":"","ms_price":"","ms_currency":"","ms_rating_value":"","ms_review_count":"","rank_math_title":"24 erstaunliche Fakten \u00fcber das R\u00f6mische Kolosseum (Bilder)","rank_math_description":""},"post-style":[],"producer":[],"class_list":["post-17","page","type-page","status-publish","has-post-thumbnail"],"acf":[],"product_schema":{"ms_product_id":"","ms_product_name":"","ms_price":"","ms_currency":"","ms_rating_value":"","ms_review_count":""},"_links":{"self":[{"href":"https:\/\/www.thecolosseum.org\/de\/wp-json\/wp\/v2\/pages\/17","targetHints":{"allow":["GET"]}}],"collection":[{"href":"https:\/\/www.thecolosseum.org\/de\/wp-json\/wp\/v2\/pages"}],"about":[{"href":"https:\/\/www.thecolosseum.org\/de\/wp-json\/wp\/v2\/types\/page"}],"author":[{"embeddable":true,"href":"https:\/\/www.thecolosseum.org\/de\/wp-json\/wp\/v2\/users\/1"}],"replies":[{"embeddable":true,"href":"https:\/\/www.thecolosseum.org\/de\/wp-json\/wp\/v2\/comments?post=17"}],"version-history":[{"count":3,"href":"https:\/\/www.thecolosseum.org\/de\/wp-json\/wp\/v2\/pages\/17\/revisions"}],"predecessor-version":[{"id":850,"href":"https:\/\/www.thecolosseum.org\/de\/wp-json\/wp\/v2\/pages\/17\/revisions\/850"}],"wp:attachment":[{"href":"https:\/\/www.thecolosseum.org\/de\/wp-json\/wp\/v2\/media?parent=17"}],"wp:term":[{"taxonomy":"post-style","embeddable":true,"href":"https:\/\/www.thecolosseum.org\/de\/wp-json\/wp\/v2\/post-style?post=17"},{"taxonomy":"producer","embeddable":true,"href":"https:\/\/www.thecolosseum.org\/de\/wp-json\/wp\/v2\/producer?post=17"}],"curies":[{"name":"wp","href":"https:\/\/api.w.org\/{rel}","templated":true}]}}