{"id":110,"date":"2018-06-12T11:23:02","date_gmt":"2018-06-12T09:23:02","guid":{"rendered":"https:\/\/www.thecolosseum.org\/de\/?page_id=110"},"modified":"2025-01-06T11:13:46","modified_gmt":"2025-01-06T10:13:46","slug":"oeffnungszeiten","status":"publish","type":"page","link":"https:\/\/www.thecolosseum.org\/de\/oeffnungszeiten\/","title":{"rendered":"\u00d6ffnungszeiten"},"content":{"rendered":"\n<p>Das Kolosseum ist das ganze Jahr \u00fcber f\u00fcr Besucher ge\u00f6ffnet, von 8.30 Uhr bis eine Stunde vor Sonnenuntergang. Das bedeutet, dass sich die \u00d6ffnungszeiten des Kolosseums im Laufe des Jahres leicht \u00e4ndern. Die folgende Tabelle enth\u00e4lt den aktuellen Zeitplan:<\/p>\n\n\n<div class=\"ms-table\"><table><tr><th>Datum<\/th><th>\u00d6ffnungszeiten<\/th><\/tr><tr><td>2. Januar \u2013 29. M\u00e4rz<\/td><td>08:30 \u2013 16:30<\/td><\/tr><tr><td>30. M\u00e4rz \u2013 30. September<\/td><td>08:30 \u2013 19:15<\/td><\/tr><tr><td>1. Oktober \u2013 25. Oktober<\/td><td>08:30 \u2013 18:30<\/td><\/tr><tr><td>26. Oktober 2025 \u2013 28. Februar 2026<\/td><td>08:30 \u2013 16:30<\/td><\/tr><\/table><\/div>\n\n\n\n<p><strong>Zus\u00e4tzliche Hinweise:<\/strong><\/p>\n\n\n\n<ul class=\"wp-block-list\">\n<li>Der Bereich Forum Romanum-Palatina wird um 9:00 Uhr ge\u00f6ffnet.<\/li>\n\n\n\n<li>Der letzte Einlass ist eine Stunde vor Schlie\u00dfung. Wenn Sie einen Besuch zu einem sp\u00e4teren Zeitpunkt planen, sollten Sie Ihre Eintrittskarten im Voraus kaufen, da Sie sonst keinen Einlass mehr erhalten.<\/li>\n<\/ul>\n\n\n\n<h3 class=\"wp-block-heading\"><strong>Wann ist das Kolosseum geschlossen?<\/strong><\/h3>\n\n\n\n<p>Das Kolosseum ist an zwei Tagen im Jahr geschlossen: Am 25. Dezember und am 1. Januar.<\/p>\n\n\n\n<h3 class=\"wp-block-heading\"><strong>Ist das Kolosseum am Sonntag und Montag ge\u00f6ffnet?<\/strong><\/h3>\n\n\n\n<p>Sie haben vielleicht geh\u00f6rt, dass einige Monumente und Attraktionen in Rom sonntags und\/oder montags geschlossen sind, aber das gilt nicht f\u00fcr das Kolosseum. Abgesehen von bestimmten signalisierten Feiertagen ist es sieben Tage die Woche ge\u00f6ffnet.<\/p>\n\n\n\n<h3 class=\"wp-block-heading\"><strong>Ich habe geh\u00f6rt, dass es m\u00f6glich ist, das Kolosseum nachts zu besuchen. Stimmt das?<\/strong><\/h3>\n\n\n\n<p>Ja, Sie k\u00f6nnen das <a href=\"https:\/\/www.thecolosseum.org\/de\/kolosseum-touren\/\">Kolosseum bei Nacht besuchen<\/a>. Es gibt gef\u00fchrte Touren, an denen Sie teilnehmen k\u00f6nnen, um das Geb\u00e4ude, die Trib\u00fcnen und die unterirdischen Tunnel zu besichtigen.<\/p>\n\n\n\n<p>Diese Option ist gro\u00dfartig, da das Kolosseum bei Nacht spektakul\u00e4r beleuchtet ist und Sie es ohne die gro\u00dfen Menschenmengen erleben k\u00f6nnen, die tags\u00fcber \u00fcblich sind. Schauen Sie sich unsere Seite <a href=\"https:\/\/www.thecolosseum.org\/de\/kolosseum-touren\/\">Touren des Kolosseums<\/a> an, um mehr zu erfahren!<\/p>\n","protected":false},"excerpt":{"rendered":"","protected":false},"author":1,"featured_media":0,"parent":0,"menu_order":3,"comment_status":"closed","ping_status":"closed","template":"","meta":{"_acf_changed":false,"footnotes":"","button_url":"https:\/\/www.tiqets.com\/de\/colosseum-l145769\/?partner=thecolosseum","ms_product_id":"","ms_product_name":"","ms_price":"","ms_currency":"","ms_rating_value":"","ms_review_count":"","rank_math_title":"Kolosseum \u00d6ffnungszeiten - Beste Besuchszeiten im Jahr %currentyear%","rank_math_description":""},"post-style":[],"producer":[],"class_list":["post-110","page","type-page","status-publish","has-post-thumbnail"],"acf":[],"product_schema":{"ms_product_id":"","ms_product_name":"","ms_price":"","ms_currency":"","ms_rating_value":"","ms_review_count":""},"_links":{"self":[{"href":"https:\/\/www.thecolosseum.org\/de\/wp-json\/wp\/v2\/pages\/110","targetHints":{"allow":["GET"]}}],"collection":[{"href":"https:\/\/www.thecolosseum.org\/de\/wp-json\/wp\/v2\/pages"}],"about":[{"href":"https:\/\/www.thecolosseum.org\/de\/wp-json\/wp\/v2\/types\/page"}],"author":[{"embeddable":true,"href":"https:\/\/www.thecolosseum.org\/de\/wp-json\/wp\/v2\/users\/1"}],"replies":[{"embeddable":true,"href":"https:\/\/www.thecolosseum.org\/de\/wp-json\/wp\/v2\/comments?post=110"}],"version-history":[{"count":3,"href":"https:\/\/www.thecolosseum.org\/de\/wp-json\/wp\/v2\/pages\/110\/revisions"}],"predecessor-version":[{"id":844,"href":"https:\/\/www.thecolosseum.org\/de\/wp-json\/wp\/v2\/pages\/110\/revisions\/844"}],"wp:attachment":[{"href":"https:\/\/www.thecolosseum.org\/de\/wp-json\/wp\/v2\/media?parent=110"}],"wp:term":[{"taxonomy":"post-style","embeddable":true,"href":"https:\/\/www.thecolosseum.org\/de\/wp-json\/wp\/v2\/post-style?post=110"},{"taxonomy":"producer","embeddable":true,"href":"https:\/\/www.thecolosseum.org\/de\/wp-json\/wp\/v2\/producer?post=110"}],"curies":[{"name":"wp","href":"https:\/\/api.w.org\/{rel}","templated":true}]}}